{"id":5990,"date":"2024-06-25T10:13:23","date_gmt":"2024-06-25T09:59:31","guid":{"rendered":"https:\/\/moyahousehold.com\/?post_type=product&#038;p=5990"},"modified":"2025-03-05T10:22:25","modified_gmt":"2025-03-05T10:22:25","slug":"wholesale-colored-food-storage-containers-with-date-dial","status":"publish","type":"product","link":"https:\/\/moyahousehold.com\/fr\/produit\/wholesale-colored-food-storage-containers-with-date-dial\/","title":{"rendered":"Grossiste R\u00e9cipients de conservation des aliments color\u00e9s avec cadran de date"},"content":{"rendered":"<div class=\"wp-block-columns is-layout-flex wp-container-core-columns-is-layout-9d6595d7 wp-block-columns-is-layout-flex\">\n<div class=\"wp-block-column is-layout-flow wp-block-column-is-layout-flow\">\n<h3 class=\"wp-block-heading\">Param\u00e8tres des bo\u00eetes de conservation color\u00e9es<\/h3>\n\n\n\n<figure class=\"wp-block-table\"><table><tbody><tr><td>Article NO<\/td><td>Capacit\u00e9<\/td><td>Taille\/PCS<\/td><td>PCS\/Case<\/td><td>N.W.\/PCS<\/td><td>G.W.\/Cas<\/td><\/tr><tr><td>MYJD126<\/td><td>420ml<\/td><td>13.3*9.6*5.6<\/td><td>80<\/td><td>14<\/td><td>0.15<\/td><\/tr><tr><td>MYJD127<\/td><td>660ml<\/td><td>13.3*9.6*8.2<\/td><td>80<\/td><td>14.8<\/td><td>0.16<\/td><\/tr><tr><td>MYJD128<\/td><td>900ml<\/td><td>13.3*9.6*10.7<\/td><td>60<\/td><td>14<\/td><td>0.2<\/td><\/tr><tr><td>MYJD129<\/td><td>1000ml<\/td><td>20.3*13.5*5.7<\/td><td>60<\/td><td>17<\/td><td>0.25<\/td><\/tr><tr><td>MYJD130<\/td><td>1600ml<\/td><td>20.3*13.5*8.2<\/td><td>60<\/td><td>18.8<\/td><td>0.28<\/td><\/tr><tr><td>MYJD131<\/td><td>2100ml<\/td><td>20.3*13.5*10.7<\/td><td>48<\/td><td>18.32<\/td><td>0.34<\/td><\/tr><tr><td>MYJD132<\/td><td>2400ml<\/td><td>27.5*20.2*6<\/td><td>48<\/td><td>25.52<\/td><td>0.49<\/td><\/tr><tr><td>MYJD133<\/td><td>3500ml<\/td><td>27.5*20.2*8.2<\/td><td>36<\/td><td>22.52<\/td><td>0.57<\/td><\/tr><tr><td>MYJD134<\/td><td>4600ml<\/td><td>27.5*20.2*10.7<\/td><td>24<\/td><td>17.12<\/td><td>0.63<\/td><\/tr><\/tbody><\/table><\/figure>\n<\/div>\n<\/div>\n\n\n\n<h3 class=\"wp-block-heading\">Options de contenants alimentaires personnalis\u00e9s<\/h3>\n\n\n\n<p><strong>Logo :<\/strong> personnaliser le logo de votre marque sur les contenants et emballages de stockage des aliments.<br><strong>Couvercle : <\/strong>Couvercle en verre, couvercle en PP<br><strong>Options de logo :<\/strong> logo imprim\u00e9, logo grav\u00e9 au laser, etc.<br><strong>Mod\u00e8le :<\/strong> l'impression de motifs sur les r\u00e9cipients de stockage des aliments.<br><strong>Technologie d'impression :<\/strong> impression par transfert d'eau, s\u00e9rigraphie, impression par transfert de chaleur, etc.<br><strong>Emballage :<\/strong>bo\u00eete \u00e0 couleurs<br><a href=\"https:\/\/moyahousehold.com\/fr\/solution-personnalisee\/\" data-type=\"page\" data-id=\"2817\"><strong>En savoir plus sur les options de conteneurs de stockage alimentaire personnalis\u00e9s<\/strong><\/a>.<\/p>\n\n\n\n<div class=\"wp-block-columns is-layout-flex wp-container-core-columns-is-layout-9d6595d7 wp-block-columns-is-layout-flex\">\n<div class=\"wp-block-column is-layout-flow wp-block-column-is-layout-flow\">\n<figure class=\"wp-block-image size-full\"><img fetchpriority=\"high\" decoding=\"async\" width=\"1500\" height=\"1500\" src=\"https:\/\/moyahousehold.com\/wp-content\/uploads\/2024\/06\/yellow-food-storage-container-display.jpg\" alt=\"pr\u00e9sentoir jaune pour conteneurs de stockage d&#039;aliments\" class=\"wp-image-9032\" srcset=\"https:\/\/moyahousehold.com\/wp-content\/uploads\/2024\/06\/yellow-food-storage-container-display.jpg 1500w, https:\/\/moyahousehold.com\/wp-content\/uploads\/2024\/06\/yellow-food-storage-container-display-300x300.jpg 300w, https:\/\/moyahousehold.com\/wp-content\/uploads\/2024\/06\/yellow-food-storage-container-display-150x150.jpg 150w, https:\/\/moyahousehold.com\/wp-content\/uploads\/2024\/06\/yellow-food-storage-container-display-768x768.jpg 768w, https:\/\/moyahousehold.com\/wp-content\/uploads\/2024\/06\/yellow-food-storage-container-display-12x12.jpg 12w, https:\/\/moyahousehold.com\/wp-content\/uploads\/2024\/06\/yellow-food-storage-container-display-285x285.jpg 285w, https:\/\/moyahousehold.com\/wp-content\/uploads\/2024\/06\/yellow-food-storage-container-display-270x270.jpg 270w, https:\/\/moyahousehold.com\/wp-content\/uploads\/2024\/06\/yellow-food-storage-container-display-540x540.jpg 540w, https:\/\/moyahousehold.com\/wp-content\/uploads\/2024\/06\/yellow-food-storage-container-display-660x660.jpg 660w\" sizes=\"(max-width: 1500px) 100vw, 1500px\" \/><\/figure>\n<\/div>\n\n\n\n<div class=\"wp-block-column is-layout-flow wp-block-column-is-layout-flow\">\n<figure class=\"wp-block-image size-full\"><img decoding=\"async\" width=\"1500\" height=\"1500\" src=\"https:\/\/moyahousehold.com\/wp-content\/uploads\/2024\/06\/brown-food-storage-container-display.jpg\" alt=\"pr\u00e9sentoir brun pour r\u00e9cipients de stockage des aliments\" class=\"wp-image-9030\" srcset=\"https:\/\/moyahousehold.com\/wp-content\/uploads\/2024\/06\/brown-food-storage-container-display.jpg 1500w, https:\/\/moyahousehold.com\/wp-content\/uploads\/2024\/06\/brown-food-storage-container-display-300x300.jpg 300w, https:\/\/moyahousehold.com\/wp-content\/uploads\/2024\/06\/brown-food-storage-container-display-150x150.jpg 150w, https:\/\/moyahousehold.com\/wp-content\/uploads\/2024\/06\/brown-food-storage-container-display-768x768.jpg 768w, https:\/\/moyahousehold.com\/wp-content\/uploads\/2024\/06\/brown-food-storage-container-display-12x12.jpg 12w, https:\/\/moyahousehold.com\/wp-content\/uploads\/2024\/06\/brown-food-storage-container-display-285x285.jpg 285w, https:\/\/moyahousehold.com\/wp-content\/uploads\/2024\/06\/brown-food-storage-container-display-270x270.jpg 270w, https:\/\/moyahousehold.com\/wp-content\/uploads\/2024\/06\/brown-food-storage-container-display-540x540.jpg 540w, https:\/\/moyahousehold.com\/wp-content\/uploads\/2024\/06\/brown-food-storage-container-display-660x660.jpg 660w\" sizes=\"(max-width: 1500px) 100vw, 1500px\" \/><\/figure>\n<\/div>\n<\/div>\n\n\n\n<div class=\"wp-block-columns is-layout-flex wp-container-core-columns-is-layout-9d6595d7 wp-block-columns-is-layout-flex\">\n<div class=\"wp-block-column is-layout-flow wp-block-column-is-layout-flow\">\n<figure class=\"wp-block-image size-full\"><img decoding=\"async\" width=\"1500\" height=\"1500\" src=\"https:\/\/moyahousehold.com\/wp-content\/uploads\/2024\/06\/blue-food-storage-container-display.jpg\" alt=\"pr\u00e9sentoir bleu pour r\u00e9cipients de stockage d&#039;aliments\" class=\"wp-image-9029\" srcset=\"https:\/\/moyahousehold.com\/wp-content\/uploads\/2024\/06\/blue-food-storage-container-display.jpg 1500w, https:\/\/moyahousehold.com\/wp-content\/uploads\/2024\/06\/blue-food-storage-container-display-300x300.jpg 300w, https:\/\/moyahousehold.com\/wp-content\/uploads\/2024\/06\/blue-food-storage-container-display-150x150.jpg 150w, https:\/\/moyahousehold.com\/wp-content\/uploads\/2024\/06\/blue-food-storage-container-display-768x768.jpg 768w, https:\/\/moyahousehold.com\/wp-content\/uploads\/2024\/06\/blue-food-storage-container-display-12x12.jpg 12w, https:\/\/moyahousehold.com\/wp-content\/uploads\/2024\/06\/blue-food-storage-container-display-285x285.jpg 285w, https:\/\/moyahousehold.com\/wp-content\/uploads\/2024\/06\/blue-food-storage-container-display-270x270.jpg 270w, https:\/\/moyahousehold.com\/wp-content\/uploads\/2024\/06\/blue-food-storage-container-display-540x540.jpg 540w, https:\/\/moyahousehold.com\/wp-content\/uploads\/2024\/06\/blue-food-storage-container-display-660x660.jpg 660w\" sizes=\"(max-width: 1500px) 100vw, 1500px\" \/><\/figure>\n<\/div>\n\n\n\n<div class=\"wp-block-column is-layout-flow wp-block-column-is-layout-flow\">\n<figure class=\"wp-block-image size-full\"><img loading=\"lazy\" decoding=\"async\" width=\"1500\" height=\"1500\" src=\"https:\/\/moyahousehold.com\/wp-content\/uploads\/2024\/06\/green-food-storage-container-display.jpg\" alt=\"pr\u00e9sentoir vert pour r\u00e9cipients de stockage des aliments\" class=\"wp-image-9031\" srcset=\"https:\/\/moyahousehold.com\/wp-content\/uploads\/2024\/06\/green-food-storage-container-display.jpg 1500w, https:\/\/moyahousehold.com\/wp-content\/uploads\/2024\/06\/green-food-storage-container-display-300x300.jpg 300w, https:\/\/moyahousehold.com\/wp-content\/uploads\/2024\/06\/green-food-storage-container-display-150x150.jpg 150w, https:\/\/moyahousehold.com\/wp-content\/uploads\/2024\/06\/green-food-storage-container-display-768x768.jpg 768w, https:\/\/moyahousehold.com\/wp-content\/uploads\/2024\/06\/green-food-storage-container-display-12x12.jpg 12w, https:\/\/moyahousehold.com\/wp-content\/uploads\/2024\/06\/green-food-storage-container-display-285x285.jpg 285w, https:\/\/moyahousehold.com\/wp-content\/uploads\/2024\/06\/green-food-storage-container-display-270x270.jpg 270w, https:\/\/moyahousehold.com\/wp-content\/uploads\/2024\/06\/green-food-storage-container-display-540x540.jpg 540w, https:\/\/moyahousehold.com\/wp-content\/uploads\/2024\/06\/green-food-storage-container-display-660x660.jpg 660w\" sizes=\"(max-width: 1500px) 100vw, 1500px\" \/><\/figure>\n<\/div>\n<\/div>\n\n\n\n<p><\/p>","protected":false},"excerpt":{"rendered":"<p>R\u00e9cipients de stockage alimentaire color\u00e9s en gros. Une vari\u00e9t\u00e9 de couleurs est disponible pour r\u00e9pondre aux pr\u00e9f\u00e9rences des diff\u00e9rents utilisateurs. La capacit\u00e9 varie de 420 ml \u00e0 4600 ml. Il peut \u00eatre utilis\u00e9 comme bo\u00eete \u00e0 lunch familiale ou comme conteneur commercial de stockage d'aliments congel\u00e9s. Il r\u00e9pond aux besoins de diff\u00e9rents sc\u00e9narios. Nous prenons en charge les commandes de petits lots et les services personnalis\u00e9s, veuillez nous contacter.<\/p>\n<h3>Caract\u00e9ristiques de la bo\u00eete de conservation color\u00e9e<\/h3>\n<p><strong>Des couleurs vives :<\/strong> La vari\u00e9t\u00e9 des couleurs propos\u00e9es permet aux utilisateurs de rester de bonne humeur gr\u00e2ce \u00e0 l'aspect color\u00e9 et mignon de l'appareil.<\/p>\n<p><strong>Cadran avec date :<\/strong> Chaque couvercle de r\u00e9cipient est \u00e9quip\u00e9 d'un cadran de date pour faciliter l'enregistrement de la date de stockage, aidant ainsi les utilisateurs \u00e0 mieux g\u00e9rer la fra\u00eecheur des aliments et \u00e0 \u00e9viter le gaspillage.<\/p>\n<p><strong>Mat\u00e9riaux de haute qualit\u00e9 :<\/strong> Fabriqu\u00e9 en acier inoxydable 304 de haute qualit\u00e9, il poss\u00e8de d'excellentes propri\u00e9t\u00e9s antibact\u00e9riennes, garantit l'hygi\u00e8ne et la s\u00e9curit\u00e9 des aliments et convient \u00e0 la conservation \u00e0 long terme des aliments.<\/p>\n<p><strong>Sp\u00e9cifications multiples :<\/strong> Il existe neuf sp\u00e9cifications diff\u00e9rentes pour r\u00e9pondre \u00e0 une grande vari\u00e9t\u00e9 de besoins, du simple d\u00e9jeuner au d\u00eener familial. Il peut \u00e9galement stocker des aliments de diff\u00e9rentes tailles dans le r\u00e9frig\u00e9rateur.<\/p>\n<p><strong>Facile \u00e0 nettoyer :<\/strong> La surface int\u00e9rieure du r\u00e9cipient en acier inoxydable est lisse, ne laisse pas facilement de r\u00e9sidus alimentaires, est facile \u00e0 nettoyer et peut \u00eatre nettoy\u00e9e au lave-vaisselle, ce qui permet d'\u00e9conomiser du temps de nettoyage.<\/p>\n<p><strong>Service personnalis\u00e9 :<\/strong> Les fabricants de conteneurs alimentaires MOYA fournissent des solutions personnalis\u00e9es OEM et ODM, qui peuvent ajuster la taille, la couleur, le logo de la marque, etc. selon les besoins du client pour fournir aux clients des conteneurs de stockage alimentaire uniques.<\/p>","protected":false},"featured_media":9008,"comment_status":"closed","ping_status":"closed","template":"","meta":[],"product_cat":[57],"product_tag":[95,107,99],"class_list":{"0":"post-5990","1":"product","2":"type-product","3":"status-publish","4":"has-post-thumbnail","6":"product_cat-food-storage-container-wholesale","7":"product_tag-wholesale-food-storage-containers-with-date-dial","8":"product_tag-large-stainless-steel-food-storage-containers","9":"product_tag-wholesale-rectangle-food-storage-containers","11":"first","12":"instock","13":"shipping-taxable","14":"product-type-simple"},"_links":{"self":[{"href":"https:\/\/moyahousehold.com\/fr\/wp-json\/wp\/v2\/product\/5990","targetHints":{"allow":["GET"]}}],"collection":[{"href":"https:\/\/moyahousehold.com\/fr\/wp-json\/wp\/v2\/product"}],"about":[{"href":"https:\/\/moyahousehold.com\/fr\/wp-json\/wp\/v2\/types\/product"}],"replies":[{"embeddable":true,"href":"https:\/\/moyahousehold.com\/fr\/wp-json\/wp\/v2\/comments?post=5990"}],"version-history":[{"count":0,"href":"https:\/\/moyahousehold.com\/fr\/wp-json\/wp\/v2\/product\/5990\/revisions"}],"wp:featuredmedia":[{"embeddable":true,"href":"https:\/\/moyahousehold.com\/fr\/wp-json\/wp\/v2\/media\/9008"}],"wp:attachment":[{"href":"https:\/\/moyahousehold.com\/fr\/wp-json\/wp\/v2\/media?parent=5990"}],"wp:term":[{"taxonomy":"product_cat","embeddable":true,"href":"https:\/\/moyahousehold.com\/fr\/wp-json\/wp\/v2\/product_cat?post=5990"},{"taxonomy":"product_tag","embeddable":true,"href":"https:\/\/moyahousehold.com\/fr\/wp-json\/wp\/v2\/product_tag?post=5990"}],"curies":[{"name":"wp","href":"https:\/\/api.w.org\/{rel}","templated":true}]}}