{"id":6023,"date":"2024-06-25T10:10:58","date_gmt":"2024-06-25T10:10:58","guid":{"rendered":"https:\/\/moyahousehold.com\/?post_type=product&#038;p=6023"},"modified":"2025-03-05T10:11:04","modified_gmt":"2025-03-05T10:11:04","slug":"custom-steel-food-storage-containers","status":"publish","type":"product","link":"https:\/\/moyahousehold.com\/fr\/produit\/custom-steel-food-storage-containers\/","title":{"rendered":"R\u00e9cipients de conservation des aliments en acier sur mesure avec des capacit\u00e9s allant de 420 ml \u00e0 4600 ml"},"content":{"rendered":"<div class=\"wp-block-columns is-layout-flex wp-container-core-columns-is-layout-9d6595d7 wp-block-columns-is-layout-flex\">\n<div class=\"wp-block-column is-layout-flow wp-block-column-is-layout-flow\">\n<h3 class=\"wp-block-heading\">Param\u00e8tres des conteneurs de stockage alimentaire personnalis\u00e9s<\/h3>\n<\/div>\n<\/div>\n\n\n\n<figure class=\"wp-block-table\"><table><tbody><tr><td><\/td><td>Capacit\u00e9<\/td><td>Taille du produit<\/td><td>Taille de la bo\u00eete ext\u00e9rieure<\/td><td>Quantit\u00e9 par caisse<\/td><td>N.W<\/td><td>G.W\/Case<\/td><\/tr><tr><td>MYJD117<\/td><td>420ml<\/td><td>13.3*9.6*5.6<\/td><td>\/<\/td><td>80<\/td><td>0.15<\/td><td>11.6<\/td><\/tr><tr><td>MYJD118<\/td><td>660ml<\/td><td>13.3*9.6*8.2<\/td><td>\/<\/td><td>80<\/td><td>0.16<\/td><td>13.8<\/td><\/tr><tr><td>MYJD119<\/td><td>900ml<\/td><td>13.3*9.6*10.7<\/td><td>\/<\/td><td>60<\/td><td>0.2<\/td><td>16<\/td><\/tr><tr><td>MYJD120<\/td><td>1000ml<\/td><td>20.3*13.5*5.7<\/td><td>\/<\/td><td>60<\/td><td>0.25<\/td><td>16.3<\/td><\/tr><tr><td>MYJD121<\/td><td>1600ml<\/td><td>20.3*13.5*8.2<\/td><td>\/<\/td><td>60<\/td><td>0.28<\/td><td>20.5<\/td><\/tr><tr><td>MYJD122<\/td><td>2100ml<\/td><td>20.3*13.5*10.7<\/td><td>\/<\/td><td>48<\/td><td>0.34<\/td><td>24.8<\/td><\/tr><tr><td>MYJD123<\/td><td>2400ml<\/td><td>27.5*20.2*6<\/td><td>\/<\/td><td>48<\/td><td>0.49<\/td><td>28.5<\/td><\/tr><tr><td>MYJD124<\/td><td>3500ml<\/td><td>27.5*20.2*8.2<\/td><td>\/<\/td><td>36<\/td><td>0.57<\/td><td>32.8<\/td><\/tr><tr><td>MYJD125<\/td><td>4600ml<\/td><td>27.5*20.2*10.7<\/td><td>\/<\/td><td>24<\/td><td>0.63<\/td><td>37.5<\/td><\/tr><\/tbody><\/table><\/figure>\n\n\n\n<h3 class=\"wp-block-heading\">Options des conteneurs de stockage des aliments sur mesure<\/h3>\n\n\n\n<p><strong>Logo<\/strong>: personnalisation du logo de votre marque sur le produit et l'emballage.<br><strong>Couvercle<\/strong>: Couvercle en verre, couvercle en PP<br><strong>Options du logo<\/strong>logo imprim\u00e9, logo grav\u00e9 au laser, etc.<br><strong>Mod\u00e8le<\/strong>: motifs d'impression sur des r\u00e9cipients de stockage de produits alimentaires.<br><strong>Technologie d'impression<\/strong>Les techniques d'impression sont les suivantes : impression par transfert d'eau, impression par s\u00e9rigraphie, impression par transfert de chaleur, etc.<br><strong>Paquet<\/strong>:color box<br><a href=\"https:\/\/moyahousehold.com\/fr\/solution-personnalisee\/\" data-type=\"page\" data-id=\"2817\"><strong>Plus de personnalisation<\/strong><\/a><\/p>\n\n\n\n<div class=\"wp-block-columns is-layout-flex wp-container-core-columns-is-layout-9d6595d7 wp-block-columns-is-layout-flex\">\n<div class=\"wp-block-column is-layout-flow wp-block-column-is-layout-flow\">\n<figure class=\"wp-block-image size-full\"><img fetchpriority=\"high\" decoding=\"async\" width=\"1600\" height=\"1600\" src=\"https:\/\/moyahousehold.com\/wp-content\/uploads\/2024\/06\/custom-food-stoage-containers-detail-1.png\" alt=\"conteneurs de stockage alimentaire personnalis\u00e9s d\u00e9tail (1)\" class=\"wp-image-7648\" srcset=\"https:\/\/moyahousehold.com\/wp-content\/uploads\/2024\/06\/custom-food-stoage-containers-detail-1.png 1600w, https:\/\/moyahousehold.com\/wp-content\/uploads\/2024\/06\/custom-food-stoage-containers-detail-1-300x300.png 300w, https:\/\/moyahousehold.com\/wp-content\/uploads\/2024\/06\/custom-food-stoage-containers-detail-1-150x150.png 150w, https:\/\/moyahousehold.com\/wp-content\/uploads\/2024\/06\/custom-food-stoage-containers-detail-1-768x768.png 768w, https:\/\/moyahousehold.com\/wp-content\/uploads\/2024\/06\/custom-food-stoage-containers-detail-1-12x12.png 12w, https:\/\/moyahousehold.com\/wp-content\/uploads\/2024\/06\/custom-food-stoage-containers-detail-1-285x285.png 285w, https:\/\/moyahousehold.com\/wp-content\/uploads\/2024\/06\/custom-food-stoage-containers-detail-1-270x270.png 270w, https:\/\/moyahousehold.com\/wp-content\/uploads\/2024\/06\/custom-food-stoage-containers-detail-1-540x540.png 540w, https:\/\/moyahousehold.com\/wp-content\/uploads\/2024\/06\/custom-food-stoage-containers-detail-1-660x660.png 660w\" sizes=\"(max-width: 1600px) 100vw, 1600px\" \/><\/figure>\n<\/div>\n\n\n\n<div class=\"wp-block-column is-layout-flow wp-block-column-is-layout-flow\">\n<figure class=\"wp-block-image size-full\"><img decoding=\"async\" width=\"1600\" height=\"1600\" src=\"https:\/\/moyahousehold.com\/wp-content\/uploads\/2024\/06\/custom-food-stoage-containers-detail-2.png\" alt=\"conteneurs de stockage alimentaire personnalis\u00e9s d\u00e9tail (2)\" class=\"wp-image-7649\" srcset=\"https:\/\/moyahousehold.com\/wp-content\/uploads\/2024\/06\/custom-food-stoage-containers-detail-2.png 1600w, https:\/\/moyahousehold.com\/wp-content\/uploads\/2024\/06\/custom-food-stoage-containers-detail-2-300x300.png 300w, https:\/\/moyahousehold.com\/wp-content\/uploads\/2024\/06\/custom-food-stoage-containers-detail-2-150x150.png 150w, https:\/\/moyahousehold.com\/wp-content\/uploads\/2024\/06\/custom-food-stoage-containers-detail-2-768x768.png 768w, https:\/\/moyahousehold.com\/wp-content\/uploads\/2024\/06\/custom-food-stoage-containers-detail-2-12x12.png 12w, https:\/\/moyahousehold.com\/wp-content\/uploads\/2024\/06\/custom-food-stoage-containers-detail-2-285x285.png 285w, https:\/\/moyahousehold.com\/wp-content\/uploads\/2024\/06\/custom-food-stoage-containers-detail-2-270x270.png 270w, https:\/\/moyahousehold.com\/wp-content\/uploads\/2024\/06\/custom-food-stoage-containers-detail-2-540x540.png 540w, https:\/\/moyahousehold.com\/wp-content\/uploads\/2024\/06\/custom-food-stoage-containers-detail-2-660x660.png 660w\" sizes=\"(max-width: 1600px) 100vw, 1600px\" \/><\/figure>\n<\/div>\n<\/div>\n\n\n\n<div class=\"wp-block-columns is-layout-flex wp-container-core-columns-is-layout-9d6595d7 wp-block-columns-is-layout-flex\">\n<div class=\"wp-block-column is-layout-flow wp-block-column-is-layout-flow\"><\/div>\n\n\n\n<div class=\"wp-block-column is-layout-flow wp-block-column-is-layout-flow\"><\/div>\n<\/div>","protected":false},"excerpt":{"rendered":"<p>Nous fournissons des solutions personnalis\u00e9es de conteneurs de stockage alimentaire en acier inoxydable pour r\u00e9pondre aux divers besoins des clients. Gr\u00e2ce \u00e0 une conception flexible des sp\u00e9cifications des produits, des logos, des couleurs et des capacit\u00e9s, nous sommes en mesure de proposer des options id\u00e9ales pour r\u00e9pondre \u00e0 des besoins vari\u00e9s. Nos conteneurs de stockage des aliments sont largement utilis\u00e9s dans l'industrie de la restauration et les cuisines commerciales, et constituent le meilleur choix pour le stockage des aliments. Que vous ayez besoin de conteneurs de stockage des aliments en vrac ou que vous recherchiez des services de personnalisation OEM et ODM, nous pouvons vous fournir la meilleure solution. N'h\u00e9sitez pas \u00e0 nous contacter pour discuter de vos besoins sp\u00e9cifiques.<\/p>\n<h3>Caract\u00e9ristiques et avantages des r\u00e9cipients de conservation personnalisables<\/h3>\n<p><strong>Conception empilable<\/strong>: Ce r\u00e9cipient de conservation des aliments en acier inoxydable personnalisable pr\u00e9sente un design raisonnable qui permet d'\u00e9conomiser de l'espace de stockage en associant des r\u00e9cipients de diff\u00e9rentes capacit\u00e9s.<br \/><strong>Mat\u00e9riau en acier inoxydable de haute qualit\u00e9<\/strong>: Chaque r\u00e9cipient de stockage des aliments est fabriqu\u00e9 en acier inoxydable de haute qualit\u00e9 et trait\u00e9 avec un savoir-faire artisanal pour garantir une excellente durabilit\u00e9.<br \/><strong>Facile \u00e0 utiliser<\/strong>: Ce r\u00e9cipient de conservation des aliments est con\u00e7u pour \u00eatre convivial, facile \u00e0 manipuler et \u00e0 utiliser au quotidien. Ils conviennent \u00e0 la conservation de repas froids, de repas chauds et d'aliments \u00e0 diff\u00e9rentes temp\u00e9ratures, ce qui permet de conserver les aliments dans des conditions optimales.<br \/><strong>Mat\u00e9riau \u00e9paissi<\/strong>: La conception \u00e9paissie renforce la r\u00e9sistance structurelle du conteneur et pr\u00e9vient efficacement les d\u00e9formations ou les dommages en cas de collision.<br \/><strong>Diverses sp\u00e9cifications<\/strong>: Nous proposons neuf sp\u00e9cifications de conteneurs pour r\u00e9pondre \u00e0 vos diff\u00e9rents besoins de stockage.<br \/><strong>Large \u00e9ventail d'options de personnalisation<\/strong>: Nous pouvons personnaliser la taille du r\u00e9cipient, le logo, l'emballage, etc. en fonction de vos besoins, n'h\u00e9sitez pas \u00e0 nous contacter pour des solutions personnalis\u00e9es.<\/p>\n<p><strong><a href=\"https:\/\/moyahousehold.com\/fr\/solution-personnalisee\/\">D\u00e9couvrez notre solution de conteneurs de stockage alimentaire personnalis\u00e9s<\/a><\/strong><\/p>","protected":false},"featured_media":7655,"comment_status":"closed","ping_status":"closed","template":"","meta":[],"product_cat":[57],"product_tag":[95,106,99],"class_list":{"0":"post-6023","1":"product","2":"type-product","3":"status-publish","4":"has-post-thumbnail","6":"product_cat-food-storage-container-wholesale","7":"product_tag-wholesale-food-storage-containers-with-date-dial","8":"product_tag-microwavable-food-storage-containers","9":"product_tag-wholesale-rectangle-food-storage-containers","11":"first","12":"instock","13":"shipping-taxable","14":"product-type-simple"},"_links":{"self":[{"href":"https:\/\/moyahousehold.com\/fr\/wp-json\/wp\/v2\/product\/6023","targetHints":{"allow":["GET"]}}],"collection":[{"href":"https:\/\/moyahousehold.com\/fr\/wp-json\/wp\/v2\/product"}],"about":[{"href":"https:\/\/moyahousehold.com\/fr\/wp-json\/wp\/v2\/types\/product"}],"replies":[{"embeddable":true,"href":"https:\/\/moyahousehold.com\/fr\/wp-json\/wp\/v2\/comments?post=6023"}],"version-history":[{"count":0,"href":"https:\/\/moyahousehold.com\/fr\/wp-json\/wp\/v2\/product\/6023\/revisions"}],"wp:featuredmedia":[{"embeddable":true,"href":"https:\/\/moyahousehold.com\/fr\/wp-json\/wp\/v2\/media\/7655"}],"wp:attachment":[{"href":"https:\/\/moyahousehold.com\/fr\/wp-json\/wp\/v2\/media?parent=6023"}],"wp:term":[{"taxonomy":"product_cat","embeddable":true,"href":"https:\/\/moyahousehold.com\/fr\/wp-json\/wp\/v2\/product_cat?post=6023"},{"taxonomy":"product_tag","embeddable":true,"href":"https:\/\/moyahousehold.com\/fr\/wp-json\/wp\/v2\/product_tag?post=6023"}],"curies":[{"name":"wp","href":"https:\/\/api.w.org\/{rel}","templated":true}]}}