{"id":6029,"date":"2024-06-26T03:07:40","date_gmt":"2024-06-26T03:07:40","guid":{"rendered":"https:\/\/moyahousehold.com\/?post_type=product&#038;p=6029"},"modified":"2025-02-05T10:06:41","modified_gmt":"2025-02-05T10:06:41","slug":"stainless-steel-food-storage-container-wholesale-large-capacity-with-handle","status":"publish","type":"product","link":"https:\/\/moyahousehold.com\/fr\/produit\/stainless-steel-food-storage-container-wholesale-large-capacity-with-handle\/","title":{"rendered":"Grand conteneur en acier inoxydable avec poign\u00e9e \u00e0 prix d'usine"},"content":{"rendered":"<div class=\"wp-block-columns is-layout-flex wp-container-core-columns-is-layout-9d6595d7 wp-block-columns-is-layout-flex\">\n<div class=\"wp-block-column is-layout-flow wp-block-column-is-layout-flow\">\n<h3 class=\"wp-block-heading\">Param\u00e8tres du grand conteneur en acier Stainlees<\/h3>\n\n\n\n<figure class=\"wp-block-table\"><table><tbody><tr><td>Article NO<\/td><td>Capacit\u00e9<\/td><td>Taille\/PCS<\/td><td>PCS\/Case<\/td><td>N.W.\/PCS<\/td><td>G.W.\/Cas<\/td><\/tr><tr><td>MYJD191<\/td><td>1700ml<\/td><td>24.4*16*8<\/td><td>48<\/td><td>21.2<\/td><td>0.4<\/td><\/tr><tr><td>MYJD192<\/td><td>2200ml<\/td><td>24.4*16*10<\/td><td>36<\/td><td>17.12<\/td><td>0.42<\/td><\/tr><tr><td>MYJD193<\/td><td>2700ml<\/td><td>24.4*16*12<\/td><td>24<\/td><td>16.88<\/td><td>0.62<\/td><\/tr><tr><td>MYJD194<\/td><td>2400ml<\/td><td>35*20*6<\/td><td>36<\/td><td>17.48<\/td><td>0.43<\/td><\/tr><tr><td>MYJD195<\/td><td>3800ml<\/td><td>35*20*9.5<\/td><td>24<\/td><td>19.04<\/td><td>0.71<\/td><\/tr><tr><td>MYJD196<\/td><td>6200ml<\/td><td>35*20*14<\/td><td>16<\/td><td>15.6<\/td><td>0.85<\/td><\/tr><tr><td>MYJD171<\/td><td>1700ml<\/td><td>20*20*7.6<\/td><td>48<\/td><td>20.24<\/td><td>0.38<\/td><\/tr><tr><td>MYJD172<\/td><td>2200ml<\/td><td>20*20*10<\/td><td>36<\/td><td>17.12<\/td><td>0.42<\/td><\/tr><tr><td>MYJD173<\/td><td>2700ml<\/td><td>20*20*12<\/td><td>36<\/td><td>18.2<\/td><td>0.45<\/td><\/tr><tr><td>MYJD174<\/td><td>3200ml<\/td><td>20*20*14<\/td><td>48<\/td><td>26<\/td><td>0.5<\/td><\/tr><\/tbody><\/table><\/figure>\n<\/div>\n<\/div>\n\n\n\n<h3 class=\"wp-block-heading\">Options de grands r\u00e9cipients alimentaires en acier inoxydable sur mesure<\/h3>\n\n\n\n<p><strong>Logo<\/strong>: personnalisation du logo de votre marque sur le produit et l'emballage.<br><strong>Couvercle<\/strong>: Couvercle en verre, couvercle en PP<br><strong>Options du logo<\/strong>logo imprim\u00e9, logo grav\u00e9 au laser, etc.<br><strong>Mod\u00e8le<\/strong>: motifs d'impression sur des r\u00e9cipients de stockage de produits alimentaires.<br><strong>Technologie d'impression<\/strong>Les techniques d'impression sont les suivantes : impression par transfert d'eau, impression par s\u00e9rigraphie, impression par transfert de chaleur, etc.<br><strong>Paquet<\/strong>:color box<br><a href=\"https:\/\/moyahousehold.com\/fr\/solution-personnalisee\/\" data-type=\"page\" data-id=\"2817\"><strong>Plus de personnalisation<\/strong><\/a><\/p>\n\n\n\n<div class=\"wp-block-columns is-layout-flex wp-container-core-columns-is-layout-9d6595d7 wp-block-columns-is-layout-flex\">\n<div class=\"wp-block-column is-layout-flow wp-block-column-is-layout-flow\">\n<figure class=\"wp-block-image size-full\"><img fetchpriority=\"high\" decoding=\"async\" width=\"4160\" height=\"4160\" src=\"https:\/\/moyahousehold.com\/wp-content\/uploads\/2024\/06\/Large-capacity-Steel-Food-Storage-Container-Wholesale-23.webp\" alt=\"Conteneurs de stockage alimentaire en acier \u00e0 grande capacit\u00e9 Wholesale \" class=\"wp-image-6170\" srcset=\"https:\/\/moyahousehold.com\/wp-content\/uploads\/2024\/06\/Large-capacity-Steel-Food-Storage-Container-Wholesale-23.webp 4160w, https:\/\/moyahousehold.com\/wp-content\/uploads\/2024\/06\/Large-capacity-Steel-Food-Storage-Container-Wholesale-23-300x300.webp 300w, https:\/\/moyahousehold.com\/wp-content\/uploads\/2024\/06\/Large-capacity-Steel-Food-Storage-Container-Wholesale-23-150x150.webp 150w, https:\/\/moyahousehold.com\/wp-content\/uploads\/2024\/06\/Large-capacity-Steel-Food-Storage-Container-Wholesale-23-768x768.webp 768w, https:\/\/moyahousehold.com\/wp-content\/uploads\/2024\/06\/Large-capacity-Steel-Food-Storage-Container-Wholesale-23-285x285.webp 285w, https:\/\/moyahousehold.com\/wp-content\/uploads\/2024\/06\/Large-capacity-Steel-Food-Storage-Container-Wholesale-23-1600x1600.webp 1600w, https:\/\/moyahousehold.com\/wp-content\/uploads\/2024\/06\/Large-capacity-Steel-Food-Storage-Container-Wholesale-23-270x270.webp 270w, https:\/\/moyahousehold.com\/wp-content\/uploads\/2024\/06\/Large-capacity-Steel-Food-Storage-Container-Wholesale-23-540x540.webp 540w, https:\/\/moyahousehold.com\/wp-content\/uploads\/2024\/06\/Large-capacity-Steel-Food-Storage-Container-Wholesale-23-660x660.webp 660w\" sizes=\"(max-width: 4160px) 100vw, 4160px\" \/><\/figure>\n<\/div>\n\n\n\n<div class=\"wp-block-column is-layout-flow wp-block-column-is-layout-flow\">\n<figure class=\"wp-block-image size-full\"><img decoding=\"async\" width=\"4160\" height=\"4160\" src=\"https:\/\/moyahousehold.com\/wp-content\/uploads\/2024\/06\/Large-capacity-Steel-Food-Storage-Container-Wholesale-21.webp\" alt=\"Conteneurs de stockage alimentaire en acier \u00e0 grande capacit\u00e9 Wholesale\" class=\"wp-image-6169\" srcset=\"https:\/\/moyahousehold.com\/wp-content\/uploads\/2024\/06\/Large-capacity-Steel-Food-Storage-Container-Wholesale-21.webp 4160w, https:\/\/moyahousehold.com\/wp-content\/uploads\/2024\/06\/Large-capacity-Steel-Food-Storage-Container-Wholesale-21-300x300.webp 300w, https:\/\/moyahousehold.com\/wp-content\/uploads\/2024\/06\/Large-capacity-Steel-Food-Storage-Container-Wholesale-21-150x150.webp 150w, https:\/\/moyahousehold.com\/wp-content\/uploads\/2024\/06\/Large-capacity-Steel-Food-Storage-Container-Wholesale-21-768x768.webp 768w, https:\/\/moyahousehold.com\/wp-content\/uploads\/2024\/06\/Large-capacity-Steel-Food-Storage-Container-Wholesale-21-285x285.webp 285w, https:\/\/moyahousehold.com\/wp-content\/uploads\/2024\/06\/Large-capacity-Steel-Food-Storage-Container-Wholesale-21-1600x1600.webp 1600w, https:\/\/moyahousehold.com\/wp-content\/uploads\/2024\/06\/Large-capacity-Steel-Food-Storage-Container-Wholesale-21-270x270.webp 270w, https:\/\/moyahousehold.com\/wp-content\/uploads\/2024\/06\/Large-capacity-Steel-Food-Storage-Container-Wholesale-21-540x540.webp 540w, https:\/\/moyahousehold.com\/wp-content\/uploads\/2024\/06\/Large-capacity-Steel-Food-Storage-Container-Wholesale-21-660x660.webp 660w\" sizes=\"(max-width: 4160px) 100vw, 4160px\" \/><\/figure>\n<\/div>\n<\/div>\n\n\n\n<div class=\"wp-block-columns is-layout-flex wp-container-core-columns-is-layout-9d6595d7 wp-block-columns-is-layout-flex\">\n<div class=\"wp-block-column is-layout-flow wp-block-column-is-layout-flow\">\n<figure class=\"wp-block-image size-full\"><img decoding=\"async\" width=\"4160\" height=\"4160\" src=\"https:\/\/moyahousehold.com\/wp-content\/uploads\/2024\/06\/Large-capacity-Steel-Food-Storage-Container-Wholesale-17.webp\" alt=\"Conteneurs de stockage alimentaire en acier \u00e0 grande capacit\u00e9 Wholesale\" class=\"wp-image-6167\" srcset=\"https:\/\/moyahousehold.com\/wp-content\/uploads\/2024\/06\/Large-capacity-Steel-Food-Storage-Container-Wholesale-17.webp 4160w, https:\/\/moyahousehold.com\/wp-content\/uploads\/2024\/06\/Large-capacity-Steel-Food-Storage-Container-Wholesale-17-300x300.webp 300w, https:\/\/moyahousehold.com\/wp-content\/uploads\/2024\/06\/Large-capacity-Steel-Food-Storage-Container-Wholesale-17-150x150.webp 150w, https:\/\/moyahousehold.com\/wp-content\/uploads\/2024\/06\/Large-capacity-Steel-Food-Storage-Container-Wholesale-17-768x768.webp 768w, https:\/\/moyahousehold.com\/wp-content\/uploads\/2024\/06\/Large-capacity-Steel-Food-Storage-Container-Wholesale-17-285x285.webp 285w, https:\/\/moyahousehold.com\/wp-content\/uploads\/2024\/06\/Large-capacity-Steel-Food-Storage-Container-Wholesale-17-1600x1600.webp 1600w, https:\/\/moyahousehold.com\/wp-content\/uploads\/2024\/06\/Large-capacity-Steel-Food-Storage-Container-Wholesale-17-270x270.webp 270w, https:\/\/moyahousehold.com\/wp-content\/uploads\/2024\/06\/Large-capacity-Steel-Food-Storage-Container-Wholesale-17-540x540.webp 540w, https:\/\/moyahousehold.com\/wp-content\/uploads\/2024\/06\/Large-capacity-Steel-Food-Storage-Container-Wholesale-17-660x660.webp 660w\" sizes=\"(max-width: 4160px) 100vw, 4160px\" \/><\/figure>\n<\/div>\n\n\n\n<div class=\"wp-block-column is-layout-flow wp-block-column-is-layout-flow\">\n<figure class=\"wp-block-image size-full\"><img loading=\"lazy\" decoding=\"async\" width=\"4160\" height=\"4160\" src=\"https:\/\/moyahousehold.com\/wp-content\/uploads\/2024\/06\/Large-capacity-Steel-Food-Storage-Container-Wholesale-19.webp\" alt=\"Conteneurs de stockage alimentaire en acier \u00e0 grande capacit\u00e9 Wholesale\" class=\"wp-image-6168\" srcset=\"https:\/\/moyahousehold.com\/wp-content\/uploads\/2024\/06\/Large-capacity-Steel-Food-Storage-Container-Wholesale-19.webp 4160w, https:\/\/moyahousehold.com\/wp-content\/uploads\/2024\/06\/Large-capacity-Steel-Food-Storage-Container-Wholesale-19-300x300.webp 300w, https:\/\/moyahousehold.com\/wp-content\/uploads\/2024\/06\/Large-capacity-Steel-Food-Storage-Container-Wholesale-19-150x150.webp 150w, https:\/\/moyahousehold.com\/wp-content\/uploads\/2024\/06\/Large-capacity-Steel-Food-Storage-Container-Wholesale-19-768x768.webp 768w, https:\/\/moyahousehold.com\/wp-content\/uploads\/2024\/06\/Large-capacity-Steel-Food-Storage-Container-Wholesale-19-285x285.webp 285w, https:\/\/moyahousehold.com\/wp-content\/uploads\/2024\/06\/Large-capacity-Steel-Food-Storage-Container-Wholesale-19-1600x1600.webp 1600w, https:\/\/moyahousehold.com\/wp-content\/uploads\/2024\/06\/Large-capacity-Steel-Food-Storage-Container-Wholesale-19-270x270.webp 270w, https:\/\/moyahousehold.com\/wp-content\/uploads\/2024\/06\/Large-capacity-Steel-Food-Storage-Container-Wholesale-19-540x540.webp 540w, https:\/\/moyahousehold.com\/wp-content\/uploads\/2024\/06\/Large-capacity-Steel-Food-Storage-Container-Wholesale-19-660x660.webp 660w\" sizes=\"(max-width: 4160px) 100vw, 4160px\" \/><\/figure>\n<\/div>\n<\/div>","protected":false},"excerpt":{"rendered":"<p>Nous proposons de grands conteneurs alimentaires en acier inoxydable \u00e0 des prix d'usine, avec une vari\u00e9t\u00e9 de capacit\u00e9s et de designs \u00e0 choisir. La grande capacit\u00e9 est parfaite pour stocker diff\u00e9rents types d'aliments, et les grands conteneurs en acier inoxydable aux formes vari\u00e9es peuvent \u00eatre raisonnablement assortis pour s\u00e9parer diff\u00e9rents aliments, y compris rectangulaires et carr\u00e9s. Il s'agit d'une solution de stockage parfaite pour les cuisines domestiques et les restaurants commerciaux. Ce grand conteneur alimentaire en acier est magnifiquement con\u00e7u et \u00e9l\u00e9gant, et peut \u00eatre parfaitement int\u00e9gr\u00e9 dans diff\u00e9rents styles de cuisine. Nous fournissons \u00e9galement des services de conteneurs alimentaires personnalis\u00e9s OEM et ODM. Si vous avez besoin d'un conteneur en acier inoxydable plus grand, vous pouvez nous contacter pour une personnalisation.<\/p>\n<h3>Caract\u00e9ristiques et avantages du grand r\u00e9cipient alimentaire en acier inoxydable<\/h3>\n<p>1) Les grands r\u00e9cipients alimentaires en acier pr\u00e9sentent une bonne r\u00e9sistance aux acides et aux alcalis et conviennent au stockage de divers aliments acides et alcalins.<\/p>\n<p>2) Les grands conteneurs en acier inoxydable sont fabriqu\u00e9s en acier inoxydable 304 ;<\/p>\n<p>3. la conception \u00e9paissie du conteneur alimentaire augmente la r\u00e9sistance aux chocs du conteneur, le rendant moins susceptible de se d\u00e9former et plus s\u00fbr \u00e0 utiliser.<\/p>\n<p>4. am\u00e9lior\u00e9 et \u00e9paissi, r\u00e9sistant aux temp\u00e9ratures \u00e9lev\u00e9es et \u00e0 la corrosion ; facile \u00e0 nettoyer et plus durable ;<\/p>\n<p>5) M\u00eame apr\u00e8s une utilisation prolong\u00e9e, ce grand r\u00e9cipient en acier inoxydable peut rester aussi brillant et propre qu'\u00e0 l'\u00e9tat neuf.<\/p>\n<p>6. le processus \u00e9lectrolytique \u00e0 l'int\u00e9rieur de la bo\u00eete est lisse et rond, facile \u00e0 nettoyer, et il n'y a pas d'odeur r\u00e9siduelle lors du stockage des aliments ;<\/p>\n<p>7. anneau d'\u00e9tanch\u00e9it\u00e9 en silicone \u00e9largi, bien ajust\u00e9, \u00e9tanche \u00e0 l'eau, \u00e0 la fra\u00eecheur et \u00e0 l'humidit\u00e9, \u00e9tanche \u00e0 l'eau ;<\/p>\n<p>8. le couvercle \u00e9pais du conteneur en acier inoxydable ne se d\u00e9forme pas facilement ;<\/p>\n<p>9 Les grands conteneurs en acier inoxydable sont disponibles en format carr\u00e9 ou rectangle.<br \/><strong><br \/><a href=\"https:\/\/moyahousehold.com\/fr\/solution-personnalisee\/\">10. en tant que fabricant professionnel de conteneurs alimentaires, nous fournissons des solutions personnalis\u00e9es OEM&amp;ODM pour les conteneurs alimentaires en acier inoxydable.<\/a><\/strong><\/p>","protected":false},"featured_media":6162,"comment_status":"open","ping_status":"closed","template":"","meta":[],"product_cat":[57],"product_tag":[95,99,100],"class_list":{"0":"post-6029","1":"product","2":"type-product","3":"status-publish","4":"has-post-thumbnail","6":"product_cat-food-storage-container-wholesale","7":"product_tag-wholesale-food-storage-containers-with-date-dial","8":"product_tag-wholesale-rectangle-food-storage-containers","9":"product_tag-wholesale-square-food-storage-containers","11":"first","12":"instock","13":"shipping-taxable","14":"product-type-simple"},"_links":{"self":[{"href":"https:\/\/moyahousehold.com\/fr\/wp-json\/wp\/v2\/product\/6029","targetHints":{"allow":["GET"]}}],"collection":[{"href":"https:\/\/moyahousehold.com\/fr\/wp-json\/wp\/v2\/product"}],"about":[{"href":"https:\/\/moyahousehold.com\/fr\/wp-json\/wp\/v2\/types\/product"}],"replies":[{"embeddable":true,"href":"https:\/\/moyahousehold.com\/fr\/wp-json\/wp\/v2\/comments?post=6029"}],"version-history":[{"count":0,"href":"https:\/\/moyahousehold.com\/fr\/wp-json\/wp\/v2\/product\/6029\/revisions"}],"wp:featuredmedia":[{"embeddable":true,"href":"https:\/\/moyahousehold.com\/fr\/wp-json\/wp\/v2\/media\/6162"}],"wp:attachment":[{"href":"https:\/\/moyahousehold.com\/fr\/wp-json\/wp\/v2\/media?parent=6029"}],"wp:term":[{"taxonomy":"product_cat","embeddable":true,"href":"https:\/\/moyahousehold.com\/fr\/wp-json\/wp\/v2\/product_cat?post=6029"},{"taxonomy":"product_tag","embeddable":true,"href":"https:\/\/moyahousehold.com\/fr\/wp-json\/wp\/v2\/product_tag?post=6029"}],"curies":[{"name":"wp","href":"https:\/\/api.w.org\/{rel}","templated":true}]}}