{"id":6088,"date":"2024-06-26T03:17:05","date_gmt":"2024-06-26T03:17:05","guid":{"rendered":"https:\/\/moyahousehold.com\/?post_type=product&#038;p=6088"},"modified":"2025-03-05T10:09:59","modified_gmt":"2025-03-05T10:09:59","slug":"bulk-commercial-stainless-steel-food-storage-containers","status":"publish","type":"product","link":"https:\/\/moyahousehold.com\/fr\/produit\/bulk-commercial-stainless-steel-food-storage-containers\/","title":{"rendered":"R\u00e9cipients de stockage des aliments en acier inoxydable pour les h\u00f4tels et les restaurants"},"content":{"rendered":"<div class=\"wp-block-columns is-layout-flex wp-container-core-columns-is-layout-9d6595d7 wp-block-columns-is-layout-flex\">\n<div class=\"wp-block-column is-layout-flow wp-block-column-is-layout-flow\">\n<h3 class=\"wp-block-heading\">Param\u00e8tres des conteneurs commerciaux de stockage des aliments<\/h3>\n\n\n\n<figure class=\"wp-block-table\"><table><tbody><tr><td>Article NO<\/td><td>Capacit\u00e9<\/td><td>Taille\/PCS<\/td><td>PCS\/Case<\/td><td>N.W.\/PCS<\/td><td>G.W.\/Cas<\/td><\/tr><tr><td>MYJD212<\/td><td>420ML<\/td><td>13.3*11.2*6.2<\/td><td>80<\/td><td>15.6<\/td><td>0.17<\/td><\/tr><tr><td>MYJD213<\/td><td>660ML<\/td><td>13.3*11.2*8.7<\/td><td>80<\/td><td>17.2<\/td><td>0.19<\/td><\/tr><tr><td>MYJD214<\/td><td>900ML<\/td><td>13.3*11.2*11.3<\/td><td>80<\/td><td>19.6<\/td><td>0.22<\/td><\/tr><tr><td>MYJD185<\/td><td>1700ml<\/td><td>24.4*16*8<\/td><td>48<\/td><td>21.2<\/td><td>0.4<\/td><\/tr><tr><td>MYJD186<\/td><td>2200ml<\/td><td>24.4*16*10<\/td><td>36<\/td><td>17.12<\/td><td>0.42<\/td><\/tr><tr><td>MYJD187<\/td><td>2700ml<\/td><td>24.4*16*12<\/td><td>24<\/td><td>16.88<\/td><td>0.62<\/td><\/tr><tr><td>MYJD188<\/td><td>2400ml<\/td><td>35*20*6<\/td><td>36<\/td><td>17.48<\/td><td>0.43<\/td><\/tr><tr><td>MYJD189<\/td><td>3800ml<\/td><td>35*20*9.5<\/td><td>24<\/td><td>19.04<\/td><td>0.71<\/td><\/tr><tr><td>MYJD190<\/td><td>6200ml<\/td><td>35*20*14<\/td><td>16<\/td><td>15.6<\/td><td>0.85<\/td><\/tr><tr><td>MYJD163<\/td><td>1700ml<\/td><td>20*20*7.6<\/td><td>48<\/td><td>20.24<\/td><td>0.38<\/td><\/tr><tr><td>MYJD164<\/td><td>2200ml<\/td><td>20*20*10<\/td><td>36<\/td><td>17.12<\/td><td>0.42<\/td><\/tr><tr><td>MYJD165<\/td><td>2700ml<\/td><td>20*20*12<\/td><td>36<\/td><td>18.2<\/td><td>0.45<\/td><\/tr><tr><td>MYJD166<\/td><td>3200ml<\/td><td>20*20*14<\/td><td>48<\/td><td>26<\/td><td>0.5<\/td><\/tr><\/tbody><\/table><\/figure>\n<\/div>\n<\/div>\n\n\n\n<h3 class=\"wp-block-heading\">Options de contenants commerciaux personnalis\u00e9s pour l'entreposage des aliments<\/h3>\n\n\n\n<p><strong>Logo<\/strong>: personnalisation du logo de votre marque sur le produit et l'emballage.<br><strong>Couvercle<\/strong>: Couvercle en verre, couvercle en PP<br><strong>Options du logo<\/strong>logo imprim\u00e9, logo grav\u00e9 au laser, etc.<br><strong>Mod\u00e8le<\/strong>: motifs d'impression sur des r\u00e9cipients de stockage de produits alimentaires.<br><strong>Technologie d'impression<\/strong>Les techniques d'impression sont les suivantes : impression par transfert d'eau, impression par s\u00e9rigraphie, impression par transfert de chaleur, etc.<br><strong>Paquet<\/strong>:color box<br><a href=\"https:\/\/moyahousehold.com\/fr\/solution-personnalisee\/\" data-type=\"page\" data-id=\"2817\"><strong>En savoir plus sur les solutions personnalis\u00e9es de stockage des aliments.<\/strong><\/a><\/p>\n\n\n\n<div class=\"wp-block-columns is-layout-flex wp-container-core-columns-is-layout-9d6595d7 wp-block-columns-is-layout-flex\">\n<div class=\"wp-block-column is-layout-flow wp-block-column-is-layout-flow\">\n<figure class=\"wp-block-image size-full\"><img fetchpriority=\"high\" decoding=\"async\" width=\"1500\" height=\"1500\" src=\"https:\/\/moyahousehold.com\/wp-content\/uploads\/2024\/06\/Commercial-Food-Storage-Container-Display-2.jpg\" alt=\"Pr\u00e9sentoir de contenants de stockage d&#039;aliments commerciaux (2)\" class=\"wp-image-8997\" srcset=\"https:\/\/moyahousehold.com\/wp-content\/uploads\/2024\/06\/Commercial-Food-Storage-Container-Display-2.jpg 1500w, https:\/\/moyahousehold.com\/wp-content\/uploads\/2024\/06\/Commercial-Food-Storage-Container-Display-2-300x300.jpg 300w, https:\/\/moyahousehold.com\/wp-content\/uploads\/2024\/06\/Commercial-Food-Storage-Container-Display-2-150x150.jpg 150w, https:\/\/moyahousehold.com\/wp-content\/uploads\/2024\/06\/Commercial-Food-Storage-Container-Display-2-768x768.jpg 768w, https:\/\/moyahousehold.com\/wp-content\/uploads\/2024\/06\/Commercial-Food-Storage-Container-Display-2-12x12.jpg 12w, https:\/\/moyahousehold.com\/wp-content\/uploads\/2024\/06\/Commercial-Food-Storage-Container-Display-2-285x285.jpg 285w, https:\/\/moyahousehold.com\/wp-content\/uploads\/2024\/06\/Commercial-Food-Storage-Container-Display-2-270x270.jpg 270w, https:\/\/moyahousehold.com\/wp-content\/uploads\/2024\/06\/Commercial-Food-Storage-Container-Display-2-540x540.jpg 540w, https:\/\/moyahousehold.com\/wp-content\/uploads\/2024\/06\/Commercial-Food-Storage-Container-Display-2-660x660.jpg 660w\" sizes=\"(max-width: 1500px) 100vw, 1500px\" \/><\/figure>\n<\/div>\n\n\n\n<div class=\"wp-block-column is-layout-flow wp-block-column-is-layout-flow\">\n<figure class=\"wp-block-image size-full\"><img decoding=\"async\" width=\"1500\" height=\"1500\" src=\"https:\/\/moyahousehold.com\/wp-content\/uploads\/2024\/06\/Commercial-Food-Storage-Container-Display-1.jpg\" alt=\"Pr\u00e9sentoir de contenants de stockage d&#039;aliments commerciaux (1)\" class=\"wp-image-8996\" srcset=\"https:\/\/moyahousehold.com\/wp-content\/uploads\/2024\/06\/Commercial-Food-Storage-Container-Display-1.jpg 1500w, https:\/\/moyahousehold.com\/wp-content\/uploads\/2024\/06\/Commercial-Food-Storage-Container-Display-1-300x300.jpg 300w, https:\/\/moyahousehold.com\/wp-content\/uploads\/2024\/06\/Commercial-Food-Storage-Container-Display-1-150x150.jpg 150w, https:\/\/moyahousehold.com\/wp-content\/uploads\/2024\/06\/Commercial-Food-Storage-Container-Display-1-768x768.jpg 768w, https:\/\/moyahousehold.com\/wp-content\/uploads\/2024\/06\/Commercial-Food-Storage-Container-Display-1-12x12.jpg 12w, https:\/\/moyahousehold.com\/wp-content\/uploads\/2024\/06\/Commercial-Food-Storage-Container-Display-1-285x285.jpg 285w, https:\/\/moyahousehold.com\/wp-content\/uploads\/2024\/06\/Commercial-Food-Storage-Container-Display-1-270x270.jpg 270w, https:\/\/moyahousehold.com\/wp-content\/uploads\/2024\/06\/Commercial-Food-Storage-Container-Display-1-540x540.jpg 540w, https:\/\/moyahousehold.com\/wp-content\/uploads\/2024\/06\/Commercial-Food-Storage-Container-Display-1-660x660.jpg 660w\" sizes=\"(max-width: 1500px) 100vw, 1500px\" \/><\/figure>\n<\/div>\n<\/div>\n\n\n\n<div class=\"wp-block-columns is-layout-flex wp-container-core-columns-is-layout-9d6595d7 wp-block-columns-is-layout-flex\">\n<div class=\"wp-block-column is-layout-flow wp-block-column-is-layout-flow\"><\/div>\n\n\n\n<div class=\"wp-block-column is-layout-flow wp-block-column-is-layout-flow\"><\/div>\n<\/div>","protected":false},"excerpt":{"rendered":"<p>Vente en gros de r\u00e9cipients de stockage des aliments en acier inoxydable. Nous proposons une vari\u00e9t\u00e9 de conteneurs de stockage d'aliments en vrac, allant de 420 ml \u00e0 3200 ml, afin de r\u00e9pondre aux besoins de diff\u00e9rents sc\u00e9narios. Ces r\u00e9cipients peuvent \u00eatre largement utilis\u00e9s dans les foyers, les restaurants et les h\u00f4tels. Que vous ayez besoin de conteneurs de stockage d'aliments en vrac ou de conteneurs d'aliments personnalis\u00e9s OEM et ODM, nous pouvons vous fournir la meilleure solution. N'h\u00e9sitez pas \u00e0 nous contacter pour obtenir un devis.<\/p>\n<h3>Caract\u00e9ristiques et avantages des conteneurs de stockage des aliments<\/h3>\n<p><strong>Plusieurs tailles :<\/strong> Ce conteneur alimentaire en acier inoxydable existe en plusieurs tailles et peut \u00eatre utilis\u00e9 pour stocker diff\u00e9rents types et quantit\u00e9s d'aliments, r\u00e9pondant ainsi \u00e0 divers besoins de stockage domestiques et commerciaux. Il convient aux cuisines, aux restaurants et aux services de restauration.<\/p>\n<p><strong>Mat\u00e9riaux de haute qualit\u00e9 :<\/strong> Fabriqu\u00e9 en acier inoxydable durable, il pr\u00e9sente une forte r\u00e9sistance \u00e0 la corrosion et \u00e0 l'oxydation, ce qui garantit qu'il ne rouillera pas apr\u00e8s une utilisation \u00e0 long terme et que le r\u00e9cipient restera beau et s\u00fbr.<\/p>\n<p><strong>Mod\u00e8le empilable :<\/strong> Les conteneurs alimentaires en acier inoxydable peuvent \u00eatre empil\u00e9s de mani\u00e8re stable, ce qui permet d'\u00e9conomiser de l'espace, et peuvent \u00eatre stock\u00e9s de mani\u00e8re pratique dans les r\u00e9frig\u00e9rateurs, les armoires et d'autres endroits, ce qui permet d'utiliser efficacement l'espace de la cuisine.<\/p>\n<p><strong>Conception \u00e9tanche :<\/strong> Le couvercle est \u00e9quip\u00e9 d'un anneau d'\u00e9tanch\u00e9it\u00e9 et d'une fermeture \u00e0 boucle pour emp\u00eacher l'air de p\u00e9n\u00e9trer, conserver efficacement la fra\u00eecheur des aliments, \u00e9viter les fuites et convenir au stockage d'aliments solides et liquides.<\/p>\n<p><strong>Service personnalis\u00e9 :<\/strong> En tant que <strong><a href=\"https:\/\/moyahousehold.com\/fr\/categorie-de-produits\/food-storage-container-wholesale\/\" target=\"_blank\" rel=\"noopener\">fabricant de conteneurs alimentaires<\/a>,<\/strong> Moya propose \u00e0 ses clients des services de conteneurs alimentaires personnalis\u00e9s, y compris diff\u00e9rentes tailles, formes, couvercles, logos de marque, etc. pour r\u00e9pondre aux besoins sp\u00e9cifiques des clients.<\/p>","protected":false},"featured_media":8977,"comment_status":"open","ping_status":"closed","template":"","meta":[],"product_cat":[57],"product_tag":[95,106,99],"class_list":{"0":"post-6088","1":"product","2":"type-product","3":"status-publish","4":"has-post-thumbnail","6":"product_cat-food-storage-container-wholesale","7":"product_tag-wholesale-food-storage-containers-with-date-dial","8":"product_tag-microwavable-food-storage-containers","9":"product_tag-wholesale-rectangle-food-storage-containers","11":"first","12":"instock","13":"shipping-taxable","14":"product-type-simple"},"_links":{"self":[{"href":"https:\/\/moyahousehold.com\/fr\/wp-json\/wp\/v2\/product\/6088","targetHints":{"allow":["GET"]}}],"collection":[{"href":"https:\/\/moyahousehold.com\/fr\/wp-json\/wp\/v2\/product"}],"about":[{"href":"https:\/\/moyahousehold.com\/fr\/wp-json\/wp\/v2\/types\/product"}],"replies":[{"embeddable":true,"href":"https:\/\/moyahousehold.com\/fr\/wp-json\/wp\/v2\/comments?post=6088"}],"version-history":[{"count":0,"href":"https:\/\/moyahousehold.com\/fr\/wp-json\/wp\/v2\/product\/6088\/revisions"}],"wp:featuredmedia":[{"embeddable":true,"href":"https:\/\/moyahousehold.com\/fr\/wp-json\/wp\/v2\/media\/8977"}],"wp:attachment":[{"href":"https:\/\/moyahousehold.com\/fr\/wp-json\/wp\/v2\/media?parent=6088"}],"wp:term":[{"taxonomy":"product_cat","embeddable":true,"href":"https:\/\/moyahousehold.com\/fr\/wp-json\/wp\/v2\/product_cat?post=6088"},{"taxonomy":"product_tag","embeddable":true,"href":"https:\/\/moyahousehold.com\/fr\/wp-json\/wp\/v2\/product_tag?post=6088"}],"curies":[{"name":"wp","href":"https:\/\/api.w.org\/{rel}","templated":true}]}}