{"id":6091,"date":"2024-06-26T03:20:40","date_gmt":"2024-06-26T03:20:40","guid":{"rendered":"https:\/\/moyahousehold.com\/?post_type=product&#038;p=6091"},"modified":"2025-03-05T10:09:31","modified_gmt":"2025-03-05T10:09:31","slug":"custom-stainless-steel-food-containers-wholesale","status":"publish","type":"product","link":"https:\/\/moyahousehold.com\/fr\/produit\/custom-stainless-steel-food-containers-wholesale\/","title":{"rendered":"R\u00e9cipients alimentaires en acier inoxydable sur mesure, en gros, beaux et \u00e0 sp\u00e9cifications multiples"},"content":{"rendered":"<div class=\"wp-block-columns is-layout-flex wp-container-core-columns-is-layout-9d6595d7 wp-block-columns-is-layout-flex\">\n<div class=\"wp-block-column is-layout-flow wp-block-column-is-layout-flow\">\n<h3 class=\"wp-block-heading\">Param\u00e8tres des r\u00e9cipients alimentaires personnalisables en acier inoxydable<\/h3>\n<\/div>\n<\/div>\n\n\n\n<figure class=\"wp-block-table\"><table><tbody><tr><td>Article NO<\/td><td>Capacit\u00e9<\/td><td>Taille\/PCS<\/td><td>PCS\/Case<\/td><td>N.W.\/PCS<\/td><td>G.W.\/Cas<\/td><\/tr><tr><td>MYJD191<\/td><td>1700ml<\/td><td>24.4*16*8<\/td><td>48<\/td><td>21.2<\/td><td>0.4<\/td><\/tr><tr><td>MYJD192<\/td><td>2200ml<\/td><td>24.4*16*10<\/td><td>36<\/td><td>17.12<\/td><td>0.42<\/td><\/tr><tr><td>MYJD193<\/td><td>2700ml<\/td><td>24.4*16*12<\/td><td>24<\/td><td>16.88<\/td><td>0.62<\/td><\/tr><tr><td>MYJD194<\/td><td>2400ml<\/td><td>35*20*6<\/td><td>36<\/td><td>17.48<\/td><td>0.43<\/td><\/tr><tr><td>MYJD195<\/td><td>3800ml<\/td><td>35*20*9.5<\/td><td>24<\/td><td>19.04<\/td><td>0.71<\/td><\/tr><tr><td>MYJD196<\/td><td>6200ml<\/td><td>35*20*14<\/td><td>16<\/td><td>15.6<\/td><td>0.85<\/td><\/tr><tr><td>MYJD171<\/td><td>1700ml<\/td><td>20*20*7.6<\/td><td>48<\/td><td>20.24<\/td><td>0.38<\/td><\/tr><tr><td>MYJD172<\/td><td>2200ml<\/td><td>20*20*10<\/td><td>36<\/td><td>17.12<\/td><td>0.42<\/td><\/tr><tr><td>MYJD173<\/td><td>2700ml<\/td><td>20*20*12<\/td><td>36<\/td><td>18.2<\/td><td>0.45<\/td><\/tr><tr><td>MYJD174<\/td><td>3200ml<\/td><td>20*20*14<\/td><td>48<\/td><td>26<\/td><td>0.5<\/td><\/tr><\/tbody><\/table><\/figure>\n\n\n\n<h3 class=\"wp-block-heading\">Options de contenants alimentaires personnalis\u00e9s<\/h3>\n\n\n\n<p>Logo : personnalisez le logo de votre marque sur le produit et l'emballage.<br>Couvercle : Couvercle en verre, couvercle en PP<br>Options de logo : logo imprim\u00e9, logo grav\u00e9 au laser, etc.<br>Motif : impression de motifs sur les r\u00e9cipients de stockage des aliments.<br>Technologie d'impression : impression par transfert d'eau, impression par s\u00e9rigraphie, impression par transfert de chaleur, etc.<br>Emballage : bo\u00eete de couleur<br><a href=\"https:\/\/moyahousehold.com\/fr\/solution-personnalisee\/\" data-type=\"page\" data-id=\"2817\"><strong>Plus de personnalisation<\/strong><\/a><\/p>\n\n\n\n<div class=\"wp-block-columns is-layout-flex wp-container-core-columns-is-layout-9d6595d7 wp-block-columns-is-layout-flex\">\n<div class=\"wp-block-column is-layout-flow wp-block-column-is-layout-flow\">\n<figure class=\"wp-block-image size-full\"><img fetchpriority=\"high\" decoding=\"async\" width=\"4160\" height=\"4160\" src=\"https:\/\/moyahousehold.com\/wp-content\/uploads\/2024\/06\/Crisper-with-handle-1-1.webp\" alt=\"\" class=\"wp-image-6092\" srcset=\"https:\/\/moyahousehold.com\/wp-content\/uploads\/2024\/06\/Crisper-with-handle-1-1.webp 4160w, https:\/\/moyahousehold.com\/wp-content\/uploads\/2024\/06\/Crisper-with-handle-1-1-300x300.webp 300w, https:\/\/moyahousehold.com\/wp-content\/uploads\/2024\/06\/Crisper-with-handle-1-1-150x150.webp 150w, https:\/\/moyahousehold.com\/wp-content\/uploads\/2024\/06\/Crisper-with-handle-1-1-768x768.webp 768w, https:\/\/moyahousehold.com\/wp-content\/uploads\/2024\/06\/Crisper-with-handle-1-1-285x285.webp 285w, https:\/\/moyahousehold.com\/wp-content\/uploads\/2024\/06\/Crisper-with-handle-1-1-1600x1600.webp 1600w, https:\/\/moyahousehold.com\/wp-content\/uploads\/2024\/06\/Crisper-with-handle-1-1-270x270.webp 270w, https:\/\/moyahousehold.com\/wp-content\/uploads\/2024\/06\/Crisper-with-handle-1-1-540x540.webp 540w, https:\/\/moyahousehold.com\/wp-content\/uploads\/2024\/06\/Crisper-with-handle-1-1-660x660.webp 660w\" sizes=\"(max-width: 4160px) 100vw, 4160px\" \/><\/figure>\n<\/div>\n\n\n\n<div class=\"wp-block-column is-layout-flow wp-block-column-is-layout-flow\">\n<figure class=\"wp-block-image size-full\"><img decoding=\"async\" width=\"4160\" height=\"4160\" src=\"https:\/\/moyahousehold.com\/wp-content\/uploads\/2024\/06\/Crisper-with-handle-4-1.webp\" alt=\"\" class=\"wp-image-6094\" srcset=\"https:\/\/moyahousehold.com\/wp-content\/uploads\/2024\/06\/Crisper-with-handle-4-1.webp 4160w, https:\/\/moyahousehold.com\/wp-content\/uploads\/2024\/06\/Crisper-with-handle-4-1-300x300.webp 300w, https:\/\/moyahousehold.com\/wp-content\/uploads\/2024\/06\/Crisper-with-handle-4-1-150x150.webp 150w, https:\/\/moyahousehold.com\/wp-content\/uploads\/2024\/06\/Crisper-with-handle-4-1-768x768.webp 768w, https:\/\/moyahousehold.com\/wp-content\/uploads\/2024\/06\/Crisper-with-handle-4-1-285x285.webp 285w, https:\/\/moyahousehold.com\/wp-content\/uploads\/2024\/06\/Crisper-with-handle-4-1-1600x1600.webp 1600w, https:\/\/moyahousehold.com\/wp-content\/uploads\/2024\/06\/Crisper-with-handle-4-1-270x270.webp 270w, https:\/\/moyahousehold.com\/wp-content\/uploads\/2024\/06\/Crisper-with-handle-4-1-540x540.webp 540w, https:\/\/moyahousehold.com\/wp-content\/uploads\/2024\/06\/Crisper-with-handle-4-1-660x660.webp 660w\" sizes=\"(max-width: 4160px) 100vw, 4160px\" \/><\/figure>\n<\/div>\n<\/div>\n\n\n\n<div class=\"wp-block-columns is-layout-flex wp-container-core-columns-is-layout-9d6595d7 wp-block-columns-is-layout-flex\">\n<div class=\"wp-block-column is-layout-flow wp-block-column-is-layout-flow\"><\/div>\n\n\n\n<div class=\"wp-block-column is-layout-flow wp-block-column-is-layout-flow\"><\/div>\n<\/div>","protected":false},"excerpt":{"rendered":"<p>Ces r\u00e9cipients de stockage des aliments sont fabriqu\u00e9s en acier inoxydable de haute qualit\u00e9. Ils ont de bonnes performances, que ce soit pour la maison, le restaurant ou un usage commercial, nos r\u00e9cipients alimentaires r\u00e9sistants \u00e0 la corrosion et faciles \u00e0 nettoyer sont adapt\u00e9s. Nous fournissons des services OEM et ODM, et d\u00e9veloppons des solutions professionnelles de conteneurs alimentaires personnalis\u00e9s en fonction de vos besoins particuliers. N'h\u00e9sitez pas \u00e0 nous contacter.<\/p>\n<h3>Caract\u00e9ristiques et avantages de la bo\u00eete de conservation personnalisable<\/h3>\n<p>Mat\u00e9riau en acier inoxydable de qualit\u00e9 alimentaire : sain et inoffensif, utilisation s\u00fbre.<\/p>\n<p>Disponible dans une vari\u00e9t\u00e9 de formes telles que carr\u00e9e et rectangulaire, avec des combinaisons raisonnables pour r\u00e9pondre \u00e0 vos diff\u00e9rents besoins de stockage.<\/p>\n<p>Les r\u00e9cipients alimentaires personnalis\u00e9s ont une longue dur\u00e9e de vie et ne se d\u00e9forment pas facilement, m\u00eame s'ils sont ouverts et ferm\u00e9s fr\u00e9quemment.<\/p>\n<p>Le processus \u00e9lectrolytique \u00e0 l'int\u00e9rieur de la bo\u00eete est lisse et rond, facile \u00e0 nettoyer, et il n'y a pas d'odeur r\u00e9siduelle lors du stockage des aliments ;<\/p>\n<p>Les r\u00e9cipients alimentaires personnalis\u00e9s sont dot\u00e9s d'un anneau en silicone \u00e9largi, bien ajust\u00e9, \u00e9tanche \u00e0 l'eau, \u00e0 la fra\u00eecheur et \u00e0 l'humidit\u00e9, \u00e0 l'abri des fuites ;<\/p>\n<p>Le couvercle \u00e9pais de la bo\u00eete ne se d\u00e9forme pas facilement ;<\/p>\n<p>Vous avez le choix entre le carr\u00e9 et le rectangle.<br \/><strong><br \/><a href=\"https:\/\/moyahousehold.com\/fr\/solution-personnalisee\/\">R\u00e9cipients alimentaires personnalis\u00e9s OEM&amp;ODM<\/a>\u00a0<\/strong><\/p>","protected":false},"featured_media":6031,"comment_status":"open","ping_status":"closed","template":"","meta":[],"product_cat":[57],"product_tag":[95,106,99],"class_list":{"0":"post-6091","1":"product","2":"type-product","3":"status-publish","4":"has-post-thumbnail","6":"product_cat-food-storage-container-wholesale","7":"product_tag-wholesale-food-storage-containers-with-date-dial","8":"product_tag-microwavable-food-storage-containers","9":"product_tag-wholesale-rectangle-food-storage-containers","11":"first","12":"instock","13":"shipping-taxable","14":"product-type-simple"},"_links":{"self":[{"href":"https:\/\/moyahousehold.com\/fr\/wp-json\/wp\/v2\/product\/6091","targetHints":{"allow":["GET"]}}],"collection":[{"href":"https:\/\/moyahousehold.com\/fr\/wp-json\/wp\/v2\/product"}],"about":[{"href":"https:\/\/moyahousehold.com\/fr\/wp-json\/wp\/v2\/types\/product"}],"replies":[{"embeddable":true,"href":"https:\/\/moyahousehold.com\/fr\/wp-json\/wp\/v2\/comments?post=6091"}],"version-history":[{"count":0,"href":"https:\/\/moyahousehold.com\/fr\/wp-json\/wp\/v2\/product\/6091\/revisions"}],"wp:featuredmedia":[{"embeddable":true,"href":"https:\/\/moyahousehold.com\/fr\/wp-json\/wp\/v2\/media\/6031"}],"wp:attachment":[{"href":"https:\/\/moyahousehold.com\/fr\/wp-json\/wp\/v2\/media?parent=6091"}],"wp:term":[{"taxonomy":"product_cat","embeddable":true,"href":"https:\/\/moyahousehold.com\/fr\/wp-json\/wp\/v2\/product_cat?post=6091"},{"taxonomy":"product_tag","embeddable":true,"href":"https:\/\/moyahousehold.com\/fr\/wp-json\/wp\/v2\/product_tag?post=6091"}],"curies":[{"name":"wp","href":"https:\/\/api.w.org\/{rel}","templated":true}]}}