{"id":6101,"date":"2024-06-26T03:26:43","date_gmt":"2024-06-26T03:26:43","guid":{"rendered":"https:\/\/moyahousehold.com\/?post_type=product&#038;p=6101"},"modified":"2025-03-05T10:22:12","modified_gmt":"2025-03-05T10:22:12","slug":"bulk-colorful-food-container-stainless-steel-and-large-capacity","status":"publish","type":"product","link":"https:\/\/moyahousehold.com\/fr\/produit\/bulk-colorful-food-container-stainless-steel-and-large-capacity\/","title":{"rendered":"R\u00e9cipient alimentaire color\u00e9 en vrac avec couvercle transparent en acier inoxydable et sp\u00e9cifications multiples"},"content":{"rendered":"<div class=\"wp-block-columns is-layout-flex wp-container-core-columns-is-layout-9d6595d7 wp-block-columns-is-layout-flex\">\n<div class=\"wp-block-column is-layout-flow wp-block-column-is-layout-flow\">\n<h3 class=\"wp-block-heading\">Sp\u00e9cifications des conteneurs alimentaires en acier en vrac<\/h3>\n\n\n\n<figure class=\"wp-block-table\"><table><tbody><tr><td>Article NO<\/td><td>Capacit\u00e9<\/td><td>Taille\/PCS<\/td><td>PCS\/Case<\/td><td>N.W.\/PCS<\/td><td>G.W.\/Cas<\/td><\/tr><tr><td>MYJD212<\/td><td>420ML<\/td><td>13.3*11.2*6.2<\/td><td>80<\/td><td>15.6<\/td><td>0.17<\/td><\/tr><tr><td>MYJD213<\/td><td>660ML<\/td><td>13.3*11.2*8.7<\/td><td>80<\/td><td>17.2<\/td><td>0.19<\/td><\/tr><tr><td>MYJD214<\/td><td>900ML<\/td><td>13.3*11.2*11.3<\/td><td>80<\/td><td>19.6<\/td><td>0.22<\/td><\/tr><tr><td>MYJD185<\/td><td>1700ml<\/td><td>24.4*16*8<\/td><td>48<\/td><td>21.2<\/td><td>0.4<\/td><\/tr><tr><td>MYJD186<\/td><td>2200ml<\/td><td>24.4*16*10<\/td><td>36<\/td><td>17.12<\/td><td>0.42<\/td><\/tr><tr><td>MYJD187<\/td><td>2700ml<\/td><td>24.4*16*12<\/td><td>24<\/td><td>16.88<\/td><td>0.62<\/td><\/tr><tr><td>MYJD188<\/td><td>2400ml<\/td><td>35*20*6<\/td><td>36<\/td><td>17.48<\/td><td>0.43<\/td><\/tr><tr><td>MYJD189<\/td><td>3800ml<\/td><td>35*20*9.5<\/td><td>24<\/td><td>19.04<\/td><td>0.71<\/td><\/tr><tr><td>MYJD190<\/td><td>6200ml<\/td><td>35*20*14<\/td><td>16<\/td><td>15.6<\/td><td>0.85<\/td><\/tr><tr><td>MYJD163<\/td><td>1700ml<\/td><td>20*20*7.6<\/td><td>48<\/td><td>20.24<\/td><td>0.38<\/td><\/tr><tr><td>MYJD164<\/td><td>2200ml<\/td><td>20*20*10<\/td><td>36<\/td><td>17.12<\/td><td>0.42<\/td><\/tr><tr><td>MYJD165<\/td><td>2700ml<\/td><td>20*20*12<\/td><td>36<\/td><td>18.2<\/td><td>0.45<\/td><\/tr><tr><td>MYJD166<\/td><td>3200ml<\/td><td>20*20*14<\/td><td>48<\/td><td>26<\/td><td>0.5<\/td><\/tr><\/tbody><\/table><\/figure>\n<\/div>\n<\/div>\n\n\n\n<h3 class=\"wp-block-heading\">Options de contenants alimentaires en vrac en acier inoxydable<\/h3>\n\n\n\n<p>Logo : personnalisez le logo de votre marque sur le produit et l'emballage.<br>Couvercle : Couvercle en verre, couvercle en PP<br>Options de logo : logo imprim\u00e9, logo grav\u00e9 au laser, etc.<br>Motif : impression de motifs sur les r\u00e9cipients de stockage des aliments.<br>Technologie d'impression : impression par transfert d'eau, impression par s\u00e9rigraphie, impression par transfert de chaleur, etc.<br>Emballage : bo\u00eete de couleur<br><a href=\"https:\/\/moyahousehold.com\/fr\/solution-personnalisee\/\" data-type=\"page\" data-id=\"2817\"><strong>Plus de personnalisation<\/strong><\/a><\/p>\n\n\n\n<div class=\"wp-block-columns is-layout-flex wp-container-core-columns-is-layout-9d6595d7 wp-block-columns-is-layout-flex\">\n<div class=\"wp-block-column is-layout-flow wp-block-column-is-layout-flow\">\n<figure class=\"wp-block-image size-full\"><img fetchpriority=\"high\" decoding=\"async\" width=\"4160\" height=\"4160\" src=\"https:\/\/moyahousehold.com\/wp-content\/uploads\/2024\/06\/bulk-food-container-16.webp\" alt=\"conteneur pour aliments en vrac\" class=\"wp-image-6209\" srcset=\"https:\/\/moyahousehold.com\/wp-content\/uploads\/2024\/06\/bulk-food-container-16.webp 4160w, https:\/\/moyahousehold.com\/wp-content\/uploads\/2024\/06\/bulk-food-container-16-300x300.webp 300w, https:\/\/moyahousehold.com\/wp-content\/uploads\/2024\/06\/bulk-food-container-16-150x150.webp 150w, https:\/\/moyahousehold.com\/wp-content\/uploads\/2024\/06\/bulk-food-container-16-768x768.webp 768w, https:\/\/moyahousehold.com\/wp-content\/uploads\/2024\/06\/bulk-food-container-16-285x285.webp 285w, https:\/\/moyahousehold.com\/wp-content\/uploads\/2024\/06\/bulk-food-container-16-1600x1600.webp 1600w, https:\/\/moyahousehold.com\/wp-content\/uploads\/2024\/06\/bulk-food-container-16-270x270.webp 270w, https:\/\/moyahousehold.com\/wp-content\/uploads\/2024\/06\/bulk-food-container-16-540x540.webp 540w, https:\/\/moyahousehold.com\/wp-content\/uploads\/2024\/06\/bulk-food-container-16-660x660.webp 660w\" sizes=\"(max-width: 4160px) 100vw, 4160px\" \/><\/figure>\n<\/div>\n\n\n\n<div class=\"wp-block-column is-layout-flow wp-block-column-is-layout-flow\">\n<figure class=\"wp-block-image size-full\"><img decoding=\"async\" width=\"4160\" height=\"4160\" src=\"https:\/\/moyahousehold.com\/wp-content\/uploads\/2024\/06\/bulk-food-container-18.webp\" alt=\"conteneur pour aliments en vrac\" class=\"wp-image-6210\" srcset=\"https:\/\/moyahousehold.com\/wp-content\/uploads\/2024\/06\/bulk-food-container-18.webp 4160w, https:\/\/moyahousehold.com\/wp-content\/uploads\/2024\/06\/bulk-food-container-18-300x300.webp 300w, https:\/\/moyahousehold.com\/wp-content\/uploads\/2024\/06\/bulk-food-container-18-150x150.webp 150w, https:\/\/moyahousehold.com\/wp-content\/uploads\/2024\/06\/bulk-food-container-18-768x768.webp 768w, https:\/\/moyahousehold.com\/wp-content\/uploads\/2024\/06\/bulk-food-container-18-285x285.webp 285w, https:\/\/moyahousehold.com\/wp-content\/uploads\/2024\/06\/bulk-food-container-18-1600x1600.webp 1600w, https:\/\/moyahousehold.com\/wp-content\/uploads\/2024\/06\/bulk-food-container-18-270x270.webp 270w, https:\/\/moyahousehold.com\/wp-content\/uploads\/2024\/06\/bulk-food-container-18-540x540.webp 540w, https:\/\/moyahousehold.com\/wp-content\/uploads\/2024\/06\/bulk-food-container-18-660x660.webp 660w\" sizes=\"(max-width: 4160px) 100vw, 4160px\" \/><\/figure>\n<\/div>\n<\/div>\n\n\n\n<div class=\"wp-block-columns is-layout-flex wp-container-core-columns-is-layout-9d6595d7 wp-block-columns-is-layout-flex\">\n<div class=\"wp-block-column is-layout-flow wp-block-column-is-layout-flow\">\n<figure class=\"wp-block-image size-full\"><img decoding=\"async\" width=\"4160\" height=\"4160\" src=\"https:\/\/moyahousehold.com\/wp-content\/uploads\/2024\/06\/bulk-food-container-15.webp\" alt=\"conteneur pour aliments en vrac\" class=\"wp-image-6208\" srcset=\"https:\/\/moyahousehold.com\/wp-content\/uploads\/2024\/06\/bulk-food-container-15.webp 4160w, https:\/\/moyahousehold.com\/wp-content\/uploads\/2024\/06\/bulk-food-container-15-300x300.webp 300w, https:\/\/moyahousehold.com\/wp-content\/uploads\/2024\/06\/bulk-food-container-15-150x150.webp 150w, https:\/\/moyahousehold.com\/wp-content\/uploads\/2024\/06\/bulk-food-container-15-768x768.webp 768w, https:\/\/moyahousehold.com\/wp-content\/uploads\/2024\/06\/bulk-food-container-15-285x285.webp 285w, https:\/\/moyahousehold.com\/wp-content\/uploads\/2024\/06\/bulk-food-container-15-1600x1600.webp 1600w, https:\/\/moyahousehold.com\/wp-content\/uploads\/2024\/06\/bulk-food-container-15-270x270.webp 270w, https:\/\/moyahousehold.com\/wp-content\/uploads\/2024\/06\/bulk-food-container-15-540x540.webp 540w, https:\/\/moyahousehold.com\/wp-content\/uploads\/2024\/06\/bulk-food-container-15-660x660.webp 660w\" sizes=\"(max-width: 4160px) 100vw, 4160px\" \/><\/figure>\n<\/div>\n\n\n\n<div class=\"wp-block-column is-layout-flow wp-block-column-is-layout-flow\">\n<figure class=\"wp-block-image size-full\"><img loading=\"lazy\" decoding=\"async\" width=\"4160\" height=\"4160\" src=\"https:\/\/moyahousehold.com\/wp-content\/uploads\/2024\/06\/bulk-food-container-19.webp\" alt=\"\" class=\"wp-image-6211\" srcset=\"https:\/\/moyahousehold.com\/wp-content\/uploads\/2024\/06\/bulk-food-container-19.webp 4160w, https:\/\/moyahousehold.com\/wp-content\/uploads\/2024\/06\/bulk-food-container-19-300x300.webp 300w, https:\/\/moyahousehold.com\/wp-content\/uploads\/2024\/06\/bulk-food-container-19-150x150.webp 150w, https:\/\/moyahousehold.com\/wp-content\/uploads\/2024\/06\/bulk-food-container-19-768x768.webp 768w, https:\/\/moyahousehold.com\/wp-content\/uploads\/2024\/06\/bulk-food-container-19-285x285.webp 285w, https:\/\/moyahousehold.com\/wp-content\/uploads\/2024\/06\/bulk-food-container-19-1600x1600.webp 1600w, https:\/\/moyahousehold.com\/wp-content\/uploads\/2024\/06\/bulk-food-container-19-270x270.webp 270w, https:\/\/moyahousehold.com\/wp-content\/uploads\/2024\/06\/bulk-food-container-19-540x540.webp 540w, https:\/\/moyahousehold.com\/wp-content\/uploads\/2024\/06\/bulk-food-container-19-660x660.webp 660w\" sizes=\"(max-width: 4160px) 100vw, 4160px\" \/><\/figure>\n<\/div>\n<\/div>","protected":false},"excerpt":{"rendered":"<p>Moya est un fournisseur professionnel de conteneurs alimentaires en gros.Nous fournissons un service de vente en gros de conteneurs alimentaires en vrac.Nos produits comprennent des conteneurs de stockage d'aliments de diff\u00e9rents types et sp\u00e9cifications. Que ce soit pour la maison, le restaurant ou une utilisation commerciale, nous pouvons vous fournir la bonne solution de stockage.Nous fournissons des services de conteneurs alimentaires personnalis\u00e9s OEM et ODM.Bienvenue contact pour un devis.<\/p>\n<h3>Caract\u00e9ristiques et avantages des conteneurs de stockage d'aliments en vrac<\/h3>\n<p>Les conteneurs alimentaires en vrac de diff\u00e9rentes formes permettent de mieux utiliser l'espace de stockage et sont faciles \u00e0 empiler et \u00e0 organiser.<\/p>\n<p>Les conteneurs pour aliments en vrac sont fabriqu\u00e9s en acier inoxydable 304 ;<\/p>\n<p>Les r\u00e9cipients alimentaires ont \u00e9t\u00e9 am\u00e9lior\u00e9s et \u00e9paissis, ils sont r\u00e9sistants aux temp\u00e9ratures \u00e9lev\u00e9es et \u00e0 la corrosion ; ils sont faciles \u00e0 nettoyer et plus durables ;<\/p>\n<p>Le processus \u00e9lectrolytique \u00e0 l'int\u00e9rieur de la bo\u00eete est lisse et rond, facile \u00e0 nettoyer, et il n'y a pas d'odeur r\u00e9siduelle lors du stockage des aliments ;<\/p>\n<p>Les conteneurs pour aliments en vrac sont \u00e9largis afin d'assurer une meilleure \u00e9tanch\u00e9it\u00e9 et d'emp\u00eacher efficacement les fuites de liquide.<\/p>\n<p>Le couvercle \u00e9pais de la bo\u00eete ne se d\u00e9forme pas facilement ;<\/p>\n<p>Vous avez le choix entre le carr\u00e9 et le rectangle.<br \/><strong><br \/><a href=\"https:\/\/moyahousehold.com\/fr\/solution-personnalisee\/\">Les solutions de conteneurs alimentaires personnalis\u00e9es OEM&amp;ODM sont les bienvenues.<\/a><\/strong><\/p>","protected":false},"featured_media":6189,"comment_status":"open","ping_status":"closed","template":"","meta":[],"product_cat":[57],"product_tag":[107,99,100],"class_list":{"0":"post-6101","1":"product","2":"type-product","3":"status-publish","4":"has-post-thumbnail","6":"product_cat-food-storage-container-wholesale","7":"product_tag-large-stainless-steel-food-storage-containers","8":"product_tag-wholesale-rectangle-food-storage-containers","9":"product_tag-wholesale-square-food-storage-containers","11":"first","12":"instock","13":"shipping-taxable","14":"product-type-simple"},"_links":{"self":[{"href":"https:\/\/moyahousehold.com\/fr\/wp-json\/wp\/v2\/product\/6101","targetHints":{"allow":["GET"]}}],"collection":[{"href":"https:\/\/moyahousehold.com\/fr\/wp-json\/wp\/v2\/product"}],"about":[{"href":"https:\/\/moyahousehold.com\/fr\/wp-json\/wp\/v2\/types\/product"}],"replies":[{"embeddable":true,"href":"https:\/\/moyahousehold.com\/fr\/wp-json\/wp\/v2\/comments?post=6101"}],"version-history":[{"count":0,"href":"https:\/\/moyahousehold.com\/fr\/wp-json\/wp\/v2\/product\/6101\/revisions"}],"wp:featuredmedia":[{"embeddable":true,"href":"https:\/\/moyahousehold.com\/fr\/wp-json\/wp\/v2\/media\/6189"}],"wp:attachment":[{"href":"https:\/\/moyahousehold.com\/fr\/wp-json\/wp\/v2\/media?parent=6101"}],"wp:term":[{"taxonomy":"product_cat","embeddable":true,"href":"https:\/\/moyahousehold.com\/fr\/wp-json\/wp\/v2\/product_cat?post=6101"},{"taxonomy":"product_tag","embeddable":true,"href":"https:\/\/moyahousehold.com\/fr\/wp-json\/wp\/v2\/product_tag?post=6101"}],"curies":[{"name":"wp","href":"https:\/\/api.w.org\/{rel}","templated":true}]}}