{"id":6103,"date":"2024-06-26T06:30:06","date_gmt":"2024-06-26T06:30:06","guid":{"rendered":"https:\/\/moyahousehold.com\/?post_type=product&#038;p=6103"},"modified":"2025-02-05T10:02:23","modified_gmt":"2025-02-05T10:02:23","slug":"wholesale-large-capacity-steel-food-storage-container","status":"publish","type":"product","link":"https:\/\/moyahousehold.com\/fr\/produit\/wholesale-large-capacity-steel-food-storage-container\/","title":{"rendered":"R\u00e9cipients de conservation des aliments en acier avec boucles de grande capacit\u00e9 et color\u00e9s"},"content":{"rendered":"<div class=\"wp-block-columns is-layout-flex wp-container-core-columns-is-layout-9d6595d7 wp-block-columns-is-layout-flex\">\n<div class=\"wp-block-column is-layout-flow wp-block-column-is-layout-flow\">\n<h3 class=\"wp-block-heading\">Param\u00e8tres du r\u00e9cipient de stockage alimentaire en acier inoxydable<\/h3>\n<\/div>\n<\/div>\n\n\n\n<figure class=\"wp-block-table\"><table><tbody><tr><td colspan=\"6\">Bac \u00e0 l\u00e9gumes en acier sans poign\u00e9e<\/td><\/tr><tr><td>Article NO<\/td><td>Capacit\u00e9<\/td><td>Taille\/PCS<\/td><td>PCS\/Case<\/td><td>N.W.\/PCS<\/td><td>G.W.\/Cas<\/td><\/tr><tr><td>MYJD203<\/td><td>420ML<\/td><td>13.3*11.2*6.2<\/td><td>80<\/td><td>15.6<\/td><td>0.17<\/td><\/tr><tr><td>MYJD204<\/td><td>660ML<\/td><td>13.3*11.2*8.7<\/td><td>80<\/td><td>17.2<\/td><td>0.19<\/td><\/tr><tr><td>MYJD205<\/td><td>900ML<\/td><td>13.3*11.2*11.3<\/td><td>80<\/td><td>19.6<\/td><td>0.22<\/td><\/tr><tr><td>MYJD179<\/td><td>1700ml<\/td><td>24.4*16*8<\/td><td>48<\/td><td>21.2<\/td><td>0.4<\/td><\/tr><tr><td>MYJD180<\/td><td>2200ml<\/td><td>24.4*16*10<\/td><td>36<\/td><td>17.12<\/td><td>0.42<\/td><\/tr><tr><td>MYJD181<\/td><td>2700ml<\/td><td>24.4*16*12<\/td><td>24<\/td><td>16.88<\/td><td>0.62<\/td><\/tr><tr><td>MYJD182<\/td><td>2400ml<\/td><td>35*20*6<\/td><td>36<\/td><td>17.48<\/td><td>0.43<\/td><\/tr><tr><td>MYJD183<\/td><td>3800ml<\/td><td>35*20*9.5<\/td><td>24<\/td><td>19.04<\/td><td>0.71<\/td><\/tr><tr><td>MYJD184<\/td><td>6200ml<\/td><td>35*20*14<\/td><td>16<\/td><td>15.6<\/td><td>0.85<\/td><\/tr><tr><td>MYJD167<\/td><td>1700ml<\/td><td>20*20*7.6<\/td><td>48<\/td><td>20.24<\/td><td>0.38<\/td><\/tr><tr><td>MYJD168<\/td><td>2200ml<\/td><td>20*20*10<\/td><td>36<\/td><td>17.12<\/td><td>0.42<\/td><\/tr><tr><td>MYJD169<\/td><td>2700ml<\/td><td>20*20*12<\/td><td>36<\/td><td>18.2<\/td><td>0.45<\/td><\/tr><tr><td>MYJD170<\/td><td>3200ml<\/td><td>20*20*14<\/td><td>48<\/td><td>26<\/td><td>0.5<\/td><\/tr><\/tbody><\/table><\/figure>\n\n\n\n<h3 class=\"wp-block-heading\">R\u00e9cipient de conservation des aliments en acier inoxydable personnalis\u00e9<\/h3>\n\n\n\n<p>Logo : personnalisez le logo de votre marque sur le produit et l'emballage.<br>Couvercle : Couvercle en verre, couvercle en PP<br>Options de logo : logo imprim\u00e9, logo grav\u00e9 au laser, etc.<br>Motif : impression de motifs sur les r\u00e9cipients de stockage des aliments.<br>Technologie d'impression : impression par transfert d'eau, impression par s\u00e9rigraphie, impression par transfert de chaleur, etc.<br>Emballage : bo\u00eete de couleur<br><a href=\"https:\/\/moyahousehold.com\/fr\/solution-personnalisee\/\" data-type=\"page\" data-id=\"2817\"><strong>Plus de personnalisation<\/strong><\/a><\/p>\n\n\n\n<div class=\"wp-block-columns is-layout-flex wp-container-core-columns-is-layout-9d6595d7 wp-block-columns-is-layout-flex\">\n<div class=\"wp-block-column is-layout-flow wp-block-column-is-layout-flow\">\n<figure class=\"wp-block-image size-full\"><img fetchpriority=\"high\" decoding=\"async\" width=\"4160\" height=\"4160\" src=\"https:\/\/moyahousehold.com\/wp-content\/uploads\/2024\/06\/wholesale-large-capacity-food-storage-container-5.webp\" alt=\"R\u00e9cipient de stockage alimentaire de grande capacit\u00e9 (en gros)\" class=\"wp-image-6138\" srcset=\"https:\/\/moyahousehold.com\/wp-content\/uploads\/2024\/06\/wholesale-large-capacity-food-storage-container-5.webp 4160w, https:\/\/moyahousehold.com\/wp-content\/uploads\/2024\/06\/wholesale-large-capacity-food-storage-container-5-300x300.webp 300w, https:\/\/moyahousehold.com\/wp-content\/uploads\/2024\/06\/wholesale-large-capacity-food-storage-container-5-150x150.webp 150w, https:\/\/moyahousehold.com\/wp-content\/uploads\/2024\/06\/wholesale-large-capacity-food-storage-container-5-768x768.webp 768w, https:\/\/moyahousehold.com\/wp-content\/uploads\/2024\/06\/wholesale-large-capacity-food-storage-container-5-285x285.webp 285w, https:\/\/moyahousehold.com\/wp-content\/uploads\/2024\/06\/wholesale-large-capacity-food-storage-container-5-1600x1600.webp 1600w, https:\/\/moyahousehold.com\/wp-content\/uploads\/2024\/06\/wholesale-large-capacity-food-storage-container-5-270x270.webp 270w, https:\/\/moyahousehold.com\/wp-content\/uploads\/2024\/06\/wholesale-large-capacity-food-storage-container-5-540x540.webp 540w, https:\/\/moyahousehold.com\/wp-content\/uploads\/2024\/06\/wholesale-large-capacity-food-storage-container-5-660x660.webp 660w\" sizes=\"(max-width: 4160px) 100vw, 4160px\" \/><\/figure>\n<\/div>\n\n\n\n<div class=\"wp-block-column is-layout-flow wp-block-column-is-layout-flow\">\n<figure class=\"wp-block-image size-full\"><img decoding=\"async\" width=\"4160\" height=\"4160\" src=\"https:\/\/moyahousehold.com\/wp-content\/uploads\/2024\/06\/wholesale-large-capacity-food-storage-container-4.webp\" alt=\"R\u00e9cipient de stockage alimentaire de grande capacit\u00e9 (en gros)\" class=\"wp-image-6137\" srcset=\"https:\/\/moyahousehold.com\/wp-content\/uploads\/2024\/06\/wholesale-large-capacity-food-storage-container-4.webp 4160w, https:\/\/moyahousehold.com\/wp-content\/uploads\/2024\/06\/wholesale-large-capacity-food-storage-container-4-300x300.webp 300w, https:\/\/moyahousehold.com\/wp-content\/uploads\/2024\/06\/wholesale-large-capacity-food-storage-container-4-150x150.webp 150w, https:\/\/moyahousehold.com\/wp-content\/uploads\/2024\/06\/wholesale-large-capacity-food-storage-container-4-768x768.webp 768w, https:\/\/moyahousehold.com\/wp-content\/uploads\/2024\/06\/wholesale-large-capacity-food-storage-container-4-285x285.webp 285w, https:\/\/moyahousehold.com\/wp-content\/uploads\/2024\/06\/wholesale-large-capacity-food-storage-container-4-1600x1600.webp 1600w, https:\/\/moyahousehold.com\/wp-content\/uploads\/2024\/06\/wholesale-large-capacity-food-storage-container-4-270x270.webp 270w, https:\/\/moyahousehold.com\/wp-content\/uploads\/2024\/06\/wholesale-large-capacity-food-storage-container-4-540x540.webp 540w, https:\/\/moyahousehold.com\/wp-content\/uploads\/2024\/06\/wholesale-large-capacity-food-storage-container-4-660x660.webp 660w\" sizes=\"(max-width: 4160px) 100vw, 4160px\" \/><\/figure>\n<\/div>\n<\/div>\n\n\n\n<div class=\"wp-block-columns is-layout-flex wp-container-core-columns-is-layout-9d6595d7 wp-block-columns-is-layout-flex\">\n<div class=\"wp-block-column is-layout-flow wp-block-column-is-layout-flow\">\n<figure class=\"wp-block-image size-full\"><img decoding=\"async\" width=\"4160\" height=\"4160\" src=\"https:\/\/moyahousehold.com\/wp-content\/uploads\/2024\/06\/wholesale-large-capacity-food-storage-container-3.webp\" alt=\"R\u00e9cipient de stockage alimentaire de grande capacit\u00e9 (en gros)\" class=\"wp-image-6136\" srcset=\"https:\/\/moyahousehold.com\/wp-content\/uploads\/2024\/06\/wholesale-large-capacity-food-storage-container-3.webp 4160w, https:\/\/moyahousehold.com\/wp-content\/uploads\/2024\/06\/wholesale-large-capacity-food-storage-container-3-300x300.webp 300w, https:\/\/moyahousehold.com\/wp-content\/uploads\/2024\/06\/wholesale-large-capacity-food-storage-container-3-150x150.webp 150w, https:\/\/moyahousehold.com\/wp-content\/uploads\/2024\/06\/wholesale-large-capacity-food-storage-container-3-768x768.webp 768w, https:\/\/moyahousehold.com\/wp-content\/uploads\/2024\/06\/wholesale-large-capacity-food-storage-container-3-285x285.webp 285w, https:\/\/moyahousehold.com\/wp-content\/uploads\/2024\/06\/wholesale-large-capacity-food-storage-container-3-1600x1600.webp 1600w, https:\/\/moyahousehold.com\/wp-content\/uploads\/2024\/06\/wholesale-large-capacity-food-storage-container-3-270x270.webp 270w, https:\/\/moyahousehold.com\/wp-content\/uploads\/2024\/06\/wholesale-large-capacity-food-storage-container-3-540x540.webp 540w, https:\/\/moyahousehold.com\/wp-content\/uploads\/2024\/06\/wholesale-large-capacity-food-storage-container-3-660x660.webp 660w\" sizes=\"(max-width: 4160px) 100vw, 4160px\" \/><\/figure>\n<\/div>\n\n\n\n<div class=\"wp-block-column is-layout-flow wp-block-column-is-layout-flow\">\n<figure class=\"wp-block-image size-full\"><img loading=\"lazy\" decoding=\"async\" width=\"4160\" height=\"4160\" src=\"https:\/\/moyahousehold.com\/wp-content\/uploads\/2024\/06\/wholesale-large-capacity-food-storage-container-6.webp\" alt=\"R\u00e9cipient de stockage alimentaire de grande capacit\u00e9 (en gros)\" class=\"wp-image-6139\" srcset=\"https:\/\/moyahousehold.com\/wp-content\/uploads\/2024\/06\/wholesale-large-capacity-food-storage-container-6.webp 4160w, https:\/\/moyahousehold.com\/wp-content\/uploads\/2024\/06\/wholesale-large-capacity-food-storage-container-6-300x300.webp 300w, https:\/\/moyahousehold.com\/wp-content\/uploads\/2024\/06\/wholesale-large-capacity-food-storage-container-6-150x150.webp 150w, https:\/\/moyahousehold.com\/wp-content\/uploads\/2024\/06\/wholesale-large-capacity-food-storage-container-6-768x768.webp 768w, https:\/\/moyahousehold.com\/wp-content\/uploads\/2024\/06\/wholesale-large-capacity-food-storage-container-6-285x285.webp 285w, https:\/\/moyahousehold.com\/wp-content\/uploads\/2024\/06\/wholesale-large-capacity-food-storage-container-6-1600x1600.webp 1600w, https:\/\/moyahousehold.com\/wp-content\/uploads\/2024\/06\/wholesale-large-capacity-food-storage-container-6-270x270.webp 270w, https:\/\/moyahousehold.com\/wp-content\/uploads\/2024\/06\/wholesale-large-capacity-food-storage-container-6-540x540.webp 540w, https:\/\/moyahousehold.com\/wp-content\/uploads\/2024\/06\/wholesale-large-capacity-food-storage-container-6-660x660.webp 660w\" sizes=\"(max-width: 4160px) 100vw, 4160px\" \/><\/figure>\n<\/div>\n<\/div>\n\n\n\n<p><\/p>","protected":false},"excerpt":{"rendered":"<p>Moya est un fabricant de conteneurs de stockage alimentaire en acier inoxydable. Nous fournissons en gros des conteneurs de stockage alimentaire en acier de grande capacit\u00e9, avec une vari\u00e9t\u00e9 de sp\u00e9cifications, de capacit\u00e9s et de designs \u00e0 choisir. Ces conteneurs de stockage d'aliments sont fabriqu\u00e9s en acier inoxydable de haute qualit\u00e9 avec des modules d'enregistrement de l'heure qui vous rappellent la date de stockage.OEM&amp;ODM sont les bienvenus et supportent les commandes de petits lots. Contactez-nous pour un devis.<\/p>\n<h3>Caract\u00e9ristiques et avantages des conteneurs de stockage des aliments en gros<\/h3>\n<p>Le r\u00e9cipient de stockage des aliments peut \u00eatre une bo\u00eete \u00e0 bento de style japonais INS, exquise avec du riz pour les voyages et les moments de d\u00e9tente ;<\/p>\n<p>Les r\u00e9cipients de stockage des aliments sont en acier inoxydable 304 ;<\/p>\n<p>Les r\u00e9cipients de stockage alimentaire en gros sont am\u00e9lior\u00e9s et \u00e9paissis, r\u00e9sistants aux temp\u00e9ratures \u00e9lev\u00e9es et \u00e0 la corrosion ; ils sont faciles \u00e0 nettoyer et plus durables ;<\/p>\n<p>La surface int\u00e9rieure du r\u00e9cipient est lisse apr\u00e8s l'\u00e9lectrolyse, facile \u00e0 nettoyer, et il n'y a pas d'odeur r\u00e9siduelle lors du stockage des aliments ;<\/p>\n<p>La bo\u00eete de conservation en acier est fra\u00eeche et r\u00e9sistante \u00e0 l'humidit\u00e9, elle est \u00e9tanche ;<\/p>\n<p>Le couvercle \u00e9pais de la bo\u00eete ne se d\u00e9forme pas facilement ;<\/p>\n<p>Les r\u00e9cipients de stockage en gros en acier inoxydable sont disponibles en cinq couleurs.<br \/><strong><br \/><a href=\"https:\/\/moyahousehold.com\/fr\/solution-personnalisee\/\">R\u00e9cipients de stockage alimentaire personnalis\u00e9s OEM et ODM<\/a><\/strong><\/p>","protected":false},"featured_media":6134,"comment_status":"open","ping_status":"closed","template":"","meta":[],"product_cat":[57],"product_tag":[95,99],"class_list":{"0":"post-6103","1":"product","2":"type-product","3":"status-publish","4":"has-post-thumbnail","6":"product_cat-food-storage-container-wholesale","7":"product_tag-wholesale-food-storage-containers-with-date-dial","8":"product_tag-wholesale-rectangle-food-storage-containers","10":"first","11":"instock","12":"shipping-taxable","13":"product-type-simple"},"_links":{"self":[{"href":"https:\/\/moyahousehold.com\/fr\/wp-json\/wp\/v2\/product\/6103","targetHints":{"allow":["GET"]}}],"collection":[{"href":"https:\/\/moyahousehold.com\/fr\/wp-json\/wp\/v2\/product"}],"about":[{"href":"https:\/\/moyahousehold.com\/fr\/wp-json\/wp\/v2\/types\/product"}],"replies":[{"embeddable":true,"href":"https:\/\/moyahousehold.com\/fr\/wp-json\/wp\/v2\/comments?post=6103"}],"version-history":[{"count":0,"href":"https:\/\/moyahousehold.com\/fr\/wp-json\/wp\/v2\/product\/6103\/revisions"}],"wp:featuredmedia":[{"embeddable":true,"href":"https:\/\/moyahousehold.com\/fr\/wp-json\/wp\/v2\/media\/6134"}],"wp:attachment":[{"href":"https:\/\/moyahousehold.com\/fr\/wp-json\/wp\/v2\/media?parent=6103"}],"wp:term":[{"taxonomy":"product_cat","embeddable":true,"href":"https:\/\/moyahousehold.com\/fr\/wp-json\/wp\/v2\/product_cat?post=6103"},{"taxonomy":"product_tag","embeddable":true,"href":"https:\/\/moyahousehold.com\/fr\/wp-json\/wp\/v2\/product_tag?post=6103"}],"curies":[{"name":"wp","href":"https:\/\/api.w.org\/{rel}","templated":true}]}}