{"id":6236,"date":"2024-07-01T15:44:54","date_gmt":"2024-07-01T15:44:54","guid":{"rendered":"https:\/\/moyahousehold.com\/?post_type=product&#038;p=6236"},"modified":"2025-04-22T08:49:58","modified_gmt":"2025-04-22T08:49:58","slug":"bulk-insulated-stainless-steel-bento-boxes-for-wholesale","status":"publish","type":"product","link":"https:\/\/moyahousehold.com\/fr\/produit\/bulk-insulated-stainless-steel-bento-boxes-for-wholesale\/","title":{"rendered":"Bulk Multi-layer Insulated Stainless Steel Bento Boxes Wholesale"},"content":{"rendered":"<h2 class=\"wp-block-heading\">Param\u00e8tres de la bo\u00eete \u00e0 bento isol\u00e9e en acier inoxydable<\/h2>\n\n\n\n<p><strong>Mat\u00e9riau :<\/strong>304 + PP <strong> <\/strong><\/p>\n\n\n\n<figure class=\"wp-block-table\"><table><tbody><tr><td>Article NO<\/td><td>Capacit\u00e9<\/td><td>Taille\/PCS<\/td><td>PCS\/Case<\/td><td>N.W.\/PCS<\/td><td>G.W.\/Cas<\/td><td>Siza\/Case<\/td><\/tr><tr><td>MYLY013<\/td><td>Couche unique<\/td><td>14.6*14.6*16.5<\/td><td>32<\/td><td>25.92<\/td><td>0.81<\/td><td>64*64*42<\/td><\/tr><tr><td>MYLY014<\/td><td>Double couche<\/td><td>14.6*14.6*25<\/td><td>18<\/td><td>25.92<\/td><td>1.44<\/td><td>48*48*59<\/td><\/tr><tr><td>MYLY015<\/td><td>Triple couche<\/td><td>14.6*14.6*33<\/td><td>16<\/td><td>26.08<\/td><td>1.63<\/td><td>64*64*38<\/td><\/tr><\/tbody><\/table><\/figure>\n\n\n\n<h3 class=\"wp-block-heading\">Options de bo\u00eetes \u00e0 bento personnalis\u00e9es<\/h3>\n\n\n\n<p><strong>Logo : <\/strong>personnaliser le logo de votre marque sur les bo\u00eetes \u00e0 bento et les emballages.<br><strong>Options de logo :<\/strong> logo imprim\u00e9, logo grav\u00e9 au laser, etc.<br><strong>Mod\u00e8le : <\/strong>motifs d'impression <br><strong>Technologie d'impression : <\/strong>impression par transfert d'eau, impression par s\u00e9rigraphie, impression par transfert thermique, transfert par sublimation, etc.<br><strong>Emballage :<\/strong> bo\u00eete \u00e0 couleurs<br><a href=\"https:\/\/moyahousehold.com\/fr\/solution-personnalisee\/\"><strong>En savoir plus sur les bo\u00eetes \u00e0 bento personnalis\u00e9es<\/strong><\/a><\/p>\n\n\n\n<div class=\"wp-block-columns is-layout-flex wp-container-core-columns-is-layout-9d6595d7 wp-block-columns-is-layout-flex\">\n<div class=\"wp-block-column is-layout-flow wp-block-column-is-layout-flow\">\n<figure class=\"wp-block-image size-full\"><img fetchpriority=\"high\" decoding=\"async\" width=\"558\" height=\"558\" src=\"https:\/\/moyahousehold.com\/wp-content\/uploads\/2024\/07\/stainless-steel-bento-box-display-1.png\" alt=\"Pr\u00e9sentoir de bo\u00eetes \u00e0 bento en acier inoxydable (1)\" class=\"wp-image-8893\" srcset=\"https:\/\/moyahousehold.com\/wp-content\/uploads\/2024\/07\/stainless-steel-bento-box-display-1.png 558w, https:\/\/moyahousehold.com\/wp-content\/uploads\/2024\/07\/stainless-steel-bento-box-display-1-300x300.png 300w, https:\/\/moyahousehold.com\/wp-content\/uploads\/2024\/07\/stainless-steel-bento-box-display-1-150x150.png 150w, https:\/\/moyahousehold.com\/wp-content\/uploads\/2024\/07\/stainless-steel-bento-box-display-1-12x12.png 12w, https:\/\/moyahousehold.com\/wp-content\/uploads\/2024\/07\/stainless-steel-bento-box-display-1-285x285.png 285w, https:\/\/moyahousehold.com\/wp-content\/uploads\/2024\/07\/stainless-steel-bento-box-display-1-270x270.png 270w, https:\/\/moyahousehold.com\/wp-content\/uploads\/2024\/07\/stainless-steel-bento-box-display-1-540x540.png 540w\" sizes=\"(max-width: 558px) 100vw, 558px\" \/><\/figure>\n<\/div>\n\n\n\n<div class=\"wp-block-column is-layout-flow wp-block-column-is-layout-flow\">\n<figure class=\"wp-block-image size-full\"><img decoding=\"async\" width=\"567\" height=\"567\" src=\"https:\/\/moyahousehold.com\/wp-content\/uploads\/2024\/07\/stainless-steel-bento-box-display-2.png\" alt=\"Pr\u00e9sentoir de bo\u00eetes \u00e0 bento en acier inoxydable (2)\" class=\"wp-image-8894\" srcset=\"https:\/\/moyahousehold.com\/wp-content\/uploads\/2024\/07\/stainless-steel-bento-box-display-2.png 567w, https:\/\/moyahousehold.com\/wp-content\/uploads\/2024\/07\/stainless-steel-bento-box-display-2-300x300.png 300w, https:\/\/moyahousehold.com\/wp-content\/uploads\/2024\/07\/stainless-steel-bento-box-display-2-150x150.png 150w, https:\/\/moyahousehold.com\/wp-content\/uploads\/2024\/07\/stainless-steel-bento-box-display-2-12x12.png 12w, https:\/\/moyahousehold.com\/wp-content\/uploads\/2024\/07\/stainless-steel-bento-box-display-2-285x285.png 285w, https:\/\/moyahousehold.com\/wp-content\/uploads\/2024\/07\/stainless-steel-bento-box-display-2-270x270.png 270w, https:\/\/moyahousehold.com\/wp-content\/uploads\/2024\/07\/stainless-steel-bento-box-display-2-540x540.png 540w\" sizes=\"(max-width: 567px) 100vw, 567px\" \/><\/figure>\n<\/div>\n<\/div>\n\n\n\n<div class=\"wp-block-columns is-layout-flex wp-container-core-columns-is-layout-9d6595d7 wp-block-columns-is-layout-flex\">\n<div class=\"wp-block-column is-layout-flow wp-block-column-is-layout-flow\">\n<figure class=\"wp-block-image size-full\"><img decoding=\"async\" width=\"554\" height=\"554\" src=\"https:\/\/moyahousehold.com\/wp-content\/uploads\/2024\/07\/stainless-steel-bento-box-display-3.png\" alt=\"Pr\u00e9sentoir de bo\u00eetes \u00e0 bento en acier inoxydable (3)\" class=\"wp-image-8895\" srcset=\"https:\/\/moyahousehold.com\/wp-content\/uploads\/2024\/07\/stainless-steel-bento-box-display-3.png 554w, https:\/\/moyahousehold.com\/wp-content\/uploads\/2024\/07\/stainless-steel-bento-box-display-3-300x300.png 300w, https:\/\/moyahousehold.com\/wp-content\/uploads\/2024\/07\/stainless-steel-bento-box-display-3-150x150.png 150w, https:\/\/moyahousehold.com\/wp-content\/uploads\/2024\/07\/stainless-steel-bento-box-display-3-12x12.png 12w, https:\/\/moyahousehold.com\/wp-content\/uploads\/2024\/07\/stainless-steel-bento-box-display-3-285x285.png 285w, https:\/\/moyahousehold.com\/wp-content\/uploads\/2024\/07\/stainless-steel-bento-box-display-3-270x270.png 270w, https:\/\/moyahousehold.com\/wp-content\/uploads\/2024\/07\/stainless-steel-bento-box-display-3-540x540.png 540w\" sizes=\"(max-width: 554px) 100vw, 554px\" \/><\/figure>\n<\/div>\n\n\n\n<div class=\"wp-block-column is-layout-flow wp-block-column-is-layout-flow\">\n<figure class=\"wp-block-image size-full\"><img loading=\"lazy\" decoding=\"async\" width=\"553\" height=\"553\" src=\"https:\/\/moyahousehold.com\/wp-content\/uploads\/2024\/07\/stainless-steel-bento-box-display-4.png\" alt=\"Pr\u00e9sentoir de bo\u00eetes \u00e0 bento en acier inoxydable (4)\" class=\"wp-image-8896\" srcset=\"https:\/\/moyahousehold.com\/wp-content\/uploads\/2024\/07\/stainless-steel-bento-box-display-4.png 553w, https:\/\/moyahousehold.com\/wp-content\/uploads\/2024\/07\/stainless-steel-bento-box-display-4-300x300.png 300w, https:\/\/moyahousehold.com\/wp-content\/uploads\/2024\/07\/stainless-steel-bento-box-display-4-150x150.png 150w, https:\/\/moyahousehold.com\/wp-content\/uploads\/2024\/07\/stainless-steel-bento-box-display-4-12x12.png 12w, https:\/\/moyahousehold.com\/wp-content\/uploads\/2024\/07\/stainless-steel-bento-box-display-4-285x285.png 285w, https:\/\/moyahousehold.com\/wp-content\/uploads\/2024\/07\/stainless-steel-bento-box-display-4-270x270.png 270w, https:\/\/moyahousehold.com\/wp-content\/uploads\/2024\/07\/stainless-steel-bento-box-display-4-540x540.png 540w\" sizes=\"(max-width: 553px) 100vw, 553px\" \/><\/figure>\n<\/div>\n<\/div>","protected":false},"excerpt":{"rendered":"<p>Cette bo\u00eete \u00e0 bento est fabriqu\u00e9e en acier inoxydable de haute qualit\u00e9 afin de garantir la s\u00e9curit\u00e9 et la sant\u00e9 des aliments. La conception multicouche permet aux utilisateurs de transporter plus de nourriture. Nous fournissons des services de bo\u00eetes \u00e0 bento personnalis\u00e9es OEM et ODM, et pouvons imprimer des logos de marque et choisir des motifs exclusifs en fonction de vos besoins. Contactez-nous pour plus d'informations sur les bo\u00eetes \u00e0 bento en gros ou personnalis\u00e9es.<\/p>\n<h3>Caract\u00e9ristiques de la bo\u00eete \u00e0 bento en acier inoxydable<\/h3>\n<p><strong>Conception de l'isolation sous vide :<\/strong> Cette bo\u00eete \u00e0 bento adopte une conception de couche sous vide pour isoler efficacement la perte de chaleur, prolonger le temps d'isolation et maintenir la temp\u00e9rature des aliments.<\/p>\n<p><strong>Conception en couches :<\/strong> Nous proposons des bo\u00eetes \u00e0 bento de 1 \u00e0 3 couches, qui peuvent \u00eatre combin\u00e9es librement en fonction des besoins pour r\u00e9pondre aux besoins de repas d'une personne seule ou d'une famille.<\/p>\n<p><strong>Conception humanis\u00e9e de la poign\u00e9e :<\/strong> Il s'agit d'une bo\u00eete \u00e0 bento avec poign\u00e9e. La poign\u00e9e est spacieuse et confortable, facile \u00e0 transporter.<\/p>\n<p><strong>Excellente \u00e9tanch\u00e9it\u00e9 :<\/strong> Chaque couche est dot\u00e9e d'un syst\u00e8me d'\u00e9tanch\u00e9it\u00e9 distinct pour \u00e9viter les fuites de liquide, ce qui permet de conserver les soupes et les sauces.<\/p>\n<p><strong>Service OEM&amp;ODM :<\/strong> Nous fournissons des solutions de bo\u00eetes \u00e0 bento personnalis\u00e9es OEM&amp;ODM pour r\u00e9pondre aux besoins de diff\u00e9rents sc\u00e9narios.<\/p>","protected":false},"featured_media":8891,"comment_status":"closed","ping_status":"closed","template":"","meta":[],"product_cat":[58],"product_tag":[89,90,86,91],"class_list":{"0":"post-6236","1":"product","2":"type-product","3":"status-publish","4":"has-post-thumbnail","6":"product_cat-lunch-box-wholesale","7":"product_tag-wholesale-3-layer-lunch-box","8":"product_tag-wholesale-double-layer-lunch-box","9":"product_tag-wholesale-insulated-lunch-box","10":"product_tag-wholesale-round-lunch-box","12":"first","13":"instock","14":"shipping-taxable","15":"product-type-simple"},"_links":{"self":[{"href":"https:\/\/moyahousehold.com\/fr\/wp-json\/wp\/v2\/product\/6236","targetHints":{"allow":["GET"]}}],"collection":[{"href":"https:\/\/moyahousehold.com\/fr\/wp-json\/wp\/v2\/product"}],"about":[{"href":"https:\/\/moyahousehold.com\/fr\/wp-json\/wp\/v2\/types\/product"}],"replies":[{"embeddable":true,"href":"https:\/\/moyahousehold.com\/fr\/wp-json\/wp\/v2\/comments?post=6236"}],"version-history":[{"count":0,"href":"https:\/\/moyahousehold.com\/fr\/wp-json\/wp\/v2\/product\/6236\/revisions"}],"wp:featuredmedia":[{"embeddable":true,"href":"https:\/\/moyahousehold.com\/fr\/wp-json\/wp\/v2\/media\/8891"}],"wp:attachment":[{"href":"https:\/\/moyahousehold.com\/fr\/wp-json\/wp\/v2\/media?parent=6236"}],"wp:term":[{"taxonomy":"product_cat","embeddable":true,"href":"https:\/\/moyahousehold.com\/fr\/wp-json\/wp\/v2\/product_cat?post=6236"},{"taxonomy":"product_tag","embeddable":true,"href":"https:\/\/moyahousehold.com\/fr\/wp-json\/wp\/v2\/product_tag?post=6236"}],"curies":[{"name":"wp","href":"https:\/\/api.w.org\/{rel}","templated":true}]}}