{"id":6277,"date":"2024-07-02T00:49:41","date_gmt":"2024-07-02T00:49:41","guid":{"rendered":"https:\/\/moyahousehold.com\/?post_type=product&#038;p=6277"},"modified":"2025-02-05T08:35:46","modified_gmt":"2025-02-05T08:35:46","slug":"bulk-bento-boxes-wholesale-multi-layer-for-all-your-meal-prep-needs","status":"publish","type":"product","link":"https:\/\/moyahousehold.com\/fr\/produit\/bulk-bento-boxes-wholesale-multi-layer-for-all-your-meal-prep-needs\/","title":{"rendered":"Bo\u00eete \u00e0 bento en gros, bo\u00eetes \u00e0 bento multicouches en vrac pour la vente"},"content":{"rendered":"<h2 class=\"wp-block-heading\">Param\u00e8tres de la bo\u00eete \u00e0 bento en gros<\/h2>\n\n\n\n<p><strong>mat\u00e9riel :<\/strong>304 + PP <strong> <\/strong><\/p>\n\n\n\n<figure class=\"wp-block-table\"><table><tbody><tr><td>Article NO<\/td><td>Capacit\u00e9<\/td><td>Taille\/PCS<\/td><td>PCS\/Case<\/td><td>N.W.\/PCS<\/td><td>G.W.\/Cas<\/td><\/tr><tr><td>MYLY025<\/td><td>Couche unique<\/td><td>14.6*14.6*13<\/td><td>32<\/td><td>22.72<\/td><td>0.71<\/td><\/tr><tr><td>MYLY026<\/td><td>Double couche<\/td><td>14.6*14.6*22<\/td><td>18<\/td><td>24.12<\/td><td>1.34<\/td><\/tr><tr><td>MYLY027<\/td><td>Triple couche<\/td><td>14.6*14.6*30<\/td><td>16<\/td><td>24.48<\/td><td>1.53<\/td><\/tr><\/tbody><\/table><\/figure>\n\n\n\n<h3 class=\"wp-block-heading\">Options de bo\u00eetes \u00e0 bento personnalis\u00e9es<\/h3>\n\n\n\n<p><strong>Logo<\/strong>: personnalisation du logo de votre marque sur le produit et l'emballage.<br><strong>Options du logo<\/strong>logo imprim\u00e9, logo grav\u00e9 au laser, etc.<br><strong>Mod\u00e8le :<\/strong> Mod\u00e8les d'impression <br><strong>Technologie d'impression<\/strong>Les techniques d'impression sont les suivantes : impression par transfert d'eau, impression par s\u00e9rigraphie, impression par transfert de chaleur, transfert par sublimation, etc.<br><strong>Paquet<\/strong>:color box<br><a href=\"https:\/\/moyahousehold.com\/fr\/solution-personnalisee\/\"><strong>Plus de personnalisation<\/strong><\/a><\/p>\n\n\n\n<div class=\"wp-block-columns is-layout-flex wp-container-core-columns-is-layout-9d6595d7 wp-block-columns-is-layout-flex\">\n<div class=\"wp-block-column is-layout-flow wp-block-column-is-layout-flow\">\n<figure class=\"wp-block-image size-full\"><img fetchpriority=\"high\" decoding=\"async\" width=\"563\" height=\"563\" src=\"https:\/\/moyahousehold.com\/wp-content\/uploads\/2024\/07\/wholesal-bento-box-1.webp\" alt=\"Bo\u00eete \u00e0 bento en gros (1)\" class=\"wp-image-7973\" srcset=\"https:\/\/moyahousehold.com\/wp-content\/uploads\/2024\/07\/wholesal-bento-box-1.webp 563w, https:\/\/moyahousehold.com\/wp-content\/uploads\/2024\/07\/wholesal-bento-box-1-300x300.webp 300w, https:\/\/moyahousehold.com\/wp-content\/uploads\/2024\/07\/wholesal-bento-box-1-150x150.webp 150w, https:\/\/moyahousehold.com\/wp-content\/uploads\/2024\/07\/wholesal-bento-box-1-12x12.webp 12w, https:\/\/moyahousehold.com\/wp-content\/uploads\/2024\/07\/wholesal-bento-box-1-285x285.webp 285w, https:\/\/moyahousehold.com\/wp-content\/uploads\/2024\/07\/wholesal-bento-box-1-270x270.webp 270w, https:\/\/moyahousehold.com\/wp-content\/uploads\/2024\/07\/wholesal-bento-box-1-540x540.webp 540w\" sizes=\"(max-width: 563px) 100vw, 563px\" \/><\/figure>\n<\/div>\n\n\n\n<div class=\"wp-block-column is-layout-flow wp-block-column-is-layout-flow\">\n<figure class=\"wp-block-image size-full\"><img decoding=\"async\" width=\"547\" height=\"547\" src=\"https:\/\/moyahousehold.com\/wp-content\/uploads\/2024\/07\/wholesal-bento-box-2.webp\" alt=\"Bo\u00eete \u00e0 bento en gros (2)\" class=\"wp-image-7974\" srcset=\"https:\/\/moyahousehold.com\/wp-content\/uploads\/2024\/07\/wholesal-bento-box-2.webp 547w, https:\/\/moyahousehold.com\/wp-content\/uploads\/2024\/07\/wholesal-bento-box-2-300x300.webp 300w, https:\/\/moyahousehold.com\/wp-content\/uploads\/2024\/07\/wholesal-bento-box-2-150x150.webp 150w, https:\/\/moyahousehold.com\/wp-content\/uploads\/2024\/07\/wholesal-bento-box-2-12x12.webp 12w, https:\/\/moyahousehold.com\/wp-content\/uploads\/2024\/07\/wholesal-bento-box-2-285x285.webp 285w, https:\/\/moyahousehold.com\/wp-content\/uploads\/2024\/07\/wholesal-bento-box-2-270x270.webp 270w, https:\/\/moyahousehold.com\/wp-content\/uploads\/2024\/07\/wholesal-bento-box-2-540x540.webp 540w\" sizes=\"(max-width: 547px) 100vw, 547px\" \/><\/figure>\n<\/div>\n<\/div>","protected":false},"excerpt":{"rendered":"<p>Nous proposons des bo\u00eetes \u00e0 lunch en gros de haute qualit\u00e9 \u00e0 des prix d'usine. Cette bo\u00eete \u00e0 lunch en gros a une conception multicouche, adapt\u00e9e aux besoins de pr\u00e9paration de repas dans diverses occasions. Elle est fabriqu\u00e9e en acier inoxydable 304 de haute qualit\u00e9 et a une excellente durabilit\u00e9. La bonne conception permet une tr\u00e8s bonne \u00e9tanch\u00e9it\u00e9 et n'entra\u00eenera pas de fuite de nourriture en cas de basculement ou de vibration. En tant que bo\u00eete \u00e0 lunch au fonctionnement simple, elle est tr\u00e8s pratique pour les utilisateurs dans la vie de tous les jours. Nous sommes un fabricant de bo\u00eete \u00e0 lunch en acier inoxydable en Chine. N'h\u00e9sitez pas \u00e0 nous contacter pour obtenir cette bo\u00eete \u00e0 lunch multicouche au prix de gros.<\/p>\n<h3>Caract\u00e9ristiques et avantages de la bo\u00eete \u00e0 bento en gros<\/h3>\n<p>1. <strong>Mat\u00e9riaux de haute qualit\u00e9<\/strong>l : L'int\u00e9rieur de la bo\u00eete \u00e0 lunch est fabriqu\u00e9 en acier inoxydable 304 de qualit\u00e9 alimentaire, qui peut conserver son excellente qualit\u00e9 m\u00eame apr\u00e8s une utilisation \u00e0 long terme, offrant aux utilisateurs une exp\u00e9rience de repas saine.<\/p>\n<p>2. <strong>Sensation de confort<\/strong>: La conception g\u00e9n\u00e9rale de la bo\u00eete \u00e0 lunch ne se concentre pas uniquement sur l'apparence, mais accorde \u00e9galement plus d'attention \u00e0 la sensation de la main de l'utilisateur. Le traitement exquis de la surface et la conception des coins arrondis rendent la bo\u00eete \u00e0 lunch plus confortable \u00e0 l'usage et augmentent le plaisir de manger.<\/p>\n<p>3. <strong>Conception multicouche<\/strong>: Cette bo\u00eete \u00e0 lunch adopte une conception de combinaison multicouche, et chaque couche peut accueillir ind\u00e9pendamment diff\u00e9rents types d'aliments. Cela permet non seulement de garantir que le go\u00fbt et la saveur des aliments ne s'alt\u00e8rent pas mutuellement, mais aussi de faciliter l'adaptation aux besoins des utilisateurs pour r\u00e9pondre \u00e0 leurs diff\u00e9rents besoins en mati\u00e8re de restauration.<\/p>\n<p>4. <strong>Compartiment cach\u00e9<\/strong>: Le couvercle sup\u00e9rieur est \u00e9quip\u00e9 d'un petit compartiment cach\u00e9 au design astucieux. Il peut \u00eatre utilis\u00e9 pour ranger des assaisonnements, des snacks ou d'autres petits accessoires, ce qui augmente la praticit\u00e9 de la bo\u00eete \u00e0 lunch.<\/p>\n<p>5. <strong>S\u00e9lection multicouche<\/strong>: Les utilisateurs peuvent choisir n'importe quel nombre de couches en fonction de leurs besoins. Cette flexibilit\u00e9 permet \u00e0 la bo\u00eete \u00e0 lunch de jouer le meilleur r\u00f4le dans diverses occasions.<\/p>\n<p>6. <strong>Service de bo\u00eetes \u00e0 lunch en gros<\/strong>: Nous fournissons des services de vente en gros de bo\u00eetes \u00e0 lunch en vrac, qui conviennent aux besoins d'approvisionnement \u00e0 grande \u00e9chelle tels que les soci\u00e9t\u00e9s de restauration, les \u00e9coles et les usines.<\/p>\n<p>7. <strong>Exemple de soutien<\/strong>: Pour notre activit\u00e9 de vente en gros de bo\u00eetes \u00e0 lunch, nous fournissons des \u00e9chantillons gratuits afin que vous puissiez avoir une meilleure compr\u00e9hension de nos produits avant de faire votre choix.<\/p>\n<p>8. <strong>Service personnalis\u00e9<\/strong>: En tant que fabricant et fournisseur professionnel de bo\u00eetes \u00e0 lunch en acier inoxydable, je peux vous aider \u00e0 personnaliser une toute nouvelle bo\u00eete \u00e0 lunch. Nous comprendrons vos id\u00e9es et les r\u00e9aliserons gr\u00e2ce \u00e0 nos capacit\u00e9s OEM&amp;ODM.<\/p>\n<p><a href=\"https:\/\/moyahousehold.com\/fr\/solution-personnalisee\/\" target=\"_blank\" rel=\"noopener\"><strong>En savoir plus sur notre solution de bo\u00eete \u00e0 bento personnalis\u00e9e.<\/strong><\/a><\/p>","protected":false},"featured_media":7978,"comment_status":"closed","ping_status":"closed","template":"","meta":[],"product_cat":[58],"product_tag":[89,90,91],"class_list":{"0":"post-6277","1":"product","2":"type-product","3":"status-publish","4":"has-post-thumbnail","6":"product_cat-lunch-box-wholesale","7":"product_tag-wholesale-3-layer-lunch-box","8":"product_tag-wholesale-double-layer-lunch-box","9":"product_tag-wholesale-round-lunch-box","11":"first","12":"instock","13":"shipping-taxable","14":"product-type-simple"},"_links":{"self":[{"href":"https:\/\/moyahousehold.com\/fr\/wp-json\/wp\/v2\/product\/6277","targetHints":{"allow":["GET"]}}],"collection":[{"href":"https:\/\/moyahousehold.com\/fr\/wp-json\/wp\/v2\/product"}],"about":[{"href":"https:\/\/moyahousehold.com\/fr\/wp-json\/wp\/v2\/types\/product"}],"replies":[{"embeddable":true,"href":"https:\/\/moyahousehold.com\/fr\/wp-json\/wp\/v2\/comments?post=6277"}],"version-history":[{"count":0,"href":"https:\/\/moyahousehold.com\/fr\/wp-json\/wp\/v2\/product\/6277\/revisions"}],"wp:featuredmedia":[{"embeddable":true,"href":"https:\/\/moyahousehold.com\/fr\/wp-json\/wp\/v2\/media\/7978"}],"wp:attachment":[{"href":"https:\/\/moyahousehold.com\/fr\/wp-json\/wp\/v2\/media?parent=6277"}],"wp:term":[{"taxonomy":"product_cat","embeddable":true,"href":"https:\/\/moyahousehold.com\/fr\/wp-json\/wp\/v2\/product_cat?post=6277"},{"taxonomy":"product_tag","embeddable":true,"href":"https:\/\/moyahousehold.com\/fr\/wp-json\/wp\/v2\/product_tag?post=6277"}],"curies":[{"name":"wp","href":"https:\/\/api.w.org\/{rel}","templated":true}]}}