{"id":6295,"date":"2024-07-02T01:21:44","date_gmt":"2024-07-02T01:21:44","guid":{"rendered":"https:\/\/moyahousehold.com\/?post_type=product&#038;p=6295"},"modified":"2025-02-05T08:50:23","modified_gmt":"2025-02-05T08:50:23","slug":"customized-multi-layer-bento-box-for-sale","status":"publish","type":"product","link":"https:\/\/moyahousehold.com\/fr\/produit\/customized-multi-layer-bento-box-for-sale\/","title":{"rendered":"Bo\u00eete \u00e0 bento multicouche de gros avec poign\u00e9e : Grande capacit\u00e9 et poign\u00e9es confortables"},"content":{"rendered":"<h2 class=\"wp-block-heading\">Param\u00e8tres de la bo\u00eete \u00e0 bento multicouche<\/h2>\n\n\n\n<p><strong>mat\u00e9riel :<\/strong>304 + PP <strong> <\/strong><\/p>\n\n\n\n<figure class=\"wp-block-table\"><table><tbody><tr><td>Article NO<\/td><td>Capacit\u00e9<\/td><td>Taille\/PCS<\/td><td>PCS\/Case<\/td><td>N.W.\/PCS<\/td><td>G.W.\/Cas<\/td><\/tr><tr><td>MYJD236<\/td><td>700ml<\/td><td>15*15*7<\/td><td>\/<\/td><td>\/<\/td><td>0.5<\/td><\/tr><tr><td>MYJD237<\/td><td>1400ml<\/td><td>15*15*13.5<\/td><td>36<\/td><td>25.2<\/td><td>0.7<\/td><\/tr><tr><td>MYJD238<\/td><td>2100ml<\/td><td>15*15*19.5<\/td><td>24<\/td><td>21.6<\/td><td>0.9<\/td><\/tr><tr><td>MYJD239<\/td><td>2800ml<\/td><td>15*15*25.5<\/td><td>\/<\/td><td>\/<\/td><td>1.1<\/td><\/tr><\/tbody><\/table><\/figure>\n\n\n\n<h3 class=\"wp-block-heading\">Options de bo\u00eetes \u00e0 bento personnalis\u00e9es<\/h3>\n\n\n\n<p><strong>Logo<\/strong>: personnalisez le logo de votre marque sur les bo\u00eetes \u00e0 bento et l'emballage.<br><strong>Options de logo :<\/strong> logo imprim\u00e9, logo grav\u00e9 au laser, etc.<br><strong>Mod\u00e8le :<\/strong> motifs d'impression <br><strong>Technologie d'impression :<\/strong> impression par transfert d'eau, impression par s\u00e9rigraphie, impression par transfert thermique, transfert par sublimation, etc.<br><strong>Paquet :<\/strong>bo\u00eete \u00e0 couleurs<br><a href=\"https:\/\/moyahousehold.com\/fr\/solution-personnalisee\/\"><strong>D\u00e9couvrez d'autres solutions de bo\u00eetes \u00e0 bento personnalis\u00e9es<\/strong><\/a><\/p>\n\n\n\n<div class=\"wp-block-columns is-layout-flex wp-container-core-columns-is-layout-9d6595d7 wp-block-columns-is-layout-flex\">\n<div class=\"wp-block-column is-layout-flow wp-block-column-is-layout-flow\">\n<figure class=\"wp-block-image size-full\"><img fetchpriority=\"high\" decoding=\"async\" width=\"2000\" height=\"2000\" src=\"https:\/\/moyahousehold.com\/wp-content\/uploads\/2024\/07\/customizable-bento-box-display-1.jpg\" alt=\"Pr\u00e9sentoir de bo\u00eetes \u00e0 bento personnalisables (1)\" class=\"wp-image-8563\" srcset=\"https:\/\/moyahousehold.com\/wp-content\/uploads\/2024\/07\/customizable-bento-box-display-1.jpg 2000w, https:\/\/moyahousehold.com\/wp-content\/uploads\/2024\/07\/customizable-bento-box-display-1-300x300.jpg 300w, https:\/\/moyahousehold.com\/wp-content\/uploads\/2024\/07\/customizable-bento-box-display-1-150x150.jpg 150w, https:\/\/moyahousehold.com\/wp-content\/uploads\/2024\/07\/customizable-bento-box-display-1-768x768.jpg 768w, https:\/\/moyahousehold.com\/wp-content\/uploads\/2024\/07\/customizable-bento-box-display-1-12x12.jpg 12w, https:\/\/moyahousehold.com\/wp-content\/uploads\/2024\/07\/customizable-bento-box-display-1-285x285.jpg 285w, https:\/\/moyahousehold.com\/wp-content\/uploads\/2024\/07\/customizable-bento-box-display-1-1600x1600.jpg 1600w, https:\/\/moyahousehold.com\/wp-content\/uploads\/2024\/07\/customizable-bento-box-display-1-270x270.jpg 270w, https:\/\/moyahousehold.com\/wp-content\/uploads\/2024\/07\/customizable-bento-box-display-1-540x540.jpg 540w, https:\/\/moyahousehold.com\/wp-content\/uploads\/2024\/07\/customizable-bento-box-display-1-660x660.jpg 660w\" sizes=\"(max-width: 2000px) 100vw, 2000px\" \/><\/figure>\n<\/div>\n\n\n\n<div class=\"wp-block-column is-layout-flow wp-block-column-is-layout-flow\">\n<figure class=\"wp-block-image size-full\"><img decoding=\"async\" width=\"2000\" height=\"2000\" src=\"https:\/\/moyahousehold.com\/wp-content\/uploads\/2024\/07\/customizable-bento-box-display-2.jpg\" alt=\"Pr\u00e9sentoir de bo\u00eetes \u00e0 bento personnalisables (2)\" class=\"wp-image-8564\" srcset=\"https:\/\/moyahousehold.com\/wp-content\/uploads\/2024\/07\/customizable-bento-box-display-2.jpg 2000w, https:\/\/moyahousehold.com\/wp-content\/uploads\/2024\/07\/customizable-bento-box-display-2-300x300.jpg 300w, https:\/\/moyahousehold.com\/wp-content\/uploads\/2024\/07\/customizable-bento-box-display-2-150x150.jpg 150w, https:\/\/moyahousehold.com\/wp-content\/uploads\/2024\/07\/customizable-bento-box-display-2-768x768.jpg 768w, https:\/\/moyahousehold.com\/wp-content\/uploads\/2024\/07\/customizable-bento-box-display-2-12x12.jpg 12w, https:\/\/moyahousehold.com\/wp-content\/uploads\/2024\/07\/customizable-bento-box-display-2-285x285.jpg 285w, https:\/\/moyahousehold.com\/wp-content\/uploads\/2024\/07\/customizable-bento-box-display-2-1600x1600.jpg 1600w, https:\/\/moyahousehold.com\/wp-content\/uploads\/2024\/07\/customizable-bento-box-display-2-270x270.jpg 270w, https:\/\/moyahousehold.com\/wp-content\/uploads\/2024\/07\/customizable-bento-box-display-2-540x540.jpg 540w, https:\/\/moyahousehold.com\/wp-content\/uploads\/2024\/07\/customizable-bento-box-display-2-660x660.jpg 660w\" sizes=\"(max-width: 2000px) 100vw, 2000px\" \/><\/figure>\n<\/div>\n<\/div>","protected":false},"excerpt":{"rendered":"<p>Bo\u00eete \u00e0 bento personnalis\u00e9e en gros, cette bo\u00eete \u00e0 bento peut \u00eatre personnalis\u00e9e avec 1 \u00e0 4 couches, chaque couche peut stocker divers aliments ind\u00e9pendamment, r\u00e9pondant de mani\u00e8re flexible aux besoins des diff\u00e9rents utilisateurs. Elle est fabriqu\u00e9e en acier inoxydable 304 de qualit\u00e9 alimentaire pour garantir la s\u00e9curit\u00e9 et la sant\u00e9. MOYA, en tant que fabricant de bo\u00eetes \u00e0 bento en acier inoxydable, fournit des services de bo\u00eetes \u00e0 bento personnalis\u00e9es OEM et ODM. N'h\u00e9sitez pas \u00e0 nous contacter pour plus d'informations sur nos produits.<\/p>\n<h3>Caract\u00e9ristiques et avantages de la bo\u00eete \u00e0 bento personnalisable<\/h3>\n<p><strong>Conception flexible en couches :<\/strong> Cette bo\u00eete \u00e0 bento peut \u00eatre personnalis\u00e9e avec 1 \u00e0 4 couches selon les besoins, et chaque couche peut stocker diff\u00e9rents types d'aliments ind\u00e9pendamment.<\/p>\n<p><strong>Mat\u00e9riau en acier inoxydable 304 de haute qualit\u00e9 :<\/strong> Le rev\u00eatement est en acier inoxydable 304 de haute qualit\u00e9, qui pr\u00e9sente une excellente r\u00e9sistance \u00e0 la corrosion et \u00e0 l'oxydation. Il convient au stockage d'aliments chauds ou froids et garantit la s\u00e9curit\u00e9 et la sant\u00e9.<\/p>\n<p><strong>Conception \u00e9tanche :<\/strong> Chaque couche est \u00e9quip\u00e9e d'un anneau en caoutchouc int\u00e9gr\u00e9 qui assure l'\u00e9tanch\u00e9it\u00e9 couche par couche et emp\u00eache efficacement les fuites de liquide, ce qui vous permet de le transporter sans souci.<\/p>\n<p><strong>Service de personnalisation :<\/strong> Nous fournissons des solutions de bo\u00eetes \u00e0 bento personnalis\u00e9es OEM et ODM, y compris une vari\u00e9t\u00e9 de couleurs, de formes et de conceptions fonctionnelles, afin de cr\u00e9er une bo\u00eete \u00e0 bento de marque unique pour vous.<\/p>","protected":false},"featured_media":8577,"comment_status":"closed","ping_status":"closed","template":"","meta":[],"product_cat":[58],"product_tag":[89,90],"class_list":{"0":"post-6295","1":"product","2":"type-product","3":"status-publish","4":"has-post-thumbnail","6":"product_cat-lunch-box-wholesale","7":"product_tag-wholesale-3-layer-lunch-box","8":"product_tag-wholesale-double-layer-lunch-box","10":"first","11":"instock","12":"shipping-taxable","13":"product-type-simple"},"_links":{"self":[{"href":"https:\/\/moyahousehold.com\/fr\/wp-json\/wp\/v2\/product\/6295","targetHints":{"allow":["GET"]}}],"collection":[{"href":"https:\/\/moyahousehold.com\/fr\/wp-json\/wp\/v2\/product"}],"about":[{"href":"https:\/\/moyahousehold.com\/fr\/wp-json\/wp\/v2\/types\/product"}],"replies":[{"embeddable":true,"href":"https:\/\/moyahousehold.com\/fr\/wp-json\/wp\/v2\/comments?post=6295"}],"version-history":[{"count":0,"href":"https:\/\/moyahousehold.com\/fr\/wp-json\/wp\/v2\/product\/6295\/revisions"}],"wp:featuredmedia":[{"embeddable":true,"href":"https:\/\/moyahousehold.com\/fr\/wp-json\/wp\/v2\/media\/8577"}],"wp:attachment":[{"href":"https:\/\/moyahousehold.com\/fr\/wp-json\/wp\/v2\/media?parent=6295"}],"wp:term":[{"taxonomy":"product_cat","embeddable":true,"href":"https:\/\/moyahousehold.com\/fr\/wp-json\/wp\/v2\/product_cat?post=6295"},{"taxonomy":"product_tag","embeddable":true,"href":"https:\/\/moyahousehold.com\/fr\/wp-json\/wp\/v2\/product_tag?post=6295"}],"curies":[{"name":"wp","href":"https:\/\/api.w.org\/{rel}","templated":true}]}}