{"id":6715,"date":"2024-07-10T03:54:19","date_gmt":"2024-07-10T03:54:19","guid":{"rendered":"https:\/\/moyahousehold.com\/?post_type=product&#038;p=6715"},"modified":"2026-04-02T08:49:37","modified_gmt":"2026-04-02T08:49:37","slug":"wholesale-denmark-style-thermal-vacuum-jug","status":"publish","type":"product","link":"https:\/\/moyahousehold.com\/fr\/produit\/wholesale-denmark-style-thermal-vacuum-jug\/","title":{"rendered":"Wholesale Denmark Style Thermal Vacuum Jug with Wooden Handle 0.6L &amp; 1.5L \u2014 MOYA Thermal Carafe Manufacturer"},"content":{"rendered":"<figure class=\"wp-block-image size-full\"><img fetchpriority=\"high\" decoding=\"async\" width=\"6240\" height=\"3512\" src=\"https:\/\/moyahousehold.com\/wp-content\/uploads\/2024\/07\/\u5927\u5408\u7167.jpg\" alt=\"MOYA Danish Style Stainless Steel Thermal Coffee Carafe with Wooden Handle, Vacuum Insulated Tea Pot\" class=\"wp-image-12556\" srcset=\"https:\/\/moyahousehold.com\/wp-content\/uploads\/2024\/07\/\u5927\u5408\u7167.jpg 6240w, https:\/\/moyahousehold.com\/wp-content\/uploads\/2024\/07\/\u5927\u5408\u7167-300x169.jpg 300w, https:\/\/moyahousehold.com\/wp-content\/uploads\/2024\/07\/\u5927\u5408\u7167-768x432.jpg 768w, https:\/\/moyahousehold.com\/wp-content\/uploads\/2024\/07\/\u5927\u5408\u7167-18x10.jpg 18w, https:\/\/moyahousehold.com\/wp-content\/uploads\/2024\/07\/\u5927\u5408\u7167-285x160.jpg 285w, https:\/\/moyahousehold.com\/wp-content\/uploads\/2024\/07\/\u5927\u5408\u7167-1600x901.jpg 1600w, https:\/\/moyahousehold.com\/wp-content\/uploads\/2024\/07\/\u5927\u5408\u7167-660x371.jpg 660w, https:\/\/moyahousehold.com\/wp-content\/uploads\/2024\/07\/\u5927\u5408\u7167-150x84.jpg 150w\" sizes=\"(max-width: 6240px) 100vw, 6240px\" \/><\/figure>\n\n\n\n<h3 class=\"wp-block-heading\">Parameters of Denmark Style Thermal Jug<\/h3>\n\n\n\n<figure class=\"wp-block-table\"><table><tbody><tr><td>Nom du produit<\/td><td>Couleur<\/td><td>Mat\u00e9riau<\/td><td>Taille du produit<\/td><td>N.W.\/PCS<\/td><\/tr><tr><td>Cruche danoise sous vide de 0,6 litre avec poign\u00e9e en bois<\/td><td>Black\/Khaki\/Beige\/Light<br>\/Green\/Steel\/Navy Blue<\/td><td>304+PP+Silicone+Beech<\/td><td>17.7*11*15.5<\/td><td>0.8<\/td><\/tr><tr><td>1.5L Danish vacuum jug with wooden handle<\/td><td>Black\/Khaki\/Beige\/Light<br>\/Green\/Steel\/Navy Blue<\/td><td>304+PP+Silicone+Beech<\/td><td>19.3*12*25.2<\/td><td>1.0<\/td><\/tr><\/tbody><\/table><\/figure>\n\n\n\n<h3 class=\"wp-block-heading\">Options de carafe thermique personnalis\u00e9e<\/h3>\n\n\n\n<p><strong>Logo : <\/strong>Customize your brand logo on thermal carafe and packaging.<br><strong>Options de logo : <\/strong>Printed logo, laser engraved logo, etc.<br><strong>Mod\u00e8le : <\/strong>Mod\u00e8les d'impression<br><strong>Technologie d'impression :<\/strong> Water transfer printing,silk screen printing, heat transfer printing,sublimation transfer, etc. <br><strong>Emballage : <\/strong>Color box<br><a href=\"https:\/\/moyahousehold.com\/fr\/solution-personnalisee\/\"><strong>D\u00e9couvrez d'autres personnalisations de carafes thermiques<\/strong><\/a><\/p>\n\n\n\n<div class=\"wp-block-columns is-layout-flex wp-container-core-columns-is-layout-9d6595d7 wp-block-columns-is-layout-flex\">\n<div class=\"wp-block-column is-layout-flow wp-block-column-is-layout-flow\">\n<div class=\"wp-block-columns is-layout-flex wp-container-core-columns-is-layout-9d6595d7 wp-block-columns-is-layout-flex\">\n<div class=\"wp-block-column is-layout-flow wp-block-column-is-layout-flow\">\n<figure class=\"wp-block-image size-full\"><img decoding=\"async\" width=\"3515\" height=\"3515\" src=\"https:\/\/moyahousehold.com\/wp-content\/uploads\/2024\/07\/JS-\u4e39\u9ea6\u58f6-29.jpg\" alt=\"MOYA Danish Style Stainless Steel Thermal Coffee Carafe with Wooden Handle, Vacuum Insulated Tea Pot\" class=\"wp-image-12558\" srcset=\"https:\/\/moyahousehold.com\/wp-content\/uploads\/2024\/07\/JS-\u4e39\u9ea6\u58f6-29.jpg 3515w, https:\/\/moyahousehold.com\/wp-content\/uploads\/2024\/07\/JS-\u4e39\u9ea6\u58f6-29-300x300.jpg 300w, https:\/\/moyahousehold.com\/wp-content\/uploads\/2024\/07\/JS-\u4e39\u9ea6\u58f6-29-150x150.jpg 150w, https:\/\/moyahousehold.com\/wp-content\/uploads\/2024\/07\/JS-\u4e39\u9ea6\u58f6-29-768x768.jpg 768w, https:\/\/moyahousehold.com\/wp-content\/uploads\/2024\/07\/JS-\u4e39\u9ea6\u58f6-29-12x12.jpg 12w, https:\/\/moyahousehold.com\/wp-content\/uploads\/2024\/07\/JS-\u4e39\u9ea6\u58f6-29-285x285.jpg 285w, https:\/\/moyahousehold.com\/wp-content\/uploads\/2024\/07\/JS-\u4e39\u9ea6\u58f6-29-1600x1600.jpg 1600w, https:\/\/moyahousehold.com\/wp-content\/uploads\/2024\/07\/JS-\u4e39\u9ea6\u58f6-29-270x270.jpg 270w, https:\/\/moyahousehold.com\/wp-content\/uploads\/2024\/07\/JS-\u4e39\u9ea6\u58f6-29-540x540.jpg 540w, https:\/\/moyahousehold.com\/wp-content\/uploads\/2024\/07\/JS-\u4e39\u9ea6\u58f6-29-660x660.jpg 660w\" sizes=\"(max-width: 3515px) 100vw, 3515px\" \/><\/figure>\n<\/div>\n\n\n\n<div class=\"wp-block-column is-layout-flow wp-block-column-is-layout-flow\">\n<figure class=\"wp-block-image size-full\"><img decoding=\"async\" width=\"3898\" height=\"3898\" src=\"https:\/\/moyahousehold.com\/wp-content\/uploads\/2024\/07\/JS-\u4e39\u9ea6\u58f6-26.jpg\" alt=\"MOYA Danish Style Stainless Steel Thermal Coffee Carafe with Wooden Handle, Vacuum Insulated Tea Pot\" class=\"wp-image-12557\" srcset=\"https:\/\/moyahousehold.com\/wp-content\/uploads\/2024\/07\/JS-\u4e39\u9ea6\u58f6-26.jpg 3898w, https:\/\/moyahousehold.com\/wp-content\/uploads\/2024\/07\/JS-\u4e39\u9ea6\u58f6-26-300x300.jpg 300w, https:\/\/moyahousehold.com\/wp-content\/uploads\/2024\/07\/JS-\u4e39\u9ea6\u58f6-26-150x150.jpg 150w, https:\/\/moyahousehold.com\/wp-content\/uploads\/2024\/07\/JS-\u4e39\u9ea6\u58f6-26-768x768.jpg 768w, https:\/\/moyahousehold.com\/wp-content\/uploads\/2024\/07\/JS-\u4e39\u9ea6\u58f6-26-12x12.jpg 12w, https:\/\/moyahousehold.com\/wp-content\/uploads\/2024\/07\/JS-\u4e39\u9ea6\u58f6-26-285x285.jpg 285w, https:\/\/moyahousehold.com\/wp-content\/uploads\/2024\/07\/JS-\u4e39\u9ea6\u58f6-26-1600x1600.jpg 1600w, https:\/\/moyahousehold.com\/wp-content\/uploads\/2024\/07\/JS-\u4e39\u9ea6\u58f6-26-270x270.jpg 270w, https:\/\/moyahousehold.com\/wp-content\/uploads\/2024\/07\/JS-\u4e39\u9ea6\u58f6-26-540x540.jpg 540w, https:\/\/moyahousehold.com\/wp-content\/uploads\/2024\/07\/JS-\u4e39\u9ea6\u58f6-26-660x660.jpg 660w\" sizes=\"(max-width: 3898px) 100vw, 3898px\" \/><\/figure>\n<\/div>\n<\/div>\n<\/div>\n<\/div>\n\n\n\n<div class=\"wp-block-columns is-layout-flex wp-container-core-columns-is-layout-9d6595d7 wp-block-columns-is-layout-flex\">\n<div class=\"wp-block-column is-layout-flow wp-block-column-is-layout-flow\">\n<figure class=\"wp-block-image size-full\"><img loading=\"lazy\" decoding=\"async\" width=\"5304\" height=\"5304\" src=\"https:\/\/moyahousehold.com\/wp-content\/uploads\/2024\/07\/\u4e3b\u56fe5.jpg\" alt=\"MOYA Danish Style Stainless Steel Thermal Coffee Carafe with Wooden Handle, Vacuum Insulated Tea Pot\" class=\"wp-image-12554\" srcset=\"https:\/\/moyahousehold.com\/wp-content\/uploads\/2024\/07\/\u4e3b\u56fe5.jpg 5304w, https:\/\/moyahousehold.com\/wp-content\/uploads\/2024\/07\/\u4e3b\u56fe5-300x300.jpg 300w, https:\/\/moyahousehold.com\/wp-content\/uploads\/2024\/07\/\u4e3b\u56fe5-150x150.jpg 150w, https:\/\/moyahousehold.com\/wp-content\/uploads\/2024\/07\/\u4e3b\u56fe5-768x768.jpg 768w, https:\/\/moyahousehold.com\/wp-content\/uploads\/2024\/07\/\u4e3b\u56fe5-12x12.jpg 12w, https:\/\/moyahousehold.com\/wp-content\/uploads\/2024\/07\/\u4e3b\u56fe5-285x285.jpg 285w, https:\/\/moyahousehold.com\/wp-content\/uploads\/2024\/07\/\u4e3b\u56fe5-1600x1600.jpg 1600w, https:\/\/moyahousehold.com\/wp-content\/uploads\/2024\/07\/\u4e3b\u56fe5-270x270.jpg 270w, https:\/\/moyahousehold.com\/wp-content\/uploads\/2024\/07\/\u4e3b\u56fe5-540x540.jpg 540w, https:\/\/moyahousehold.com\/wp-content\/uploads\/2024\/07\/\u4e3b\u56fe5-660x660.jpg 660w\" sizes=\"(max-width: 5304px) 100vw, 5304px\" \/><\/figure>\n<\/div>\n\n\n\n<div class=\"wp-block-column is-layout-flow wp-block-column-is-layout-flow\">\n<figure class=\"wp-block-image size-full\"><img loading=\"lazy\" decoding=\"async\" width=\"5304\" height=\"5304\" src=\"https:\/\/moyahousehold.com\/wp-content\/uploads\/2024\/07\/\u4e3b\u56fe1.jpg\" alt=\"MOYA Danish Style Stainless Steel Thermal Coffee Carafe with Wooden Handle, Vacuum Insulated Tea Pot\" class=\"wp-image-12555\" srcset=\"https:\/\/moyahousehold.com\/wp-content\/uploads\/2024\/07\/\u4e3b\u56fe1.jpg 5304w, https:\/\/moyahousehold.com\/wp-content\/uploads\/2024\/07\/\u4e3b\u56fe1-300x300.jpg 300w, https:\/\/moyahousehold.com\/wp-content\/uploads\/2024\/07\/\u4e3b\u56fe1-150x150.jpg 150w, https:\/\/moyahousehold.com\/wp-content\/uploads\/2024\/07\/\u4e3b\u56fe1-768x768.jpg 768w, https:\/\/moyahousehold.com\/wp-content\/uploads\/2024\/07\/\u4e3b\u56fe1-12x12.jpg 12w, https:\/\/moyahousehold.com\/wp-content\/uploads\/2024\/07\/\u4e3b\u56fe1-285x285.jpg 285w, https:\/\/moyahousehold.com\/wp-content\/uploads\/2024\/07\/\u4e3b\u56fe1-1600x1600.jpg 1600w, https:\/\/moyahousehold.com\/wp-content\/uploads\/2024\/07\/\u4e3b\u56fe1-270x270.jpg 270w, https:\/\/moyahousehold.com\/wp-content\/uploads\/2024\/07\/\u4e3b\u56fe1-540x540.jpg 540w, https:\/\/moyahousehold.com\/wp-content\/uploads\/2024\/07\/\u4e3b\u56fe1-660x660.jpg 660w\" sizes=\"(max-width: 5304px) 100vw, 5304px\" \/><\/figure>\n<\/div>\n<\/div>\n\n\n\n<div class=\"wp-block-columns is-layout-flex wp-container-core-columns-is-layout-9d6595d7 wp-block-columns-is-layout-flex\">\n<div class=\"wp-block-column is-layout-flow wp-block-column-is-layout-flow\">\n<figure class=\"wp-block-image size-full\"><img loading=\"lazy\" decoding=\"async\" width=\"800\" height=\"800\" src=\"https:\/\/moyahousehold.com\/wp-content\/uploads\/2024\/07\/12.jpg\" alt=\"MOYA Danish Style Stainless Steel Thermal Coffee Carafe with Wooden Handle, Vacuum Insulated Tea Pot\" class=\"wp-image-12559\" srcset=\"https:\/\/moyahousehold.com\/wp-content\/uploads\/2024\/07\/12.jpg 800w, https:\/\/moyahousehold.com\/wp-content\/uploads\/2024\/07\/12-300x300.jpg 300w, https:\/\/moyahousehold.com\/wp-content\/uploads\/2024\/07\/12-150x150.jpg 150w, https:\/\/moyahousehold.com\/wp-content\/uploads\/2024\/07\/12-768x768.jpg 768w, https:\/\/moyahousehold.com\/wp-content\/uploads\/2024\/07\/12-12x12.jpg 12w, https:\/\/moyahousehold.com\/wp-content\/uploads\/2024\/07\/12-285x285.jpg 285w, https:\/\/moyahousehold.com\/wp-content\/uploads\/2024\/07\/12-270x270.jpg 270w, https:\/\/moyahousehold.com\/wp-content\/uploads\/2024\/07\/12-540x540.jpg 540w, https:\/\/moyahousehold.com\/wp-content\/uploads\/2024\/07\/12-660x660.jpg 660w\" sizes=\"(max-width: 800px) 100vw, 800px\" \/><\/figure>\n<\/div>\n\n\n\n<div class=\"wp-block-column is-layout-flow wp-block-column-is-layout-flow\">\n<figure class=\"wp-block-image size-full\"><img loading=\"lazy\" decoding=\"async\" width=\"800\" height=\"800\" src=\"https:\/\/moyahousehold.com\/wp-content\/uploads\/2024\/07\/14.jpg\" alt=\"MOYA Danish Style Stainless Steel Thermal Coffee Carafe with Wooden Handle, Vacuum Insulated Tea Pot\" class=\"wp-image-12560\" srcset=\"https:\/\/moyahousehold.com\/wp-content\/uploads\/2024\/07\/14.jpg 800w, https:\/\/moyahousehold.com\/wp-content\/uploads\/2024\/07\/14-300x300.jpg 300w, https:\/\/moyahousehold.com\/wp-content\/uploads\/2024\/07\/14-150x150.jpg 150w, https:\/\/moyahousehold.com\/wp-content\/uploads\/2024\/07\/14-768x768.jpg 768w, https:\/\/moyahousehold.com\/wp-content\/uploads\/2024\/07\/14-12x12.jpg 12w, https:\/\/moyahousehold.com\/wp-content\/uploads\/2024\/07\/14-285x285.jpg 285w, https:\/\/moyahousehold.com\/wp-content\/uploads\/2024\/07\/14-270x270.jpg 270w, https:\/\/moyahousehold.com\/wp-content\/uploads\/2024\/07\/14-540x540.jpg 540w, https:\/\/moyahousehold.com\/wp-content\/uploads\/2024\/07\/14-660x660.jpg 660w\" sizes=\"(max-width: 800px) 100vw, 800px\" \/><\/figure>\n<\/div>\n<\/div>","protected":false},"excerpt":{"rendered":"<p>La cruche \u00e0 vide thermique de style danois en gros, au design esth\u00e9tique simple, apporte une exp\u00e9rience visuelle merveilleuse. La poign\u00e9e en bois est agr\u00e9able \u00e0 tenir et ajoute une \u00e9l\u00e9gance naturelle \u00e0 la d\u00e9coration de vos meubles. En termes de praticit\u00e9, elle adopte une conception \u00e0 double couche sous vide, qui maintient efficacement la temp\u00e9rature des boissons jusqu'\u00e0 24 heures. N'h\u00e9sitez pas \u00e0 nous contacter pour obtenir un devis.<\/p>\n<h3>Caract\u00e9ristiques de la cruche \u00e0 vide thermique<\/h3>\n<p><strong>Design simple :<\/strong> Cette carafe \u00e0 vide thermique adopte un concept esth\u00e9tique minimaliste, offrant une sensation d'\u00e9l\u00e9gance et de modernit\u00e9. Elle s'int\u00e8gre facilement dans diff\u00e9rents environnements domestiques, professionnels ou h\u00f4teliers.<\/p>\n<p><strong>Manche en bois :<\/strong> Cette carafe \u00e0 vide thermique met l'accent sur la sensation et le confort. Elle est \u00e9quip\u00e9e d'une poign\u00e9e ergonomique en bois, qui offre une excellente prise en main.<\/p>\n<p><strong>Excellente performance d'isolation :<\/strong> The vacuum insulation technology is used to effectively reduce heat loss and can keep the temperature of the drink for a long time.<\/p>\n<p><strong>Mat\u00e9riaux respectueux de l'environnement :<\/strong> This thermal vacuum jug uses BPA-free environmentally friendly materials, which meets international environmental standards and avoids the impact of harmful substances on the human body.<\/p>\n<p><strong>Evacuation de l'eau \u00e0 l'aide d'un seul bouton :<\/strong> Le design unique du bec verseur rend le processus de versement plus fluide et plus contr\u00f4lable, \u00e9vitant les \u00e9claboussures d'eau, et convient pour verser du th\u00e9, du caf\u00e9 et de l'eau chaude.<\/p>\n<p><strong>Conception \u00e0 petite capacit\u00e9<\/strong>: The 600ml and 1500ml capacity design are very suitable for personal or small family use, meeting the daily drinking water needs of a single person and the needs of short trips.<\/p>\n<p><strong>Solutions personnalis\u00e9es OEM et ODM :<\/strong> Le fabricant de carafes thermiques Moya peut personnaliser l'aspect du produit, sa capacit\u00e9, sa couleur, le logo de la marque et d'autres \u00e9l\u00e9ments en fonction des besoins uniques des clients.<\/p>","protected":false},"featured_media":7124,"comment_status":"closed","ping_status":"closed","template":"","meta":[],"product_cat":[54],"product_tag":[81,78,131,85],"class_list":{"0":"post-6715","1":"product","2":"type-product","3":"status-publish","4":"has-post-thumbnail","6":"product_cat-thermal-carafe-wholesale","7":"product_tag-wholesale-600ml-thermos-carafe","8":"product_tag-wholesale-1500ml-thermos-carafe","9":"product_tag-danish-thermos-jug","10":"product_tag-wholesale-stainless-steel-liner-thermos-carafe","12":"first","13":"instock","14":"shipping-taxable","15":"product-type-simple"},"_links":{"self":[{"href":"https:\/\/moyahousehold.com\/fr\/wp-json\/wp\/v2\/product\/6715","targetHints":{"allow":["GET"]}}],"collection":[{"href":"https:\/\/moyahousehold.com\/fr\/wp-json\/wp\/v2\/product"}],"about":[{"href":"https:\/\/moyahousehold.com\/fr\/wp-json\/wp\/v2\/types\/product"}],"replies":[{"embeddable":true,"href":"https:\/\/moyahousehold.com\/fr\/wp-json\/wp\/v2\/comments?post=6715"}],"version-history":[{"count":7,"href":"https:\/\/moyahousehold.com\/fr\/wp-json\/wp\/v2\/product\/6715\/revisions"}],"predecessor-version":[{"id":12570,"href":"https:\/\/moyahousehold.com\/fr\/wp-json\/wp\/v2\/product\/6715\/revisions\/12570"}],"wp:featuredmedia":[{"embeddable":true,"href":"https:\/\/moyahousehold.com\/fr\/wp-json\/wp\/v2\/media\/7124"}],"wp:attachment":[{"href":"https:\/\/moyahousehold.com\/fr\/wp-json\/wp\/v2\/media?parent=6715"}],"wp:term":[{"taxonomy":"product_cat","embeddable":true,"href":"https:\/\/moyahousehold.com\/fr\/wp-json\/wp\/v2\/product_cat?post=6715"},{"taxonomy":"product_tag","embeddable":true,"href":"https:\/\/moyahousehold.com\/fr\/wp-json\/wp\/v2\/product_tag?post=6715"}],"curies":[{"name":"wp","href":"https:\/\/api.w.org\/{rel}","templated":true}]}}