{"id":7228,"date":"2024-07-18T03:58:43","date_gmt":"2024-07-18T03:58:43","guid":{"rendered":"https:\/\/moyahousehold.com\/?post_type=product&#038;p=7228"},"modified":"2025-02-05T10:00:49","modified_gmt":"2025-02-05T10:00:49","slug":"bulk-food-storage-jars","status":"publish","type":"product","link":"https:\/\/moyahousehold.com\/fr\/produit\/bulk-food-storage-jars\/","title":{"rendered":"Pots de conservation des aliments en vrac,Pots de conservation des aliments en acier inoxydable de haute qualit\u00e9 avec couvercles"},"content":{"rendered":"<div class=\"wp-block-columns is-layout-flex wp-container-core-columns-is-layout-9d6595d7 wp-block-columns-is-layout-flex\">\n<div class=\"wp-block-column is-layout-flow wp-block-column-is-layout-flow\">\n<h3 class=\"wp-block-heading\">Param\u00e8tres des bocaux de conservation avec couvercles<\/h3>\n\n\n\n<figure class=\"wp-block-table\"><table class=\"has-fixed-layout\"><tbody><tr><td>Objet<\/td><td>Capacit\u00e9<\/td><td>Taille\/PCS<\/td><td>PCS\/Case<\/td><td>N.W.\/PCS<\/td><td>G.W.\/Cas<\/td><\/tr><tr><td>MYJD239<\/td><td>450ml<\/td><td>13*13*5.5<\/td><td>100<\/td><td>0.24<\/td><td>26<\/td><\/tr><tr><td>MYJD240<\/td><td>650ml<\/td><td>13*13*7.5<\/td><td>80<\/td><td>0.25<\/td><td>22<\/td><\/tr><tr><td>MYJD241<\/td><td>900ml<\/td><td>13*13*9.5<\/td><td>80<\/td><td>0.27<\/td><td>23.6<\/td><\/tr><\/tbody><\/table><\/figure>\n<\/div>\n<\/div>\n\n\n\n<h3 class=\"wp-block-heading\">Options de conteneurs alimentaires personnalis\u00e9s<\/h3>\n\n\n\n<p><strong>Logo<\/strong>: personnalisez le logo de votre marque sur les produits et l'emballage.<br><strong>Couvercle<\/strong>: Couvercle en verre, couvercle en PP<br><strong>Options du logo<\/strong>logo imprim\u00e9, logo grav\u00e9 au laser, etc.<br><strong>Mod\u00e8le<\/strong>: motifs d'impression sur les conteneurs de stockage de produits alimentaires.<br><strong>Technologie d'impression<\/strong>Les techniques d'impression sont les suivantes : impression par transfert d'eau, impression par s\u00e9rigraphie, impression par transfert de chaleur, etc.<br><strong>Paquet :<\/strong> Bo\u00eete de couleurs.<br><a href=\"https:\/\/moyahousehold.com\/fr\/solution-personnalisee\/\" data-type=\"page\" data-id=\"2817\" target=\"_blank\" rel=\"noreferrer noopener\"><strong>D\u00e9couvrez d'autres solutions de conteneurs alimentaires personnalis\u00e9s.<\/strong><\/a><\/p>\n\n\n\n<div class=\"wp-block-columns is-layout-flex wp-container-core-columns-is-layout-9d6595d7 wp-block-columns-is-layout-flex\">\n<div class=\"wp-block-column is-layout-flow wp-block-column-is-layout-flow\">\n<figure class=\"wp-block-image size-full\"><img fetchpriority=\"high\" decoding=\"async\" width=\"1600\" height=\"1600\" src=\"https:\/\/moyahousehold.com\/wp-content\/uploads\/2024\/07\/bulk-food-storage-jars-1.webp\" alt=\"pots de conservation en vrac (1)\" class=\"wp-image-9282\" srcset=\"https:\/\/moyahousehold.com\/wp-content\/uploads\/2024\/07\/bulk-food-storage-jars-1.webp 1600w, https:\/\/moyahousehold.com\/wp-content\/uploads\/2024\/07\/bulk-food-storage-jars-1-300x300.webp 300w, https:\/\/moyahousehold.com\/wp-content\/uploads\/2024\/07\/bulk-food-storage-jars-1-150x150.webp 150w, https:\/\/moyahousehold.com\/wp-content\/uploads\/2024\/07\/bulk-food-storage-jars-1-768x768.webp 768w, https:\/\/moyahousehold.com\/wp-content\/uploads\/2024\/07\/bulk-food-storage-jars-1-12x12.webp 12w, https:\/\/moyahousehold.com\/wp-content\/uploads\/2024\/07\/bulk-food-storage-jars-1-285x285.webp 285w, https:\/\/moyahousehold.com\/wp-content\/uploads\/2024\/07\/bulk-food-storage-jars-1-270x270.webp 270w, https:\/\/moyahousehold.com\/wp-content\/uploads\/2024\/07\/bulk-food-storage-jars-1-540x540.webp 540w, https:\/\/moyahousehold.com\/wp-content\/uploads\/2024\/07\/bulk-food-storage-jars-1-660x660.webp 660w\" sizes=\"(max-width: 1600px) 100vw, 1600px\" \/><\/figure>\n<\/div>\n\n\n\n<div class=\"wp-block-column is-layout-flow wp-block-column-is-layout-flow\">\n<figure class=\"wp-block-image size-full\"><img decoding=\"async\" width=\"1600\" height=\"1600\" src=\"https:\/\/moyahousehold.com\/wp-content\/uploads\/2024\/07\/bulk-food-storage-jars-2.webp\" alt=\"bocaux de stockage de produits alimentaires en vrac (2)\" class=\"wp-image-9283\" srcset=\"https:\/\/moyahousehold.com\/wp-content\/uploads\/2024\/07\/bulk-food-storage-jars-2.webp 1600w, https:\/\/moyahousehold.com\/wp-content\/uploads\/2024\/07\/bulk-food-storage-jars-2-300x300.webp 300w, https:\/\/moyahousehold.com\/wp-content\/uploads\/2024\/07\/bulk-food-storage-jars-2-150x150.webp 150w, https:\/\/moyahousehold.com\/wp-content\/uploads\/2024\/07\/bulk-food-storage-jars-2-768x768.webp 768w, https:\/\/moyahousehold.com\/wp-content\/uploads\/2024\/07\/bulk-food-storage-jars-2-12x12.webp 12w, https:\/\/moyahousehold.com\/wp-content\/uploads\/2024\/07\/bulk-food-storage-jars-2-285x285.webp 285w, https:\/\/moyahousehold.com\/wp-content\/uploads\/2024\/07\/bulk-food-storage-jars-2-270x270.webp 270w, https:\/\/moyahousehold.com\/wp-content\/uploads\/2024\/07\/bulk-food-storage-jars-2-540x540.webp 540w, https:\/\/moyahousehold.com\/wp-content\/uploads\/2024\/07\/bulk-food-storage-jars-2-660x660.webp 660w\" sizes=\"(max-width: 1600px) 100vw, 1600px\" \/><\/figure>\n<\/div>\n<\/div>","protected":false},"excerpt":{"rendered":"<p>Les bocaux de conservation des aliments en gros et en vrac avec couvercles permettent de conserver efficacement les produits secs, les \u00e9pices, les c\u00e9r\u00e9ales, les noix et autres aliments, de garder les aliments frais et savoureux, c'est un choix id\u00e9al pour les d\u00e9taillants, les traiteurs et les cuisines commerciales. Ce pot alimentaire a un design mignon et nous fournissons une vari\u00e9t\u00e9 d'options de capacit\u00e9, nous invitons les acheteurs B2B \u00e0 nous contacter.<\/p>\n<h3>Caract\u00e9ristiques des bocaux de conservation avec couvercle<\/h3>\n<p><strong>Couvercle en verre transparent :<\/strong> Le bocal est \u00e9quip\u00e9 d'un couvercle transparent, ce qui permet de voir les aliments \u00e0 l'int\u00e9rieur sans ouvrir le couvercle. Il est tr\u00e8s pratique de trouver des \u00e9l\u00e9ments pour classer les aliments et gagner du temps.<\/p>\n<p><strong>Sant\u00e9 et s\u00e9curit\u00e9 :<\/strong> Le pot est fabriqu\u00e9 en acier inoxydable et en verre de qualit\u00e9 alimentaire, sans BPA, tr\u00e8s s\u00fbr, adapt\u00e9 au th\u00e9, aux grains de caf\u00e9 et \u00e0 d'autres aliments. Le r\u00e9gime alimentaire de la famille est sain.<\/p>\n<p><strong>Bonne performance d'\u00e9tanch\u00e9it\u00e9 :<\/strong> \u00c9quip\u00e9 d'anneaux d'\u00e9tanch\u00e9it\u00e9 perfectionn\u00e9s, le couvercle et le bocal sont tr\u00e8s \u00e9tanches, l'air, l'humidit\u00e9 et la poussi\u00e8re ne peuvent y p\u00e9n\u00e9trer, ce qui permet aux aliments de rester frais et de durer plus longtemps.<\/p>\n<p><strong>Plusieurs capacit\u00e9s disponibles :<\/strong> Il existe de nombreuses tailles de bocaux diff\u00e9rentes : les petits peuvent \u00eatre utilis\u00e9s pour les snacks et les grands pour les aliments de base. Qu'il s'agisse d'un usage personnel, de pique-niques ou d'un grand stockage, vous trouverez celui qu'il vous faut.<\/p>\n<p><strong>Personnalisation de l'assistance :<\/strong> Nous pouvons personnaliser les produits en fonction des exigences des clients, par exemple en changeant les couleurs, en imprimant le logo ou en optimisant les fonctions. Ces produits conviennent particuli\u00e8rement aux clients qui ach\u00e8tent en grandes quantit\u00e9s, tels que les d\u00e9taillants ou les marchands de cadeaux.<\/p>","protected":false},"featured_media":9284,"comment_status":"closed","ping_status":"closed","template":"","meta":[],"product_cat":[57],"product_tag":[98],"class_list":{"0":"post-7228","1":"product","2":"type-product","3":"status-publish","4":"has-post-thumbnail","6":"product_cat-food-storage-container-wholesale","7":"product_tag-wholesale-round-food-storage-containers","9":"first","10":"instock","11":"shipping-taxable","12":"product-type-simple"},"_links":{"self":[{"href":"https:\/\/moyahousehold.com\/fr\/wp-json\/wp\/v2\/product\/7228","targetHints":{"allow":["GET"]}}],"collection":[{"href":"https:\/\/moyahousehold.com\/fr\/wp-json\/wp\/v2\/product"}],"about":[{"href":"https:\/\/moyahousehold.com\/fr\/wp-json\/wp\/v2\/types\/product"}],"replies":[{"embeddable":true,"href":"https:\/\/moyahousehold.com\/fr\/wp-json\/wp\/v2\/comments?post=7228"}],"version-history":[{"count":0,"href":"https:\/\/moyahousehold.com\/fr\/wp-json\/wp\/v2\/product\/7228\/revisions"}],"wp:featuredmedia":[{"embeddable":true,"href":"https:\/\/moyahousehold.com\/fr\/wp-json\/wp\/v2\/media\/9284"}],"wp:attachment":[{"href":"https:\/\/moyahousehold.com\/fr\/wp-json\/wp\/v2\/media?parent=7228"}],"wp:term":[{"taxonomy":"product_cat","embeddable":true,"href":"https:\/\/moyahousehold.com\/fr\/wp-json\/wp\/v2\/product_cat?post=7228"},{"taxonomy":"product_tag","embeddable":true,"href":"https:\/\/moyahousehold.com\/fr\/wp-json\/wp\/v2\/product_tag?post=7228"}],"curies":[{"name":"wp","href":"https:\/\/api.w.org\/{rel}","templated":true}]}}