{"id":7300,"date":"2024-07-18T07:24:22","date_gmt":"2024-07-18T07:24:22","guid":{"rendered":"https:\/\/moyahousehold.com\/?post_type=product&#038;p=7300"},"modified":"2025-02-05T10:00:20","modified_gmt":"2025-02-05T10:00:20","slug":"wholesale-food-container-supplier-introducing-korean-style-food-container-series","status":"publish","type":"product","link":"https:\/\/moyahousehold.com\/fr\/produit\/fournisseur-de-conteneurs-alimentaires-en-gros-introduisant-la-serie-de-conteneurs-alimentaires-de-style-coreen\/","title":{"rendered":"Wholesale Food Container Supplier - Pr\u00e9sentation de la s\u00e9rie de conteneurs alimentaires de style cor\u00e9en"},"content":{"rendered":"<div data-elementor-type=\"product-post\" data-elementor-id=\"7300\" class=\"elementor elementor-7300\" data-elementor-post-type=\"product\">\n\t\t\t\t<div class=\"elementor-element elementor-element-08cbba8 e-grid e-con-boxed e-con e-parent\" data-id=\"08cbba8\" data-element_type=\"container\">\n\t\t\t\t\t<div class=\"e-con-inner\">\n\t\t\t\t\t<\/div>\n\t\t\t\t<\/div>\n\t\t\t\t<\/div>","protected":false},"excerpt":{"rendered":"<p>Nous sommes un fournisseur professionnel de conteneurs alimentaires en gros et fournissons un service de conteneurs alimentaires en gros.Notre nouvelle s\u00e9rie de conteneurs alimentaires de style cor\u00e9en comprend divers types et sp\u00e9cifications.Ce conteneur alimentaire en gros en acier inoxydable a une bonne \u00e9tanch\u00e9it\u00e9 \u00e0 l'air pour assurer une pression n\u00e9gative, un faible taux d'oxyg\u00e8ne et un micro-vide, ce qui r\u00e9duit la teneur en oxyg\u00e8ne, \u00e9vite l'entr\u00e9e de la poussi\u00e8re et de l'humidit\u00e9 et r\u00e9duit le risque d'oxydation des aliments et de croissance bact\u00e9rienne.Nous fournissons un service de conteneurs alimentaires en gros et des solutions de conteneurs alimentaires personnalis\u00e9s OEM et ODM.Bienvenue, contactez-nous pour un devis.<\/p>\n<h3>Caract\u00e9ristiques et avantages des conteneurs alimentaires de gros<\/h3>\n<p><strong>Garder la fra\u00eecheur<\/strong>: Fabriqu\u00e9s en acier inoxydable de haute qualit\u00e9, les conteneurs de gros refroidissent rapidement et uniform\u00e9ment, pr\u00e9servant la fra\u00eecheur et emp\u00eachant la perte de nutriments.<\/p>\n<p><strong>Compatible avec le four \u00e0 micro-ondes<\/strong>: Ces r\u00e9cipients pour aliments en gros peuvent \u00eatre utilis\u00e9s au micro-ondes. Chauffez-les \u00e0 puissance moyenne pendant 3 \u00e0 5 minutes, en gardant le couvercle l\u00e9g\u00e8rement ouvert pour permettre \u00e0 la vapeur de s'\u00e9chapper.<\/p>\n<p><strong>Couvercle \u00e9paissi<\/strong>: Le couvercle \u00e9pais est durable et r\u00e9sistant \u00e0 la d\u00e9formation.<\/p>\n<p><strong>Sp\u00e9cifications multiples<\/strong>: La s\u00e9rie de conteneurs alimentaires en gros comporte de nombreuses sp\u00e9cifications parmi lesquelles choisir, les aliments de diff\u00e9rentes tailles peuvent \u00eatre s\u00e9par\u00e9s. Ils r\u00e9solvent les probl\u00e8mes de conservation des aliments et emp\u00eachent la d\u00e9formation des saveurs.<\/p>\n<p><strong>Meilleur service<\/strong>:En tant que fournisseur principal de conteneurs alimentaires en gros, nous fournissons le meilleur service de conteneurs alimentaires en gros \u00e0 nos clients.<\/p>\n<p><strong><a href=\"https:\/\/moyahousehold.com\/fr\/solution-personnalisee\/\">Nous offrons la solution la plus professionnelle en mati\u00e8re de conteneurs alimentaires en acier inoxydable personnalis\u00e9s OEM&amp;ODM.<\/a><\/strong><\/p>","protected":false},"featured_media":7306,"comment_status":"open","ping_status":"closed","template":"","meta":[],"product_cat":[57],"product_tag":[99],"class_list":{"0":"post-7300","1":"product","2":"type-product","3":"status-publish","4":"has-post-thumbnail","6":"product_cat-food-storage-container-wholesale","7":"product_tag-wholesale-rectangle-food-storage-containers","9":"first","10":"instock","11":"shipping-taxable","12":"product-type-simple"},"_links":{"self":[{"href":"https:\/\/moyahousehold.com\/fr\/wp-json\/wp\/v2\/product\/7300","targetHints":{"allow":["GET"]}}],"collection":[{"href":"https:\/\/moyahousehold.com\/fr\/wp-json\/wp\/v2\/product"}],"about":[{"href":"https:\/\/moyahousehold.com\/fr\/wp-json\/wp\/v2\/types\/product"}],"replies":[{"embeddable":true,"href":"https:\/\/moyahousehold.com\/fr\/wp-json\/wp\/v2\/comments?post=7300"}],"version-history":[{"count":0,"href":"https:\/\/moyahousehold.com\/fr\/wp-json\/wp\/v2\/product\/7300\/revisions"}],"wp:featuredmedia":[{"embeddable":true,"href":"https:\/\/moyahousehold.com\/fr\/wp-json\/wp\/v2\/media\/7306"}],"wp:attachment":[{"href":"https:\/\/moyahousehold.com\/fr\/wp-json\/wp\/v2\/media?parent=7300"}],"wp:term":[{"taxonomy":"product_cat","embeddable":true,"href":"https:\/\/moyahousehold.com\/fr\/wp-json\/wp\/v2\/product_cat?post=7300"},{"taxonomy":"product_tag","embeddable":true,"href":"https:\/\/moyahousehold.com\/fr\/wp-json\/wp\/v2\/product_tag?post=7300"}],"curies":[{"name":"wp","href":"https:\/\/api.w.org\/{rel}","templated":true}]}}