{"id":7316,"date":"2024-07-18T07:53:56","date_gmt":"2024-07-18T07:53:56","guid":{"rendered":"https:\/\/moyahousehold.com\/?post_type=product&#038;p=7316"},"modified":"2025-03-05T10:09:01","modified_gmt":"2025-03-05T10:09:01","slug":"high-quality-bulk-stainless-steel-food-containers-for-sale","status":"publish","type":"product","link":"https:\/\/moyahousehold.com\/fr\/produit\/high-quality-bulk-stainless-steel-food-containers-for-sale\/","title":{"rendered":"R\u00e9cipients alimentaires en acier inoxydable de haute qualit\u00e9 pour la vente - Factory Direct"},"content":{"rendered":"<div class=\"wp-block-columns is-layout-flex wp-container-core-columns-is-layout-9d6595d7 wp-block-columns-is-layout-flex\">\n<div class=\"wp-block-column is-layout-flow wp-block-column-is-layout-flow\">\n<h3 class=\"wp-block-heading\">Param\u00e8tres des conteneurs alimentaires en acier inoxydable<\/h3>\n\n\n\n<figure class=\"wp-block-table\"><table class=\"has-fixed-layout\"><tbody><tr><td>Objet<\/td><td>Capacit\u00e9<\/td><td>Taille\/PCS<\/td><td>PCS\/Case<\/td><td>N.W.\/PCS<\/td><td>G.W.\/Cas<\/td><\/tr><tr><td>MYJD203<\/td><td>400ml<\/td><td>13.3*11.3*6.3<\/td><td>80<\/td><td>0.18<\/td><td>16.4<\/td><\/tr><tr><td>MYJD204<\/td><td>650ml<\/td><td>13.3*11.3*8.6<\/td><td>80<\/td><td>0.2<\/td><td>18<\/td><\/tr><tr><td>MYJD205<\/td><td>900ml<\/td><td>13.3*11.3*11.1<\/td><td>60<\/td><td>0.24<\/td><td>16.4<\/td><\/tr><tr><td>MYJD206<\/td><td>1000ml<\/td><td>22*15.1*6.5<\/td><td>60<\/td><td>0.35<\/td><td>23<\/td><\/tr><tr><td>MYJD207<\/td><td>1600ml<\/td><td>22*15.1*8.9<\/td><td>60<\/td><td>0.38<\/td><td>24.8<\/td><\/tr><tr><td>MYJD208<\/td><td>2100ml<\/td><td>22*15.1*11.3<\/td><td>48<\/td><td>0.43<\/td><td>22.64<\/td><\/tr><tr><td>MYJD209<\/td><td>2400ml<\/td><td>29*22*6.3<\/td><td>48<\/td><td>0.62<\/td><td>31.76<\/td><\/tr><tr><td>MYJD210<\/td><td>3500ml<\/td><td>29*22*8.8<\/td><td>36<\/td><td>0.7<\/td><td>27.2<\/td><\/tr><tr><td>MYJD211<\/td><td>4600ml<\/td><td>29*22*11.2<\/td><td>24<\/td><td>0.76<\/td><td>20.24<\/td><\/tr><\/tbody><\/table><\/figure>\n<\/div>\n<\/div>\n\n\n\n<h3 class=\"wp-block-heading\">Options de contenants alimentaires en acier inoxydable personnalis\u00e9s<\/h3>\n\n\n\n<p><strong>Logo<\/strong>: personnalisation du logo de votre marque sur le produit et l'emballage.<br><strong>Couvercle<\/strong>: Couvercle en verre, couvercle en PP<br><strong>Options du logo<\/strong>logo imprim\u00e9, logo grav\u00e9 au laser, etc.<br><strong>Mod\u00e8le<\/strong>: motifs d'impression sur des r\u00e9cipients de stockage de produits alimentaires.<br><strong>Technologie d'impression<\/strong>Les techniques d'impression sont les suivantes : impression par transfert d'eau, impression par s\u00e9rigraphie, impression par transfert de chaleur, etc.<br><strong>Paquet<\/strong>:color box<br><a href=\"https:\/\/moyahousehold.com\/fr\/solution-personnalisee\/\" data-type=\"page\" data-id=\"2817\"><strong>Plus de personnalisation<\/strong><\/a><\/p>\n\n\n\n<div class=\"wp-block-columns is-layout-flex wp-container-core-columns-is-layout-9d6595d7 wp-block-columns-is-layout-flex\">\n<div class=\"wp-block-column is-layout-flow wp-block-column-is-layout-flow\">\n<figure class=\"wp-block-image size-full\"><img fetchpriority=\"high\" decoding=\"async\" width=\"837\" height=\"837\" src=\"https:\/\/moyahousehold.com\/wp-content\/uploads\/2024\/07\/bulk-food-container-5.webp\" alt=\"Conteneurs alimentaires en acier inoxydable en vrac Wholesale \" class=\"wp-image-7238\" srcset=\"https:\/\/moyahousehold.com\/wp-content\/uploads\/2024\/07\/bulk-food-container-5.webp 837w, https:\/\/moyahousehold.com\/wp-content\/uploads\/2024\/07\/bulk-food-container-5-300x300.webp 300w, https:\/\/moyahousehold.com\/wp-content\/uploads\/2024\/07\/bulk-food-container-5-150x150.webp 150w, https:\/\/moyahousehold.com\/wp-content\/uploads\/2024\/07\/bulk-food-container-5-768x768.webp 768w, https:\/\/moyahousehold.com\/wp-content\/uploads\/2024\/07\/bulk-food-container-5-12x12.webp 12w, https:\/\/moyahousehold.com\/wp-content\/uploads\/2024\/07\/bulk-food-container-5-285x285.webp 285w, https:\/\/moyahousehold.com\/wp-content\/uploads\/2024\/07\/bulk-food-container-5-270x270.webp 270w, https:\/\/moyahousehold.com\/wp-content\/uploads\/2024\/07\/bulk-food-container-5-540x540.webp 540w, https:\/\/moyahousehold.com\/wp-content\/uploads\/2024\/07\/bulk-food-container-5-660x660.webp 660w\" sizes=\"(max-width: 837px) 100vw, 837px\" \/><\/figure>\n<\/div>\n\n\n\n<div class=\"wp-block-column is-layout-flow wp-block-column-is-layout-flow\">\n<figure class=\"wp-block-image size-full\"><img decoding=\"async\" width=\"837\" height=\"837\" src=\"https:\/\/moyahousehold.com\/wp-content\/uploads\/2024\/07\/bulk-food-container-5.jpg\" alt=\"conteneurs pour aliments en vrac (5)\" class=\"wp-image-7237\" srcset=\"https:\/\/moyahousehold.com\/wp-content\/uploads\/2024\/07\/bulk-food-container-5.jpg 837w, https:\/\/moyahousehold.com\/wp-content\/uploads\/2024\/07\/bulk-food-container-5-300x300.jpg 300w, https:\/\/moyahousehold.com\/wp-content\/uploads\/2024\/07\/bulk-food-container-5-150x150.jpg 150w, https:\/\/moyahousehold.com\/wp-content\/uploads\/2024\/07\/bulk-food-container-5-768x768.jpg 768w, https:\/\/moyahousehold.com\/wp-content\/uploads\/2024\/07\/bulk-food-container-5-12x12.jpg 12w, https:\/\/moyahousehold.com\/wp-content\/uploads\/2024\/07\/bulk-food-container-5-285x285.jpg 285w, https:\/\/moyahousehold.com\/wp-content\/uploads\/2024\/07\/bulk-food-container-5-270x270.jpg 270w, https:\/\/moyahousehold.com\/wp-content\/uploads\/2024\/07\/bulk-food-container-5-540x540.jpg 540w, https:\/\/moyahousehold.com\/wp-content\/uploads\/2024\/07\/bulk-food-container-5-660x660.jpg 660w\" sizes=\"(max-width: 837px) 100vw, 837px\" \/><\/figure>\n<\/div>\n<\/div>\n\n\n\n<div class=\"wp-block-columns is-layout-flex wp-container-core-columns-is-layout-9d6595d7 wp-block-columns-is-layout-flex\">\n<div class=\"wp-block-column is-layout-flow wp-block-column-is-layout-flow\"><\/div>\n\n\n\n<div class=\"wp-block-column is-layout-flow wp-block-column-is-layout-flow\"><\/div>\n<\/div>\n\n\n\n<p><\/p>","protected":false},"excerpt":{"rendered":"<p>Nous sommes un professionnel<a href=\"https:\/\/moyahousehold.com\/fr\/categorie-de-produits\/food-storage-container-wholesale\/\" target=\"_blank\" rel=\"noopener\"><strong> Fabricant de r\u00e9cipients alimentaires en acier inoxydable<\/strong><\/a>Nous fournissons des services de vente en gros de conteneurs alimentaires en acier inoxydable en vrac. Ce conteneur alimentaire en acier inoxydable a une vari\u00e9t\u00e9 de sp\u00e9cifications \u00e0 choisir, convenant au stockage de divers types d'aliments, y compris les l\u00e9gumes, les fruits de mer, la viande ou les aliments cuits, avec une excellente \u00e9tanch\u00e9it\u00e9, de sorte que vous n'avez plus \u00e0 vous soucier de la nourriture qui se renverse. Plus respectueux de l'environnement, les conteneurs alimentaires z\u00e9ro d\u00e9chet vous apportent une exp\u00e9rience gastronomique \u00e9l\u00e9gante et durable. Nos conteneurs alimentaires en acier inoxydable en vrac peuvent non seulement r\u00e9pondre \u00e0 vos commandes importantes, mais aussi am\u00e9liorer votre marque gr\u00e2ce \u00e0 des prix comp\u00e9titifs et une haute qualit\u00e9.<\/p>\n<h3>Caract\u00e9ristiques et avantages des conteneurs pour aliments en vrac<\/p>\n<\/h3>\n<p><strong>Cong\u00e9lation rapide<\/strong>: Ce r\u00e9cipient en acier inoxydable est dot\u00e9 d'une fonction de cong\u00e9lation rapide. Le mat\u00e9riau m\u00e9tallique conduit rapidement le froid, ce qui permet de mieux conserver la fra\u00eecheur des ingr\u00e9dients. Il convient parfaitement \u00e0 la conservation de la viande fra\u00eeche.<\/p>\n<p><strong>Compatible avec le four \u00e0 micro-ondes<\/strong>: Ce r\u00e9cipient alimentaire en acier inoxydable peut \u00eatre utilis\u00e9 pour le chauffage au micro-ondes (chauffer \u00e0 feu moyen pendant environ 3 \u00e0 5 minutes. Veillez \u00e0 retirer le couvercle pendant le chauffage et \u00e0 maintenir la ventilation).<\/p>\n<p><strong>Facile \u00e0 nettoyer<\/strong>: La surface de nos conteneurs est finement polie, lisse comme si elle \u00e9tait neuve et tr\u00e8s facile \u00e0 nettoyer. Le mat\u00e9riau de surface ne r\u00e9siste pas seulement efficacement \u00e0 la salet\u00e9, mais \u00e9limine \u00e9galement tout r\u00e9sidu d'odeur potentiel. En m\u00eame temps, ils sont des compagnons id\u00e9aux pour les r\u00e9frig\u00e9rateurs et les cong\u00e9lateurs, et ils peuvent \u00eatre stock\u00e9s comme vous le souhaitez.<\/p>\n<p><strong>Options de tailles multiples<\/strong>: Cet ensemble est soigneusement con\u00e7u avec 9 r\u00e9cipients de diff\u00e9rentes capacit\u00e9s, allant de 400 ml \u00e0 4600 ml, pour r\u00e9pondre \u00e0 diff\u00e9rents besoins de stockage. Qu'il s'agisse de repas quotidiens, d'en-cas ou de restes, il permet de conserver des aliments frais et d\u00e9licieux pendant longtemps.<\/p>\n<p><strong>Polyvalence et protection de l'environnement<\/strong>: Nos r\u00e9cipients alimentaires en acier inoxydable en vrac ont un large champ d'application et peuvent \u00eatre utilis\u00e9s comme bo\u00eetes \u00e0 lunch, bo\u00eetes \u00e0 collation et bo\u00eetes \u00e0 bento. Le choix de ces r\u00e9cipients r\u00e9utilisables est une fa\u00e7on de contribuer positivement \u00e0 l'environnement, en r\u00e9duisant l'utilisation de plastiques jetables, r\u00e9duisant ainsi le fardeau des d\u00e9chets plastiques sur l'environnement naturel.<\/p>\n<p><strong><a href=\"https:\/\/moyahousehold.com\/fr\/solution-personnalisee\/\">Nous proposons des solutions OEM&amp;ODM de conteneurs alimentaires sur mesure pour r\u00e9pondre \u00e0 vos besoins.<\/a><\/strong><\/p>","protected":false},"featured_media":7246,"comment_status":"open","ping_status":"closed","template":"","meta":[],"product_cat":[57],"product_tag":[95,106,99],"class_list":{"0":"post-7316","1":"product","2":"type-product","3":"status-publish","4":"has-post-thumbnail","6":"product_cat-food-storage-container-wholesale","7":"product_tag-wholesale-food-storage-containers-with-date-dial","8":"product_tag-microwavable-food-storage-containers","9":"product_tag-wholesale-rectangle-food-storage-containers","11":"first","12":"instock","13":"shipping-taxable","14":"product-type-simple"},"_links":{"self":[{"href":"https:\/\/moyahousehold.com\/fr\/wp-json\/wp\/v2\/product\/7316","targetHints":{"allow":["GET"]}}],"collection":[{"href":"https:\/\/moyahousehold.com\/fr\/wp-json\/wp\/v2\/product"}],"about":[{"href":"https:\/\/moyahousehold.com\/fr\/wp-json\/wp\/v2\/types\/product"}],"replies":[{"embeddable":true,"href":"https:\/\/moyahousehold.com\/fr\/wp-json\/wp\/v2\/comments?post=7316"}],"version-history":[{"count":0,"href":"https:\/\/moyahousehold.com\/fr\/wp-json\/wp\/v2\/product\/7316\/revisions"}],"wp:featuredmedia":[{"embeddable":true,"href":"https:\/\/moyahousehold.com\/fr\/wp-json\/wp\/v2\/media\/7246"}],"wp:attachment":[{"href":"https:\/\/moyahousehold.com\/fr\/wp-json\/wp\/v2\/media?parent=7316"}],"wp:term":[{"taxonomy":"product_cat","embeddable":true,"href":"https:\/\/moyahousehold.com\/fr\/wp-json\/wp\/v2\/product_cat?post=7316"},{"taxonomy":"product_tag","embeddable":true,"href":"https:\/\/moyahousehold.com\/fr\/wp-json\/wp\/v2\/product_tag?post=7316"}],"curies":[{"name":"wp","href":"https:\/\/api.w.org\/{rel}","templated":true}]}}