{"id":7319,"date":"2024-07-18T08:07:54","date_gmt":"2024-07-18T08:07:54","guid":{"rendered":"https:\/\/moyahousehold.com\/?post_type=product&#038;p=7319"},"modified":"2025-02-05T09:57:38","modified_gmt":"2025-02-05T09:57:38","slug":"wholesale-stainless-steel-color-food-containers-with-lids","status":"publish","type":"product","link":"https:\/\/moyahousehold.com\/fr\/produit\/wholesale-stainless-steel-color-food-containers-with-lids\/","title":{"rendered":"R\u00e9cipients alimentaires en acier inoxydable avec couvercles - Id\u00e9al pour la maison et le stockage commercial"},"content":{"rendered":"<div class=\"wp-block-columns is-layout-flex wp-container-core-columns-is-layout-9d6595d7 wp-block-columns-is-layout-flex\">\n<div class=\"wp-block-column is-layout-flow wp-block-column-is-layout-flow\">\n<h3 class=\"wp-block-heading\">Param\u00e8tres des r\u00e9cipients alimentaires en acier inoxydable de couleur<\/h3>\n\n\n\n<figure class=\"wp-block-table\"><table class=\"has-fixed-layout\"><tbody><tr><td>Objet<\/td><td>Capacit\u00e9<\/td><td>Taille\/PCS<\/td><td>PCS\/Case<\/td><td>N.W.\/PCS<\/td><td>G.W.\/Cas<\/td><\/tr><tr><td>MYJD203<\/td><td>400ml<\/td><td>13.3*11.3*6.3<\/td><td>80<\/td><td>0.18<\/td><td>16.4<\/td><\/tr><tr><td>MYJD204<\/td><td>650ml<\/td><td>13.3*11.3*8.6<\/td><td>80<\/td><td>0.2<\/td><td>18<\/td><\/tr><tr><td>MYJD205<\/td><td>900ml<\/td><td>13.3*11.3*11.1<\/td><td>60<\/td><td>0.24<\/td><td>16.4<\/td><\/tr><tr><td>MYJD206<\/td><td>1000ml<\/td><td>22*15.1*6.5<\/td><td>60<\/td><td>0.35<\/td><td>23<\/td><\/tr><tr><td>MYJD207<\/td><td>1600ml<\/td><td>22*15.1*8.9<\/td><td>60<\/td><td>0.38<\/td><td>24.8<\/td><\/tr><tr><td>MYJD208<\/td><td>2100ml<\/td><td>22*15.1*11.3<\/td><td>48<\/td><td>0.43<\/td><td>22.64<\/td><\/tr><tr><td>MYJD209<\/td><td>2400ml<\/td><td>29*22*6.3<\/td><td>48<\/td><td>0.62<\/td><td>31.76<\/td><\/tr><tr><td>MYJD210<\/td><td>3500ml<\/td><td>29*22*8.8<\/td><td>36<\/td><td>0.7<\/td><td>27.2<\/td><\/tr><tr><td>MYJD211<\/td><td>4600ml<\/td><td>29*22*11.2<\/td><td>24<\/td><td>0.76<\/td><td>20.24<\/td><\/tr><\/tbody><\/table><\/figure>\n<\/div>\n<\/div>\n\n\n\n<h3 class=\"wp-block-heading\">Options de contenants alimentaires en acier inoxydable personnalis\u00e9s<\/h3>\n\n\n\n<p><strong>Logo<\/strong>: personnalisation du logo de votre marque sur le produit et l'emballage.<br><strong>Couvercle<\/strong>: Couvercle en verre, couvercle en PP<br><strong>Options du logo<\/strong>logo imprim\u00e9, logo grav\u00e9 au laser, etc.<br><strong>Mod\u00e8le<\/strong>: motifs d'impression sur des r\u00e9cipients de stockage de produits alimentaires.<br><strong>Technologie d'impression<\/strong>Les techniques d'impression sont les suivantes : impression par transfert d'eau, impression par s\u00e9rigraphie, impression par transfert de chaleur, etc.<br><strong>Paquet<\/strong>:color box<br><a href=\"https:\/\/moyahousehold.com\/fr\/solution-personnalisee\/\" data-type=\"page\" data-id=\"2817\"><strong>En savoir plus sur les solutions de conteneurs alimentaires personnalis\u00e9s personnalisation<\/strong><\/a><\/p>\n\n\n\n<div class=\"wp-block-columns is-layout-flex wp-container-core-columns-is-layout-9d6595d7 wp-block-columns-is-layout-flex\">\n<div class=\"wp-block-column is-layout-flow wp-block-column-is-layout-flow\">\n<figure class=\"wp-block-image size-full\"><img fetchpriority=\"high\" decoding=\"async\" width=\"1500\" height=\"1500\" src=\"https:\/\/moyahousehold.com\/wp-content\/uploads\/2024\/07\/blue-food-container-display.jpg\" alt=\"pr\u00e9sentoir bleu pour conteneurs alimentaires\" class=\"wp-image-9042\" srcset=\"https:\/\/moyahousehold.com\/wp-content\/uploads\/2024\/07\/blue-food-container-display.jpg 1500w, https:\/\/moyahousehold.com\/wp-content\/uploads\/2024\/07\/blue-food-container-display-300x300.jpg 300w, https:\/\/moyahousehold.com\/wp-content\/uploads\/2024\/07\/blue-food-container-display-150x150.jpg 150w, https:\/\/moyahousehold.com\/wp-content\/uploads\/2024\/07\/blue-food-container-display-768x768.jpg 768w, https:\/\/moyahousehold.com\/wp-content\/uploads\/2024\/07\/blue-food-container-display-12x12.jpg 12w, https:\/\/moyahousehold.com\/wp-content\/uploads\/2024\/07\/blue-food-container-display-285x285.jpg 285w, https:\/\/moyahousehold.com\/wp-content\/uploads\/2024\/07\/blue-food-container-display-270x270.jpg 270w, https:\/\/moyahousehold.com\/wp-content\/uploads\/2024\/07\/blue-food-container-display-540x540.jpg 540w, https:\/\/moyahousehold.com\/wp-content\/uploads\/2024\/07\/blue-food-container-display-660x660.jpg 660w\" sizes=\"(max-width: 1500px) 100vw, 1500px\" \/><\/figure>\n<\/div>\n\n\n\n<div class=\"wp-block-column is-layout-flow wp-block-column-is-layout-flow\">\n<figure class=\"wp-block-image size-full\"><img decoding=\"async\" width=\"1500\" height=\"1500\" src=\"https:\/\/moyahousehold.com\/wp-content\/uploads\/2024\/07\/green-food-container-display.jpg\" alt=\"pr\u00e9sentoir vert pour conteneurs alimentaires\" class=\"wp-image-9044\" srcset=\"https:\/\/moyahousehold.com\/wp-content\/uploads\/2024\/07\/green-food-container-display.jpg 1500w, https:\/\/moyahousehold.com\/wp-content\/uploads\/2024\/07\/green-food-container-display-300x300.jpg 300w, https:\/\/moyahousehold.com\/wp-content\/uploads\/2024\/07\/green-food-container-display-150x150.jpg 150w, https:\/\/moyahousehold.com\/wp-content\/uploads\/2024\/07\/green-food-container-display-768x768.jpg 768w, https:\/\/moyahousehold.com\/wp-content\/uploads\/2024\/07\/green-food-container-display-12x12.jpg 12w, https:\/\/moyahousehold.com\/wp-content\/uploads\/2024\/07\/green-food-container-display-285x285.jpg 285w, https:\/\/moyahousehold.com\/wp-content\/uploads\/2024\/07\/green-food-container-display-270x270.jpg 270w, https:\/\/moyahousehold.com\/wp-content\/uploads\/2024\/07\/green-food-container-display-540x540.jpg 540w, https:\/\/moyahousehold.com\/wp-content\/uploads\/2024\/07\/green-food-container-display-660x660.jpg 660w\" sizes=\"(max-width: 1500px) 100vw, 1500px\" \/><\/figure>\n<\/div>\n<\/div>","protected":false},"excerpt":{"rendered":"<p>Nous injectons des \u00e9l\u00e9ments de couleur riches dans ce conteneur alimentaire en acier inoxydable et concevons une vari\u00e9t\u00e9 de capacit\u00e9s pour que vous puissiez choisir, tr\u00e8s appropri\u00e9 pour le stockage \u00e0 la maison et au restaurant. Le fabricant de conteneurs alimentaires MOYA vous fournit les meilleurs services de vente en gros de conteneurs alimentaires en acier inoxydable et des solutions personnalis\u00e9es. N'h\u00e9sitez pas \u00e0 nous contacter pour plus d'informations.<\/p>\n<h3>Caract\u00e9ristiques du r\u00e9cipient de stockage alimentaire en acier inoxydable de couleur<\/h3>\n<p><strong>Mat\u00e9riau de qualit\u00e9 alimentaire sup\u00e9rieure :<\/strong> Le set de r\u00e9cipients alimentaires en acier inoxydable MOYA vous offre un choix plus sain. Notre ensemble de r\u00e9cipients pour la pr\u00e9paration des aliments est fabriqu\u00e9 en acier inoxydable 304 de qualit\u00e9 alimentaire, garantissant la s\u00e9curit\u00e9 et la salubrit\u00e9 du stockage des aliments.<\/p>\n<p><strong>Sans BPA :<\/strong> Ce r\u00e9cipient en acier inoxydable est fabriqu\u00e9 dans un mat\u00e9riau recyclable sans BPA, qui permet de conserver la puret\u00e9 et la fra\u00eecheur des aliments, m\u00eame \u00e0 des temp\u00e9ratures \u00e9lev\u00e9es ou en cas d'utilisation prolong\u00e9e.<\/p>\n<p>&nbsp;<\/p>\n<p><strong>Cadeau id\u00e9al :<\/strong> L'ensemble de 9 r\u00e9cipients en acier inoxydable de Moya est parfait pour tous les besoins de stockage, et l'aspect color\u00e9 ajoute plus de plaisir \u00e0 la vie. C'est un cadeau id\u00e9al pour diverses occasions telles que les mariages et No\u00ebl.<\/p>\n<p><strong>Multifonctionnel :<\/strong> Le r\u00e9cipient de conservation des aliments en acier inoxydable de MOYA est \u00e9quip\u00e9 d'un couvercle con\u00e7u avec pr\u00e9cision et d'un module d'enregistrement du temps sur le couvercle pour aider les utilisateurs \u00e0 mieux g\u00e9rer la fra\u00eecheur des aliments et \u00e0 \u00e9viter le gaspillage.<\/p>\n<p><strong>Service de vente en gros et sur mesure :<\/strong> Nous proposons des options de vente en gros flexibles et des services professionnels personnalis\u00e9s, et nous pouvons personnaliser les couleurs, les sp\u00e9cifications, les logos de marque et les cadrans de date en fonction des besoins des clients.<\/p>","protected":false},"featured_media":9045,"comment_status":"open","ping_status":"closed","template":"","meta":[],"product_cat":[57],"product_tag":[95,99],"class_list":{"0":"post-7319","1":"product","2":"type-product","3":"status-publish","4":"has-post-thumbnail","6":"product_cat-food-storage-container-wholesale","7":"product_tag-wholesale-food-storage-containers-with-date-dial","8":"product_tag-wholesale-rectangle-food-storage-containers","10":"first","11":"instock","12":"shipping-taxable","13":"product-type-simple"},"_links":{"self":[{"href":"https:\/\/moyahousehold.com\/fr\/wp-json\/wp\/v2\/product\/7319","targetHints":{"allow":["GET"]}}],"collection":[{"href":"https:\/\/moyahousehold.com\/fr\/wp-json\/wp\/v2\/product"}],"about":[{"href":"https:\/\/moyahousehold.com\/fr\/wp-json\/wp\/v2\/types\/product"}],"replies":[{"embeddable":true,"href":"https:\/\/moyahousehold.com\/fr\/wp-json\/wp\/v2\/comments?post=7319"}],"version-history":[{"count":0,"href":"https:\/\/moyahousehold.com\/fr\/wp-json\/wp\/v2\/product\/7319\/revisions"}],"wp:featuredmedia":[{"embeddable":true,"href":"https:\/\/moyahousehold.com\/fr\/wp-json\/wp\/v2\/media\/9045"}],"wp:attachment":[{"href":"https:\/\/moyahousehold.com\/fr\/wp-json\/wp\/v2\/media?parent=7319"}],"wp:term":[{"taxonomy":"product_cat","embeddable":true,"href":"https:\/\/moyahousehold.com\/fr\/wp-json\/wp\/v2\/product_cat?post=7319"},{"taxonomy":"product_tag","embeddable":true,"href":"https:\/\/moyahousehold.com\/fr\/wp-json\/wp\/v2\/product_tag?post=7319"}],"curies":[{"name":"wp","href":"https:\/\/api.w.org\/{rel}","templated":true}]}}