{"id":7321,"date":"2024-07-18T08:13:11","date_gmt":"2024-07-18T08:13:11","guid":{"rendered":"https:\/\/moyahousehold.com\/?post_type=product&#038;p=7321"},"modified":"2024-12-04T06:55:21","modified_gmt":"2024-12-04T06:55:21","slug":"wholesale-stainless-steel-frying-pans-with-lids","status":"publish","type":"product","link":"https:\/\/moyahousehold.com\/fr\/produit\/ustensiles-de-cuisine-en-acier-inoxydable-de-qualite-superieure-service-personnalise-en-gros-pour-mettre-en-valeur-votre-marque\/","title":{"rendered":"Wholesale Stainless Steel Frying Pans With Lids - MOYA Stylish Cookware Set\uff0cSupport OEM&amp;ODM"},"content":{"rendered":"<div class=\"wp-block-columns is-layout-flex wp-container-core-columns-is-layout-9d6595d7 wp-block-columns-is-layout-flex\">\n<div class=\"wp-block-column is-layout-flow wp-block-column-is-layout-flow\">\n<h3 class=\"wp-block-heading\">Param\u00e8tres de la po\u00eale \u00e0 frire en acier inoxydable<\/h3>\n\n\n\n<p><strong>Num\u00e9ro de mod\u00e8le<\/strong>: MYHL009-012<br><strong>Mat\u00e9riau<\/strong>: Acier 304 \u00e0 trois couches<br><strong>Couleur<\/strong>: Beige\/Acier<br><strong>Capacit\u00e9<\/strong>: 30cm<\/p>\n\n\n\n<h3 class=\"wp-block-heading\">Options d'ustensiles de cuisine personnalis\u00e9s<\/h3>\n\n\n\n<p><strong>Logo :&nbsp;<\/strong>personnaliser le logo de votre marque sur les ustensiles de cuisine et leur emballage.<br><strong>options de logo personnalis\u00e9 :<\/strong>&nbsp;logo imprim\u00e9, logo grav\u00e9 au laser, etc.<br><strong>Surface ext\u00e9rieure :&nbsp;<\/strong>personnaliser l'apparence de vos ustensiles de cuisine.<br><strong>Emballage :&nbsp;<\/strong>bo\u00eete \u00e0 couleurs<br><strong>Taille et capacit\u00e9<\/strong>: personnaliser la taille et la capacit\u00e9 de l'ustensile de cuisine<br><strong><a href=\"https:\/\/moyahousehold.com\/fr\/solution-personnalisee\/\" target=\"_blank\" rel=\"noreferrer noopener\">En savoir plus sur les solutions d'ustensiles de cuisine sur mesure<\/a><\/strong><\/p>\n<\/div>\n<\/div>\n\n\n\n<div class=\"wp-block-columns is-layout-flex wp-container-core-columns-is-layout-9d6595d7 wp-block-columns-is-layout-flex\">\n<div class=\"wp-block-column is-layout-flow wp-block-column-is-layout-flow\">\n<figure class=\"wp-block-image size-full\"><img fetchpriority=\"high\" decoding=\"async\" width=\"1200\" height=\"1200\" src=\"https:\/\/moyahousehold.com\/wp-content\/uploads\/2024\/07\/Stylish-Stainless-Steel-Frying-Pans-With-Lids-1.webp\" alt=\"Po\u00eales \u00e0 frire en acier inoxydable avec couvercles (1)\" class=\"wp-image-9698\" srcset=\"https:\/\/moyahousehold.com\/wp-content\/uploads\/2024\/07\/Stylish-Stainless-Steel-Frying-Pans-With-Lids-1.webp 1200w, https:\/\/moyahousehold.com\/wp-content\/uploads\/2024\/07\/Stylish-Stainless-Steel-Frying-Pans-With-Lids-1-300x300.webp 300w, https:\/\/moyahousehold.com\/wp-content\/uploads\/2024\/07\/Stylish-Stainless-Steel-Frying-Pans-With-Lids-1-150x150.webp 150w, https:\/\/moyahousehold.com\/wp-content\/uploads\/2024\/07\/Stylish-Stainless-Steel-Frying-Pans-With-Lids-1-768x768.webp 768w, https:\/\/moyahousehold.com\/wp-content\/uploads\/2024\/07\/Stylish-Stainless-Steel-Frying-Pans-With-Lids-1-12x12.webp 12w, https:\/\/moyahousehold.com\/wp-content\/uploads\/2024\/07\/Stylish-Stainless-Steel-Frying-Pans-With-Lids-1-285x285.webp 285w, https:\/\/moyahousehold.com\/wp-content\/uploads\/2024\/07\/Stylish-Stainless-Steel-Frying-Pans-With-Lids-1-270x270.webp 270w, https:\/\/moyahousehold.com\/wp-content\/uploads\/2024\/07\/Stylish-Stainless-Steel-Frying-Pans-With-Lids-1-540x540.webp 540w, https:\/\/moyahousehold.com\/wp-content\/uploads\/2024\/07\/Stylish-Stainless-Steel-Frying-Pans-With-Lids-1-660x660.webp 660w\" sizes=\"(max-width: 1200px) 100vw, 1200px\" \/><\/figure>\n<\/div>\n\n\n\n<div class=\"wp-block-column is-layout-flow wp-block-column-is-layout-flow\">\n<figure class=\"wp-block-image size-full\"><img decoding=\"async\" width=\"1200\" height=\"1200\" src=\"https:\/\/moyahousehold.com\/wp-content\/uploads\/2024\/07\/Stylish-Stainless-Steel-Frying-Pans-With-Lids-2.webp\" alt=\"Po\u00eales \u00e0 frire en acier inoxydable avec couvercles (2)\" class=\"wp-image-9699\" srcset=\"https:\/\/moyahousehold.com\/wp-content\/uploads\/2024\/07\/Stylish-Stainless-Steel-Frying-Pans-With-Lids-2.webp 1200w, https:\/\/moyahousehold.com\/wp-content\/uploads\/2024\/07\/Stylish-Stainless-Steel-Frying-Pans-With-Lids-2-300x300.webp 300w, https:\/\/moyahousehold.com\/wp-content\/uploads\/2024\/07\/Stylish-Stainless-Steel-Frying-Pans-With-Lids-2-150x150.webp 150w, https:\/\/moyahousehold.com\/wp-content\/uploads\/2024\/07\/Stylish-Stainless-Steel-Frying-Pans-With-Lids-2-768x768.webp 768w, https:\/\/moyahousehold.com\/wp-content\/uploads\/2024\/07\/Stylish-Stainless-Steel-Frying-Pans-With-Lids-2-12x12.webp 12w, https:\/\/moyahousehold.com\/wp-content\/uploads\/2024\/07\/Stylish-Stainless-Steel-Frying-Pans-With-Lids-2-285x285.webp 285w, https:\/\/moyahousehold.com\/wp-content\/uploads\/2024\/07\/Stylish-Stainless-Steel-Frying-Pans-With-Lids-2-270x270.webp 270w, https:\/\/moyahousehold.com\/wp-content\/uploads\/2024\/07\/Stylish-Stainless-Steel-Frying-Pans-With-Lids-2-540x540.webp 540w, https:\/\/moyahousehold.com\/wp-content\/uploads\/2024\/07\/Stylish-Stainless-Steel-Frying-Pans-With-Lids-2-660x660.webp 660w\" sizes=\"(max-width: 1200px) 100vw, 1200px\" \/><\/figure>\n<\/div>\n<\/div>","protected":false},"excerpt":{"rendered":"<p>S\u00e9rie d'ustensiles de cuisine \u00e9l\u00e9gants en gros - po\u00eale \u00e0 frire en acier inoxydable, cette po\u00eale \u00e0 frire en acier inoxydable a un design simple, ajoutant une touche moderne et \u00e9l\u00e9gante \u00e0 votre cuisine. Le fond de la po\u00eale est en acier inoxydable triple, qui a une bonne conductivit\u00e9 thermique et permet aux aliments d'\u00eatre chauff\u00e9s uniform\u00e9ment, ce qui en fait un bon outil pour les chefs \u00e0 la maison et au restaurant. N'h\u00e9sitez pas \u00e0 nous contacter pour obtenir un devis.<\/p>\n<h3>Caract\u00e9ristiques de la po\u00eale \u00e0 frire en acier inoxydable<\/h3>\n<p><strong>Couvercle en verre visible :<\/strong> La po\u00eale \u00e0 frire de gros en acier inoxydable est \u00e9quip\u00e9e d'un couvercle en verre visible, et l'\u00e9tat de cuisson des aliments peut \u00eatre vu d'un seul coup d'\u0153il.<\/p>\n<p><strong>Mat\u00e9riau de haute qualit\u00e9 non enduit :<\/strong> Cette po\u00eale \u00e0 frire est fabriqu\u00e9e en acier inoxydable 304 de qualit\u00e9 alimentaire, sans rev\u00eatement, ce qui garantit qu'aucune substance nocive n'est lib\u00e9r\u00e9e pendant le processus de cuisson, assurant ainsi la s\u00e9curit\u00e9 alimentaire.<\/p>\n<p><strong>Bonne conductivit\u00e9 thermique :<\/strong> Cette po\u00eale \u00e0 frire est dot\u00e9e d'un fond en acier inoxydable triple, qui offre une bonne conductivit\u00e9 thermique et permet aux utilisateurs de chauffer les aliments plus rapidement et plus uniform\u00e9ment.<\/p>\n<p><strong>Durabilit\u00e9 :<\/strong> Le corps du r\u00e9cipient en acier inoxydable de haute qualit\u00e9 conf\u00e8re \u00e0 cette po\u00eale \u00e0 frire une excellente durabilit\u00e9, une dur\u00e9e de vie plus longue et peut conserver son \u00e9clat m\u00e9tallique m\u00eame apr\u00e8s une utilisation prolong\u00e9e.<\/p>\n<p><strong>Service OEM&amp;ODM :<\/strong> Nous fournissons les meilleures solutions d'ustensiles de cuisine personnalis\u00e9s en fonction de vos besoins, nous personnalisons le logo et l'emballage des produits d'ustensiles de cuisine que vous avez command\u00e9s, et nous vous aidons \u00e0 am\u00e9liorer votre image de marque.<\/p>","protected":false},"featured_media":9702,"comment_status":"closed","ping_status":"closed","template":"","meta":[],"product_cat":[56],"product_tag":[],"class_list":{"0":"post-7321","1":"product","2":"type-product","3":"status-publish","4":"has-post-thumbnail","6":"product_cat-stainless-steel-cookware-wholesale","8":"first","9":"instock","10":"shipping-taxable","11":"product-type-simple"},"_links":{"self":[{"href":"https:\/\/moyahousehold.com\/fr\/wp-json\/wp\/v2\/product\/7321","targetHints":{"allow":["GET"]}}],"collection":[{"href":"https:\/\/moyahousehold.com\/fr\/wp-json\/wp\/v2\/product"}],"about":[{"href":"https:\/\/moyahousehold.com\/fr\/wp-json\/wp\/v2\/types\/product"}],"replies":[{"embeddable":true,"href":"https:\/\/moyahousehold.com\/fr\/wp-json\/wp\/v2\/comments?post=7321"}],"version-history":[{"count":0,"href":"https:\/\/moyahousehold.com\/fr\/wp-json\/wp\/v2\/product\/7321\/revisions"}],"wp:featuredmedia":[{"embeddable":true,"href":"https:\/\/moyahousehold.com\/fr\/wp-json\/wp\/v2\/media\/9702"}],"wp:attachment":[{"href":"https:\/\/moyahousehold.com\/fr\/wp-json\/wp\/v2\/media?parent=7321"}],"wp:term":[{"taxonomy":"product_cat","embeddable":true,"href":"https:\/\/moyahousehold.com\/fr\/wp-json\/wp\/v2\/product_cat?post=7321"},{"taxonomy":"product_tag","embeddable":true,"href":"https:\/\/moyahousehold.com\/fr\/wp-json\/wp\/v2\/product_tag?post=7321"}],"curies":[{"name":"wp","href":"https:\/\/api.w.org\/{rel}","templated":true}]}}