{"id":7325,"date":"2024-07-22T15:16:45","date_gmt":"2024-07-18T08:26:33","guid":{"rendered":"https:\/\/moyahousehold.com\/?post_type=product&#038;p=7325"},"modified":"2026-04-06T07:52:43","modified_gmt":"2026-04-06T07:52:43","slug":"premium-wholesale-thicken-stainless-steel-cookware-set","status":"publish","type":"product","link":"https:\/\/moyahousehold.com\/fr\/produit\/premium-wholesale-thicken-stainless-steel-cookware-set\/","title":{"rendered":"Premium Wholesale Three-layer Steel Cookware Set &#8211; Kitchen Essentials for Chefs and Home Cooks"},"content":{"rendered":"<div class=\"wp-block-columns is-layout-flex wp-container-core-columns-is-layout-9d6595d7 wp-block-columns-is-layout-flex\">\n<div class=\"wp-block-column is-layout-flow wp-block-column-is-layout-flow\">\n<figure class=\"wp-block-image size-full\"><img fetchpriority=\"high\" decoding=\"async\" width=\"6240\" height=\"4160\" src=\"https:\/\/moyahousehold.com\/wp-content\/uploads\/2024\/07\/HL\u83ab\u5229\u4e9a\u6728\u5957\u88c5\u9505-25.jpg\" alt=\"Stainless Steel Steamer Pot Set (3 - Layer) with Wooden Handles - Kitchen Countertop with Toaster, Spices, and Cooking Essentials, White Tiled Background\" class=\"wp-image-12646\" srcset=\"https:\/\/moyahousehold.com\/wp-content\/uploads\/2024\/07\/HL\u83ab\u5229\u4e9a\u6728\u5957\u88c5\u9505-25.jpg 6240w, https:\/\/moyahousehold.com\/wp-content\/uploads\/2024\/07\/HL\u83ab\u5229\u4e9a\u6728\u5957\u88c5\u9505-25-300x200.jpg 300w, https:\/\/moyahousehold.com\/wp-content\/uploads\/2024\/07\/HL\u83ab\u5229\u4e9a\u6728\u5957\u88c5\u9505-25-768x512.jpg 768w, https:\/\/moyahousehold.com\/wp-content\/uploads\/2024\/07\/HL\u83ab\u5229\u4e9a\u6728\u5957\u88c5\u9505-25-18x12.jpg 18w, https:\/\/moyahousehold.com\/wp-content\/uploads\/2024\/07\/HL\u83ab\u5229\u4e9a\u6728\u5957\u88c5\u9505-25-285x190.jpg 285w, https:\/\/moyahousehold.com\/wp-content\/uploads\/2024\/07\/HL\u83ab\u5229\u4e9a\u6728\u5957\u88c5\u9505-25-1600x1067.jpg 1600w, https:\/\/moyahousehold.com\/wp-content\/uploads\/2024\/07\/HL\u83ab\u5229\u4e9a\u6728\u5957\u88c5\u9505-25-660x440.jpg 660w, https:\/\/moyahousehold.com\/wp-content\/uploads\/2024\/07\/HL\u83ab\u5229\u4e9a\u6728\u5957\u88c5\u9505-25-150x100.jpg 150w\" sizes=\"(max-width: 6240px) 100vw, 6240px\" \/><\/figure>\n\n\n\n<h3 class=\"wp-block-heading\">Param\u00e8tres des ustensiles de cuisine en acier inoxydable Thciken<\/h3>\n\n\n\n<figure class=\"wp-block-table\"><table class=\"has-fixed-layout\"><tbody><tr><td>Objet<\/td><td>Capacit\u00e9<\/td><td>Taille\/PCS<\/td><td>PCS\/Case<\/td><td>N.W.\/PCS<\/td><td>G.W.\/Cas<\/td><\/tr><tr><td>MYHL016<\/td><td>18CM\/2L<\/td><td>18*18*10<\/td><td>12<\/td><td>1.28&nbsp;<\/td><td>17.36<\/td><\/tr><tr><td>MYHL017<\/td><td>18CM\/2L<\/td><td>18*18*16.5<\/td><td>12<\/td><td>1.53&nbsp;<\/td><td>20.36<\/td><\/tr><tr><td>MYHL018<\/td><td>24CM\/4L<\/td><td>24*24*11<\/td><td>8<\/td><td>2.09&nbsp;<\/td><td>18.72<\/td><\/tr><tr><td>MYHL019<\/td><td>24CM\/4L<\/td><td>24*24*20.5<\/td><td>8<\/td><td>2.55&nbsp;<\/td><td>22.4<\/td><\/tr><\/tbody><\/table><\/figure>\n\n\n\n<h3 class=\"wp-block-heading\">Options d'ustensiles de cuisine en acier inoxydable sur mesure<\/h3>\n\n\n\n<p><strong>Logo<\/strong>: Custom your brand logo on product and package.<br><strong>Logo Options<\/strong>: Printed logo, laser engraved logo, etc.<br><strong>Mod\u00e8le<\/strong>: Mod\u00e8les d'impression.<br><strong>Printing Technology<\/strong>: Water transfer printing, silk screen printing, heat transfer printing, sublimation transfer, etc.<br><strong>Paquet<\/strong>: Color box.<br><a href=\"https:\/\/moyahousehold.com\/fr\/solution-personnalisee\/\" target=\"_blank\" rel=\"noreferrer noopener\"><strong>Plus de personnalisation<\/strong><\/a><\/p>\n<\/div>\n<\/div>\n\n\n\n<div class=\"wp-block-columns is-layout-flex wp-container-core-columns-is-layout-9d6595d7 wp-block-columns-is-layout-flex\">\n<div class=\"wp-block-column is-layout-flow wp-block-column-is-layout-flow\">\n<figure class=\"wp-block-image size-full\"><img decoding=\"async\" width=\"871\" height=\"871\" src=\"https:\/\/moyahousehold.com\/wp-content\/uploads\/2024\/07\/wholesale-high-quality-cookware-7.png\" alt=\"Grossiste d&#039;ustensiles de cuisine de haute qualit\u00e9 (7)\" class=\"wp-image-7425\" srcset=\"https:\/\/moyahousehold.com\/wp-content\/uploads\/2024\/07\/wholesale-high-quality-cookware-7.png 871w, https:\/\/moyahousehold.com\/wp-content\/uploads\/2024\/07\/wholesale-high-quality-cookware-7-300x300.png 300w, https:\/\/moyahousehold.com\/wp-content\/uploads\/2024\/07\/wholesale-high-quality-cookware-7-150x150.png 150w, https:\/\/moyahousehold.com\/wp-content\/uploads\/2024\/07\/wholesale-high-quality-cookware-7-768x768.png 768w, https:\/\/moyahousehold.com\/wp-content\/uploads\/2024\/07\/wholesale-high-quality-cookware-7-12x12.png 12w, https:\/\/moyahousehold.com\/wp-content\/uploads\/2024\/07\/wholesale-high-quality-cookware-7-285x285.png 285w, https:\/\/moyahousehold.com\/wp-content\/uploads\/2024\/07\/wholesale-high-quality-cookware-7-270x270.png 270w, https:\/\/moyahousehold.com\/wp-content\/uploads\/2024\/07\/wholesale-high-quality-cookware-7-540x540.png 540w, https:\/\/moyahousehold.com\/wp-content\/uploads\/2024\/07\/wholesale-high-quality-cookware-7-660x660.png 660w\" sizes=\"(max-width: 871px) 100vw, 871px\" \/><\/figure>\n<\/div>\n\n\n\n<div class=\"wp-block-column is-layout-flow wp-block-column-is-layout-flow\">\n<figure class=\"wp-block-image size-full\"><img decoding=\"async\" width=\"892\" height=\"892\" src=\"https:\/\/moyahousehold.com\/wp-content\/uploads\/2024\/07\/wholesale-high-quality-cookware-6.png\" alt=\"Grossiste d&#039;ustensiles de cuisine de haute qualit\u00e9 (6)\" class=\"wp-image-7424\" srcset=\"https:\/\/moyahousehold.com\/wp-content\/uploads\/2024\/07\/wholesale-high-quality-cookware-6.png 892w, https:\/\/moyahousehold.com\/wp-content\/uploads\/2024\/07\/wholesale-high-quality-cookware-6-300x300.png 300w, https:\/\/moyahousehold.com\/wp-content\/uploads\/2024\/07\/wholesale-high-quality-cookware-6-150x150.png 150w, https:\/\/moyahousehold.com\/wp-content\/uploads\/2024\/07\/wholesale-high-quality-cookware-6-768x768.png 768w, https:\/\/moyahousehold.com\/wp-content\/uploads\/2024\/07\/wholesale-high-quality-cookware-6-12x12.png 12w, https:\/\/moyahousehold.com\/wp-content\/uploads\/2024\/07\/wholesale-high-quality-cookware-6-285x285.png 285w, https:\/\/moyahousehold.com\/wp-content\/uploads\/2024\/07\/wholesale-high-quality-cookware-6-270x270.png 270w, https:\/\/moyahousehold.com\/wp-content\/uploads\/2024\/07\/wholesale-high-quality-cookware-6-540x540.png 540w, https:\/\/moyahousehold.com\/wp-content\/uploads\/2024\/07\/wholesale-high-quality-cookware-6-660x660.png 660w\" sizes=\"(max-width: 892px) 100vw, 892px\" \/><\/figure>\n<\/div>\n<\/div>\n\n\n\n<div class=\"wp-block-columns is-layout-flex wp-container-core-columns-is-layout-9d6595d7 wp-block-columns-is-layout-flex\">\n<div class=\"wp-block-column is-layout-flow wp-block-column-is-layout-flow\">\n<figure class=\"wp-block-image size-full\"><img loading=\"lazy\" decoding=\"async\" width=\"4160\" height=\"6240\" src=\"https:\/\/moyahousehold.com\/wp-content\/uploads\/2024\/07\/HL\u83ab\u5229\u4e9a\u6728\u5957\u88c5\u9505-5.jpg\" alt=\"Stainless Steel Steamer Pot Set (3 - Layer) with Wooden Handles - Kitchen Countertop with Toaster, Spices, and Cooking Essentials, White Tiled Background\" class=\"wp-image-12654\" srcset=\"https:\/\/moyahousehold.com\/wp-content\/uploads\/2024\/07\/HL\u83ab\u5229\u4e9a\u6728\u5957\u88c5\u9505-5.jpg 4160w, https:\/\/moyahousehold.com\/wp-content\/uploads\/2024\/07\/HL\u83ab\u5229\u4e9a\u6728\u5957\u88c5\u9505-5-200x300.jpg 200w, https:\/\/moyahousehold.com\/wp-content\/uploads\/2024\/07\/HL\u83ab\u5229\u4e9a\u6728\u5957\u88c5\u9505-5-768x1152.jpg 768w, https:\/\/moyahousehold.com\/wp-content\/uploads\/2024\/07\/HL\u83ab\u5229\u4e9a\u6728\u5957\u88c5\u9505-5-8x12.jpg 8w, https:\/\/moyahousehold.com\/wp-content\/uploads\/2024\/07\/HL\u83ab\u5229\u4e9a\u6728\u5957\u88c5\u9505-5-285x428.jpg 285w, https:\/\/moyahousehold.com\/wp-content\/uploads\/2024\/07\/HL\u83ab\u5229\u4e9a\u6728\u5957\u88c5\u9505-5-1600x2400.jpg 1600w, https:\/\/moyahousehold.com\/wp-content\/uploads\/2024\/07\/HL\u83ab\u5229\u4e9a\u6728\u5957\u88c5\u9505-5-440x660.jpg 440w, https:\/\/moyahousehold.com\/wp-content\/uploads\/2024\/07\/HL\u83ab\u5229\u4e9a\u6728\u5957\u88c5\u9505-5-100x150.jpg 100w\" sizes=\"(max-width: 4160px) 100vw, 4160px\" \/><\/figure>\n<\/div>\n\n\n\n<div class=\"wp-block-column is-layout-flow wp-block-column-is-layout-flow\">\n<figure class=\"wp-block-image size-full\"><img loading=\"lazy\" decoding=\"async\" width=\"4160\" height=\"6240\" src=\"https:\/\/moyahousehold.com\/wp-content\/uploads\/2024\/07\/HL\u83ab\u5229\u4e9a\u6728\u5957\u88c5\u9505-4.jpg\" alt=\"Stainless Steel Steamer Pot Set (3 - Layer) with Wooden Handles - Kitchen Countertop with Toaster, Spices, and Cooking Essentials, White Tiled Background\" class=\"wp-image-12648\" srcset=\"https:\/\/moyahousehold.com\/wp-content\/uploads\/2024\/07\/HL\u83ab\u5229\u4e9a\u6728\u5957\u88c5\u9505-4.jpg 4160w, https:\/\/moyahousehold.com\/wp-content\/uploads\/2024\/07\/HL\u83ab\u5229\u4e9a\u6728\u5957\u88c5\u9505-4-200x300.jpg 200w, https:\/\/moyahousehold.com\/wp-content\/uploads\/2024\/07\/HL\u83ab\u5229\u4e9a\u6728\u5957\u88c5\u9505-4-768x1152.jpg 768w, https:\/\/moyahousehold.com\/wp-content\/uploads\/2024\/07\/HL\u83ab\u5229\u4e9a\u6728\u5957\u88c5\u9505-4-8x12.jpg 8w, https:\/\/moyahousehold.com\/wp-content\/uploads\/2024\/07\/HL\u83ab\u5229\u4e9a\u6728\u5957\u88c5\u9505-4-285x428.jpg 285w, https:\/\/moyahousehold.com\/wp-content\/uploads\/2024\/07\/HL\u83ab\u5229\u4e9a\u6728\u5957\u88c5\u9505-4-1600x2400.jpg 1600w, https:\/\/moyahousehold.com\/wp-content\/uploads\/2024\/07\/HL\u83ab\u5229\u4e9a\u6728\u5957\u88c5\u9505-4-440x660.jpg 440w, https:\/\/moyahousehold.com\/wp-content\/uploads\/2024\/07\/HL\u83ab\u5229\u4e9a\u6728\u5957\u88c5\u9505-4-100x150.jpg 100w\" sizes=\"(max-width: 4160px) 100vw, 4160px\" \/><\/figure>\n<\/div>\n<\/div>\n\n\n\n<p><\/p>","protected":false},"excerpt":{"rendered":"<p>Our wholesale thickened cookware set includes a soup pot, a frying pan, and a steamer. Meet the cooking needs of the family. The pot body is made of thickened high-quality 3-layer steel, which has better heat preservation and more even heating. If you have customized needs, we can provide the most comprehensive customized cookware solutions, please contact us for a quote.<\/p>\n<h3>Caract\u00e9ristiques et avantages des ustensiles de cuisine en acier inoxydable \u00e9pais<\/h3>\n<p><strong>Acier de haute qualit\u00e9 sans rev\u00eatement<\/strong>: Made of high-quality three-layer steel, high-temperature cooking will not produce harmful substances, which is very healthy and safe.<\/p>\n<p><strong>Multi-fonctions<\/strong>: La marmite \u00e0 soupe est assortie d'un cuiseur \u00e0 vapeur, et la cuisson \u00e0 la vapeur et l'\u00e9bullition peuvent \u00eatre effectu\u00e9es en m\u00eame temps. Vous pouvez ainsi pr\u00e9parer deux d\u00e9licieux plats en m\u00eame temps, ce qui vous permet d'\u00e9conomiser du temps de cuisson.<\/p>\n<p><strong>Poign\u00e9e en bois<\/strong>: La batterie de cuisine est dot\u00e9e d'une poign\u00e9e en bois r\u00e9sistante \u00e0 la chaleur, qui est confortable \u00e0 tenir et am\u00e9liore l'exp\u00e9rience culinaire.<\/p>\n<p><strong>Compatible avec plusieurs sources de chaleur<\/strong>: Il permet d'obtenir des r\u00e9sultats parfaits sur diff\u00e9rentes sources de chaleur, comme les cuisini\u00e8res \u00e0 gaz, les cuisini\u00e8res \u00e0 induction, etc.<\/p>\n<p><strong>Exemple de disposition<\/strong>: Nous fournissons des \u00e9chantillons afin que vous puissiez mieux comprendre nos produits et notre activit\u00e9 de grossiste en ustensiles de cuisine, ce qui vous aidera \u00e0 prendre de meilleures d\u00e9cisions.<\/p>\n<p><strong>Service personnalis\u00e9<\/strong>: En tant que fabricant d'ustensiles de cuisine, nous proposons des solutions personnalis\u00e9es compl\u00e8tes pour vous aider \u00e0 am\u00e9liorer votre image de marque en personnalisant les logos, l'emballage, etc. de vos produits.<\/p>","protected":false},"featured_media":9706,"comment_status":"open","ping_status":"closed","template":"","meta":[],"product_cat":[56],"product_tag":[138],"class_list":{"0":"post-7325","1":"product","2":"type-product","3":"status-publish","4":"has-post-thumbnail","6":"product_cat-stainless-steel-cookware-wholesale","7":"product_tag-3-layer-steel-cookware-set","9":"first","10":"instock","11":"shipping-taxable","12":"product-type-simple"},"_links":{"self":[{"href":"https:\/\/moyahousehold.com\/fr\/wp-json\/wp\/v2\/product\/7325","targetHints":{"allow":["GET"]}}],"collection":[{"href":"https:\/\/moyahousehold.com\/fr\/wp-json\/wp\/v2\/product"}],"about":[{"href":"https:\/\/moyahousehold.com\/fr\/wp-json\/wp\/v2\/types\/product"}],"replies":[{"embeddable":true,"href":"https:\/\/moyahousehold.com\/fr\/wp-json\/wp\/v2\/comments?post=7325"}],"version-history":[{"count":0,"href":"https:\/\/moyahousehold.com\/fr\/wp-json\/wp\/v2\/product\/7325\/revisions"}],"wp:featuredmedia":[{"embeddable":true,"href":"https:\/\/moyahousehold.com\/fr\/wp-json\/wp\/v2\/media\/9706"}],"wp:attachment":[{"href":"https:\/\/moyahousehold.com\/fr\/wp-json\/wp\/v2\/media?parent=7325"}],"wp:term":[{"taxonomy":"product_cat","embeddable":true,"href":"https:\/\/moyahousehold.com\/fr\/wp-json\/wp\/v2\/product_cat?post=7325"},{"taxonomy":"product_tag","embeddable":true,"href":"https:\/\/moyahousehold.com\/fr\/wp-json\/wp\/v2\/product_tag?post=7325"}],"curies":[{"name":"wp","href":"https:\/\/api.w.org\/{rel}","templated":true}]}}