{"id":8143,"date":"2024-08-22T06:22:27","date_gmt":"2024-08-21T01:28:37","guid":{"rendered":"https:\/\/moyahousehold.com\/?post_type=product&#038;p=8143"},"modified":"2025-04-12T09:48:13","modified_gmt":"2025-04-12T09:48:13","slug":"wholesale-stainless-steel-mugs-with-handle","status":"publish","type":"product","link":"https:\/\/moyahousehold.com\/fr\/produit\/wholesale-stainless-steel-mugs-with-handle\/","title":{"rendered":"Grossiste Mugs en acier inoxydable avec poign\u00e9e, mat\u00e9riau en acier inoxydable 316, capacit\u00e9 400ML"},"content":{"rendered":"<h2 class=\"wp-block-heading\">Param\u00e8tres des tasses en acier inoxydable avec poign\u00e9e<\/h2>\n\n\n\n<p><strong>mat\u00e9riel :<\/strong>304 + 316 + PP <strong> couleur :<\/strong>Blanc\/Noir\/Acier\/Kaki<\/p>\n\n\n\n<figure class=\"wp-block-table\"><table><tbody><tr><td>Num\u00e9ro de mod\u00e8le<\/td><td>capacit\u00e9<\/td><td>Taille du produit<\/td><td>Taille de la bo\u00eete ext\u00e9rieure<\/td><td>Quantit\u00e9 par caisse<\/td><td>N.W<\/td><td>G.W\/Case<\/td><\/tr><tr><td>MYJJL10<\/td><td>400ml<\/td><td>8.8*8.8*10.8<\/td><td>62*40*37.5<\/td><td>60<\/td><td>0.3<\/td><td>30<\/td><\/tr><\/tbody><\/table><\/figure>\n\n\n\n<h3 class=\"wp-block-heading\">Tasse \u00e0 caf\u00e9 personnalis\u00e9e en acier inoxydable<\/h3>\n\n\n\n<p><strong>Logo : <\/strong>Personnalisez le logo de votre marque sur les tasses et les emballages en acier inoxydable.<br><strong>Options de logo : <\/strong>Nous vous proposons des m\u00e9thodes de gravure au laser ou de transfert thermique pour personnaliser votre logo sur les tasses en acier inoxydable.<br><strong>Mod\u00e8le :<\/strong> Imprimez des motifs personnalis\u00e9s sur des tasses en acier inoxydable.<br><strong>Technologie d'impression : <\/strong>Nous proposons une vari\u00e9t\u00e9 de m\u00e9thodes d'impression, notamment <strong>transfert d'\u00e9cran<\/strong>,<strong> transfert de chaleur<\/strong>, <strong>et transfert d'eau<\/strong>. Vous pouvez choisir la m\u00e9thode appropri\u00e9e pour personnaliser votre mod\u00e8le de produit<br><strong>Paquet<\/strong>Bo\u00eete de couleur<br><a href=\"https:\/\/moyahousehold.com\/fr\/solution-personnalisee\/\" target=\"_blank\" rel=\"noreferrer noopener\"><strong>D\u00e9couvrez plus de d\u00e9tails sur les tasses \u00e0 caf\u00e9 personnalis\u00e9es.<\/strong><\/a><\/p>\n\n\n\n<div class=\"wp-block-columns is-layout-flex wp-container-core-columns-is-layout-9d6595d7 wp-block-columns-is-layout-flex\">\n<div class=\"wp-block-column is-layout-flow wp-block-column-is-layout-flow\">\n<figure class=\"wp-block-image size-full\"><img fetchpriority=\"high\" decoding=\"async\" width=\"1600\" height=\"1600\" src=\"https:\/\/moyahousehold.com\/wp-content\/uploads\/2024\/08\/Stainless-Steel-Mugs-with-Handle-Display-1.webp\" alt=\"Mugs en acier inoxydable avec pr\u00e9sentation de l&#039;anse (1)\" class=\"wp-image-10847\" srcset=\"https:\/\/moyahousehold.com\/wp-content\/uploads\/2024\/08\/Stainless-Steel-Mugs-with-Handle-Display-1.webp 1600w, https:\/\/moyahousehold.com\/wp-content\/uploads\/2024\/08\/Stainless-Steel-Mugs-with-Handle-Display-1-300x300.webp 300w, https:\/\/moyahousehold.com\/wp-content\/uploads\/2024\/08\/Stainless-Steel-Mugs-with-Handle-Display-1-150x150.webp 150w, https:\/\/moyahousehold.com\/wp-content\/uploads\/2024\/08\/Stainless-Steel-Mugs-with-Handle-Display-1-768x768.webp 768w, https:\/\/moyahousehold.com\/wp-content\/uploads\/2024\/08\/Stainless-Steel-Mugs-with-Handle-Display-1-12x12.webp 12w, https:\/\/moyahousehold.com\/wp-content\/uploads\/2024\/08\/Stainless-Steel-Mugs-with-Handle-Display-1-285x285.webp 285w, https:\/\/moyahousehold.com\/wp-content\/uploads\/2024\/08\/Stainless-Steel-Mugs-with-Handle-Display-1-270x270.webp 270w, https:\/\/moyahousehold.com\/wp-content\/uploads\/2024\/08\/Stainless-Steel-Mugs-with-Handle-Display-1-540x540.webp 540w, https:\/\/moyahousehold.com\/wp-content\/uploads\/2024\/08\/Stainless-Steel-Mugs-with-Handle-Display-1-660x660.webp 660w\" sizes=\"(max-width: 1600px) 100vw, 1600px\" \/><\/figure>\n<\/div>\n\n\n\n<div class=\"wp-block-column is-layout-flow wp-block-column-is-layout-flow\">\n<figure class=\"wp-block-image size-full\"><img decoding=\"async\" width=\"1600\" height=\"1600\" src=\"https:\/\/moyahousehold.com\/wp-content\/uploads\/2024\/08\/Stainless-Steel-Mugs-with-Handle-Display-2.webp\" alt=\"Mugs en acier inoxydable avec pr\u00e9sentation de l&#039;anse (2)\" class=\"wp-image-10848\" srcset=\"https:\/\/moyahousehold.com\/wp-content\/uploads\/2024\/08\/Stainless-Steel-Mugs-with-Handle-Display-2.webp 1600w, https:\/\/moyahousehold.com\/wp-content\/uploads\/2024\/08\/Stainless-Steel-Mugs-with-Handle-Display-2-300x300.webp 300w, https:\/\/moyahousehold.com\/wp-content\/uploads\/2024\/08\/Stainless-Steel-Mugs-with-Handle-Display-2-150x150.webp 150w, https:\/\/moyahousehold.com\/wp-content\/uploads\/2024\/08\/Stainless-Steel-Mugs-with-Handle-Display-2-768x768.webp 768w, https:\/\/moyahousehold.com\/wp-content\/uploads\/2024\/08\/Stainless-Steel-Mugs-with-Handle-Display-2-12x12.webp 12w, https:\/\/moyahousehold.com\/wp-content\/uploads\/2024\/08\/Stainless-Steel-Mugs-with-Handle-Display-2-285x285.webp 285w, https:\/\/moyahousehold.com\/wp-content\/uploads\/2024\/08\/Stainless-Steel-Mugs-with-Handle-Display-2-270x270.webp 270w, https:\/\/moyahousehold.com\/wp-content\/uploads\/2024\/08\/Stainless-Steel-Mugs-with-Handle-Display-2-540x540.webp 540w, https:\/\/moyahousehold.com\/wp-content\/uploads\/2024\/08\/Stainless-Steel-Mugs-with-Handle-Display-2-660x660.webp 660w\" sizes=\"(max-width: 1600px) 100vw, 1600px\" \/><\/figure>\n<\/div>\n<\/div>\n\n\n\n<div class=\"wp-block-columns is-layout-flex wp-container-core-columns-is-layout-9d6595d7 wp-block-columns-is-layout-flex\">\n<div class=\"wp-block-column is-layout-flow wp-block-column-is-layout-flow\">\n<figure class=\"wp-block-image size-full\"><img decoding=\"async\" width=\"1600\" height=\"1600\" src=\"https:\/\/moyahousehold.com\/wp-content\/uploads\/2024\/08\/Stainless-Steel-Mugs-with-Handle-Display-3.webp\" alt=\"Mugs en acier inoxydable avec pr\u00e9sentation de l&#039;anse (3)\" class=\"wp-image-10849\" srcset=\"https:\/\/moyahousehold.com\/wp-content\/uploads\/2024\/08\/Stainless-Steel-Mugs-with-Handle-Display-3.webp 1600w, https:\/\/moyahousehold.com\/wp-content\/uploads\/2024\/08\/Stainless-Steel-Mugs-with-Handle-Display-3-300x300.webp 300w, https:\/\/moyahousehold.com\/wp-content\/uploads\/2024\/08\/Stainless-Steel-Mugs-with-Handle-Display-3-150x150.webp 150w, https:\/\/moyahousehold.com\/wp-content\/uploads\/2024\/08\/Stainless-Steel-Mugs-with-Handle-Display-3-768x768.webp 768w, https:\/\/moyahousehold.com\/wp-content\/uploads\/2024\/08\/Stainless-Steel-Mugs-with-Handle-Display-3-12x12.webp 12w, https:\/\/moyahousehold.com\/wp-content\/uploads\/2024\/08\/Stainless-Steel-Mugs-with-Handle-Display-3-285x285.webp 285w, https:\/\/moyahousehold.com\/wp-content\/uploads\/2024\/08\/Stainless-Steel-Mugs-with-Handle-Display-3-270x270.webp 270w, https:\/\/moyahousehold.com\/wp-content\/uploads\/2024\/08\/Stainless-Steel-Mugs-with-Handle-Display-3-540x540.webp 540w, https:\/\/moyahousehold.com\/wp-content\/uploads\/2024\/08\/Stainless-Steel-Mugs-with-Handle-Display-3-660x660.webp 660w\" sizes=\"(max-width: 1600px) 100vw, 1600px\" \/><\/figure>\n<\/div>\n\n\n\n<div class=\"wp-block-column is-layout-flow wp-block-column-is-layout-flow\">\n<figure class=\"wp-block-image size-full\"><img loading=\"lazy\" decoding=\"async\" width=\"3998\" height=\"3998\" src=\"https:\/\/moyahousehold.com\/wp-content\/uploads\/2024\/08\/Stainless-Steel-Mugs-with-Handle-Display-4.webp\" alt=\"Mugs en acier inoxydable avec pr\u00e9sentation de l&#039;anse (4)\" class=\"wp-image-10850\" srcset=\"https:\/\/moyahousehold.com\/wp-content\/uploads\/2024\/08\/Stainless-Steel-Mugs-with-Handle-Display-4.webp 3998w, https:\/\/moyahousehold.com\/wp-content\/uploads\/2024\/08\/Stainless-Steel-Mugs-with-Handle-Display-4-300x300.webp 300w, https:\/\/moyahousehold.com\/wp-content\/uploads\/2024\/08\/Stainless-Steel-Mugs-with-Handle-Display-4-150x150.webp 150w, https:\/\/moyahousehold.com\/wp-content\/uploads\/2024\/08\/Stainless-Steel-Mugs-with-Handle-Display-4-768x768.webp 768w, https:\/\/moyahousehold.com\/wp-content\/uploads\/2024\/08\/Stainless-Steel-Mugs-with-Handle-Display-4-12x12.webp 12w, https:\/\/moyahousehold.com\/wp-content\/uploads\/2024\/08\/Stainless-Steel-Mugs-with-Handle-Display-4-285x285.webp 285w, https:\/\/moyahousehold.com\/wp-content\/uploads\/2024\/08\/Stainless-Steel-Mugs-with-Handle-Display-4-1600x1600.webp 1600w, https:\/\/moyahousehold.com\/wp-content\/uploads\/2024\/08\/Stainless-Steel-Mugs-with-Handle-Display-4-270x270.webp 270w, https:\/\/moyahousehold.com\/wp-content\/uploads\/2024\/08\/Stainless-Steel-Mugs-with-Handle-Display-4-540x540.webp 540w, https:\/\/moyahousehold.com\/wp-content\/uploads\/2024\/08\/Stainless-Steel-Mugs-with-Handle-Display-4-660x660.webp 660w\" sizes=\"(max-width: 3998px) 100vw, 3998px\" \/><\/figure>\n<\/div>\n<\/div>","protected":false},"excerpt":{"rendered":"<p>Mugs en gros en acier inoxydable 316 avec poign\u00e9e, avec une conception \u00e9paissie \u00e0 double couche, une excellente isolation thermique et une protection anti-br\u00fblure, id\u00e9al pour le bureau, la maison ou les voyages. Nous prenons en charge les commandes en gros et la personnalisation compl\u00e8te OEM\/ODM, contactez-nous pour un devis.<\/p>\n<h3>Caract\u00e9ristiques et avantages de la tasse \u00e0 caf\u00e9 en acier inoxydable<\/h3>\n<p><strong>Acier inoxydable 316 de qualit\u00e9 alimentaire :<\/strong> Les tasses \u00e0 caf\u00e9 sont fabriqu\u00e9es en acier inoxydable 316 de qualit\u00e9 alimentaire, qui pr\u00e9sente une bonne r\u00e9sistance \u00e0 la corrosion et une bonne durabilit\u00e9. Elles conviennent \u00e0 une utilisation \u00e0 long terme et garantissent que chaque gorg\u00e9e est saine et sans souci.<\/p>\n<p><strong>Poign\u00e9e en PP confortable et respectueuse de l'environnement :<\/strong> La poign\u00e9e de la tasse en acier inoxydable est fabriqu\u00e9e en plastique PP respectueux de l'environnement, solide et durable, et agr\u00e9able \u00e0 tenir.<\/p>\n<p><strong>Conception \u00e0 large ouverture :<\/strong> Le mug en acier inoxydable avec poign\u00e9e est dot\u00e9 d'une large ouverture, ce qui facilite l'infusion et le brassage des boissons et emp\u00eache l'accumulation de r\u00e9sidus ou la prolif\u00e9ration de bact\u00e9ries.<\/p>\n<p><strong>Couvercle anti-poussi\u00e8re coulissant :<\/strong> La tasse \u00e0 caf\u00e9 en acier inoxydable avec anse est \u00e9quip\u00e9e d'un couvercle coulissant pratique, qui emp\u00eache efficacement les boissons de se renverser, emp\u00eache la poussi\u00e8re ou les d\u00e9bris de p\u00e9n\u00e9trer et rend la consommation plus pratique.<\/p>\n<p><strong>Service de vente en gros :<\/strong> Nous proposons des options de vente en gros et des prix directs d'usine comp\u00e9titifs afin de vous garantir des mugs de haute qualit\u00e9 aux meilleurs prix.<\/p>","protected":false},"featured_media":10905,"comment_status":"closed","ping_status":"closed","template":"","meta":[],"product_cat":[75],"product_tag":[],"class_list":{"0":"post-8143","1":"product","2":"type-product","3":"status-publish","4":"has-post-thumbnail","6":"product_cat-wholesale-stainless-steel-coffee-mug","8":"first","9":"instock","10":"shipping-taxable","11":"product-type-simple"},"_links":{"self":[{"href":"https:\/\/moyahousehold.com\/fr\/wp-json\/wp\/v2\/product\/8143","targetHints":{"allow":["GET"]}}],"collection":[{"href":"https:\/\/moyahousehold.com\/fr\/wp-json\/wp\/v2\/product"}],"about":[{"href":"https:\/\/moyahousehold.com\/fr\/wp-json\/wp\/v2\/types\/product"}],"replies":[{"embeddable":true,"href":"https:\/\/moyahousehold.com\/fr\/wp-json\/wp\/v2\/comments?post=8143"}],"version-history":[{"count":0,"href":"https:\/\/moyahousehold.com\/fr\/wp-json\/wp\/v2\/product\/8143\/revisions"}],"wp:featuredmedia":[{"embeddable":true,"href":"https:\/\/moyahousehold.com\/fr\/wp-json\/wp\/v2\/media\/10905"}],"wp:attachment":[{"href":"https:\/\/moyahousehold.com\/fr\/wp-json\/wp\/v2\/media?parent=8143"}],"wp:term":[{"taxonomy":"product_cat","embeddable":true,"href":"https:\/\/moyahousehold.com\/fr\/wp-json\/wp\/v2\/product_cat?post=8143"},{"taxonomy":"product_tag","embeddable":true,"href":"https:\/\/moyahousehold.com\/fr\/wp-json\/wp\/v2\/product_tag?post=8143"}],"curies":[{"name":"wp","href":"https:\/\/api.w.org\/{rel}","templated":true}]}}