{"id":8243,"date":"2024-09-07T02:59:13","date_gmt":"2024-09-01T06:54:03","guid":{"rendered":"https:\/\/moyahousehold.com\/?post_type=product&#038;p=8243"},"modified":"2025-02-05T07:18:01","modified_gmt":"2025-02-05T07:18:01","slug":"wholesale-stainless-steel-lunch-boxes-supplier","status":"publish","type":"product","link":"https:\/\/moyahousehold.com\/fr\/produit\/wholesale-stainless-steel-lunch-boxes-supplier\/","title":{"rendered":"Bo\u00eete \u00e0 lunch en acier inoxydable avec contenants, bo\u00eete \u00e0 lunch en vrac avec compartiments \u00e0 vendre"},"content":{"rendered":"<h3 class=\"wp-block-heading\">Param\u00e8tres de la bo\u00eete \u00e0 lunch en acier inoxydable avec conteneur<\/h3>\n\n\n\n<p><strong>mat\u00e9riel :<\/strong>304 + PP <strong> <\/strong><br><strong>couleur :<\/strong>Beige\u3001Kaki <br><strong>taille :<\/strong>Grand\u3001Medium\u3001Small <br><strong>grille :<\/strong>3\u30014\u30015<\/p>\n\n\n\n<h3 class=\"wp-block-heading\">Bo\u00eete \u00e0 bento personnalis\u00e9e<\/h3>\n\n\n\n<p><strong>Logo : <\/strong>personnaliser le logo de votre marque sur la bo\u00eete \u00e0 lunch et l'emballage.<br><strong>Options de logo :<\/strong> logo imprim\u00e9, logo grav\u00e9 au laser, etc.<br><strong>Mod\u00e8le :<\/strong> Mod\u00e8les d'impression <br><strong>Technologie d'impression :<\/strong> impression par transfert d'eau, impression par s\u00e9rigraphie, impression par transfert thermique, transfert par sublimation, etc.<br><strong>Emballage :<\/strong> bo\u00eete \u00e0 couleurs<br><a href=\"https:\/\/moyahousehold.com\/fr\/solution-personnalisee\/\"><strong>En savoir plus sur les solutions de bo\u00eetes \u00e0 lunch personnalis\u00e9es.<\/strong><\/a><\/p>\n\n\n\n<div class=\"wp-block-columns is-layout-flex wp-container-core-columns-is-layout-9d6595d7 wp-block-columns-is-layout-flex\">\n<div class=\"wp-block-column is-layout-flow wp-block-column-is-layout-flow\">\n<figure class=\"wp-block-image size-full\"><img fetchpriority=\"high\" decoding=\"async\" width=\"1600\" height=\"1600\" src=\"https:\/\/moyahousehold.com\/wp-content\/uploads\/2024\/09\/Lunch-box-details-1.webp\" alt=\"D\u00e9tails de la bo\u00eete \u00e0 lunch (1)\" class=\"wp-image-8303\" srcset=\"https:\/\/moyahousehold.com\/wp-content\/uploads\/2024\/09\/Lunch-box-details-1.webp 1600w, https:\/\/moyahousehold.com\/wp-content\/uploads\/2024\/09\/Lunch-box-details-1-300x300.webp 300w, https:\/\/moyahousehold.com\/wp-content\/uploads\/2024\/09\/Lunch-box-details-1-150x150.webp 150w, https:\/\/moyahousehold.com\/wp-content\/uploads\/2024\/09\/Lunch-box-details-1-768x768.webp 768w, https:\/\/moyahousehold.com\/wp-content\/uploads\/2024\/09\/Lunch-box-details-1-12x12.webp 12w, https:\/\/moyahousehold.com\/wp-content\/uploads\/2024\/09\/Lunch-box-details-1-285x285.webp 285w, https:\/\/moyahousehold.com\/wp-content\/uploads\/2024\/09\/Lunch-box-details-1-270x270.webp 270w, https:\/\/moyahousehold.com\/wp-content\/uploads\/2024\/09\/Lunch-box-details-1-540x540.webp 540w, https:\/\/moyahousehold.com\/wp-content\/uploads\/2024\/09\/Lunch-box-details-1-660x660.webp 660w\" sizes=\"(max-width: 1600px) 100vw, 1600px\" \/><\/figure>\n<\/div>\n\n\n\n<div class=\"wp-block-column is-layout-flow wp-block-column-is-layout-flow\">\n<figure class=\"wp-block-image size-full\"><img decoding=\"async\" width=\"1600\" height=\"1600\" src=\"https:\/\/moyahousehold.com\/wp-content\/uploads\/2024\/09\/Lunch-box-details-2.webp\" alt=\"D\u00e9tails de la bo\u00eete \u00e0 lunch (2)\" class=\"wp-image-8304\" srcset=\"https:\/\/moyahousehold.com\/wp-content\/uploads\/2024\/09\/Lunch-box-details-2.webp 1600w, https:\/\/moyahousehold.com\/wp-content\/uploads\/2024\/09\/Lunch-box-details-2-300x300.webp 300w, https:\/\/moyahousehold.com\/wp-content\/uploads\/2024\/09\/Lunch-box-details-2-150x150.webp 150w, https:\/\/moyahousehold.com\/wp-content\/uploads\/2024\/09\/Lunch-box-details-2-768x768.webp 768w, https:\/\/moyahousehold.com\/wp-content\/uploads\/2024\/09\/Lunch-box-details-2-12x12.webp 12w, https:\/\/moyahousehold.com\/wp-content\/uploads\/2024\/09\/Lunch-box-details-2-285x285.webp 285w, https:\/\/moyahousehold.com\/wp-content\/uploads\/2024\/09\/Lunch-box-details-2-270x270.webp 270w, https:\/\/moyahousehold.com\/wp-content\/uploads\/2024\/09\/Lunch-box-details-2-540x540.webp 540w, https:\/\/moyahousehold.com\/wp-content\/uploads\/2024\/09\/Lunch-box-details-2-660x660.webp 660w\" sizes=\"(max-width: 1600px) 100vw, 1600px\" \/><\/figure>\n<\/div>\n<\/div>\n\n\n\n<div class=\"wp-block-columns is-layout-flex wp-container-core-columns-is-layout-9d6595d7 wp-block-columns-is-layout-flex\">\n<div class=\"wp-block-column is-layout-flow wp-block-column-is-layout-flow\">\n<figure class=\"wp-block-image size-full\"><img decoding=\"async\" width=\"1600\" height=\"1600\" src=\"https:\/\/moyahousehold.com\/wp-content\/uploads\/2024\/09\/Lunch-box-details-3.webp\" alt=\"D\u00e9tails de la bo\u00eete \u00e0 lunch (3)\" class=\"wp-image-8305\" srcset=\"https:\/\/moyahousehold.com\/wp-content\/uploads\/2024\/09\/Lunch-box-details-3.webp 1600w, https:\/\/moyahousehold.com\/wp-content\/uploads\/2024\/09\/Lunch-box-details-3-300x300.webp 300w, https:\/\/moyahousehold.com\/wp-content\/uploads\/2024\/09\/Lunch-box-details-3-150x150.webp 150w, https:\/\/moyahousehold.com\/wp-content\/uploads\/2024\/09\/Lunch-box-details-3-768x768.webp 768w, https:\/\/moyahousehold.com\/wp-content\/uploads\/2024\/09\/Lunch-box-details-3-12x12.webp 12w, https:\/\/moyahousehold.com\/wp-content\/uploads\/2024\/09\/Lunch-box-details-3-285x285.webp 285w, https:\/\/moyahousehold.com\/wp-content\/uploads\/2024\/09\/Lunch-box-details-3-270x270.webp 270w, https:\/\/moyahousehold.com\/wp-content\/uploads\/2024\/09\/Lunch-box-details-3-540x540.webp 540w, https:\/\/moyahousehold.com\/wp-content\/uploads\/2024\/09\/Lunch-box-details-3-660x660.webp 660w\" sizes=\"(max-width: 1600px) 100vw, 1600px\" \/><\/figure>\n<\/div>\n\n\n\n<div class=\"wp-block-column is-layout-flow wp-block-column-is-layout-flow\">\n<figure class=\"wp-block-image size-full\"><img loading=\"lazy\" decoding=\"async\" width=\"4095\" height=\"4095\" src=\"https:\/\/moyahousehold.com\/wp-content\/uploads\/2024\/09\/Lunch-box-details-4.webp\" alt=\"D\u00e9tails de la bo\u00eete \u00e0 lunch (4)\" class=\"wp-image-8306\" srcset=\"https:\/\/moyahousehold.com\/wp-content\/uploads\/2024\/09\/Lunch-box-details-4.webp 4095w, https:\/\/moyahousehold.com\/wp-content\/uploads\/2024\/09\/Lunch-box-details-4-300x300.webp 300w, https:\/\/moyahousehold.com\/wp-content\/uploads\/2024\/09\/Lunch-box-details-4-150x150.webp 150w, https:\/\/moyahousehold.com\/wp-content\/uploads\/2024\/09\/Lunch-box-details-4-768x768.webp 768w, https:\/\/moyahousehold.com\/wp-content\/uploads\/2024\/09\/Lunch-box-details-4-12x12.webp 12w, https:\/\/moyahousehold.com\/wp-content\/uploads\/2024\/09\/Lunch-box-details-4-285x285.webp 285w, https:\/\/moyahousehold.com\/wp-content\/uploads\/2024\/09\/Lunch-box-details-4-1600x1600.webp 1600w, https:\/\/moyahousehold.com\/wp-content\/uploads\/2024\/09\/Lunch-box-details-4-270x270.webp 270w, https:\/\/moyahousehold.com\/wp-content\/uploads\/2024\/09\/Lunch-box-details-4-540x540.webp 540w, https:\/\/moyahousehold.com\/wp-content\/uploads\/2024\/09\/Lunch-box-details-4-660x660.webp 660w\" sizes=\"(max-width: 4095px) 100vw, 4095px\" \/><\/figure>\n<\/div>\n<\/div>","protected":false},"excerpt":{"rendered":"<p>Nous offrons une vari\u00e9t\u00e9 de bo\u00eetes \u00e0 lunch, y compris des bo\u00eetes \u00e0 lunch \u00e0 trois compartiments, des bo\u00eetes \u00e0 lunch \u00e0 deux compartiments et des bo\u00eetes \u00e0 lunch \u00e0 quatre compartiments. Fabriqu\u00e9e en acier inoxydable de qualit\u00e9 alimentaire, cette bo\u00eete \u00e0 lunch convient \u00e0 la conservation d'une vari\u00e9t\u00e9 d'aliments chauds et froids. En tant que fournisseur professionnel de bo\u00eetes \u00e0 lunch, nous fournissons des bo\u00eetes \u00e0 lunch en gros de haute qualit\u00e9 et des services de soutien oem et odm, n'h\u00e9sitez pas \u00e0 nous contacter.<\/p>\n<h2>Caract\u00e9ristiques de la bo\u00eete \u00e0 lunch en acier inoxydable<\/p>\n<\/h2>\n<p><strong>Acier inoxydable 304 Rev\u00eatement :<\/strong> La bo\u00eete \u00e0 lunch est fabriqu\u00e9e en acier inoxydable 304 de qualit\u00e9 alimentaire, qui est durable, r\u00e9sistant \u00e0 la corrosion et plus s\u00fbr pour le stockage des aliments. En outre, ce mat\u00e9riau est facile \u00e0 nettoyer, inodore et peut \u00eatre mis au lave-vaisselle, ce qui permet de gagner du temps.<\/p>\n<p><strong>Bo\u00eete \u00e0 lunch avec compartiments :<\/strong> Il s'agit d'une bo\u00eete \u00e0 lunch \u00e0 4 compartiments, chaque compartiment \u00e9tant utilis\u00e9 pour ranger diff\u00e9rents articles s\u00e9par\u00e9ment. Elle est \u00e9quip\u00e9e de r\u00e9cipients pour aliments, ce qui rend plus pratique le stockage d'aliments liquides.<\/p>\n<p><strong>Portable :<\/strong> Cette bo\u00eete \u00e0 lunch est l\u00e9g\u00e8re, facile \u00e0 transporter et peu encombrante. Elle convient aux activit\u00e9s de plein air telles que le travail, l'\u00e9cole ou les voyages.<\/p>\n<p><strong>Respectueux de l'environnement et r\u00e9utilisable :<\/strong> La bo\u00eete \u00e0 lunch est fabriqu\u00e9e en acier inoxydable durable et en d'autres mat\u00e9riaux, ce qui permet de r\u00e9duire l'utilisation de bo\u00eetes \u00e0 lunch jetables, ce qui est rentable \u00e0 la fois pour les utilisateurs et pour l'environnement.<\/p>\n<p><strong>Vente en gros et services personnalis\u00e9s :<\/strong> Nous fournissons des services de vente en gros de bo\u00eetes \u00e0 lunch et prenons en charge la personnalisation. Les clients peuvent choisir la capacit\u00e9, la couleur, le mat\u00e9riau, le logo de la marque, etc. en fonction de leurs besoins pour r\u00e9pondre \u00e0 diff\u00e9rents besoins personnalis\u00e9s.<\/p>\n<p>&nbsp;<\/p>","protected":false},"featured_media":8956,"comment_status":"closed","ping_status":"closed","template":"","meta":[],"product_cat":[58],"product_tag":[87],"class_list":{"0":"post-8243","1":"product","2":"type-product","3":"status-publish","4":"has-post-thumbnail","6":"product_cat-lunch-box-wholesale","7":"product_tag-wholesale-multi-compartment-lunch-box","9":"first","10":"instock","11":"shipping-taxable","12":"product-type-simple"},"_links":{"self":[{"href":"https:\/\/moyahousehold.com\/fr\/wp-json\/wp\/v2\/product\/8243","targetHints":{"allow":["GET"]}}],"collection":[{"href":"https:\/\/moyahousehold.com\/fr\/wp-json\/wp\/v2\/product"}],"about":[{"href":"https:\/\/moyahousehold.com\/fr\/wp-json\/wp\/v2\/types\/product"}],"replies":[{"embeddable":true,"href":"https:\/\/moyahousehold.com\/fr\/wp-json\/wp\/v2\/comments?post=8243"}],"version-history":[{"count":0,"href":"https:\/\/moyahousehold.com\/fr\/wp-json\/wp\/v2\/product\/8243\/revisions"}],"wp:featuredmedia":[{"embeddable":true,"href":"https:\/\/moyahousehold.com\/fr\/wp-json\/wp\/v2\/media\/8956"}],"wp:attachment":[{"href":"https:\/\/moyahousehold.com\/fr\/wp-json\/wp\/v2\/media?parent=8243"}],"wp:term":[{"taxonomy":"product_cat","embeddable":true,"href":"https:\/\/moyahousehold.com\/fr\/wp-json\/wp\/v2\/product_cat?post=8243"},{"taxonomy":"product_tag","embeddable":true,"href":"https:\/\/moyahousehold.com\/fr\/wp-json\/wp\/v2\/product_tag?post=8243"}],"curies":[{"name":"wp","href":"https:\/\/api.w.org\/{rel}","templated":true}]}}