{"id":8435,"date":"2024-09-30T01:20:47","date_gmt":"2024-09-30T01:20:47","guid":{"rendered":"https:\/\/moyahousehold.com\/?post_type=product&#038;p=8435"},"modified":"2025-04-15T09:38:56","modified_gmt":"2025-04-15T09:38:56","slug":"wholesale-stainless-steel-thermal-coffee-carafe","status":"publish","type":"product","link":"https:\/\/moyahousehold.com\/fr\/produit\/wholesale-stainless-steel-thermal-coffee-carafe\/","title":{"rendered":"Vente en gros d'une carafe \u00e0 caf\u00e9 thermique en acier inoxydable de 1,2L, pots \u00e0 caf\u00e9 isol\u00e9s en vrac"},"content":{"rendered":"<h3 class=\"wp-block-heading\">Param\u00e8tres de la carafe \u00e0 caf\u00e9 thermique en acier inoxydable<\/h3>\n\n\n\n<figure class=\"wp-block-table\"><table class=\"has-fixed-layout\"><tbody><tr><td>Produit&nbsp;<\/td><td>Capacit\u00e9<\/td><td>Marque<\/td><td>Mod\u00e8le<\/td><td>Couleur<\/td><td>Mat\u00e9riau<\/td><td>Dimensions<\/td><td>Poids brut<\/td><\/tr><tr><td>Carafe \u00e0 caf\u00e9 thermique de style italien<\/td><td>1.2L<\/td><td>MOYA<\/td><td>MY0022<\/td><td>noir,<br>beige,<br>blanc,<br>gris clair<\/td><td>PP, acier inoxydable 304\uff0csilica gel<\/td><td>138*130*283cm<\/td><td>1kg<\/td><\/tr><\/tbody><\/table><\/figure>\n\n\n\n<h3 class=\"wp-block-heading\">Options de carafe \u00e0 caf\u00e9 thermique en acier inoxydable personnalis\u00e9es<\/h3>\n\n\n\n<p><strong>Logo :<\/strong> Personnalisez le logo de votre marque sur la carafe et l'emballage.<br><strong>Options de logo :<\/strong> logo imprim\u00e9, logo grav\u00e9 au laser, etc.<br><strong>Mod\u00e8le :<\/strong> Impression de motifs sur la carafe \u00e0 caf\u00e9.<br><strong>Technologie d'impression : <\/strong>impression par transfert d'eau, s\u00e9rigraphie, impression par transfert de chaleur, transfert par sublimation, etc. <br><strong>Emballage :<\/strong> bo\u00eete \u00e0 couleurs<br><a href=\"https:\/\/moyahousehold.com\/fr\/solution-personnalisee\/\"><strong>D\u00e9couvrez d'autres options de carafes \u00e0 caf\u00e9 personnalis\u00e9es<\/strong><\/a><\/p>\n\n\n\n<div class=\"wp-block-columns is-layout-flex wp-container-core-columns-is-layout-9d6595d7 wp-block-columns-is-layout-flex\">\n<div class=\"wp-block-column is-layout-flow wp-block-column-is-layout-flow\">\n<figure class=\"wp-block-image size-full\"><img fetchpriority=\"high\" decoding=\"async\" width=\"1600\" height=\"1600\" src=\"https:\/\/moyahousehold.com\/wp-content\/uploads\/2024\/09\/Thermal-coffee-carafe-dimensions.jpg\" alt=\"Dimensions de la carafe \u00e0 caf\u00e9 thermique\" class=\"wp-image-8446\" srcset=\"https:\/\/moyahousehold.com\/wp-content\/uploads\/2024\/09\/Thermal-coffee-carafe-dimensions.jpg 1600w, https:\/\/moyahousehold.com\/wp-content\/uploads\/2024\/09\/Thermal-coffee-carafe-dimensions-300x300.jpg 300w, https:\/\/moyahousehold.com\/wp-content\/uploads\/2024\/09\/Thermal-coffee-carafe-dimensions-150x150.jpg 150w, https:\/\/moyahousehold.com\/wp-content\/uploads\/2024\/09\/Thermal-coffee-carafe-dimensions-768x768.jpg 768w, https:\/\/moyahousehold.com\/wp-content\/uploads\/2024\/09\/Thermal-coffee-carafe-dimensions-12x12.jpg 12w, https:\/\/moyahousehold.com\/wp-content\/uploads\/2024\/09\/Thermal-coffee-carafe-dimensions-285x285.jpg 285w, https:\/\/moyahousehold.com\/wp-content\/uploads\/2024\/09\/Thermal-coffee-carafe-dimensions-270x270.jpg 270w, https:\/\/moyahousehold.com\/wp-content\/uploads\/2024\/09\/Thermal-coffee-carafe-dimensions-540x540.jpg 540w, https:\/\/moyahousehold.com\/wp-content\/uploads\/2024\/09\/Thermal-coffee-carafe-dimensions-660x660.jpg 660w\" sizes=\"(max-width: 1600px) 100vw, 1600px\" \/><\/figure>\n<\/div>\n\n\n\n<div class=\"wp-block-column is-layout-flow wp-block-column-is-layout-flow\">\n<figure class=\"wp-block-image size-full\"><img decoding=\"async\" width=\"4160\" height=\"4164\" src=\"https:\/\/moyahousehold.com\/wp-content\/uploads\/2024\/09\/Physical-display-of-thermal-coffee-carafe.jpg\" alt=\"Pr\u00e9sentation physique de la carafe \u00e0 caf\u00e9 thermique\" class=\"wp-image-8445\" srcset=\"https:\/\/moyahousehold.com\/wp-content\/uploads\/2024\/09\/Physical-display-of-thermal-coffee-carafe.jpg 4160w, https:\/\/moyahousehold.com\/wp-content\/uploads\/2024\/09\/Physical-display-of-thermal-coffee-carafe-300x300.jpg 300w, https:\/\/moyahousehold.com\/wp-content\/uploads\/2024\/09\/Physical-display-of-thermal-coffee-carafe-150x150.jpg 150w, https:\/\/moyahousehold.com\/wp-content\/uploads\/2024\/09\/Physical-display-of-thermal-coffee-carafe-768x769.jpg 768w, https:\/\/moyahousehold.com\/wp-content\/uploads\/2024\/09\/Physical-display-of-thermal-coffee-carafe-12x12.jpg 12w, https:\/\/moyahousehold.com\/wp-content\/uploads\/2024\/09\/Physical-display-of-thermal-coffee-carafe-285x285.jpg 285w, https:\/\/moyahousehold.com\/wp-content\/uploads\/2024\/09\/Physical-display-of-thermal-coffee-carafe-1600x1602.jpg 1600w, https:\/\/moyahousehold.com\/wp-content\/uploads\/2024\/09\/Physical-display-of-thermal-coffee-carafe-270x270.jpg 270w, https:\/\/moyahousehold.com\/wp-content\/uploads\/2024\/09\/Physical-display-of-thermal-coffee-carafe-540x540.jpg 540w, https:\/\/moyahousehold.com\/wp-content\/uploads\/2024\/09\/Physical-display-of-thermal-coffee-carafe-660x660.jpg 660w\" sizes=\"(max-width: 4160px) 100vw, 4160px\" \/><\/figure>\n<\/div>\n<\/div>","protected":false},"excerpt":{"rendered":"<p>La carafe \u00e0 caf\u00e9 thermique de style italien en gros, au design esth\u00e9tique minimaliste, n'est pas seulement un r\u00e9cipient isolant, mais aussi une \u0153uvre d'art qui convient \u00e0 la d\u00e9coration de la pi\u00e8ce. La carafe \u00e0 caf\u00e9 thermique est fabriqu\u00e9e en acier inoxydable de haute qualit\u00e9, avec une texture m\u00e9tallique unique et une tr\u00e8s longue dur\u00e9e de vie. L'int\u00e9rieur adopte une conception de couche sous vide, qui a un bon effet isolant. Convient aux restaurants et aux familles. Les acheteurs B2B sont invit\u00e9s \u00e0 nous contacter.<\/p>\n<h3>Caract\u00e9ristiques et avantages de la carafe \u00e0 caf\u00e9 thermique en acier inoxydable<\/h3>\n<p><strong>Effet isolant<\/strong>: La carafe \u00e0 caf\u00e9 thermique offre d'excellentes performances d'isolation pendant 12 heures. L'ext\u00e9rieur est en PP, le rev\u00eatement int\u00e9rieur est en acier inoxydable et il est combin\u00e9 \u00e0 un anneau \u00e9tanche en silicone pour former une double couche sous vide. Cette structure am\u00e9liore efficacement les performances d'\u00e9tanch\u00e9it\u00e9 et d'isolation du produit, garantissant le maintien de la temp\u00e9rature de la boisson pendant une longue p\u00e9riode.<\/p>\n<p><strong>Grande capacit\u00e9<\/strong>: La grande capacit\u00e9 de 1,2 litre convient \u00e0 une utilisation familiale quotidienne, sans ajout fr\u00e9quent d'eau, et peut r\u00e9pondre aux besoins quotidiens en mati\u00e8re de boisson. Qu'il s'agisse de pr\u00e9parer du th\u00e9, du caf\u00e9 ou d'autres boissons, les besoins peuvent \u00eatre satisfaits en une seule fois, ce qui convient particuli\u00e8rement aux r\u00e9unions de famille ou aux r\u00e9ceptions entre amis.<\/p>\n<p><strong>L'apparence de la mode<\/strong>: Cette carafe \u00e0 caf\u00e9 thermique combine les concepts de simplicit\u00e9 et de mode, ce qui est \u00e0 la fois pratique et d\u00e9coratif. Ses couleurs simples et \u00e9l\u00e9gantes ajoutent une atmosph\u00e8re tendance au bureau.<\/p>\n<p><strong>Plusieurs couleurs<\/strong>: La carafe \u00e0 caf\u00e9 thermique est disponible en plusieurs couleurs pour r\u00e9pondre aux pr\u00e9f\u00e9rences des diff\u00e9rents utilisateurs, et son aspect minimaliste offre aux utilisateurs une exp\u00e9rience visuelle confortable.<\/p>\n<p><strong>Service de gros<\/strong>: Nous fournissons un service de carafe \u00e0 caf\u00e9 thermique en gros pour les acheteurs B2B. Nous vous assistons depuis la personnalisation, la production jusqu'\u00e0 la livraison.<\/p>\n<p><strong>Service de personnalisation<\/strong>: En tant que fabricant professionnel de carafe \u00e0 caf\u00e9 thermique, nous fournissons des solutions de personnalisation professionnelles. L'apparence, la capacit\u00e9, le mat\u00e9riel et l'emballage de la carafe \u00e0 caf\u00e9 thermique peuvent \u00eatre personnalis\u00e9s. N'h\u00e9sitez pas \u00e0 nous contacter.<\/p>\n<p><strong><a href=\"https:\/\/moyahousehold.com\/fr\/wholesale-1-2l-italian-style-thermal-coffee-carafe\/\" target=\"_blank\" rel=\"noopener\">En savoir plus sur la carafe \u00e0 caf\u00e9 thermique en acier inoxydable de style italien<\/a><\/p>\n<p><\/strong><\/p>","protected":false},"featured_media":8436,"comment_status":"open","ping_status":"closed","template":"","meta":[],"product_cat":[54],"product_tag":[73,85],"class_list":{"0":"post-8435","1":"product","2":"type-product","3":"status-publish","4":"has-post-thumbnail","6":"product_cat-thermal-carafe-wholesale","7":"product_tag-wholesale-1200ml-thermos-carafe","8":"product_tag-wholesale-stainless-steel-liner-thermos-carafe","10":"first","11":"instock","12":"shipping-taxable","13":"product-type-simple"},"_links":{"self":[{"href":"https:\/\/moyahousehold.com\/fr\/wp-json\/wp\/v2\/product\/8435","targetHints":{"allow":["GET"]}}],"collection":[{"href":"https:\/\/moyahousehold.com\/fr\/wp-json\/wp\/v2\/product"}],"about":[{"href":"https:\/\/moyahousehold.com\/fr\/wp-json\/wp\/v2\/types\/product"}],"replies":[{"embeddable":true,"href":"https:\/\/moyahousehold.com\/fr\/wp-json\/wp\/v2\/comments?post=8435"}],"version-history":[{"count":0,"href":"https:\/\/moyahousehold.com\/fr\/wp-json\/wp\/v2\/product\/8435\/revisions"}],"wp:featuredmedia":[{"embeddable":true,"href":"https:\/\/moyahousehold.com\/fr\/wp-json\/wp\/v2\/media\/8436"}],"wp:attachment":[{"href":"https:\/\/moyahousehold.com\/fr\/wp-json\/wp\/v2\/media?parent=8435"}],"wp:term":[{"taxonomy":"product_cat","embeddable":true,"href":"https:\/\/moyahousehold.com\/fr\/wp-json\/wp\/v2\/product_cat?post=8435"},{"taxonomy":"product_tag","embeddable":true,"href":"https:\/\/moyahousehold.com\/fr\/wp-json\/wp\/v2\/product_tag?post=8435"}],"curies":[{"name":"wp","href":"https:\/\/api.w.org\/{rel}","templated":true}]}}