{"id":8450,"date":"2024-09-30T02:24:47","date_gmt":"2024-09-30T02:24:47","guid":{"rendered":"https:\/\/moyahousehold.com\/?post_type=product&#038;p=8450"},"modified":"2025-04-19T09:24:49","modified_gmt":"2025-04-19T09:24:49","slug":"wholesale-1l-arabic-style-thermos-kettle","status":"publish","type":"product","link":"https:\/\/moyahousehold.com\/fr\/produit\/wholesale-1l-arabic-style-thermos-kettle\/","title":{"rendered":"Wholesale 1.0L Arabic Style Thermos Kettle, Bulk Vacuum Thermos Jug For Sale, Support OEM &amp; ODM"},"content":{"rendered":"<h3 class=\"wp-block-heading\">Param\u00e8tres de la bouilloire thermos de style arabe de 1,0 L<\/h3>\n\n\n\n<figure class=\"wp-block-table\"><table class=\"has-fixed-layout\"><tbody><tr><td>Produit&nbsp;<\/td><td>Capacit\u00e9<\/td><td>Marque<\/td><td>Mod\u00e8le<\/td><td>Couleur<\/td><td>Mat\u00e9riau<\/td><td>Dimensions<\/td><td>Poids brut<\/td><\/tr><tr><td>Cafeti\u00e8re isotherme de style arabe<\/td><td>1.0L<\/td><td>MOYA<\/td><td>Cruche thermo en arabe<\/td><td>noir<br>beige<br>gris fonc\u00e9<\/td><td>PP, acier inoxydable 304\uff0csilica gel\uff0ch\u00eatre<\/td><td>170*170*246<\/td><td>0.5<\/td><\/tr><\/tbody><\/table><\/figure>\n\n\n\n<h3 class=\"wp-block-heading\">Options de bouilloires thermos personnalis\u00e9es<\/h3>\n\n\n\n<p><strong>Logo : <\/strong>Personnalisez le logo de votre marque sur les cafeti\u00e8res isothermes et leur emballage.<br><strong>Options de logo : <\/strong>logo imprim\u00e9, logo grav\u00e9 au laser, etc.<br><strong>Mod\u00e8le : <\/strong>Impression de motifs sur des cafeti\u00e8res isothermes.<br><strong>Technologie d'impression :<\/strong> impression par transfert d'eau, s\u00e9rigraphie, impression par transfert de chaleur, transfert par sublimation, etc. <br><strong>Paquet :<\/strong> bo\u00eete \u00e0 couleurs<br><a href=\"https:\/\/moyahousehold.com\/fr\/solution-personnalisee\/\"><strong>D\u00e9couvrez d'autres options de bouilloires thermos personnalis\u00e9es<\/strong><\/a><\/p>\n\n\n\n<div class=\"wp-block-columns is-layout-flex wp-container-core-columns-is-layout-9d6595d7 wp-block-columns-is-layout-flex\">\n<div class=\"wp-block-column is-layout-flow wp-block-column-is-layout-flow\">\n<figure class=\"wp-block-image size-full\"><img fetchpriority=\"high\" decoding=\"async\" width=\"1500\" height=\"1500\" src=\"https:\/\/moyahousehold.com\/wp-content\/uploads\/2024\/09\/Arabic-style-thermos-kettle-detail1.jpg\" alt=\"Bouilloire thermos de style arabe d\u00e9tail(1)\" class=\"wp-image-10006\" srcset=\"https:\/\/moyahousehold.com\/wp-content\/uploads\/2024\/09\/Arabic-style-thermos-kettle-detail1.jpg 1500w, https:\/\/moyahousehold.com\/wp-content\/uploads\/2024\/09\/Arabic-style-thermos-kettle-detail1-300x300.jpg 300w, https:\/\/moyahousehold.com\/wp-content\/uploads\/2024\/09\/Arabic-style-thermos-kettle-detail1-150x150.jpg 150w, https:\/\/moyahousehold.com\/wp-content\/uploads\/2024\/09\/Arabic-style-thermos-kettle-detail1-768x768.jpg 768w, https:\/\/moyahousehold.com\/wp-content\/uploads\/2024\/09\/Arabic-style-thermos-kettle-detail1-12x12.jpg 12w, https:\/\/moyahousehold.com\/wp-content\/uploads\/2024\/09\/Arabic-style-thermos-kettle-detail1-285x285.jpg 285w, https:\/\/moyahousehold.com\/wp-content\/uploads\/2024\/09\/Arabic-style-thermos-kettle-detail1-270x270.jpg 270w, https:\/\/moyahousehold.com\/wp-content\/uploads\/2024\/09\/Arabic-style-thermos-kettle-detail1-540x540.jpg 540w, https:\/\/moyahousehold.com\/wp-content\/uploads\/2024\/09\/Arabic-style-thermos-kettle-detail1-660x660.jpg 660w\" sizes=\"(max-width: 1500px) 100vw, 1500px\" \/><\/figure>\n<\/div>\n\n\n\n<div class=\"wp-block-column is-layout-flow wp-block-column-is-layout-flow\">\n<figure class=\"wp-block-image size-full\"><img decoding=\"async\" width=\"2240\" height=\"2240\" src=\"https:\/\/moyahousehold.com\/wp-content\/uploads\/2024\/09\/Arabic-style-thermos-kettle-detail2.jpg\" alt=\"Bouilloire thermos de style arabe d\u00e9tail(2)\" class=\"wp-image-10007\" srcset=\"https:\/\/moyahousehold.com\/wp-content\/uploads\/2024\/09\/Arabic-style-thermos-kettle-detail2.jpg 2240w, https:\/\/moyahousehold.com\/wp-content\/uploads\/2024\/09\/Arabic-style-thermos-kettle-detail2-300x300.jpg 300w, https:\/\/moyahousehold.com\/wp-content\/uploads\/2024\/09\/Arabic-style-thermos-kettle-detail2-150x150.jpg 150w, https:\/\/moyahousehold.com\/wp-content\/uploads\/2024\/09\/Arabic-style-thermos-kettle-detail2-768x768.jpg 768w, https:\/\/moyahousehold.com\/wp-content\/uploads\/2024\/09\/Arabic-style-thermos-kettle-detail2-12x12.jpg 12w, https:\/\/moyahousehold.com\/wp-content\/uploads\/2024\/09\/Arabic-style-thermos-kettle-detail2-285x285.jpg 285w, https:\/\/moyahousehold.com\/wp-content\/uploads\/2024\/09\/Arabic-style-thermos-kettle-detail2-1600x1600.jpg 1600w, https:\/\/moyahousehold.com\/wp-content\/uploads\/2024\/09\/Arabic-style-thermos-kettle-detail2-270x270.jpg 270w, https:\/\/moyahousehold.com\/wp-content\/uploads\/2024\/09\/Arabic-style-thermos-kettle-detail2-540x540.jpg 540w, https:\/\/moyahousehold.com\/wp-content\/uploads\/2024\/09\/Arabic-style-thermos-kettle-detail2-660x660.jpg 660w\" sizes=\"(max-width: 2240px) 100vw, 2240px\" \/><\/figure>\n<\/div>\n<\/div>","protected":false},"excerpt":{"rendered":"<p>Bouilloire thermos de style arabe en gros, cette bouilloire thermos incorpore des \u00e9l\u00e9ments culturels arabes traditionnels, ajoutant un charme unique \u00e0 la d\u00e9coration de votre cuisine ou de votre salon. Le r\u00e9servoir int\u00e9rieur est en acier inoxydable de qualit\u00e9 alimentaire, qui pr\u00e9serve bien la chaleur et r\u00e9siste \u00e0 la corrosion. Nous fournissons des services OEM et ODM, n'h\u00e9sitez pas \u00e0 nous contacter.<\/p>\n<h3>Caract\u00e9ristiques de la bouilloire thermos de style arabe de 1,0 L<\/h3>\n<p><strong>Design de style arabe :<\/strong> Cette bouilloire thermos adopte la forme traditionnelle de la bouilloire arabe, d\u00e9gageant un style arabe fort et ajoutant du charme \u00e0 votre d\u00e9coration d'int\u00e9rieur.<\/p>\n<p><strong>Doublure en acier inoxydable<\/strong>: Cette bouilloire thermos de style arabe adopte un rev\u00eatement en acier inoxydable sous vide, qui offre d'excellentes performances en mati\u00e8re de conservation de la chaleur et du froid.<\/p>\n<p><strong>Conception pratique :<\/strong> Cette bouilloire thermos de style arabe est dot\u00e9e d'un bouton unique qui permet de vider rapidement l'eau d'une simple pression.<\/p>\n<p><strong>Plusieurs options de style :<\/strong> Nous proposons une vari\u00e9t\u00e9 de couleurs, notamment le noir, le beige et le gris fonc\u00e9, afin de r\u00e9pondre aux pr\u00e9f\u00e9rences des diff\u00e9rents utilisateurs.<\/p>\n<p><strong>Service de vente en gros :<\/strong> Nous fournissons des bouilloires thermos en gros \u00e0 des prix d'usine, nous prenons en charge les achats en gros et les achats en petites quantit\u00e9s, pour les grossistes, les distributeurs et les d\u00e9taillants.<\/p>\n<p><strong>Service sur mesure :<\/strong> En tant que fabricant professionnel de bouilloires thermos, nous fournissons des solutions professionnelles personnalis\u00e9es. L'apparence, la capacit\u00e9, le mat\u00e9riau et l'emballage de la cafeti\u00e8re thermos peuvent \u00eatre personnalis\u00e9s. Cr\u00e9ez une marque exclusive de bouilloire thermos pour vous.<\/p>\n<p><strong><a href=\"https:\/\/moyahousehold.com\/fr\/wholesale-1l-arabic-style-thermos-kettle-introduction\/\" target=\"_blank\" rel=\"noopener\">En savoir plus sur la bouilloire thermos de style arabe.<\/a><\/p>\n<p><\/strong><\/p>","protected":false},"featured_media":10008,"comment_status":"closed","ping_status":"closed","template":"","meta":[],"product_cat":[54],"product_tag":[66,85],"class_list":{"0":"post-8450","1":"product","2":"type-product","3":"status-publish","4":"has-post-thumbnail","6":"product_cat-thermal-carafe-wholesale","7":"product_tag-wholesale-1000ml-thermos-carafe","8":"product_tag-wholesale-stainless-steel-liner-thermos-carafe","10":"first","11":"instock","12":"shipping-taxable","13":"product-type-simple"},"_links":{"self":[{"href":"https:\/\/moyahousehold.com\/fr\/wp-json\/wp\/v2\/product\/8450","targetHints":{"allow":["GET"]}}],"collection":[{"href":"https:\/\/moyahousehold.com\/fr\/wp-json\/wp\/v2\/product"}],"about":[{"href":"https:\/\/moyahousehold.com\/fr\/wp-json\/wp\/v2\/types\/product"}],"replies":[{"embeddable":true,"href":"https:\/\/moyahousehold.com\/fr\/wp-json\/wp\/v2\/comments?post=8450"}],"version-history":[{"count":0,"href":"https:\/\/moyahousehold.com\/fr\/wp-json\/wp\/v2\/product\/8450\/revisions"}],"wp:featuredmedia":[{"embeddable":true,"href":"https:\/\/moyahousehold.com\/fr\/wp-json\/wp\/v2\/media\/10008"}],"wp:attachment":[{"href":"https:\/\/moyahousehold.com\/fr\/wp-json\/wp\/v2\/media?parent=8450"}],"wp:term":[{"taxonomy":"product_cat","embeddable":true,"href":"https:\/\/moyahousehold.com\/fr\/wp-json\/wp\/v2\/product_cat?post=8450"},{"taxonomy":"product_tag","embeddable":true,"href":"https:\/\/moyahousehold.com\/fr\/wp-json\/wp\/v2\/product_tag?post=8450"}],"curies":[{"name":"wp","href":"https:\/\/api.w.org\/{rel}","templated":true}]}}