{"id":9198,"date":"2024-11-19T10:25:01","date_gmt":"2024-11-17T02:31:09","guid":{"rendered":"https:\/\/moyahousehold.com\/?post_type=product&#038;p=9198"},"modified":"2025-02-05T09:56:47","modified_gmt":"2025-02-05T09:56:47","slug":"wholesale-stainless-steel-kitchen-food-containers","status":"publish","type":"product","link":"https:\/\/moyahousehold.com\/fr\/produit\/wholesale-stainless-steel-kitchen-food-containers\/","title":{"rendered":"R\u00e9cipients en acier inoxydable pour aliments de cuisine, vente en gros de r\u00e9cipients de stockage d'aliments pour pique-nique"},"content":{"rendered":"<div class=\"wp-block-columns is-layout-flex wp-container-core-columns-is-layout-9d6595d7 wp-block-columns-is-layout-flex\">\n<div class=\"wp-block-column is-layout-flow wp-block-column-is-layout-flow\">\n<h3 class=\"wp-block-heading\">Param\u00e8tres des r\u00e9cipients alimentaires de cuisine en acier inoxydable<\/h3>\n\n\n\n<figure class=\"wp-block-table\"><table><tbody><tr><td>Article NO<\/td><td>Capacit\u00e9<\/td><td>Taille\/PCS<\/td><td>PCS\/Case<\/td><td>N.W.\/PCS<\/td><td>G.W.\/Cas<\/td><\/tr><tr><td>MYJD126<\/td><td>420ml<\/td><td>13.3*9.6*5.6<\/td><td>80<\/td><td>14<\/td><td>0.15<\/td><\/tr><tr><td>MYJD127<\/td><td>660ml<\/td><td>13.3*9.6*8.2<\/td><td>80<\/td><td>14.8<\/td><td>0.16<\/td><\/tr><tr><td>MYJD128<\/td><td>900ml<\/td><td>13.3*9.6*10.7<\/td><td>60<\/td><td>14<\/td><td>0.2<\/td><\/tr><tr><td>MYJD129<\/td><td>1000ml<\/td><td>20.3*13.5*5.7<\/td><td>60<\/td><td>17<\/td><td>0.25<\/td><\/tr><tr><td>MYJD130<\/td><td>1600ml<\/td><td>20.3*13.5*8.2<\/td><td>60<\/td><td>18.8<\/td><td>0.28<\/td><\/tr><tr><td>MYJD131<\/td><td>2100ml<\/td><td>20.3*13.5*10.7<\/td><td>48<\/td><td>18.32<\/td><td>0.34<\/td><\/tr><tr><td>MYJD132<\/td><td>2400ml<\/td><td>27.5*20.2*6<\/td><td>48<\/td><td>25.52<\/td><td>0.49<\/td><\/tr><tr><td>MYJD133<\/td><td>3500ml<\/td><td>27.5*20.2*8.2<\/td><td>36<\/td><td>22.52<\/td><td>0.57<\/td><\/tr><tr><td>MYJD134<\/td><td>4600ml<\/td><td>27.5*20.2*10.7<\/td><td>24<\/td><td>17.12<\/td><td>0.63<\/td><\/tr><\/tbody><\/table><\/figure>\n<\/div>\n<\/div>\n\n\n\n<h3 class=\"wp-block-heading\">Options de conteneurs alimentaires personnalis\u00e9s<\/h3>\n\n\n\n<p><strong>Logo :<\/strong> personnaliser le logo de votre marque sur les contenants et emballages alimentaires.<br><strong>Couvercle : <\/strong>Couvercle en verre, couvercle en PP<br><strong>Options de logo :<\/strong> logo imprim\u00e9, logo grav\u00e9 au laser, etc.<br><strong>Mod\u00e8le :<\/strong> l'impression de motifs sur les r\u00e9cipients de stockage des aliments.<br><strong>Technologie d'impression :<\/strong> impression par transfert d'eau, s\u00e9rigraphie, impression par transfert de chaleur, etc.<br><strong>Emballage :<\/strong>bo\u00eete \u00e0 couleurs<br><a href=\"https:\/\/moyahousehold.com\/fr\/solution-personnalisee\/\" data-type=\"page\" data-id=\"2817\"><strong>En savoir plus sur les options de conteneurs alimentaires personnalis\u00e9s<\/strong><\/a>.<\/p>\n\n\n\n<div class=\"wp-block-columns is-layout-flex wp-container-core-columns-is-layout-9d6595d7 wp-block-columns-is-layout-flex\">\n<div class=\"wp-block-column is-layout-flow wp-block-column-is-layout-flow\">\n<figure class=\"wp-block-image size-full\"><img fetchpriority=\"high\" decoding=\"async\" width=\"1500\" height=\"1500\" src=\"https:\/\/moyahousehold.com\/wp-content\/uploads\/2024\/11\/stainless-steel-kitchen-food-containers-1.jpg\" alt=\"r\u00e9cipients de cuisine en acier inoxydable (1)\" class=\"wp-image-9396\" srcset=\"https:\/\/moyahousehold.com\/wp-content\/uploads\/2024\/11\/stainless-steel-kitchen-food-containers-1.jpg 1500w, https:\/\/moyahousehold.com\/wp-content\/uploads\/2024\/11\/stainless-steel-kitchen-food-containers-1-300x300.jpg 300w, https:\/\/moyahousehold.com\/wp-content\/uploads\/2024\/11\/stainless-steel-kitchen-food-containers-1-150x150.jpg 150w, https:\/\/moyahousehold.com\/wp-content\/uploads\/2024\/11\/stainless-steel-kitchen-food-containers-1-768x768.jpg 768w, https:\/\/moyahousehold.com\/wp-content\/uploads\/2024\/11\/stainless-steel-kitchen-food-containers-1-12x12.jpg 12w, https:\/\/moyahousehold.com\/wp-content\/uploads\/2024\/11\/stainless-steel-kitchen-food-containers-1-285x285.jpg 285w, https:\/\/moyahousehold.com\/wp-content\/uploads\/2024\/11\/stainless-steel-kitchen-food-containers-1-270x270.jpg 270w, https:\/\/moyahousehold.com\/wp-content\/uploads\/2024\/11\/stainless-steel-kitchen-food-containers-1-540x540.jpg 540w, https:\/\/moyahousehold.com\/wp-content\/uploads\/2024\/11\/stainless-steel-kitchen-food-containers-1-660x660.jpg 660w\" sizes=\"(max-width: 1500px) 100vw, 1500px\" \/><\/figure>\n<\/div>\n\n\n\n<div class=\"wp-block-column is-layout-flow wp-block-column-is-layout-flow\">\n<figure class=\"wp-block-image size-full\"><img decoding=\"async\" width=\"1500\" height=\"1500\" src=\"https:\/\/moyahousehold.com\/wp-content\/uploads\/2024\/11\/stainless-steel-kitchen-food-containers-2.jpg\" alt=\"r\u00e9cipients de cuisine en acier inoxydable (2)\" class=\"wp-image-9397\" srcset=\"https:\/\/moyahousehold.com\/wp-content\/uploads\/2024\/11\/stainless-steel-kitchen-food-containers-2.jpg 1500w, https:\/\/moyahousehold.com\/wp-content\/uploads\/2024\/11\/stainless-steel-kitchen-food-containers-2-300x300.jpg 300w, https:\/\/moyahousehold.com\/wp-content\/uploads\/2024\/11\/stainless-steel-kitchen-food-containers-2-150x150.jpg 150w, https:\/\/moyahousehold.com\/wp-content\/uploads\/2024\/11\/stainless-steel-kitchen-food-containers-2-768x768.jpg 768w, https:\/\/moyahousehold.com\/wp-content\/uploads\/2024\/11\/stainless-steel-kitchen-food-containers-2-12x12.jpg 12w, https:\/\/moyahousehold.com\/wp-content\/uploads\/2024\/11\/stainless-steel-kitchen-food-containers-2-285x285.jpg 285w, https:\/\/moyahousehold.com\/wp-content\/uploads\/2024\/11\/stainless-steel-kitchen-food-containers-2-270x270.jpg 270w, https:\/\/moyahousehold.com\/wp-content\/uploads\/2024\/11\/stainless-steel-kitchen-food-containers-2-540x540.jpg 540w, https:\/\/moyahousehold.com\/wp-content\/uploads\/2024\/11\/stainless-steel-kitchen-food-containers-2-660x660.jpg 660w\" sizes=\"(max-width: 1500px) 100vw, 1500px\" \/><\/figure>\n<\/div>\n<\/div>","protected":false},"excerpt":{"rendered":"<p>Vente en gros de r\u00e9cipients alimentaires en acier inoxydable de haute qualit\u00e9, ce r\u00e9cipient alimentaire multifonctionnel est \u00e0 la fois pratique et \u00e9l\u00e9gant, con\u00e7u pour le stockage et les pique-niques en plein air ! Fabriqu\u00e9s en acier inoxydable de haute qualit\u00e9, ils sont \u00e9tanches et conservent efficacement la fra\u00eecheur des aliments. Neuf tailles sont disponibles, adapt\u00e9es aux cuisines domestiques, aux restaurants ou aux besoins des entreprises de restauration. Qu'il soit utilis\u00e9 pour la pr\u00e9paration des repas, le stockage des restes ou le transport, ce conteneur alimentaire est tout \u00e0 fait adapt\u00e9.<\/p>\n<h3>Caract\u00e9ristiques de la bo\u00eete de conservation color\u00e9e<\/h3>\n<p><strong>Disponible en plusieurs tailles : <\/strong>Cet ensemble de r\u00e9cipients alimentaires en acier inoxydable se d\u00e9cline en plusieurs tailles, de la plus petite \u00e0 la plus grande, pour r\u00e9pondre aux diff\u00e9rents besoins de toute la famille en mati\u00e8re de repas. La grande taille convient pour les restes ou les gros morceaux de nourriture, et la petite taille est pratique pour transporter de petits repas ou des en-cas. Cette conception vari\u00e9e convient aussi bien \u00e0 la maison qu'\u00e0 un usage commercial.<\/p>\n<p><strong>Utilisations multiples :<\/strong> Le r\u00e9cipient alimentaire en acier inoxydable peut non seulement contenir le d\u00e9jeuner ou le d\u00eener, mais aussi r\u00e9frig\u00e9rer les restes, les r\u00e9chauffer au micro-ondes au bureau, et peut \u00e9galement \u00eatre utilis\u00e9 comme r\u00e9cipient de stockage des aliments pour le pique-nique. Il rend la vie plus pratique.<\/p>\n<p><strong>Mat\u00e9riaux de haute qualit\u00e9 :<\/strong> Le rev\u00eatement int\u00e9rieur du conteneur alimentaire est en acier inoxydable, tr\u00e8s r\u00e9sistant \u00e0 la corrosion et durable. Il peut conserver en toute s\u00e9curit\u00e9 divers aliments et ne r\u00e9agit pas avec les aliments. Compar\u00e9 aux bo\u00eetes \u00e0 lunch en plastique, l'acier inoxydable est plus sain et plus respectueux de l'environnement, et convient \u00e0 une utilisation \u00e0 long terme.<\/p>\n<p><strong>Design \u00e9l\u00e9gant :<\/strong> Ce r\u00e9cipient de cuisine en acier inoxydable a un design simple et \u00e9l\u00e9gant qui correspond \u00e0 l'esth\u00e9tique moderne. Nous proposons deux couleurs ext\u00e9rieures, beige et jaune. Particuli\u00e8rement adapt\u00e9 aux utilisateurs qui recherchent la qualit\u00e9 de vie.<\/p>","protected":false},"featured_media":9379,"comment_status":"closed","ping_status":"closed","template":"","meta":[],"product_cat":[57],"product_tag":[95,99],"class_list":{"0":"post-9198","1":"product","2":"type-product","3":"status-publish","4":"has-post-thumbnail","6":"product_cat-food-storage-container-wholesale","7":"product_tag-wholesale-food-storage-containers-with-date-dial","8":"product_tag-wholesale-rectangle-food-storage-containers","10":"first","11":"instock","12":"shipping-taxable","13":"product-type-simple"},"_links":{"self":[{"href":"https:\/\/moyahousehold.com\/fr\/wp-json\/wp\/v2\/product\/9198","targetHints":{"allow":["GET"]}}],"collection":[{"href":"https:\/\/moyahousehold.com\/fr\/wp-json\/wp\/v2\/product"}],"about":[{"href":"https:\/\/moyahousehold.com\/fr\/wp-json\/wp\/v2\/types\/product"}],"replies":[{"embeddable":true,"href":"https:\/\/moyahousehold.com\/fr\/wp-json\/wp\/v2\/comments?post=9198"}],"version-history":[{"count":0,"href":"https:\/\/moyahousehold.com\/fr\/wp-json\/wp\/v2\/product\/9198\/revisions"}],"wp:featuredmedia":[{"embeddable":true,"href":"https:\/\/moyahousehold.com\/fr\/wp-json\/wp\/v2\/media\/9379"}],"wp:attachment":[{"href":"https:\/\/moyahousehold.com\/fr\/wp-json\/wp\/v2\/media?parent=9198"}],"wp:term":[{"taxonomy":"product_cat","embeddable":true,"href":"https:\/\/moyahousehold.com\/fr\/wp-json\/wp\/v2\/product_cat?post=9198"},{"taxonomy":"product_tag","embeddable":true,"href":"https:\/\/moyahousehold.com\/fr\/wp-json\/wp\/v2\/product_tag?post=9198"}],"curies":[{"name":"wp","href":"https:\/\/api.w.org\/{rel}","templated":true}]}}