{"id":9226,"date":"2024-11-20T10:07:21","date_gmt":"2024-11-17T03:24:38","guid":{"rendered":"https:\/\/moyahousehold.com\/?post_type=product&#038;p=9226"},"modified":"2025-03-05T10:08:35","modified_gmt":"2025-03-05T10:08:35","slug":"wholesale-stainless-steel-food-containers-for-restaurants","status":"publish","type":"product","link":"https:\/\/moyahousehold.com\/fr\/produit\/wholesale-stainless-steel-food-containers-for-restaurants\/","title":{"rendered":"Conteneurs alimentaires en acier inoxydable pour restaurants, conteneurs alimentaires pour restaurants en acier inoxydable pour la vente au micro-ondes"},"content":{"rendered":"<div class=\"wp-block-columns is-layout-flex wp-container-core-columns-is-layout-9d6595d7 wp-block-columns-is-layout-flex\">\n<div class=\"wp-block-column is-layout-flow wp-block-column-is-layout-flow\">\n<h3 class=\"wp-block-heading\">Param\u00e8tres des conteneurs alimentaires pour restaurants<\/h3>\n\n\n\n<figure class=\"wp-block-table\"><table><tbody><tr><td>Article NO<\/td><td>Capacit\u00e9<\/td><td>Taille\/PCS<\/td><td>PCS\/Case<\/td><td>N.W.\/PCS<\/td><td>G.W.\/Cas<\/td><\/tr><tr><td>MYJD126<\/td><td>420ml<\/td><td>13.3*9.6*5.6<\/td><td>80<\/td><td>14<\/td><td>0.15<\/td><\/tr><tr><td>MYJD127<\/td><td>660ml<\/td><td>13.3*9.6*8.2<\/td><td>80<\/td><td>14.8<\/td><td>0.16<\/td><\/tr><tr><td>MYJD128<\/td><td>900ml<\/td><td>13.3*9.6*10.7<\/td><td>60<\/td><td>14<\/td><td>0.2<\/td><\/tr><tr><td>MYJD129<\/td><td>1000ml<\/td><td>20.3*13.5*5.7<\/td><td>60<\/td><td>17<\/td><td>0.25<\/td><\/tr><tr><td>MYJD130<\/td><td>1600ml<\/td><td>20.3*13.5*8.2<\/td><td>60<\/td><td>18.8<\/td><td>0.28<\/td><\/tr><tr><td>MYJD131<\/td><td>2100ml<\/td><td>20.3*13.5*10.7<\/td><td>48<\/td><td>18.32<\/td><td>0.34<\/td><\/tr><tr><td>MYJD132<\/td><td>2400ml<\/td><td>27.5*20.2*6<\/td><td>48<\/td><td>25.52<\/td><td>0.49<\/td><\/tr><tr><td>MYJD133<\/td><td>3500ml<\/td><td>27.5*20.2*8.2<\/td><td>36<\/td><td>22.52<\/td><td>0.57<\/td><\/tr><tr><td>MYJD134<\/td><td>4600ml<\/td><td>27.5*20.2*10.7<\/td><td>24<\/td><td>17.12<\/td><td>0.63<\/td><\/tr><\/tbody><\/table><\/figure>\n<\/div>\n<\/div>\n\n\n\n<h3 class=\"wp-block-heading\">Options de conteneurs alimentaires personnalis\u00e9s<\/h3>\n\n\n\n<p><strong>Logo :<\/strong> personnalisez le logo de votre marque sur les contenants et emballages de stockage des aliments.<br><strong>Couvercle : <\/strong>Couvercle en verre, couvercle en PP<br><strong>Options de logo :<\/strong> logo imprim\u00e9, logo grav\u00e9 au laser, etc.<br><strong>Mod\u00e8le :<\/strong> l'impression de motifs sur les r\u00e9cipients de stockage des aliments.<br><strong>Technologie d'impression :<\/strong> impression par transfert d'eau, s\u00e9rigraphie, impression par transfert de chaleur, etc.<br><strong>Emballage :<\/strong>bo\u00eete \u00e0 couleurs<br><a href=\"https:\/\/moyahousehold.com\/fr\/solution-personnalisee\/\" data-type=\"page\" data-id=\"2817\"><strong>En savoir plus sur les options de conteneurs alimentaires personnalis\u00e9s<\/strong><\/a>.<\/p>\n\n\n\n<div class=\"wp-block-columns is-layout-flex wp-container-core-columns-is-layout-9d6595d7 wp-block-columns-is-layout-flex\">\n<div class=\"wp-block-column is-layout-flow wp-block-column-is-layout-flow\">\n<figure class=\"wp-block-image size-full\"><img fetchpriority=\"high\" decoding=\"async\" width=\"1500\" height=\"1500\" src=\"https:\/\/moyahousehold.com\/wp-content\/uploads\/2024\/11\/stainless-steel-food-containers-for-restaurants-1.jpg\" alt=\"r\u00e9cipients alimentaires en acier inoxydable pour restaurants (1)\" class=\"wp-image-9414\" srcset=\"https:\/\/moyahousehold.com\/wp-content\/uploads\/2024\/11\/stainless-steel-food-containers-for-restaurants-1.jpg 1500w, https:\/\/moyahousehold.com\/wp-content\/uploads\/2024\/11\/stainless-steel-food-containers-for-restaurants-1-300x300.jpg 300w, https:\/\/moyahousehold.com\/wp-content\/uploads\/2024\/11\/stainless-steel-food-containers-for-restaurants-1-150x150.jpg 150w, https:\/\/moyahousehold.com\/wp-content\/uploads\/2024\/11\/stainless-steel-food-containers-for-restaurants-1-768x768.jpg 768w, https:\/\/moyahousehold.com\/wp-content\/uploads\/2024\/11\/stainless-steel-food-containers-for-restaurants-1-12x12.jpg 12w, https:\/\/moyahousehold.com\/wp-content\/uploads\/2024\/11\/stainless-steel-food-containers-for-restaurants-1-285x285.jpg 285w, https:\/\/moyahousehold.com\/wp-content\/uploads\/2024\/11\/stainless-steel-food-containers-for-restaurants-1-270x270.jpg 270w, https:\/\/moyahousehold.com\/wp-content\/uploads\/2024\/11\/stainless-steel-food-containers-for-restaurants-1-540x540.jpg 540w, https:\/\/moyahousehold.com\/wp-content\/uploads\/2024\/11\/stainless-steel-food-containers-for-restaurants-1-660x660.jpg 660w\" sizes=\"(max-width: 1500px) 100vw, 1500px\" \/><\/figure>\n<\/div>\n\n\n\n<div class=\"wp-block-column is-layout-flow wp-block-column-is-layout-flow\">\n<figure class=\"wp-block-image size-full\"><img decoding=\"async\" width=\"1500\" height=\"1500\" src=\"https:\/\/moyahousehold.com\/wp-content\/uploads\/2024\/11\/stainless-steel-food-containers-for-restaurants-2.jpg\" alt=\"r\u00e9cipients alimentaires en acier inoxydable pour restaurants (2)\" class=\"wp-image-9426\" srcset=\"https:\/\/moyahousehold.com\/wp-content\/uploads\/2024\/11\/stainless-steel-food-containers-for-restaurants-2.jpg 1500w, https:\/\/moyahousehold.com\/wp-content\/uploads\/2024\/11\/stainless-steel-food-containers-for-restaurants-2-300x300.jpg 300w, https:\/\/moyahousehold.com\/wp-content\/uploads\/2024\/11\/stainless-steel-food-containers-for-restaurants-2-150x150.jpg 150w, https:\/\/moyahousehold.com\/wp-content\/uploads\/2024\/11\/stainless-steel-food-containers-for-restaurants-2-768x768.jpg 768w, https:\/\/moyahousehold.com\/wp-content\/uploads\/2024\/11\/stainless-steel-food-containers-for-restaurants-2-12x12.jpg 12w, https:\/\/moyahousehold.com\/wp-content\/uploads\/2024\/11\/stainless-steel-food-containers-for-restaurants-2-285x285.jpg 285w, https:\/\/moyahousehold.com\/wp-content\/uploads\/2024\/11\/stainless-steel-food-containers-for-restaurants-2-270x270.jpg 270w, https:\/\/moyahousehold.com\/wp-content\/uploads\/2024\/11\/stainless-steel-food-containers-for-restaurants-2-540x540.jpg 540w, https:\/\/moyahousehold.com\/wp-content\/uploads\/2024\/11\/stainless-steel-food-containers-for-restaurants-2-660x660.jpg 660w\" sizes=\"(max-width: 1500px) 100vw, 1500px\" \/><\/figure>\n<\/div>\n<\/div>","protected":false},"excerpt":{"rendered":"<p>R\u00e9cipient alimentaire en acier inoxydable pour restaurant, utilisable au four \u00e0 micro-ondes. Ce conteneur alimentaire en acier inoxydable est durable, pratique et beau, et convient \u00e0 la maison, au restaurant et \u00e0 l'ext\u00e9rieur. Sur le plan commercial, il permet de r\u00e9duire les co\u00fbts de remplacement de la vaisselle et d'am\u00e9liorer l'image de marque. En m\u00eame temps, en tant que professionnel, il permet de r\u00e9duire les co\u00fbts de remplacement de la vaisselle et d'am\u00e9liorer l'image de marque. <a href=\"https:\/\/moyahousehold.com\/fr\/categorie-de-produits\/food-storage-container-wholesale\/\" target=\"_blank\" rel=\"noopener\"><strong>fabricant de conteneurs alimentaires<\/strong><\/a>Nous proposons des services de production de masse et de personnalisation, et nous pouvons adapter la taille, la forme ou la fonction du couvercle en fonction des besoins des clients commerciaux afin de r\u00e9pondre aux besoins de personnalisation.<\/p>\n<h3>Caract\u00e9ristiques des conteneurs alimentaires pour restaurants<\/h3>\n<p><strong>Acier inoxydable de haute qualit\u00e9 :<\/strong> Ce r\u00e9cipient pour aliments de restaurant est fabriqu\u00e9 \u00e0 partir de mat\u00e9riaux de qualit\u00e9 sup\u00e9rieure et peut facilement r\u00e9sister aux rayures, \u00e0 la corrosion et \u00e0 l'usure quotidienne. Il convient parfaitement \u00e0 un usage domestique et commercial.<\/p>\n<p>&nbsp;<\/p>\n<p><strong>Conception unique d'empilage :<\/strong> Maximise l'utilisation de l'espace pendant le stockage et l'utilisation, particuli\u00e8rement adapt\u00e9 aux cuisines et aux r\u00e9frig\u00e9rateurs dont l'espace est limit\u00e9, ce qui permet d'\u00e9conomiser de l'espace et de garder l'ordre.<\/p>\n<p>&nbsp;<\/p>\n<p><strong>Sp\u00e9cifications multiples :<\/strong> Ce conteneur alimentaire en acier inoxydable pr\u00e9sente une grande vari\u00e9t\u00e9 de conceptions de produits, couvrant une grande vari\u00e9t\u00e9 de sp\u00e9cifications, des petits snacks aux grands plats principaux, r\u00e9pondant \u00e0 divers besoins de stockage, qu'il s'agisse d'une table \u00e0 manger familiale, d'un pique-nique en plein air ou de la cuisine d'un restaurant, vous pouvez trouver un choix appropri\u00e9.<\/p>\n<p>&nbsp;<\/p>\n<p><strong>Facile \u00e0 nettoyer :<\/strong> La surface en acier inoxydable est lisse et r\u00e9sistante aux taches, et les taches d'huile peuvent \u00eatre facilement \u00e9limin\u00e9es. Elle est \u00e9galement compatible avec les lave-vaisselle, ce qui permet de gagner du temps et d'\u00e9viter les soucis lors du nettoyage.<\/p>\n<p>&nbsp;<\/p>\n<p><strong>Couvercle transparent :<\/strong> Vous pouvez voir d'un coup d'\u0153il les aliments contenus dans le r\u00e9cipient, \u00e9viter l'oxydation des aliments caus\u00e9e par l'ouverture fr\u00e9quente du couvercle et conserver la fra\u00eecheur des aliments.<\/p>","protected":false},"featured_media":9236,"comment_status":"closed","ping_status":"closed","template":"","meta":[],"product_cat":[57],"product_tag":[95,106,99],"class_list":{"0":"post-9226","1":"product","2":"type-product","3":"status-publish","4":"has-post-thumbnail","6":"product_cat-food-storage-container-wholesale","7":"product_tag-wholesale-food-storage-containers-with-date-dial","8":"product_tag-microwavable-food-storage-containers","9":"product_tag-wholesale-rectangle-food-storage-containers","11":"first","12":"instock","13":"shipping-taxable","14":"product-type-simple"},"_links":{"self":[{"href":"https:\/\/moyahousehold.com\/fr\/wp-json\/wp\/v2\/product\/9226","targetHints":{"allow":["GET"]}}],"collection":[{"href":"https:\/\/moyahousehold.com\/fr\/wp-json\/wp\/v2\/product"}],"about":[{"href":"https:\/\/moyahousehold.com\/fr\/wp-json\/wp\/v2\/types\/product"}],"replies":[{"embeddable":true,"href":"https:\/\/moyahousehold.com\/fr\/wp-json\/wp\/v2\/comments?post=9226"}],"version-history":[{"count":0,"href":"https:\/\/moyahousehold.com\/fr\/wp-json\/wp\/v2\/product\/9226\/revisions"}],"wp:featuredmedia":[{"embeddable":true,"href":"https:\/\/moyahousehold.com\/fr\/wp-json\/wp\/v2\/media\/9236"}],"wp:attachment":[{"href":"https:\/\/moyahousehold.com\/fr\/wp-json\/wp\/v2\/media?parent=9226"}],"wp:term":[{"taxonomy":"product_cat","embeddable":true,"href":"https:\/\/moyahousehold.com\/fr\/wp-json\/wp\/v2\/product_cat?post=9226"},{"taxonomy":"product_tag","embeddable":true,"href":"https:\/\/moyahousehold.com\/fr\/wp-json\/wp\/v2\/product_tag?post=9226"}],"curies":[{"name":"wp","href":"https:\/\/api.w.org\/{rel}","templated":true}]}}