{"id":9312,"date":"2024-11-22T01:18:53","date_gmt":"2024-11-18T07:46:17","guid":{"rendered":"https:\/\/moyahousehold.com\/?post_type=product&#038;p=9312"},"modified":"2025-02-05T09:55:17","modified_gmt":"2025-02-05T09:55:17","slug":"wholesale-korean-style-colorful-lunch-box-food-containers","status":"publish","type":"product","link":"https:\/\/moyahousehold.com\/fr\/produit\/wholesale-korean-style-colorful-lunch-box-food-containers\/","title":{"rendered":"Wholesale Korean Style Colorful Lunch Box Food Containers\uff0c2 Compartment Food Containers For Sale"},"content":{"rendered":"<div class=\"wp-block-columns is-layout-flex wp-container-core-columns-is-layout-9d6595d7 wp-block-columns-is-layout-flex\">\n<div class=\"wp-block-column is-layout-flow wp-block-column-is-layout-flow\">\n<h3 class=\"wp-block-heading\">Param\u00e8tres des conteneurs alimentaires en acier inoxydable<\/h3>\n\n\n\n<figure class=\"wp-block-table\"><table class=\"has-fixed-layout\"><tbody><tr><td>Objet<\/td><td>Capacit\u00e9<\/td><td>Taille\/PCS<\/td><td>PCS\/Case<\/td><td>N.W.\/PCS<\/td><td>G.W.\/Cas<\/td><\/tr><tr><td>MYJD230<\/td><td>600ml<\/td><td>14.5*11*7<\/td><td>80<\/td><td>0.2<\/td><td>18<\/td><\/tr><tr><td>MYJD231<\/td><td>900ml<\/td><td>17*12.5*8<\/td><td>60<\/td><td>0.26<\/td><td>17.6<\/td><\/tr><tr><td>MYJD232<\/td><td>1500ml<\/td><td>19.5*9.5*14<\/td><td>60<\/td><td>0.36<\/td><td>23.6<\/td><\/tr><\/tbody><\/table><\/figure>\n<\/div>\n<\/div>\n\n\n\n<h3 class=\"wp-block-heading\">Options de contenants alimentaires en acier inoxydable personnalis\u00e9s<\/h3>\n\n\n\n<p><strong>Logo<\/strong>: personnalisez le logo de votre marque sur les contenants et emballages alimentaires.<br><strong>Couvercle<\/strong>: Couvercle en verre, couvercle en PP<br><strong>Options du logo<\/strong>logo imprim\u00e9, logo grav\u00e9 au laser, etc.<br><strong>Mod\u00e8le<\/strong>: motifs d'impression sur des r\u00e9cipients de stockage de produits alimentaires.<br><strong>Technologie d'impression<\/strong>Les techniques d'impression sont les suivantes : impression par transfert d'eau, impression par s\u00e9rigraphie, impression par transfert de chaleur, etc.<br><strong>Paquet<\/strong>:color box<br><a href=\"https:\/\/moyahousehold.com\/fr\/solution-personnalisee\/\" data-type=\"page\" data-id=\"2817\"><strong>En savoir plus sur les solutions de conteneurs alimentaires personnalis\u00e9s.<\/strong><\/a><\/p>\n\n\n\n<div class=\"wp-block-columns is-layout-flex wp-container-core-columns-is-layout-9d6595d7 wp-block-columns-is-layout-flex\">\n<div class=\"wp-block-column is-layout-flow wp-block-column-is-layout-flow\">\n<figure class=\"wp-block-image size-full\"><img fetchpriority=\"high\" decoding=\"async\" width=\"1500\" height=\"1500\" src=\"https:\/\/moyahousehold.com\/wp-content\/uploads\/2024\/11\/Wholesale-Colorful-Lunch-Box-Food-Containers-1.jpg\" alt=\"R\u00e9cipients alimentaires color\u00e9s pour bo\u00eetes \u00e0 lunch (1)\" class=\"wp-image-9460\" srcset=\"https:\/\/moyahousehold.com\/wp-content\/uploads\/2024\/11\/Wholesale-Colorful-Lunch-Box-Food-Containers-1.jpg 1500w, https:\/\/moyahousehold.com\/wp-content\/uploads\/2024\/11\/Wholesale-Colorful-Lunch-Box-Food-Containers-1-300x300.jpg 300w, https:\/\/moyahousehold.com\/wp-content\/uploads\/2024\/11\/Wholesale-Colorful-Lunch-Box-Food-Containers-1-150x150.jpg 150w, https:\/\/moyahousehold.com\/wp-content\/uploads\/2024\/11\/Wholesale-Colorful-Lunch-Box-Food-Containers-1-768x768.jpg 768w, https:\/\/moyahousehold.com\/wp-content\/uploads\/2024\/11\/Wholesale-Colorful-Lunch-Box-Food-Containers-1-12x12.jpg 12w, https:\/\/moyahousehold.com\/wp-content\/uploads\/2024\/11\/Wholesale-Colorful-Lunch-Box-Food-Containers-1-285x285.jpg 285w, https:\/\/moyahousehold.com\/wp-content\/uploads\/2024\/11\/Wholesale-Colorful-Lunch-Box-Food-Containers-1-270x270.jpg 270w, https:\/\/moyahousehold.com\/wp-content\/uploads\/2024\/11\/Wholesale-Colorful-Lunch-Box-Food-Containers-1-540x540.jpg 540w, https:\/\/moyahousehold.com\/wp-content\/uploads\/2024\/11\/Wholesale-Colorful-Lunch-Box-Food-Containers-1-660x660.jpg 660w\" sizes=\"(max-width: 1500px) 100vw, 1500px\" \/><\/figure>\n<\/div>\n\n\n\n<div class=\"wp-block-column is-layout-flow wp-block-column-is-layout-flow\">\n<figure class=\"wp-block-image size-full\"><img decoding=\"async\" width=\"1500\" height=\"1500\" src=\"https:\/\/moyahousehold.com\/wp-content\/uploads\/2024\/11\/Wholesale-Colorful-Lunch-Box-Food-Containers-2.jpg\" alt=\"Bo\u00eete \u00e0 lunch color\u00e9e en gros (2)\" class=\"wp-image-9461\" srcset=\"https:\/\/moyahousehold.com\/wp-content\/uploads\/2024\/11\/Wholesale-Colorful-Lunch-Box-Food-Containers-2.jpg 1500w, https:\/\/moyahousehold.com\/wp-content\/uploads\/2024\/11\/Wholesale-Colorful-Lunch-Box-Food-Containers-2-300x300.jpg 300w, https:\/\/moyahousehold.com\/wp-content\/uploads\/2024\/11\/Wholesale-Colorful-Lunch-Box-Food-Containers-2-150x150.jpg 150w, https:\/\/moyahousehold.com\/wp-content\/uploads\/2024\/11\/Wholesale-Colorful-Lunch-Box-Food-Containers-2-768x768.jpg 768w, https:\/\/moyahousehold.com\/wp-content\/uploads\/2024\/11\/Wholesale-Colorful-Lunch-Box-Food-Containers-2-12x12.jpg 12w, https:\/\/moyahousehold.com\/wp-content\/uploads\/2024\/11\/Wholesale-Colorful-Lunch-Box-Food-Containers-2-285x285.jpg 285w, https:\/\/moyahousehold.com\/wp-content\/uploads\/2024\/11\/Wholesale-Colorful-Lunch-Box-Food-Containers-2-270x270.jpg 270w, https:\/\/moyahousehold.com\/wp-content\/uploads\/2024\/11\/Wholesale-Colorful-Lunch-Box-Food-Containers-2-540x540.jpg 540w, https:\/\/moyahousehold.com\/wp-content\/uploads\/2024\/11\/Wholesale-Colorful-Lunch-Box-Food-Containers-2-660x660.jpg 660w\" sizes=\"(max-width: 1500px) 100vw, 1500px\" \/><\/figure>\n<\/div>\n<\/div>\n\n\n\n<div class=\"wp-block-columns is-layout-flex wp-container-core-columns-is-layout-9d6595d7 wp-block-columns-is-layout-flex\">\n<div class=\"wp-block-column is-layout-flow wp-block-column-is-layout-flow\">\n<figure class=\"wp-block-image size-full\"><img decoding=\"async\" width=\"1500\" height=\"1500\" src=\"https:\/\/moyahousehold.com\/wp-content\/uploads\/2024\/11\/Wholesale-Colorful-Lunch-Box-Food-Containers-3.jpg\" alt=\"R\u00e9cipients alimentaires color\u00e9s pour bo\u00eetes \u00e0 lunch (3)\" class=\"wp-image-9462\" srcset=\"https:\/\/moyahousehold.com\/wp-content\/uploads\/2024\/11\/Wholesale-Colorful-Lunch-Box-Food-Containers-3.jpg 1500w, https:\/\/moyahousehold.com\/wp-content\/uploads\/2024\/11\/Wholesale-Colorful-Lunch-Box-Food-Containers-3-300x300.jpg 300w, https:\/\/moyahousehold.com\/wp-content\/uploads\/2024\/11\/Wholesale-Colorful-Lunch-Box-Food-Containers-3-150x150.jpg 150w, https:\/\/moyahousehold.com\/wp-content\/uploads\/2024\/11\/Wholesale-Colorful-Lunch-Box-Food-Containers-3-768x768.jpg 768w, https:\/\/moyahousehold.com\/wp-content\/uploads\/2024\/11\/Wholesale-Colorful-Lunch-Box-Food-Containers-3-12x12.jpg 12w, https:\/\/moyahousehold.com\/wp-content\/uploads\/2024\/11\/Wholesale-Colorful-Lunch-Box-Food-Containers-3-285x285.jpg 285w, https:\/\/moyahousehold.com\/wp-content\/uploads\/2024\/11\/Wholesale-Colorful-Lunch-Box-Food-Containers-3-270x270.jpg 270w, https:\/\/moyahousehold.com\/wp-content\/uploads\/2024\/11\/Wholesale-Colorful-Lunch-Box-Food-Containers-3-540x540.jpg 540w, https:\/\/moyahousehold.com\/wp-content\/uploads\/2024\/11\/Wholesale-Colorful-Lunch-Box-Food-Containers-3-660x660.jpg 660w\" sizes=\"(max-width: 1500px) 100vw, 1500px\" \/><\/figure>\n<\/div>\n\n\n\n<div class=\"wp-block-column is-layout-flow wp-block-column-is-layout-flow\">\n<figure class=\"wp-block-image size-full\"><img loading=\"lazy\" decoding=\"async\" width=\"1500\" height=\"1500\" src=\"https:\/\/moyahousehold.com\/wp-content\/uploads\/2024\/11\/Wholesale-Colorful-Lunch-Box-Food-Containers-4.jpg\" alt=\"Bo\u00eete \u00e0 lunch color\u00e9e en gros (4)\" class=\"wp-image-9463\" srcset=\"https:\/\/moyahousehold.com\/wp-content\/uploads\/2024\/11\/Wholesale-Colorful-Lunch-Box-Food-Containers-4.jpg 1500w, https:\/\/moyahousehold.com\/wp-content\/uploads\/2024\/11\/Wholesale-Colorful-Lunch-Box-Food-Containers-4-300x300.jpg 300w, https:\/\/moyahousehold.com\/wp-content\/uploads\/2024\/11\/Wholesale-Colorful-Lunch-Box-Food-Containers-4-150x150.jpg 150w, https:\/\/moyahousehold.com\/wp-content\/uploads\/2024\/11\/Wholesale-Colorful-Lunch-Box-Food-Containers-4-768x768.jpg 768w, https:\/\/moyahousehold.com\/wp-content\/uploads\/2024\/11\/Wholesale-Colorful-Lunch-Box-Food-Containers-4-12x12.jpg 12w, https:\/\/moyahousehold.com\/wp-content\/uploads\/2024\/11\/Wholesale-Colorful-Lunch-Box-Food-Containers-4-285x285.jpg 285w, https:\/\/moyahousehold.com\/wp-content\/uploads\/2024\/11\/Wholesale-Colorful-Lunch-Box-Food-Containers-4-270x270.jpg 270w, https:\/\/moyahousehold.com\/wp-content\/uploads\/2024\/11\/Wholesale-Colorful-Lunch-Box-Food-Containers-4-540x540.jpg 540w, https:\/\/moyahousehold.com\/wp-content\/uploads\/2024\/11\/Wholesale-Colorful-Lunch-Box-Food-Containers-4-660x660.jpg 660w\" sizes=\"(max-width: 1500px) 100vw, 1500px\" \/><\/figure>\n<\/div>\n<\/div>","protected":false},"excerpt":{"rendered":"<p>Wholesale Colorful Lunch Box Food Containers, Ce conteneur alimentaire en acier inoxydable est disponible dans une vari\u00e9t\u00e9 de sp\u00e9cifications, et le conteneur alimentaire \u00e0 double compartiment vous permet de stocker plus de types d'aliments, y compris des l\u00e9gumes, des fruits de mer, de la viande ou des aliments cuits. Plus respectueux de l'environnement, les conteneurs alimentaires z\u00e9ro d\u00e9chet vous apportent une exp\u00e9rience gastronomique \u00e9l\u00e9gante et durable. Nos conteneurs alimentaires en acier inoxydable en vrac peuvent r\u00e9pondre \u00e0 vos commandes importantes, n'h\u00e9sitez pas \u00e0 nous contacter.<\/p>\n<h3>Caract\u00e9ristiques et avantages des conteneurs pour aliments en vrac<\/h3>\n<p><strong>Design moderne et \u00e0 la mode :<\/strong> Le style simple est combin\u00e9 \u00e0 une apparence \u00e9pur\u00e9e, ce qui est \u00e0 la fois beau et pratique. Il convient parfaitement \u00e0 de multiples contextes tels que le lieu de travail, le campus et l'ext\u00e9rieur.<\/p>\n<p><strong>Bonne durabilit\u00e9 :<\/strong> Cette bo\u00eete \u00e0 lunch est fabriqu\u00e9e en acier inoxydable 304 de qualit\u00e9 alimentaire, qui est particuli\u00e8rement solide, sans risque de corrosion et de chute, et a une longue dur\u00e9e de vie.<\/p>\n<p><strong>Double compartiment :<\/strong> Nous fournissons des r\u00e9cipients alimentaires \u00e0 2 compartiments, qui permettent de s\u00e9parer le riz et les l\u00e9gumes afin que les saveurs ne se m\u00e9langent pas.<\/p>\n<p><strong>Plusieurs styles au choix :<\/strong> Ce r\u00e9cipient de conservation des aliments pour la bo\u00eete \u00e0 lunch est disponible dans une grande vari\u00e9t\u00e9 de tailles et de styles, et les adultes et les enfants peuvent trouver ici celui qui leur convient.<\/p>\n<p><strong>Polyvalent :<\/strong> Ce r\u00e9cipient en acier inoxydable permet non seulement de conserver les aliments au frais, d'apporter le d\u00e9jeuner, mais aussi de stocker les en-cas, ce qui est \u00e0 la fois pratique et commode. L'effet isolant est \u00e9galement tr\u00e8s bon. Il peut \u00eatre utilis\u00e9 pour r\u00e9frig\u00e9rer les salades en \u00e9t\u00e9 et garder le riz chaud en hiver. Il peut \u00eatre utilis\u00e9 tout au long de l'ann\u00e9e.<\/p>","protected":false},"featured_media":9466,"comment_status":"closed","ping_status":"closed","template":"","meta":[],"product_cat":[58],"product_tag":[],"class_list":{"0":"post-9312","1":"product","2":"type-product","3":"status-publish","4":"has-post-thumbnail","6":"product_cat-lunch-box-wholesale","8":"first","9":"instock","10":"shipping-taxable","11":"product-type-simple"},"_links":{"self":[{"href":"https:\/\/moyahousehold.com\/fr\/wp-json\/wp\/v2\/product\/9312","targetHints":{"allow":["GET"]}}],"collection":[{"href":"https:\/\/moyahousehold.com\/fr\/wp-json\/wp\/v2\/product"}],"about":[{"href":"https:\/\/moyahousehold.com\/fr\/wp-json\/wp\/v2\/types\/product"}],"replies":[{"embeddable":true,"href":"https:\/\/moyahousehold.com\/fr\/wp-json\/wp\/v2\/comments?post=9312"}],"version-history":[{"count":0,"href":"https:\/\/moyahousehold.com\/fr\/wp-json\/wp\/v2\/product\/9312\/revisions"}],"wp:featuredmedia":[{"embeddable":true,"href":"https:\/\/moyahousehold.com\/fr\/wp-json\/wp\/v2\/media\/9466"}],"wp:attachment":[{"href":"https:\/\/moyahousehold.com\/fr\/wp-json\/wp\/v2\/media?parent=9312"}],"wp:term":[{"taxonomy":"product_cat","embeddable":true,"href":"https:\/\/moyahousehold.com\/fr\/wp-json\/wp\/v2\/product_cat?post=9312"},{"taxonomy":"product_tag","embeddable":true,"href":"https:\/\/moyahousehold.com\/fr\/wp-json\/wp\/v2\/product_tag?post=9312"}],"curies":[{"name":"wp","href":"https:\/\/api.w.org\/{rel}","templated":true}]}}