{"id":9356,"date":"2024-11-22T02:44:32","date_gmt":"2024-11-19T08:37:00","guid":{"rendered":"https:\/\/moyahousehold.com\/?post_type=product&#038;p=9356"},"modified":"2025-04-22T09:29:12","modified_gmt":"2025-04-22T09:29:12","slug":"wholesale-colorful-stackable-stainless-steel-lunch-boxes","status":"publish","type":"product","link":"https:\/\/moyahousehold.com\/fr\/produit\/wholesale-colorful-stackable-stainless-steel-lunch-boxes\/","title":{"rendered":"Bo\u00eetes \u00e0 lunch empilables en acier inoxydable avec poign\u00e9e pratique pour faciliter le transport et le stockage"},"content":{"rendered":"<div class=\"wp-block-columns is-layout-flex wp-container-core-columns-is-layout-9d6595d7 wp-block-columns-is-layout-flex\">\n<div class=\"wp-block-column is-layout-flow wp-block-column-is-layout-flow\">\n<h3 class=\"wp-block-heading\">Param\u00e8tres de la bo\u00eete \u00e0 lunch empilable en acier inoxydable<\/h3>\n<\/div>\n<\/div>\n\n\n\n<p><strong>Mat\u00e9riau<\/strong>:304+PP <strong>Couleur<\/strong>:Vert\/Beige\/Marron\/Vert fonc\u00e9<\/p>\n\n\n\n<figure class=\"wp-block-table\"><table><tbody><tr><td>Num\u00e9ro de mod\u00e8le<\/td><td>Capacit\u00e9<\/td><td>Taille du produit<\/td><td>Taille de la bo\u00eete ext\u00e9rieure<\/td><td>Quantit\u00e9 par caisse<\/td><td>N.W<\/td><td>G.W\/Case<\/td><\/tr><tr><td>MYJD102<\/td><td>550ML<\/td><td>11.5*7.9*7.5<\/td><td>60*50*53<\/td><td>120<\/td><td>0.15<\/td><td>39.36<\/td><\/tr><tr><td>MYJD103<\/td><td>850ML<\/td><td>13.5*9.5*8.5<\/td><td>61*58*60<\/td><td>96<\/td><td>0.21<\/td><td>28.8<\/td><\/tr><tr><td>MYJD104<\/td><td>1500ML<\/td><td>16*11*9.5<\/td><td>67*66*45<\/td><td>60<\/td><td>0.28<\/td><td>24.12<\/td><\/tr><tr><td>MYJD105<\/td><td>2800ML<br>avec poign\u00e9e<\/td><td>19*13*12.5<\/td><td>68*67*69.5<\/td><td>36<\/td><td>0.47<\/td><td>16.3<\/td><\/tr><\/tbody><\/table><\/figure>\n\n\n\n<h3 class=\"wp-block-heading\">Options de bo\u00eetes \u00e0 lunch personnalis\u00e9es<\/h3>\n\n\n\n<p><strong>Logo<\/strong>: personnalisez le logo de votre marque sur les bo\u00eetes \u00e0 lunch et les emballages.<br><strong>Couvercle<\/strong>: Couvercle en verre, couvercle en PP<br><strong>Options du logo<\/strong>logo imprim\u00e9, logo grav\u00e9 au laser, etc.<br><strong>Mod\u00e8le<\/strong>: impression de motifs sur bo\u00eete \u00e0 lunch empilable<br><strong>Technologie d'impression<\/strong>Les techniques d'impression sont les suivantes : impression par transfert d'eau, impression par s\u00e9rigraphie, impression par transfert de chaleur, etc.<br><strong>Paquet<\/strong>:color box<br><a href=\"https:\/\/moyahousehold.com\/fr\/solution-personnalisee\/\" data-type=\"page\" data-id=\"2817\"><strong>D\u00e9couvrez d'autres solutions de bo\u00eetes \u00e0 lunch personnalis\u00e9es. <\/strong><\/a><\/p>\n\n\n\n<div class=\"wp-block-columns is-layout-flex wp-container-core-columns-is-layout-9d6595d7 wp-block-columns-is-layout-flex\">\n<div class=\"wp-block-column is-layout-flow wp-block-column-is-layout-flow\">\n<figure class=\"wp-block-image size-full\"><img fetchpriority=\"high\" decoding=\"async\" width=\"1500\" height=\"1500\" src=\"https:\/\/moyahousehold.com\/wp-content\/uploads\/2024\/11\/Wholesale-Stackable-Stainless-Steel-Lunch-Boxes-1.jpg\" alt=\"Bo\u00eetes \u00e0 lunch empilables en acier inoxydable (1)\" class=\"wp-image-9488\" srcset=\"https:\/\/moyahousehold.com\/wp-content\/uploads\/2024\/11\/Wholesale-Stackable-Stainless-Steel-Lunch-Boxes-1.jpg 1500w, https:\/\/moyahousehold.com\/wp-content\/uploads\/2024\/11\/Wholesale-Stackable-Stainless-Steel-Lunch-Boxes-1-300x300.jpg 300w, https:\/\/moyahousehold.com\/wp-content\/uploads\/2024\/11\/Wholesale-Stackable-Stainless-Steel-Lunch-Boxes-1-150x150.jpg 150w, https:\/\/moyahousehold.com\/wp-content\/uploads\/2024\/11\/Wholesale-Stackable-Stainless-Steel-Lunch-Boxes-1-768x768.jpg 768w, https:\/\/moyahousehold.com\/wp-content\/uploads\/2024\/11\/Wholesale-Stackable-Stainless-Steel-Lunch-Boxes-1-12x12.jpg 12w, https:\/\/moyahousehold.com\/wp-content\/uploads\/2024\/11\/Wholesale-Stackable-Stainless-Steel-Lunch-Boxes-1-285x285.jpg 285w, https:\/\/moyahousehold.com\/wp-content\/uploads\/2024\/11\/Wholesale-Stackable-Stainless-Steel-Lunch-Boxes-1-270x270.jpg 270w, https:\/\/moyahousehold.com\/wp-content\/uploads\/2024\/11\/Wholesale-Stackable-Stainless-Steel-Lunch-Boxes-1-540x540.jpg 540w, https:\/\/moyahousehold.com\/wp-content\/uploads\/2024\/11\/Wholesale-Stackable-Stainless-Steel-Lunch-Boxes-1-660x660.jpg 660w\" sizes=\"(max-width: 1500px) 100vw, 1500px\" \/><\/figure>\n<\/div>\n\n\n\n<div class=\"wp-block-column is-layout-flow wp-block-column-is-layout-flow\">\n<figure class=\"wp-block-image size-full\"><img decoding=\"async\" width=\"1500\" height=\"1500\" src=\"https:\/\/moyahousehold.com\/wp-content\/uploads\/2024\/11\/Wholesale-Stackable-Stainless-Steel-Lunch-Boxes-2.jpg\" alt=\"Bo\u00eetes \u00e0 lunch empilables en acier inoxydable (2)\" class=\"wp-image-9489\" srcset=\"https:\/\/moyahousehold.com\/wp-content\/uploads\/2024\/11\/Wholesale-Stackable-Stainless-Steel-Lunch-Boxes-2.jpg 1500w, https:\/\/moyahousehold.com\/wp-content\/uploads\/2024\/11\/Wholesale-Stackable-Stainless-Steel-Lunch-Boxes-2-300x300.jpg 300w, https:\/\/moyahousehold.com\/wp-content\/uploads\/2024\/11\/Wholesale-Stackable-Stainless-Steel-Lunch-Boxes-2-150x150.jpg 150w, https:\/\/moyahousehold.com\/wp-content\/uploads\/2024\/11\/Wholesale-Stackable-Stainless-Steel-Lunch-Boxes-2-768x768.jpg 768w, https:\/\/moyahousehold.com\/wp-content\/uploads\/2024\/11\/Wholesale-Stackable-Stainless-Steel-Lunch-Boxes-2-12x12.jpg 12w, https:\/\/moyahousehold.com\/wp-content\/uploads\/2024\/11\/Wholesale-Stackable-Stainless-Steel-Lunch-Boxes-2-285x285.jpg 285w, https:\/\/moyahousehold.com\/wp-content\/uploads\/2024\/11\/Wholesale-Stackable-Stainless-Steel-Lunch-Boxes-2-270x270.jpg 270w, https:\/\/moyahousehold.com\/wp-content\/uploads\/2024\/11\/Wholesale-Stackable-Stainless-Steel-Lunch-Boxes-2-540x540.jpg 540w, https:\/\/moyahousehold.com\/wp-content\/uploads\/2024\/11\/Wholesale-Stackable-Stainless-Steel-Lunch-Boxes-2-660x660.jpg 660w\" sizes=\"(max-width: 1500px) 100vw, 1500px\" \/><\/figure>\n<\/div>\n<\/div>\n\n\n\n<div class=\"wp-block-columns is-layout-flex wp-container-core-columns-is-layout-9d6595d7 wp-block-columns-is-layout-flex\">\n<div class=\"wp-block-column is-layout-flow wp-block-column-is-layout-flow\">\n<figure class=\"wp-block-image size-full\"><img decoding=\"async\" width=\"1500\" height=\"1500\" src=\"https:\/\/moyahousehold.com\/wp-content\/uploads\/2024\/11\/Wholesale-Stackable-Stainless-Steel-Lunch-Boxes-3.jpg\" alt=\"Bo\u00eetes \u00e0 lunch empilables en acier inoxydable (3)\" class=\"wp-image-9490\" srcset=\"https:\/\/moyahousehold.com\/wp-content\/uploads\/2024\/11\/Wholesale-Stackable-Stainless-Steel-Lunch-Boxes-3.jpg 1500w, https:\/\/moyahousehold.com\/wp-content\/uploads\/2024\/11\/Wholesale-Stackable-Stainless-Steel-Lunch-Boxes-3-300x300.jpg 300w, https:\/\/moyahousehold.com\/wp-content\/uploads\/2024\/11\/Wholesale-Stackable-Stainless-Steel-Lunch-Boxes-3-150x150.jpg 150w, https:\/\/moyahousehold.com\/wp-content\/uploads\/2024\/11\/Wholesale-Stackable-Stainless-Steel-Lunch-Boxes-3-768x768.jpg 768w, https:\/\/moyahousehold.com\/wp-content\/uploads\/2024\/11\/Wholesale-Stackable-Stainless-Steel-Lunch-Boxes-3-12x12.jpg 12w, https:\/\/moyahousehold.com\/wp-content\/uploads\/2024\/11\/Wholesale-Stackable-Stainless-Steel-Lunch-Boxes-3-285x285.jpg 285w, https:\/\/moyahousehold.com\/wp-content\/uploads\/2024\/11\/Wholesale-Stackable-Stainless-Steel-Lunch-Boxes-3-270x270.jpg 270w, https:\/\/moyahousehold.com\/wp-content\/uploads\/2024\/11\/Wholesale-Stackable-Stainless-Steel-Lunch-Boxes-3-540x540.jpg 540w, https:\/\/moyahousehold.com\/wp-content\/uploads\/2024\/11\/Wholesale-Stackable-Stainless-Steel-Lunch-Boxes-3-660x660.jpg 660w\" sizes=\"(max-width: 1500px) 100vw, 1500px\" \/><\/figure>\n<\/div>\n\n\n\n<div class=\"wp-block-column is-layout-flow wp-block-column-is-layout-flow\">\n<figure class=\"wp-block-image size-full\"><img loading=\"lazy\" decoding=\"async\" width=\"1500\" height=\"1500\" src=\"https:\/\/moyahousehold.com\/wp-content\/uploads\/2024\/11\/Wholesale-Stackable-Stainless-Steel-Lunch-Boxes-4.jpg\" alt=\"Grossiste Bo\u00eetes \u00e0 lunch empilables en acier inoxydable (4)\" class=\"wp-image-9491\" srcset=\"https:\/\/moyahousehold.com\/wp-content\/uploads\/2024\/11\/Wholesale-Stackable-Stainless-Steel-Lunch-Boxes-4.jpg 1500w, https:\/\/moyahousehold.com\/wp-content\/uploads\/2024\/11\/Wholesale-Stackable-Stainless-Steel-Lunch-Boxes-4-300x300.jpg 300w, https:\/\/moyahousehold.com\/wp-content\/uploads\/2024\/11\/Wholesale-Stackable-Stainless-Steel-Lunch-Boxes-4-150x150.jpg 150w, https:\/\/moyahousehold.com\/wp-content\/uploads\/2024\/11\/Wholesale-Stackable-Stainless-Steel-Lunch-Boxes-4-768x768.jpg 768w, https:\/\/moyahousehold.com\/wp-content\/uploads\/2024\/11\/Wholesale-Stackable-Stainless-Steel-Lunch-Boxes-4-12x12.jpg 12w, https:\/\/moyahousehold.com\/wp-content\/uploads\/2024\/11\/Wholesale-Stackable-Stainless-Steel-Lunch-Boxes-4-285x285.jpg 285w, https:\/\/moyahousehold.com\/wp-content\/uploads\/2024\/11\/Wholesale-Stackable-Stainless-Steel-Lunch-Boxes-4-270x270.jpg 270w, https:\/\/moyahousehold.com\/wp-content\/uploads\/2024\/11\/Wholesale-Stackable-Stainless-Steel-Lunch-Boxes-4-540x540.jpg 540w, https:\/\/moyahousehold.com\/wp-content\/uploads\/2024\/11\/Wholesale-Stackable-Stainless-Steel-Lunch-Boxes-4-660x660.jpg 660w\" sizes=\"(max-width: 1500px) 100vw, 1500px\" \/><\/figure>\n<\/div>\n<\/div>","protected":false},"excerpt":{"rendered":"<p>Cette bo\u00eete \u00e0 lunch en acier inoxydable empilable a un design unique et des options de couleur, ce qui est \u00e0 la fois pratique et \u00e0 la mode. Convient \u00e0 la maison, au bureau et aux activit\u00e9s de plein air, elle ajoutera \u00e0 votre plaisir de manger. Nous prenons en charge la personnalisation de la marque, la correspondance des couleurs et l'ajustement des sp\u00e9cifications, et nous invitons les grossistes, les d\u00e9taillants et les entreprises \u00e0 acheter.<\/p>\n<h3><strong>Les caract\u00e9ristiques de la bo\u00eete \u00e0 lunch empilable en acier inoxydable<\/strong><\/h3>\n<p><strong>Design mignon :<\/strong> Cette bo\u00eete \u00e0 lunch empilable a un design unique et cr\u00e9atif qui attire l'attention des enfants et des adultes, et notre vari\u00e9t\u00e9 de couleurs vives ajoute de la couleur \u00e0 la vie de l'utilisateur.<\/p>\n<p><strong>Conception empilable :<\/strong> Les bo\u00eetes \u00e0 lunch peuvent \u00eatre rang\u00e9es de mani\u00e8re compacte dans les armoires de cuisine et les r\u00e9frig\u00e9rateurs. Elles sont \u00e9galement plus faciles \u00e0 transporter et conviennent particuli\u00e8rement aux voyages, aux sorties ou au travail.<\/p>\n<p><strong>Mat\u00e9riau de haute qualit\u00e9 :<\/strong> La bo\u00eete \u00e0 lunch est fabriqu\u00e9e en acier inoxydable de qualit\u00e9 alimentaire, durable et respectueux de l'environnement. Elle est r\u00e9utilisable, a une longue dur\u00e9e de vie et permet de r\u00e9duire l'utilisation de produits en plastique jetables.<\/p>\n<p><strong>Sc\u00e9narios polyvalents :<\/strong> Convient au transport des d\u00e9jeuners quotidiens, \u00e0 la conservation des aliments pour les activit\u00e9s de plein air et \u00e0 la conservation des repas quotidiens, y compris les fruits, les snacks, les salades et autres ingr\u00e9dients.<\/p>\n<p><strong>Prix d'usine en gros :<\/strong> Nous fournissons des prix de gros d'usine, nous invitons les grossistes et les d\u00e9taillants \u00e0 nous contacter pour des achats en gros, nous fournissons des services professionnels et des politiques pr\u00e9f\u00e9rentielles, et nous r\u00e9pondons aux besoins personnalis\u00e9s.<\/p>","protected":false},"featured_media":9494,"comment_status":"closed","ping_status":"closed","template":"","meta":[],"product_cat":[57,58],"product_tag":[99,92],"class_list":{"0":"post-9356","1":"product","2":"type-product","3":"status-publish","4":"has-post-thumbnail","6":"product_cat-food-storage-container-wholesale","7":"product_cat-lunch-box-wholesale","8":"product_tag-wholesale-rectangle-food-storage-containers","9":"product_tag-wholesale-rectangle-lunch-box","11":"first","12":"instock","13":"shipping-taxable","14":"product-type-simple"},"_links":{"self":[{"href":"https:\/\/moyahousehold.com\/fr\/wp-json\/wp\/v2\/product\/9356","targetHints":{"allow":["GET"]}}],"collection":[{"href":"https:\/\/moyahousehold.com\/fr\/wp-json\/wp\/v2\/product"}],"about":[{"href":"https:\/\/moyahousehold.com\/fr\/wp-json\/wp\/v2\/types\/product"}],"replies":[{"embeddable":true,"href":"https:\/\/moyahousehold.com\/fr\/wp-json\/wp\/v2\/comments?post=9356"}],"version-history":[{"count":0,"href":"https:\/\/moyahousehold.com\/fr\/wp-json\/wp\/v2\/product\/9356\/revisions"}],"wp:featuredmedia":[{"embeddable":true,"href":"https:\/\/moyahousehold.com\/fr\/wp-json\/wp\/v2\/media\/9494"}],"wp:attachment":[{"href":"https:\/\/moyahousehold.com\/fr\/wp-json\/wp\/v2\/media?parent=9356"}],"wp:term":[{"taxonomy":"product_cat","embeddable":true,"href":"https:\/\/moyahousehold.com\/fr\/wp-json\/wp\/v2\/product_cat?post=9356"},{"taxonomy":"product_tag","embeddable":true,"href":"https:\/\/moyahousehold.com\/fr\/wp-json\/wp\/v2\/product_tag?post=9356"}],"curies":[{"name":"wp","href":"https:\/\/api.w.org\/{rel}","templated":true}]}}