{"id":9520,"date":"2024-11-23T07:38:09","date_gmt":"2024-11-23T07:38:09","guid":{"rendered":"https:\/\/moyahousehold.com\/?post_type=product&#038;p=9520"},"modified":"2025-02-05T09:53:55","modified_gmt":"2025-02-05T09:53:55","slug":"wholesale-stainless-steel-outdoor-camping-food-storage-containers","status":"publish","type":"product","link":"https:\/\/moyahousehold.com\/fr\/produit\/wholesale-stainless-steel-outdoor-camping-food-storage-containers\/","title":{"rendered":"Wholesale Stainless Steel Outdoor Camping Food Storage Containers\uff0cBulk Exquisite Outdoor Lunch Box For Sale"},"content":{"rendered":"<div class=\"wp-block-columns is-layout-flex wp-container-core-columns-is-layout-9d6595d7 wp-block-columns-is-layout-flex\">\n<div class=\"wp-block-column is-layout-flow wp-block-column-is-layout-flow\">\n<h3 class=\"wp-block-heading\">Param\u00e8tres du r\u00e9cipient de stockage de nourriture pour le camping en plein air<\/h3>\n\n\n\n<figure class=\"wp-block-table\"><table class=\"has-fixed-layout\"><tbody><tr><td>Objet<\/td><td>Capacit\u00e9<\/td><td>Taille\/PCS<\/td><\/tr><tr><td>MYJD274<\/td><td>1100ml<\/td><td>19.5*19.5*6<\/td><\/tr><tr><td>MYJD275<\/td><td>1700ml<\/td><td>19.5*19.5*8.5<\/td><\/tr><tr><td>MYJD276<\/td><td>2200ml<\/td><td>19.5*19.5*11<\/td><\/tr><\/tbody><\/table><\/figure>\n<\/div>\n<\/div>\n\n\n\n<p><strong>Mat\u00e9riau<\/strong>:304+PP\/AB <strong>Couleur<\/strong>Jaune\/Beige\/Marron\/Acier<\/p>\n\n\n\n<h3 class=\"wp-block-heading\">Options de contenants alimentaires personnalis\u00e9s<\/h3>\n\n\n\n<p><strong>Logo<\/strong>: personnalisez le logo de votre marque sur les bo\u00eetes \u00e0 lunch et les emballages.<br><strong>Couvercle<\/strong>: Couvercle en verre, couvercle en PP<br><strong>Options du logo<\/strong>logo imprim\u00e9, logo grav\u00e9 au laser, etc.<br><strong>Mod\u00e8le<\/strong>: impression de motifs sur bo\u00eete \u00e0 lunch empilable<br><strong>Technologie d'impression<\/strong>Les techniques d'impression sont les suivantes : impression par transfert d'eau, impression par s\u00e9rigraphie, impression par transfert de chaleur, etc.<br><strong>Paquet<\/strong>Bo\u00eete de couleur<br><a href=\"https:\/\/moyahousehold.com\/fr\/solution-personnalisee\/\" data-type=\"page\" data-id=\"2817\"><strong>D\u00e9couvrez d'autres solutions de conteneurs de stockage d'aliments personnalis\u00e9s. <\/strong><\/a><\/p>\n\n\n\n<div class=\"wp-block-columns is-layout-flex wp-container-core-columns-is-layout-9d6595d7 wp-block-columns-is-layout-flex\">\n<div class=\"wp-block-column is-layout-flow wp-block-column-is-layout-flow\">\n<figure class=\"wp-block-image size-full\"><img fetchpriority=\"high\" decoding=\"async\" width=\"1500\" height=\"1500\" src=\"https:\/\/moyahousehold.com\/wp-content\/uploads\/2024\/11\/Wholesale-Outdoor-Camping-Food-Storage-Container-Lunch-Box-1.jpg\" alt=\"Bo\u00eete \u00e0 lunch en gros pour camping ext\u00e9rieur (1)\" class=\"wp-image-9554\" srcset=\"https:\/\/moyahousehold.com\/wp-content\/uploads\/2024\/11\/Wholesale-Outdoor-Camping-Food-Storage-Container-Lunch-Box-1.jpg 1500w, https:\/\/moyahousehold.com\/wp-content\/uploads\/2024\/11\/Wholesale-Outdoor-Camping-Food-Storage-Container-Lunch-Box-1-300x300.jpg 300w, https:\/\/moyahousehold.com\/wp-content\/uploads\/2024\/11\/Wholesale-Outdoor-Camping-Food-Storage-Container-Lunch-Box-1-150x150.jpg 150w, https:\/\/moyahousehold.com\/wp-content\/uploads\/2024\/11\/Wholesale-Outdoor-Camping-Food-Storage-Container-Lunch-Box-1-768x768.jpg 768w, https:\/\/moyahousehold.com\/wp-content\/uploads\/2024\/11\/Wholesale-Outdoor-Camping-Food-Storage-Container-Lunch-Box-1-12x12.jpg 12w, https:\/\/moyahousehold.com\/wp-content\/uploads\/2024\/11\/Wholesale-Outdoor-Camping-Food-Storage-Container-Lunch-Box-1-285x285.jpg 285w, https:\/\/moyahousehold.com\/wp-content\/uploads\/2024\/11\/Wholesale-Outdoor-Camping-Food-Storage-Container-Lunch-Box-1-270x270.jpg 270w, https:\/\/moyahousehold.com\/wp-content\/uploads\/2024\/11\/Wholesale-Outdoor-Camping-Food-Storage-Container-Lunch-Box-1-540x540.jpg 540w, https:\/\/moyahousehold.com\/wp-content\/uploads\/2024\/11\/Wholesale-Outdoor-Camping-Food-Storage-Container-Lunch-Box-1-660x660.jpg 660w\" sizes=\"(max-width: 1500px) 100vw, 1500px\" \/><\/figure>\n<\/div>\n\n\n\n<div class=\"wp-block-column is-layout-flow wp-block-column-is-layout-flow\">\n<figure class=\"wp-block-image size-full\"><img decoding=\"async\" width=\"1500\" height=\"1500\" src=\"https:\/\/moyahousehold.com\/wp-content\/uploads\/2024\/11\/Wholesale-Outdoor-Camping-Food-Storage-Container-Lunch-Box-2.jpg\" alt=\"Bo\u00eete \u00e0 lunch en gros pour camping ext\u00e9rieur (2)\" class=\"wp-image-9555\" srcset=\"https:\/\/moyahousehold.com\/wp-content\/uploads\/2024\/11\/Wholesale-Outdoor-Camping-Food-Storage-Container-Lunch-Box-2.jpg 1500w, https:\/\/moyahousehold.com\/wp-content\/uploads\/2024\/11\/Wholesale-Outdoor-Camping-Food-Storage-Container-Lunch-Box-2-300x300.jpg 300w, https:\/\/moyahousehold.com\/wp-content\/uploads\/2024\/11\/Wholesale-Outdoor-Camping-Food-Storage-Container-Lunch-Box-2-150x150.jpg 150w, https:\/\/moyahousehold.com\/wp-content\/uploads\/2024\/11\/Wholesale-Outdoor-Camping-Food-Storage-Container-Lunch-Box-2-768x768.jpg 768w, https:\/\/moyahousehold.com\/wp-content\/uploads\/2024\/11\/Wholesale-Outdoor-Camping-Food-Storage-Container-Lunch-Box-2-12x12.jpg 12w, https:\/\/moyahousehold.com\/wp-content\/uploads\/2024\/11\/Wholesale-Outdoor-Camping-Food-Storage-Container-Lunch-Box-2-285x285.jpg 285w, https:\/\/moyahousehold.com\/wp-content\/uploads\/2024\/11\/Wholesale-Outdoor-Camping-Food-Storage-Container-Lunch-Box-2-270x270.jpg 270w, https:\/\/moyahousehold.com\/wp-content\/uploads\/2024\/11\/Wholesale-Outdoor-Camping-Food-Storage-Container-Lunch-Box-2-540x540.jpg 540w, https:\/\/moyahousehold.com\/wp-content\/uploads\/2024\/11\/Wholesale-Outdoor-Camping-Food-Storage-Container-Lunch-Box-2-660x660.jpg 660w\" sizes=\"(max-width: 1500px) 100vw, 1500px\" \/><\/figure>\n<\/div>\n<\/div>\n\n\n\n<div class=\"wp-block-columns is-layout-flex wp-container-core-columns-is-layout-9d6595d7 wp-block-columns-is-layout-flex\">\n<div class=\"wp-block-column is-layout-flow wp-block-column-is-layout-flow\">\n<figure class=\"wp-block-image size-full\"><img decoding=\"async\" width=\"1500\" height=\"1500\" src=\"https:\/\/moyahousehold.com\/wp-content\/uploads\/2024\/11\/Wholesale-Outdoor-Camping-Food-Storage-Container-Lunch-Box-3.jpg\" alt=\"Bo\u00eete \u00e0 lunch en gros pour camping ext\u00e9rieur (3)\" class=\"wp-image-9556\" srcset=\"https:\/\/moyahousehold.com\/wp-content\/uploads\/2024\/11\/Wholesale-Outdoor-Camping-Food-Storage-Container-Lunch-Box-3.jpg 1500w, https:\/\/moyahousehold.com\/wp-content\/uploads\/2024\/11\/Wholesale-Outdoor-Camping-Food-Storage-Container-Lunch-Box-3-300x300.jpg 300w, https:\/\/moyahousehold.com\/wp-content\/uploads\/2024\/11\/Wholesale-Outdoor-Camping-Food-Storage-Container-Lunch-Box-3-150x150.jpg 150w, https:\/\/moyahousehold.com\/wp-content\/uploads\/2024\/11\/Wholesale-Outdoor-Camping-Food-Storage-Container-Lunch-Box-3-768x768.jpg 768w, https:\/\/moyahousehold.com\/wp-content\/uploads\/2024\/11\/Wholesale-Outdoor-Camping-Food-Storage-Container-Lunch-Box-3-12x12.jpg 12w, https:\/\/moyahousehold.com\/wp-content\/uploads\/2024\/11\/Wholesale-Outdoor-Camping-Food-Storage-Container-Lunch-Box-3-285x285.jpg 285w, https:\/\/moyahousehold.com\/wp-content\/uploads\/2024\/11\/Wholesale-Outdoor-Camping-Food-Storage-Container-Lunch-Box-3-270x270.jpg 270w, https:\/\/moyahousehold.com\/wp-content\/uploads\/2024\/11\/Wholesale-Outdoor-Camping-Food-Storage-Container-Lunch-Box-3-540x540.jpg 540w, https:\/\/moyahousehold.com\/wp-content\/uploads\/2024\/11\/Wholesale-Outdoor-Camping-Food-Storage-Container-Lunch-Box-3-660x660.jpg 660w\" sizes=\"(max-width: 1500px) 100vw, 1500px\" \/><\/figure>\n<\/div>\n\n\n\n<div class=\"wp-block-column is-layout-flow wp-block-column-is-layout-flow\">\n<figure class=\"wp-block-image size-full\"><img loading=\"lazy\" decoding=\"async\" width=\"1500\" height=\"1500\" src=\"https:\/\/moyahousehold.com\/wp-content\/uploads\/2024\/11\/Wholesale-Outdoor-Camping-Food-Storage-Container-Lunch-Box-4.jpg\" alt=\"Bo\u00eete \u00e0 lunch en gros pour camping ext\u00e9rieur (4)\" class=\"wp-image-9557\" srcset=\"https:\/\/moyahousehold.com\/wp-content\/uploads\/2024\/11\/Wholesale-Outdoor-Camping-Food-Storage-Container-Lunch-Box-4.jpg 1500w, https:\/\/moyahousehold.com\/wp-content\/uploads\/2024\/11\/Wholesale-Outdoor-Camping-Food-Storage-Container-Lunch-Box-4-300x300.jpg 300w, https:\/\/moyahousehold.com\/wp-content\/uploads\/2024\/11\/Wholesale-Outdoor-Camping-Food-Storage-Container-Lunch-Box-4-150x150.jpg 150w, https:\/\/moyahousehold.com\/wp-content\/uploads\/2024\/11\/Wholesale-Outdoor-Camping-Food-Storage-Container-Lunch-Box-4-768x768.jpg 768w, https:\/\/moyahousehold.com\/wp-content\/uploads\/2024\/11\/Wholesale-Outdoor-Camping-Food-Storage-Container-Lunch-Box-4-12x12.jpg 12w, https:\/\/moyahousehold.com\/wp-content\/uploads\/2024\/11\/Wholesale-Outdoor-Camping-Food-Storage-Container-Lunch-Box-4-285x285.jpg 285w, https:\/\/moyahousehold.com\/wp-content\/uploads\/2024\/11\/Wholesale-Outdoor-Camping-Food-Storage-Container-Lunch-Box-4-270x270.jpg 270w, https:\/\/moyahousehold.com\/wp-content\/uploads\/2024\/11\/Wholesale-Outdoor-Camping-Food-Storage-Container-Lunch-Box-4-540x540.jpg 540w, https:\/\/moyahousehold.com\/wp-content\/uploads\/2024\/11\/Wholesale-Outdoor-Camping-Food-Storage-Container-Lunch-Box-4-660x660.jpg 660w\" sizes=\"(max-width: 1500px) 100vw, 1500px\" \/><\/figure>\n<\/div>\n<\/div>","protected":false},"excerpt":{"rendered":"<p>Les conteneurs de stockage de nourriture de camping en gros, con\u00e7us pour r\u00e9pondre \u00e0 vos divers besoins. Ce conteneur de stockage alimentaire en acier inoxydable, nous fournissons 1100ml, 1700ml, 2200ml, adapt\u00e9 pour les amateurs de camping, les voyageurs, adapt\u00e9 pour stocker le d\u00e9jeuner, les collations, les fruits et plus, peut \u00e9galement \u00eatre utilis\u00e9 comme un conteneur de stockage quotidien pour les familles, les bo\u00eetes \u00e0 lunch pour les \u00e9tudiants. C'est un outil de cuisine polyvalent. En tant que fabricant de bo\u00eetes \u00e0 lunch et de contenants alimentaires, nous fournissons des services de vente en gros et des services personnalis\u00e9s, n'h\u00e9sitez pas \u00e0 nous contacter.<\/p>\n<h3>Caract\u00e9ristiques du r\u00e9cipient en acier inoxydable pour le stockage des aliments pour le camping en plein air<\/h3>\n<p><strong>Aspect \u00e0 la mode :<\/strong> Cet \u00e9l\u00e9gant r\u00e9cipient de stockage des aliments pour l'ext\u00e9rieur adopte un design simple et moderne, avec une forme mignonne et des couleurs riches et vari\u00e9es, ce qui est attrayant pour les enfants et les adultes et peut vous offrir une meilleure exp\u00e9rience de repas en plein air.<\/p>\n<p><strong>Mat\u00e9riaux de haute qualit\u00e9 :<\/strong> Ce r\u00e9cipient de stockage des aliments pour le camping en plein air est fabriqu\u00e9 en acier inoxydable \u00e9paissi de qualit\u00e9 alimentaire, robuste et durable. Il a \u00e9t\u00e9 trait\u00e9 par un processus \u00e9lectrolytique et sa surface est lisse et facile \u00e0 nettoyer.<\/p>\n<p><strong>Conception \u00e9tanche :<\/strong> Le r\u00e9cipient de stockage des aliments est dot\u00e9 d'un couvercle \u00e0 forte \u00e9tanch\u00e9it\u00e9 pour \u00e9viter les fuites d'aliments, et m\u00eame les aliments liquides ou les soupes peuvent \u00eatre transport\u00e9s.<\/p>\n<p><strong>Respectueux de l'environnement et inoffensif :<\/strong> Nos conteneurs de stockage alimentaire en acier inoxydable ont \u00e9t\u00e9 certifi\u00e9s ISO9001, ne contiennent pas de substances nocives, r\u00e9pondent aux normes de s\u00e9curit\u00e9 alimentaire et sont id\u00e9aux pour la protection de l'environnement et la r\u00e9utilisation.<\/p>\n<p><strong>Polyvalence :<\/strong> Les r\u00e9cipients de stockage des aliments en acier inoxydable sont robustes et durables, et il n'y a pas lieu de s'inqui\u00e9ter de leur chute. Ils constituent un excellent choix pour conserver les repas et la nourriture pour le camping en plein air, et sont \u00e9galement d'une grande utilit\u00e9 au quotidien.<\/p>\n<p><strong>Avantages de la vente en gros :<\/strong> Nous proposons des prix de gros tr\u00e8s comp\u00e9titifs et invitons sinc\u00e8rement les grossistes, les d\u00e9taillants et les entreprises \u00e0 acheter en gros.<\/p>\n<p><strong>Possibilit\u00e9 de personnalisation OEM&amp;ODM :<\/strong> Nous prenons en charge la personnalisation des marques, la correspondance des couleurs et l'ajustement des sp\u00e9cifications. Nous pouvons cr\u00e9er des produits exclusifs en fonction de vos exigences et fournir des services professionnels et des politiques pr\u00e9f\u00e9rentielles.<\/p>","protected":false},"featured_media":9541,"comment_status":"closed","ping_status":"closed","template":"","meta":[],"product_cat":[57,58],"product_tag":[95],"class_list":{"0":"post-9520","1":"product","2":"type-product","3":"status-publish","4":"has-post-thumbnail","6":"product_cat-food-storage-container-wholesale","7":"product_cat-lunch-box-wholesale","8":"product_tag-wholesale-food-storage-containers-with-date-dial","10":"first","11":"instock","12":"shipping-taxable","13":"product-type-simple"},"_links":{"self":[{"href":"https:\/\/moyahousehold.com\/fr\/wp-json\/wp\/v2\/product\/9520","targetHints":{"allow":["GET"]}}],"collection":[{"href":"https:\/\/moyahousehold.com\/fr\/wp-json\/wp\/v2\/product"}],"about":[{"href":"https:\/\/moyahousehold.com\/fr\/wp-json\/wp\/v2\/types\/product"}],"replies":[{"embeddable":true,"href":"https:\/\/moyahousehold.com\/fr\/wp-json\/wp\/v2\/comments?post=9520"}],"version-history":[{"count":0,"href":"https:\/\/moyahousehold.com\/fr\/wp-json\/wp\/v2\/product\/9520\/revisions"}],"wp:featuredmedia":[{"embeddable":true,"href":"https:\/\/moyahousehold.com\/fr\/wp-json\/wp\/v2\/media\/9541"}],"wp:attachment":[{"href":"https:\/\/moyahousehold.com\/fr\/wp-json\/wp\/v2\/media?parent=9520"}],"wp:term":[{"taxonomy":"product_cat","embeddable":true,"href":"https:\/\/moyahousehold.com\/fr\/wp-json\/wp\/v2\/product_cat?post=9520"},{"taxonomy":"product_tag","embeddable":true,"href":"https:\/\/moyahousehold.com\/fr\/wp-json\/wp\/v2\/product_tag?post=9520"}],"curies":[{"name":"wp","href":"https:\/\/api.w.org\/{rel}","templated":true}]}}