{"id":9579,"date":"2024-11-29T10:33:33","date_gmt":"2024-11-28T08:10:24","guid":{"rendered":"https:\/\/moyahousehold.com\/?post_type=product&#038;p=9579"},"modified":"2025-02-05T08:33:16","modified_gmt":"2025-02-05T08:33:16","slug":"wholesale-stainless-steel-4-compartment-lunch-boxes","status":"publish","type":"product","link":"https:\/\/moyahousehold.com\/fr\/produit\/wholesale-stainless-steel-4-compartment-lunch-boxes\/","title":{"rendered":"Bo\u00eetes \u00e0 lunch en acier inoxydable \u00e0 4 compartiments - parfaites pour les \u00e9coles et les bureaux"},"content":{"rendered":"<h2 class=\"wp-block-heading\">Param\u00e8tres de la bo\u00eete \u00e0 lunch \u00e0 4 compartiments<\/h2>\n\n\n\n<p><strong>mat\u00e9riel :<\/strong>304 + PP <strong> couleur :<\/strong>Beige\u3001Kaki\u3001Green\u3001Yellow\u3001White\u3001Camel<\/p>\n\n\n\n<figure class=\"wp-block-table\"><table class=\"has-fixed-layout\"><tbody><tr><td>Objet<\/td><td>Capacit\u00e9<\/td><td>Taille\/PCS<\/td><td>PCS\/Case<\/td><td>N.W.\/PCS<\/td><td>G.W.\/Cas<\/td><\/tr><tr><td>MYJD250<\/td><td>4 compartiments<\/td><td>29*22.5*7<\/td><td>\/<\/td><td>0.81<\/td><td>\/<\/td><\/tr><\/tbody><\/table><\/figure>\n\n\n\n<h3 class=\"wp-block-heading\">Options de bo\u00eetes \u00e0 lunch personnalis\u00e9es<\/h3>\n\n\n\n<p><strong>Logo<\/strong>: personnalisez le logo de votre marque sur la bo\u00eete \u00e0 bento en acier inoxydable et sur l'emballage.<br><strong>Options du logo<\/strong>logo imprim\u00e9, logo grav\u00e9 au laser, etc.<br><strong>Mod\u00e8le<\/strong>: Impression de motifs personnalis\u00e9s sur les produits et les emballages.<br><strong>Technologie d'impression<\/strong>Les techniques d'impression sont les suivantes : impression par transfert d'eau, impression par s\u00e9rigraphie, impression par transfert de chaleur, transfert par sublimation, etc.<br><strong>Paquet<\/strong>:color box.<br><a href=\"https:\/\/moyahousehold.com\/fr\/solution-personnalisee\/\"><strong>En savoir plus sur les solutions de bo\u00eetes \u00e0 lunch personnalis\u00e9es.<\/strong><\/a><\/p>\n\n\n\n<div class=\"wp-block-columns is-layout-flex wp-container-core-columns-is-layout-9d6595d7 wp-block-columns-is-layout-flex\">\n<div class=\"wp-block-column is-layout-flow wp-block-column-is-layout-flow\">\n<figure class=\"wp-block-image size-full\"><img fetchpriority=\"high\" decoding=\"async\" width=\"3393\" height=\"3393\" src=\"https:\/\/moyahousehold.com\/wp-content\/uploads\/2024\/11\/4-Compartment-Lunch-Box-Detail-1.webp\" alt=\"Bo\u00eete \u00e0 lunch \u00e0 4 compartiments D\u00e9tail (1)\" class=\"wp-image-9595\" srcset=\"https:\/\/moyahousehold.com\/wp-content\/uploads\/2024\/11\/4-Compartment-Lunch-Box-Detail-1.webp 3393w, https:\/\/moyahousehold.com\/wp-content\/uploads\/2024\/11\/4-Compartment-Lunch-Box-Detail-1-300x300.webp 300w, https:\/\/moyahousehold.com\/wp-content\/uploads\/2024\/11\/4-Compartment-Lunch-Box-Detail-1-150x150.webp 150w, https:\/\/moyahousehold.com\/wp-content\/uploads\/2024\/11\/4-Compartment-Lunch-Box-Detail-1-768x768.webp 768w, https:\/\/moyahousehold.com\/wp-content\/uploads\/2024\/11\/4-Compartment-Lunch-Box-Detail-1-12x12.webp 12w, https:\/\/moyahousehold.com\/wp-content\/uploads\/2024\/11\/4-Compartment-Lunch-Box-Detail-1-285x285.webp 285w, https:\/\/moyahousehold.com\/wp-content\/uploads\/2024\/11\/4-Compartment-Lunch-Box-Detail-1-1600x1600.webp 1600w, https:\/\/moyahousehold.com\/wp-content\/uploads\/2024\/11\/4-Compartment-Lunch-Box-Detail-1-270x270.webp 270w, https:\/\/moyahousehold.com\/wp-content\/uploads\/2024\/11\/4-Compartment-Lunch-Box-Detail-1-540x540.webp 540w, https:\/\/moyahousehold.com\/wp-content\/uploads\/2024\/11\/4-Compartment-Lunch-Box-Detail-1-660x660.webp 660w\" sizes=\"(max-width: 3393px) 100vw, 3393px\" \/><\/figure>\n<\/div>\n\n\n\n<div class=\"wp-block-column is-layout-flow wp-block-column-is-layout-flow\">\n<figure class=\"wp-block-image size-full\"><img decoding=\"async\" width=\"3229\" height=\"3229\" src=\"https:\/\/moyahousehold.com\/wp-content\/uploads\/2024\/11\/4-Compartment-Lunch-Box-Detail-2.webp\" alt=\"Bo\u00eete \u00e0 lunch \u00e0 4 compartiments D\u00e9tail (2)\" class=\"wp-image-9596\" srcset=\"https:\/\/moyahousehold.com\/wp-content\/uploads\/2024\/11\/4-Compartment-Lunch-Box-Detail-2.webp 3229w, https:\/\/moyahousehold.com\/wp-content\/uploads\/2024\/11\/4-Compartment-Lunch-Box-Detail-2-300x300.webp 300w, https:\/\/moyahousehold.com\/wp-content\/uploads\/2024\/11\/4-Compartment-Lunch-Box-Detail-2-150x150.webp 150w, https:\/\/moyahousehold.com\/wp-content\/uploads\/2024\/11\/4-Compartment-Lunch-Box-Detail-2-768x768.webp 768w, https:\/\/moyahousehold.com\/wp-content\/uploads\/2024\/11\/4-Compartment-Lunch-Box-Detail-2-12x12.webp 12w, https:\/\/moyahousehold.com\/wp-content\/uploads\/2024\/11\/4-Compartment-Lunch-Box-Detail-2-285x285.webp 285w, https:\/\/moyahousehold.com\/wp-content\/uploads\/2024\/11\/4-Compartment-Lunch-Box-Detail-2-1600x1600.webp 1600w, https:\/\/moyahousehold.com\/wp-content\/uploads\/2024\/11\/4-Compartment-Lunch-Box-Detail-2-270x270.webp 270w, https:\/\/moyahousehold.com\/wp-content\/uploads\/2024\/11\/4-Compartment-Lunch-Box-Detail-2-540x540.webp 540w, https:\/\/moyahousehold.com\/wp-content\/uploads\/2024\/11\/4-Compartment-Lunch-Box-Detail-2-660x660.webp 660w\" sizes=\"(max-width: 3229px) 100vw, 3229px\" \/><\/figure>\n<\/div>\n<\/div>\n\n\n\n<div class=\"wp-block-columns is-layout-flex wp-container-core-columns-is-layout-9d6595d7 wp-block-columns-is-layout-flex\">\n<div class=\"wp-block-column is-layout-flow wp-block-column-is-layout-flow\">\n<figure class=\"wp-block-image size-full\"><img decoding=\"async\" width=\"3316\" height=\"3316\" src=\"https:\/\/moyahousehold.com\/wp-content\/uploads\/2024\/11\/4-Compartment-Lunch-Box-Detail-3.webp\" alt=\"Bo\u00eete \u00e0 lunch \u00e0 4 compartiments D\u00e9tail (3)\" class=\"wp-image-9597\" srcset=\"https:\/\/moyahousehold.com\/wp-content\/uploads\/2024\/11\/4-Compartment-Lunch-Box-Detail-3.webp 3316w, https:\/\/moyahousehold.com\/wp-content\/uploads\/2024\/11\/4-Compartment-Lunch-Box-Detail-3-300x300.webp 300w, https:\/\/moyahousehold.com\/wp-content\/uploads\/2024\/11\/4-Compartment-Lunch-Box-Detail-3-150x150.webp 150w, https:\/\/moyahousehold.com\/wp-content\/uploads\/2024\/11\/4-Compartment-Lunch-Box-Detail-3-768x768.webp 768w, https:\/\/moyahousehold.com\/wp-content\/uploads\/2024\/11\/4-Compartment-Lunch-Box-Detail-3-12x12.webp 12w, https:\/\/moyahousehold.com\/wp-content\/uploads\/2024\/11\/4-Compartment-Lunch-Box-Detail-3-285x285.webp 285w, https:\/\/moyahousehold.com\/wp-content\/uploads\/2024\/11\/4-Compartment-Lunch-Box-Detail-3-1600x1600.webp 1600w, https:\/\/moyahousehold.com\/wp-content\/uploads\/2024\/11\/4-Compartment-Lunch-Box-Detail-3-270x270.webp 270w, https:\/\/moyahousehold.com\/wp-content\/uploads\/2024\/11\/4-Compartment-Lunch-Box-Detail-3-540x540.webp 540w, https:\/\/moyahousehold.com\/wp-content\/uploads\/2024\/11\/4-Compartment-Lunch-Box-Detail-3-660x660.webp 660w\" sizes=\"(max-width: 3316px) 100vw, 3316px\" \/><\/figure>\n<\/div>\n\n\n\n<div class=\"wp-block-column is-layout-flow wp-block-column-is-layout-flow\">\n<figure class=\"wp-block-image size-full\"><img loading=\"lazy\" decoding=\"async\" width=\"3639\" height=\"3639\" src=\"https:\/\/moyahousehold.com\/wp-content\/uploads\/2024\/11\/4-Compartment-Lunch-Box-Detail-4.webp\" alt=\"Bo\u00eete \u00e0 lunch \u00e0 4 compartiments D\u00e9tail (4)\" class=\"wp-image-9598\" srcset=\"https:\/\/moyahousehold.com\/wp-content\/uploads\/2024\/11\/4-Compartment-Lunch-Box-Detail-4.webp 3639w, https:\/\/moyahousehold.com\/wp-content\/uploads\/2024\/11\/4-Compartment-Lunch-Box-Detail-4-300x300.webp 300w, https:\/\/moyahousehold.com\/wp-content\/uploads\/2024\/11\/4-Compartment-Lunch-Box-Detail-4-150x150.webp 150w, https:\/\/moyahousehold.com\/wp-content\/uploads\/2024\/11\/4-Compartment-Lunch-Box-Detail-4-768x768.webp 768w, https:\/\/moyahousehold.com\/wp-content\/uploads\/2024\/11\/4-Compartment-Lunch-Box-Detail-4-12x12.webp 12w, https:\/\/moyahousehold.com\/wp-content\/uploads\/2024\/11\/4-Compartment-Lunch-Box-Detail-4-285x285.webp 285w, https:\/\/moyahousehold.com\/wp-content\/uploads\/2024\/11\/4-Compartment-Lunch-Box-Detail-4-1600x1600.webp 1600w, https:\/\/moyahousehold.com\/wp-content\/uploads\/2024\/11\/4-Compartment-Lunch-Box-Detail-4-270x270.webp 270w, https:\/\/moyahousehold.com\/wp-content\/uploads\/2024\/11\/4-Compartment-Lunch-Box-Detail-4-540x540.webp 540w, https:\/\/moyahousehold.com\/wp-content\/uploads\/2024\/11\/4-Compartment-Lunch-Box-Detail-4-660x660.webp 660w\" sizes=\"(max-width: 3639px) 100vw, 3639px\" \/><\/figure>\n<\/div>\n<\/div>\n\n\n\n<p><\/p>","protected":false},"excerpt":{"rendered":"<p>Bo\u00eete \u00e0 lunch \u00e0 4 compartiments en acier inoxydable de gros, avec un design portable, convenant aux sorties. La conception \u00e0 4 compartiments permet aux utilisateurs d'apporter facilement une vari\u00e9t\u00e9 d'aliments. En tant que fabricant professionnel de bo\u00eetes \u00e0 lunch, nous fournissons des services de bo\u00eetes \u00e0 lunch en gros et sur mesure. Les grossistes, les d\u00e9taillants et les \u00e9coles ayant des besoins pertinents sont invit\u00e9s \u00e0 nous contacter.<\/p>\n<h3>Param\u00e8tres de la bo\u00eete \u00e0 lunch en acier inoxydable \u00e0 4 compartiments<\/h3>\n<p><strong>Mat\u00e9riaux de haute qualit\u00e9 :<\/strong> Cette bo\u00eete \u00e0 lunch est fabriqu\u00e9e en acier inoxydable 304 de haute qualit\u00e9, qui ne contient pas de BPA et convient parfaitement \u00e0 la conservation d'une vari\u00e9t\u00e9 d'aliments chauds et froids pendant une longue p\u00e9riode.<\/p>\n<p>&nbsp;<\/p>\n<p><strong>Facile \u00e0 nettoyer :<\/strong> La surface int\u00e9rieure de la bo\u00eete \u00e0 lunch est polie. Pour le nettoyage quotidien, il suffit de la rincer ou de l'essuyer pour \u00e9liminer facilement les taches. En outre, elle peut \u00eatre mise au lave-vaisselle pour vous faire gagner du temps.<\/p>\n<p>&nbsp;<\/p>\n<p><strong>Conception \u00e0 4 compartiments :<\/strong> Cette bo\u00eete \u00e0 lunch en acier inoxydable comporte 4 compartiments pour ranger s\u00e9par\u00e9ment les aliments secs et humides, ce qui permet de conserver la fra\u00eecheur et l'originalit\u00e9 de chaque aliment.<\/p>\n<p>&nbsp;<\/p>\n<p><strong>Application multi-sc\u00e9narios :<\/strong> Cette bo\u00eete \u00e0 lunch en acier inoxydable est facile \u00e0 transporter et convient \u00e0 la maison et au bureau, ainsi qu'aux voyages et aux repas \u00e0 l'ext\u00e9rieur.<\/p>\n<p>&nbsp;<\/p>\n<p><strong>Conception pratique :<\/strong> Cette bo\u00eete \u00e0 lunch en acier inoxydable est dot\u00e9e d'un anneau d'\u00e9tanch\u00e9it\u00e9 en silicone alimentaire de haute qualit\u00e9 et d'un syst\u00e8me de verrouillage ferme qui emp\u00eache efficacement la soupe et les autres liquides de s'\u00e9couler, ce qui la rend tr\u00e8s pratique \u00e0 transporter.<\/p>\n<p>&nbsp;<\/p>\n<p><strong>Personnalisation OEM&amp;ODM :<\/strong> En tant que fabricant de bo\u00eetes \u00e0 lunch en gros, nous fournissons des solutions compl\u00e8tes de bo\u00eetes \u00e0 lunch personnalis\u00e9es. Nous pouvons notamment personnaliser l'apparence, la couleur, la capacit\u00e9 et le logo de la marque.<\/p>","protected":false},"featured_media":9602,"comment_status":"closed","ping_status":"closed","template":"","meta":[],"product_cat":[58],"product_tag":[87,92],"class_list":{"0":"post-9579","1":"product","2":"type-product","3":"status-publish","4":"has-post-thumbnail","6":"product_cat-lunch-box-wholesale","7":"product_tag-wholesale-multi-compartment-lunch-box","8":"product_tag-wholesale-rectangle-lunch-box","10":"first","11":"instock","12":"shipping-taxable","13":"product-type-simple"},"_links":{"self":[{"href":"https:\/\/moyahousehold.com\/fr\/wp-json\/wp\/v2\/product\/9579","targetHints":{"allow":["GET"]}}],"collection":[{"href":"https:\/\/moyahousehold.com\/fr\/wp-json\/wp\/v2\/product"}],"about":[{"href":"https:\/\/moyahousehold.com\/fr\/wp-json\/wp\/v2\/types\/product"}],"replies":[{"embeddable":true,"href":"https:\/\/moyahousehold.com\/fr\/wp-json\/wp\/v2\/comments?post=9579"}],"version-history":[{"count":0,"href":"https:\/\/moyahousehold.com\/fr\/wp-json\/wp\/v2\/product\/9579\/revisions"}],"wp:featuredmedia":[{"embeddable":true,"href":"https:\/\/moyahousehold.com\/fr\/wp-json\/wp\/v2\/media\/9602"}],"wp:attachment":[{"href":"https:\/\/moyahousehold.com\/fr\/wp-json\/wp\/v2\/media?parent=9579"}],"wp:term":[{"taxonomy":"product_cat","embeddable":true,"href":"https:\/\/moyahousehold.com\/fr\/wp-json\/wp\/v2\/product_cat?post=9579"},{"taxonomy":"product_tag","embeddable":true,"href":"https:\/\/moyahousehold.com\/fr\/wp-json\/wp\/v2\/product_tag?post=9579"}],"curies":[{"name":"wp","href":"https:\/\/api.w.org\/{rel}","templated":true}]}}