{"id":9607,"date":"2024-11-30T07:35:18","date_gmt":"2024-11-30T02:13:57","guid":{"rendered":"https:\/\/moyahousehold.com\/?post_type=product&#038;p=9607"},"modified":"2025-02-05T08:32:34","modified_gmt":"2025-02-05T08:32:34","slug":"wholesale-cute-stainless-steel-lunch-box-for-kids","status":"publish","type":"product","link":"https:\/\/moyahousehold.com\/fr\/produit\/wholesale-cute-stainless-steel-lunch-box-for-kids\/","title":{"rendered":"Wholesale Cute Stainless Steel Lunch Box For Kids With Interesting Patterns - Parfait pour l'\u00e9cole et les pique-niques en plein air"},"content":{"rendered":"<h2 class=\"wp-block-heading\">Param\u00e8tres de la bo\u00eete \u00e0 lunch en acier inoxydable pour enfants<\/h2>\n\n\n\n<p><strong>mat\u00e9riel :<\/strong> 304 + PP <strong> couleur :<\/strong> Beige\u3001Kaki\u3001Green\u3001Pink\u3001White<\/p>\n\n\n\n<figure class=\"wp-block-table\"><table class=\"has-fixed-layout\"><tbody><tr><td>Objet<\/td><td>Capacit\u00e9<\/td><td>Taille\/PCS<\/td><td>PCS\/Case<\/td><td>N.W.\/PCS<\/td><td>G.W.\/Cas<\/td><\/tr><tr><td>MYJD005<\/td><td>550ml<\/td><td>17*13*6.5<\/td><td>60<\/td><td>0.74<\/td><td>12.7<\/td><\/tr><tr><td>MYJD006<\/td><td>850ml<\/td><td>19*14*7<\/td><td>48<\/td><td>0.81<\/td><td>14.9<\/td><\/tr><tr><td>MYJD255<\/td><td>1200ml<\/td><td>19*19*7<\/td><td>\/<\/td><td>1.31<\/td><td>\/<\/td><\/tr><\/tbody><\/table><\/figure>\n\n\n\n<h3 class=\"wp-block-heading\">Options de bo\u00eetes \u00e0 lunch personnalis\u00e9es<\/h3>\n\n\n\n<p><strong>Logo<\/strong>: personnalisez le logo de votre marque sur la bo\u00eete \u00e0 bento en acier inoxydable et sur l'emballage.<br><strong>Options du logo<\/strong>logo imprim\u00e9, logo grav\u00e9 au laser, etc.<br><strong>Mod\u00e8le<\/strong>: Impression de motifs personnalis\u00e9s sur les produits et les emballages.<br><strong>Technologie d'impression<\/strong>Les techniques d'impression sont les suivantes : impression par transfert d'eau, impression par s\u00e9rigraphie, impression par transfert de chaleur, transfert par sublimation, etc.<br><strong>Paquet<\/strong>:color box.<br><a href=\"https:\/\/moyahousehold.com\/fr\/solution-personnalisee\/\"><strong>En savoir plus sur les solutions de bo\u00eetes \u00e0 lunch personnalis\u00e9es.<\/strong><\/a><\/p>\n\n\n\n<div class=\"wp-block-columns is-layout-flex wp-container-core-columns-is-layout-9d6595d7 wp-block-columns-is-layout-flex\">\n<div class=\"wp-block-column is-layout-flow wp-block-column-is-layout-flow\">\n<figure class=\"wp-block-image size-full\"><img fetchpriority=\"high\" decoding=\"async\" width=\"1500\" height=\"1500\" src=\"https:\/\/moyahousehold.com\/wp-content\/uploads\/2024\/11\/wholesale-Stainless-Steel-Lunch-Box-For-Kids-1.jpg\" alt=\"Bo\u00eete \u00e0 lunch en acier inoxydable pour enfants (1)\" class=\"wp-image-9638\" srcset=\"https:\/\/moyahousehold.com\/wp-content\/uploads\/2024\/11\/wholesale-Stainless-Steel-Lunch-Box-For-Kids-1.jpg 1500w, https:\/\/moyahousehold.com\/wp-content\/uploads\/2024\/11\/wholesale-Stainless-Steel-Lunch-Box-For-Kids-1-300x300.jpg 300w, https:\/\/moyahousehold.com\/wp-content\/uploads\/2024\/11\/wholesale-Stainless-Steel-Lunch-Box-For-Kids-1-150x150.jpg 150w, https:\/\/moyahousehold.com\/wp-content\/uploads\/2024\/11\/wholesale-Stainless-Steel-Lunch-Box-For-Kids-1-768x768.jpg 768w, https:\/\/moyahousehold.com\/wp-content\/uploads\/2024\/11\/wholesale-Stainless-Steel-Lunch-Box-For-Kids-1-12x12.jpg 12w, https:\/\/moyahousehold.com\/wp-content\/uploads\/2024\/11\/wholesale-Stainless-Steel-Lunch-Box-For-Kids-1-285x285.jpg 285w, https:\/\/moyahousehold.com\/wp-content\/uploads\/2024\/11\/wholesale-Stainless-Steel-Lunch-Box-For-Kids-1-270x270.jpg 270w, https:\/\/moyahousehold.com\/wp-content\/uploads\/2024\/11\/wholesale-Stainless-Steel-Lunch-Box-For-Kids-1-540x540.jpg 540w, https:\/\/moyahousehold.com\/wp-content\/uploads\/2024\/11\/wholesale-Stainless-Steel-Lunch-Box-For-Kids-1-660x660.jpg 660w\" sizes=\"(max-width: 1500px) 100vw, 1500px\" \/><\/figure>\n<\/div>\n\n\n\n<div class=\"wp-block-column is-layout-flow wp-block-column-is-layout-flow\">\n<figure class=\"wp-block-image size-full\"><img decoding=\"async\" width=\"1500\" height=\"1500\" src=\"https:\/\/moyahousehold.com\/wp-content\/uploads\/2024\/11\/wholesale-Stainless-Steel-Lunch-Box-For-Kids-2.jpg\" alt=\"Bo\u00eete \u00e0 lunch en acier inoxydable pour enfants (2)\" class=\"wp-image-9639\" srcset=\"https:\/\/moyahousehold.com\/wp-content\/uploads\/2024\/11\/wholesale-Stainless-Steel-Lunch-Box-For-Kids-2.jpg 1500w, https:\/\/moyahousehold.com\/wp-content\/uploads\/2024\/11\/wholesale-Stainless-Steel-Lunch-Box-For-Kids-2-300x300.jpg 300w, https:\/\/moyahousehold.com\/wp-content\/uploads\/2024\/11\/wholesale-Stainless-Steel-Lunch-Box-For-Kids-2-150x150.jpg 150w, https:\/\/moyahousehold.com\/wp-content\/uploads\/2024\/11\/wholesale-Stainless-Steel-Lunch-Box-For-Kids-2-768x768.jpg 768w, https:\/\/moyahousehold.com\/wp-content\/uploads\/2024\/11\/wholesale-Stainless-Steel-Lunch-Box-For-Kids-2-12x12.jpg 12w, https:\/\/moyahousehold.com\/wp-content\/uploads\/2024\/11\/wholesale-Stainless-Steel-Lunch-Box-For-Kids-2-285x285.jpg 285w, https:\/\/moyahousehold.com\/wp-content\/uploads\/2024\/11\/wholesale-Stainless-Steel-Lunch-Box-For-Kids-2-270x270.jpg 270w, https:\/\/moyahousehold.com\/wp-content\/uploads\/2024\/11\/wholesale-Stainless-Steel-Lunch-Box-For-Kids-2-540x540.jpg 540w, https:\/\/moyahousehold.com\/wp-content\/uploads\/2024\/11\/wholesale-Stainless-Steel-Lunch-Box-For-Kids-2-660x660.jpg 660w\" sizes=\"(max-width: 1500px) 100vw, 1500px\" \/><\/figure>\n<\/div>\n<\/div>\n\n\n\n<div class=\"wp-block-columns is-layout-flex wp-container-core-columns-is-layout-9d6595d7 wp-block-columns-is-layout-flex\">\n<div class=\"wp-block-column is-layout-flow wp-block-column-is-layout-flow\">\n<figure class=\"wp-block-image size-full\"><img decoding=\"async\" width=\"1500\" height=\"1500\" src=\"https:\/\/moyahousehold.com\/wp-content\/uploads\/2024\/11\/wholesale-Stainless-Steel-Lunch-Box-For-Kids-3.jpg\" alt=\"Bo\u00eete \u00e0 lunch en acier inoxydable pour enfants (3)\" class=\"wp-image-9640\" srcset=\"https:\/\/moyahousehold.com\/wp-content\/uploads\/2024\/11\/wholesale-Stainless-Steel-Lunch-Box-For-Kids-3.jpg 1500w, https:\/\/moyahousehold.com\/wp-content\/uploads\/2024\/11\/wholesale-Stainless-Steel-Lunch-Box-For-Kids-3-300x300.jpg 300w, https:\/\/moyahousehold.com\/wp-content\/uploads\/2024\/11\/wholesale-Stainless-Steel-Lunch-Box-For-Kids-3-150x150.jpg 150w, https:\/\/moyahousehold.com\/wp-content\/uploads\/2024\/11\/wholesale-Stainless-Steel-Lunch-Box-For-Kids-3-768x768.jpg 768w, https:\/\/moyahousehold.com\/wp-content\/uploads\/2024\/11\/wholesale-Stainless-Steel-Lunch-Box-For-Kids-3-12x12.jpg 12w, https:\/\/moyahousehold.com\/wp-content\/uploads\/2024\/11\/wholesale-Stainless-Steel-Lunch-Box-For-Kids-3-285x285.jpg 285w, https:\/\/moyahousehold.com\/wp-content\/uploads\/2024\/11\/wholesale-Stainless-Steel-Lunch-Box-For-Kids-3-270x270.jpg 270w, https:\/\/moyahousehold.com\/wp-content\/uploads\/2024\/11\/wholesale-Stainless-Steel-Lunch-Box-For-Kids-3-540x540.jpg 540w, https:\/\/moyahousehold.com\/wp-content\/uploads\/2024\/11\/wholesale-Stainless-Steel-Lunch-Box-For-Kids-3-660x660.jpg 660w\" sizes=\"(max-width: 1500px) 100vw, 1500px\" \/><\/figure>\n<\/div>\n\n\n\n<div class=\"wp-block-column is-layout-flow wp-block-column-is-layout-flow\">\n<figure class=\"wp-block-image size-full\"><img loading=\"lazy\" decoding=\"async\" width=\"1500\" height=\"1500\" src=\"https:\/\/moyahousehold.com\/wp-content\/uploads\/2024\/11\/wholesale-Stainless-Steel-Lunch-Box-For-Kids-4.jpg\" alt=\"Bo\u00eete \u00e0 lunch en acier inoxydable pour enfants (4)\" class=\"wp-image-9641\" srcset=\"https:\/\/moyahousehold.com\/wp-content\/uploads\/2024\/11\/wholesale-Stainless-Steel-Lunch-Box-For-Kids-4.jpg 1500w, https:\/\/moyahousehold.com\/wp-content\/uploads\/2024\/11\/wholesale-Stainless-Steel-Lunch-Box-For-Kids-4-300x300.jpg 300w, https:\/\/moyahousehold.com\/wp-content\/uploads\/2024\/11\/wholesale-Stainless-Steel-Lunch-Box-For-Kids-4-150x150.jpg 150w, https:\/\/moyahousehold.com\/wp-content\/uploads\/2024\/11\/wholesale-Stainless-Steel-Lunch-Box-For-Kids-4-768x768.jpg 768w, https:\/\/moyahousehold.com\/wp-content\/uploads\/2024\/11\/wholesale-Stainless-Steel-Lunch-Box-For-Kids-4-12x12.jpg 12w, https:\/\/moyahousehold.com\/wp-content\/uploads\/2024\/11\/wholesale-Stainless-Steel-Lunch-Box-For-Kids-4-285x285.jpg 285w, https:\/\/moyahousehold.com\/wp-content\/uploads\/2024\/11\/wholesale-Stainless-Steel-Lunch-Box-For-Kids-4-270x270.jpg 270w, https:\/\/moyahousehold.com\/wp-content\/uploads\/2024\/11\/wholesale-Stainless-Steel-Lunch-Box-For-Kids-4-540x540.jpg 540w, https:\/\/moyahousehold.com\/wp-content\/uploads\/2024\/11\/wholesale-Stainless-Steel-Lunch-Box-For-Kids-4-660x660.jpg 660w\" sizes=\"(max-width: 1500px) 100vw, 1500px\" \/><\/figure>\n<\/div>\n<\/div>","protected":false},"excerpt":{"rendered":"<p>Bo\u00eete \u00e0 lunch en acier inoxydable pour enfants, avec un design de partition pour aider les enfants \u00e0 apprendre \u00e0 diviser les aliments en portions. La bo\u00eete \u00e0 lunch est fabriqu\u00e9e en acier inoxydable de qualit\u00e9 alimentaire \u00e0 haute r\u00e9sistance, et le couvercle scell\u00e9 la rend bien \u00e9tanche, r\u00e9sistante aux chutes et aux fuites, ce qui la rend plus adapt\u00e9e aux enfants. <strong>Le fabricant de bo\u00eetes \u00e0 lunch MOYA fournit des services OEM&amp;ODM, n'h\u00e9sitez pas \u00e0 nous contacter.<\/strong><\/p>\n<h3>Param\u00e8tres de la bo\u00eete \u00e0 bento \u00e0 compartiments en acier inoxydable<\/h3>\n<p><strong>Design mignon :<\/strong> La bo\u00eete \u00e0 lunch est con\u00e7ue avec des couleurs riches et des dessins anim\u00e9s int\u00e9ressants pour stimuler l'app\u00e9tit des enfants et les inciter \u00e0 attendre l'heure du repas.<\/p>\n<p>&nbsp;<\/p>\n<p><strong>Bo\u00eete \u00e0 lunch avec compartiments :<\/strong> Nous proposons des bo\u00eetes \u00e0 lunch \u00e0 2 compartiments et des bo\u00eetes \u00e0 lunch \u00e0 3 compartiments, qui permettent de r\u00e9partir raisonnablement les diff\u00e9rents aliments et d'\u00e9viter les saveurs crois\u00e9es.<\/p>\n<p>&nbsp;<\/p>\n<p><strong>Mat\u00e9riaux sains et respectueux de l'environnement :<\/strong> Cette bo\u00eete \u00e0 lunch pour enfants est fabriqu\u00e9e en acier inoxydable de qualit\u00e9 alimentaire, s\u00fbr et inoffensif. Elle est certifi\u00e9e ISO et FDA et r\u00e9pond aux normes sanitaires pour l'utilisation par les enfants.<\/p>\n<p>&nbsp;<\/p>\n<p><strong>Des choix diversifi\u00e9s :<\/strong> Il existe une grande vari\u00e9t\u00e9 de couleurs et de styles, qui conviennent aux enfants ayant des pr\u00e9f\u00e9rences diff\u00e9rentes, et nous utilisons des bo\u00eetes \u00e0 lunch de diff\u00e9rentes capacit\u00e9s pour r\u00e9pondre aux besoins d'enfants d'\u00e2ges diff\u00e9rents.<\/p>\n<p>&nbsp;<\/p>\n<p><strong>Conception pratique :<\/strong> La conception de la bo\u00eete \u00e0 lunch accorde \u00e9galement une attention particuli\u00e8re \u00e0 la fonction d'ouverture facile du couvercle, qui permet aux enfants de l'ouvrir et de le fermer facilement. Cette bo\u00eete \u00e0 lunch pour enfants est l\u00e9g\u00e8re et convient aux cartables des enfants.<\/p>","protected":false},"featured_media":9653,"comment_status":"closed","ping_status":"closed","template":"","meta":[],"product_cat":[58],"product_tag":[87,92,93],"class_list":{"0":"post-9607","1":"product","2":"type-product","3":"status-publish","4":"has-post-thumbnail","6":"product_cat-lunch-box-wholesale","7":"product_tag-wholesale-multi-compartment-lunch-box","8":"product_tag-wholesale-rectangle-lunch-box","9":"product_tag-wholesale-square-lunch-box","11":"first","12":"instock","13":"shipping-taxable","14":"product-type-simple"},"_links":{"self":[{"href":"https:\/\/moyahousehold.com\/fr\/wp-json\/wp\/v2\/product\/9607","targetHints":{"allow":["GET"]}}],"collection":[{"href":"https:\/\/moyahousehold.com\/fr\/wp-json\/wp\/v2\/product"}],"about":[{"href":"https:\/\/moyahousehold.com\/fr\/wp-json\/wp\/v2\/types\/product"}],"replies":[{"embeddable":true,"href":"https:\/\/moyahousehold.com\/fr\/wp-json\/wp\/v2\/comments?post=9607"}],"version-history":[{"count":0,"href":"https:\/\/moyahousehold.com\/fr\/wp-json\/wp\/v2\/product\/9607\/revisions"}],"wp:featuredmedia":[{"embeddable":true,"href":"https:\/\/moyahousehold.com\/fr\/wp-json\/wp\/v2\/media\/9653"}],"wp:attachment":[{"href":"https:\/\/moyahousehold.com\/fr\/wp-json\/wp\/v2\/media?parent=9607"}],"wp:term":[{"taxonomy":"product_cat","embeddable":true,"href":"https:\/\/moyahousehold.com\/fr\/wp-json\/wp\/v2\/product_cat?post=9607"},{"taxonomy":"product_tag","embeddable":true,"href":"https:\/\/moyahousehold.com\/fr\/wp-json\/wp\/v2\/product_tag?post=9607"}],"curies":[{"name":"wp","href":"https:\/\/api.w.org\/{rel}","templated":true}]}}