{"id":10098,"date":"2025-02-04T07:12:20","date_gmt":"2025-02-04T07:12:20","guid":{"rendered":"https:\/\/moyahousehold.com\/?post_type=product&#038;p=10098"},"modified":"2026-04-02T09:44:40","modified_gmt":"2026-04-02T09:44:40","slug":"wholesale-2100ml-exquisite-thermal-carafe","status":"publish","type":"product","link":"https:\/\/moyahousehold.com\/pt\/produto\/wholesale-2100ml-exquisite-thermal-carafe\/","title":{"rendered":"Wholesale 2.1L Exquisite Japanese Style Thermal Carafe, Bulk Large Capacity Insulated Carafe for Sale, Support OEM &amp; ODM"},"content":{"rendered":"<h3 class=\"wp-block-heading\">Par\u00e2metros do jarro t\u00e9rmico 2,1L<\/h3>\n\n\n\n<figure class=\"wp-block-table\"><table class=\"has-fixed-layout\"><tbody><tr><td>Produto&nbsp;<\/td><td>Capacidade<\/td><td>Modelo<\/td><td>Cor<\/td><td>Material<\/td><td>Dimens\u00f5es<\/td><td>Peso bruto<\/td><\/tr><tr><td>Garrafa t\u00e9rmica de estilo japon\u00eas de 2,1 L<\/td><td>2.1L<\/td><td>MY0450<\/td><td>Chinese Red\/<br>Beige\/Black\/Nature<\/td><td>304+PP+Silica Gel\/Beech<\/td><td>20.7*14.6*22.6<\/td><td>1,2 kg<\/td><\/tr><\/tbody><\/table><\/figure>\n\n\n\n<h3 class=\"wp-block-heading\">Op\u00e7\u00e3o de jarro t\u00e9rmico personalizado<\/h3>\n\n\n\n<p><strong>Log\u00f3tipo: <\/strong>personalizar o log\u00f3tipo da sua marca no produto e na embalagem.<br><strong>Op\u00e7\u00f5es de log\u00f3tipo:<\/strong> log\u00f3tipo impresso, log\u00f3tipo gravado a laser, etc.<br><strong>Padr\u00e3o:<\/strong> padr\u00f5es de impress\u00e3o <br><strong>Tecnologia de impress\u00e3o: <\/strong>impress\u00e3o por transfer\u00eancia de \u00e1gua, impress\u00e3o por serigrafia, impress\u00e3o por transfer\u00eancia de calor, transfer\u00eancia por sublima\u00e7\u00e3o, etc.<br><strong>Embalagem:<\/strong> caixa de cor<br><a href=\"https:\/\/moyahousehold.com\/pt\/solucao-personalizada\/\"><strong>Saiba mais sobre as solu\u00e7\u00f5es personalizadas de jarros t\u00e9rmicos. <\/strong><\/a><\/p>\n\n\n\n<div class=\"wp-block-columns is-layout-flex wp-container-core-columns-is-layout-9d6595d7 wp-block-columns-is-layout-flex\">\n<div class=\"wp-block-column is-layout-flow wp-block-column-is-layout-flow\">\n<div class=\"wp-block-columns is-layout-flex wp-container-core-columns-is-layout-9d6595d7 wp-block-columns-is-layout-flex\">\n<div class=\"wp-block-column is-layout-flow wp-block-column-is-layout-flow\" style=\"flex-basis:100%\">\n<div class=\"wp-block-columns is-layout-flex wp-container-core-columns-is-layout-9d6595d7 wp-block-columns-is-layout-flex\">\n<div class=\"wp-block-column is-layout-flow wp-block-column-is-layout-flow\">\n<figure class=\"wp-block-image size-full\"><img fetchpriority=\"high\" decoding=\"async\" width=\"2210\" height=\"2210\" src=\"https:\/\/moyahousehold.com\/wp-content\/uploads\/2025\/02\/2.png\" alt=\"MOYA Japanese Style Stainless Steel Thermal Coffee Carafe with Wooden Handle, Vacuum Insulated Tea Pot\" class=\"wp-image-12577\" srcset=\"https:\/\/moyahousehold.com\/wp-content\/uploads\/2025\/02\/2.png 2210w, https:\/\/moyahousehold.com\/wp-content\/uploads\/2025\/02\/2-300x300.png 300w, https:\/\/moyahousehold.com\/wp-content\/uploads\/2025\/02\/2-150x150.png 150w, https:\/\/moyahousehold.com\/wp-content\/uploads\/2025\/02\/2-768x768.png 768w, https:\/\/moyahousehold.com\/wp-content\/uploads\/2025\/02\/2-12x12.png 12w, https:\/\/moyahousehold.com\/wp-content\/uploads\/2025\/02\/2-285x285.png 285w, https:\/\/moyahousehold.com\/wp-content\/uploads\/2025\/02\/2-1600x1600.png 1600w, https:\/\/moyahousehold.com\/wp-content\/uploads\/2025\/02\/2-270x270.png 270w, https:\/\/moyahousehold.com\/wp-content\/uploads\/2025\/02\/2-540x540.png 540w, https:\/\/moyahousehold.com\/wp-content\/uploads\/2025\/02\/2-660x660.png 660w\" sizes=\"(max-width: 2210px) 100vw, 2210px\" \/><\/figure>\n<\/div>\n\n\n\n<div class=\"wp-block-column is-layout-flow wp-block-column-is-layout-flow\">\n<figure class=\"wp-block-image size-full\"><img decoding=\"async\" width=\"2103\" height=\"2103\" src=\"https:\/\/moyahousehold.com\/wp-content\/uploads\/2025\/02\/5.png\" alt=\"MOYA Japanese Style Stainless Steel Thermal Coffee Carafe with Wooden Handle, Vacuum Insulated Tea Pot\" class=\"wp-image-12575\" srcset=\"https:\/\/moyahousehold.com\/wp-content\/uploads\/2025\/02\/5.png 2103w, https:\/\/moyahousehold.com\/wp-content\/uploads\/2025\/02\/5-300x300.png 300w, https:\/\/moyahousehold.com\/wp-content\/uploads\/2025\/02\/5-150x150.png 150w, https:\/\/moyahousehold.com\/wp-content\/uploads\/2025\/02\/5-768x768.png 768w, https:\/\/moyahousehold.com\/wp-content\/uploads\/2025\/02\/5-12x12.png 12w, https:\/\/moyahousehold.com\/wp-content\/uploads\/2025\/02\/5-285x285.png 285w, https:\/\/moyahousehold.com\/wp-content\/uploads\/2025\/02\/5-1600x1600.png 1600w, https:\/\/moyahousehold.com\/wp-content\/uploads\/2025\/02\/5-270x270.png 270w, https:\/\/moyahousehold.com\/wp-content\/uploads\/2025\/02\/5-540x540.png 540w, https:\/\/moyahousehold.com\/wp-content\/uploads\/2025\/02\/5-660x660.png 660w\" sizes=\"(max-width: 2103px) 100vw, 2103px\" \/><\/figure>\n<\/div>\n<\/div>\n<\/div>\n<\/div>\n<\/div>\n<\/div>\n\n\n\n<div class=\"wp-block-columns is-layout-flex wp-container-core-columns-is-layout-9d6595d7 wp-block-columns-is-layout-flex\">\n<div class=\"wp-block-column is-layout-flow wp-block-column-is-layout-flow\">\n<figure class=\"wp-block-image size-full\"><img decoding=\"async\" width=\"2187\" height=\"2187\" src=\"https:\/\/moyahousehold.com\/wp-content\/uploads\/2025\/02\/6.png\" alt=\"MOYA Japanese Style Stainless Steel Thermal Coffee Carafe with Wooden Handle, Vacuum Insulated Tea Pot\" class=\"wp-image-12576\" srcset=\"https:\/\/moyahousehold.com\/wp-content\/uploads\/2025\/02\/6.png 2187w, https:\/\/moyahousehold.com\/wp-content\/uploads\/2025\/02\/6-300x300.png 300w, https:\/\/moyahousehold.com\/wp-content\/uploads\/2025\/02\/6-150x150.png 150w, https:\/\/moyahousehold.com\/wp-content\/uploads\/2025\/02\/6-768x768.png 768w, https:\/\/moyahousehold.com\/wp-content\/uploads\/2025\/02\/6-12x12.png 12w, https:\/\/moyahousehold.com\/wp-content\/uploads\/2025\/02\/6-285x285.png 285w, https:\/\/moyahousehold.com\/wp-content\/uploads\/2025\/02\/6-1600x1600.png 1600w, https:\/\/moyahousehold.com\/wp-content\/uploads\/2025\/02\/6-270x270.png 270w, https:\/\/moyahousehold.com\/wp-content\/uploads\/2025\/02\/6-540x540.png 540w, https:\/\/moyahousehold.com\/wp-content\/uploads\/2025\/02\/6-660x660.png 660w\" sizes=\"(max-width: 2187px) 100vw, 2187px\" \/><\/figure>\n<\/div>\n\n\n\n<div class=\"wp-block-column is-layout-flow wp-block-column-is-layout-flow\">\n<figure class=\"wp-block-image size-full\"><img loading=\"lazy\" decoding=\"async\" width=\"2232\" height=\"2232\" src=\"https:\/\/moyahousehold.com\/wp-content\/uploads\/2025\/02\/1.png\" alt=\"MOYA Japanese Style Stainless Steel Thermal Coffee Carafe with Wooden Handle, Vacuum Insulated Tea Pot\" class=\"wp-image-12574\" srcset=\"https:\/\/moyahousehold.com\/wp-content\/uploads\/2025\/02\/1.png 2232w, https:\/\/moyahousehold.com\/wp-content\/uploads\/2025\/02\/1-300x300.png 300w, https:\/\/moyahousehold.com\/wp-content\/uploads\/2025\/02\/1-150x150.png 150w, https:\/\/moyahousehold.com\/wp-content\/uploads\/2025\/02\/1-768x768.png 768w, https:\/\/moyahousehold.com\/wp-content\/uploads\/2025\/02\/1-12x12.png 12w, https:\/\/moyahousehold.com\/wp-content\/uploads\/2025\/02\/1-285x285.png 285w, https:\/\/moyahousehold.com\/wp-content\/uploads\/2025\/02\/1-1600x1600.png 1600w, https:\/\/moyahousehold.com\/wp-content\/uploads\/2025\/02\/1-270x270.png 270w, https:\/\/moyahousehold.com\/wp-content\/uploads\/2025\/02\/1-540x540.png 540w, https:\/\/moyahousehold.com\/wp-content\/uploads\/2025\/02\/1-660x660.png 660w\" sizes=\"(max-width: 2232px) 100vw, 2232px\" \/><\/figure>\n<\/div>\n<\/div>\n\n\n\n<div class=\"wp-block-columns is-layout-flex wp-container-core-columns-is-layout-9d6595d7 wp-block-columns-is-layout-flex\">\n<div class=\"wp-block-column is-layout-flow wp-block-column-is-layout-flow\">\n<figure class=\"wp-block-image size-full\"><img loading=\"lazy\" decoding=\"async\" width=\"800\" height=\"800\" src=\"https:\/\/moyahousehold.com\/wp-content\/uploads\/2025\/02\/6.jpg\" alt=\"MOYA Japanese Style Stainless Steel Thermal Coffee Carafe with Wooden Handle, Vacuum Insulated Tea Pot\" class=\"wp-image-12545\" srcset=\"https:\/\/moyahousehold.com\/wp-content\/uploads\/2025\/02\/6.jpg 800w, https:\/\/moyahousehold.com\/wp-content\/uploads\/2025\/02\/6-300x300.jpg 300w, https:\/\/moyahousehold.com\/wp-content\/uploads\/2025\/02\/6-150x150.jpg 150w, https:\/\/moyahousehold.com\/wp-content\/uploads\/2025\/02\/6-768x768.jpg 768w, https:\/\/moyahousehold.com\/wp-content\/uploads\/2025\/02\/6-12x12.jpg 12w, https:\/\/moyahousehold.com\/wp-content\/uploads\/2025\/02\/6-285x285.jpg 285w, https:\/\/moyahousehold.com\/wp-content\/uploads\/2025\/02\/6-270x270.jpg 270w, https:\/\/moyahousehold.com\/wp-content\/uploads\/2025\/02\/6-540x540.jpg 540w, https:\/\/moyahousehold.com\/wp-content\/uploads\/2025\/02\/6-660x660.jpg 660w\" sizes=\"(max-width: 800px) 100vw, 800px\" \/><\/figure>\n<\/div>\n\n\n\n<div class=\"wp-block-column is-layout-flow wp-block-column-is-layout-flow\">\n<figure class=\"wp-block-image size-full\"><img loading=\"lazy\" decoding=\"async\" width=\"800\" height=\"800\" src=\"https:\/\/moyahousehold.com\/wp-content\/uploads\/2025\/02\/4.jpg\" alt=\"MOYA Japanese Style Stainless Steel Thermal Coffee Carafe with Wooden Handle, Vacuum Insulated Tea Pot\" class=\"wp-image-12546\" srcset=\"https:\/\/moyahousehold.com\/wp-content\/uploads\/2025\/02\/4.jpg 800w, https:\/\/moyahousehold.com\/wp-content\/uploads\/2025\/02\/4-300x300.jpg 300w, https:\/\/moyahousehold.com\/wp-content\/uploads\/2025\/02\/4-150x150.jpg 150w, https:\/\/moyahousehold.com\/wp-content\/uploads\/2025\/02\/4-768x768.jpg 768w, https:\/\/moyahousehold.com\/wp-content\/uploads\/2025\/02\/4-12x12.jpg 12w, https:\/\/moyahousehold.com\/wp-content\/uploads\/2025\/02\/4-285x285.jpg 285w, https:\/\/moyahousehold.com\/wp-content\/uploads\/2025\/02\/4-270x270.jpg 270w, https:\/\/moyahousehold.com\/wp-content\/uploads\/2025\/02\/4-540x540.jpg 540w, https:\/\/moyahousehold.com\/wp-content\/uploads\/2025\/02\/4-660x660.jpg 660w\" sizes=\"(max-width: 800px) 100vw, 800px\" \/><\/figure>\n<\/div>\n<\/div>\n\n\n\n<p><\/p>","protected":false},"excerpt":{"rendered":"<p>Garrafa t\u00e9rmica de estilo japon\u00eas 2.1L por atacado, estrutura de a\u00e7o inoxid\u00e1vel a v\u00e1cuo de camada dupla, com excelente desempenho de preserva\u00e7\u00e3o de calor, preserva\u00e7\u00e3o de calor eficaz por mais de 12 horas, dispon\u00edvel em uma variedade de cores, f\u00e1cil de combinar com uma variedade de ambientes dom\u00e9sticos e de escrit\u00f3rio. Apoiamos OEM e ODM, agradecemos aos grossistas e retalhistas que nos contactem para obter or\u00e7amentos.<\/p>\n<h3>Carater\u00edsticas e vantagens do jarro t\u00e9rmico de 2,1 litros<\/h3>\n<p><strong>Design de grande capacidade:<\/strong> O jarro t\u00e9rmico tem uma capacidade de 2100 ml, o que satisfaz as necessidades de abastecimento cont\u00ednuo de \u00e1gua para reuni\u00f5es de 4-6 pessoas\/encontros familiares.<\/p>\n<p><strong>Design multicolorido elegante:<\/strong> O jarro t\u00e9rmico oferece uma variedade de op\u00e7\u00f5es de cores, incluindo bege, vermelho livro, preto, etc., adequadas para casas de estilo n\u00f3rdico, espa\u00e7os de escrit\u00f3rio criativos, caf\u00e9s boutique e outros cen\u00e1rios diversos.<\/p>\n<p><strong>Design preciso do bico de vazamento:<\/strong> O jarro t\u00e9rmico adopta um bico biselado, o fluxo de \u00e1gua pode ser controlado com precis\u00e3o para evitar salpicos e o despejo de \u00e1gua \u00e9 mais suave.<\/p>\n<p><strong>Design amov\u00edvel:<\/strong> O fundo \u00e9 amov\u00edvel, o dep\u00f3sito interior pode ser facilmente removido, f\u00e1cil de limpar, evita o crescimento de odores e bact\u00e9rias e \u00e9 adequado para armazenar bebidas como leite e caf\u00e9.<\/p>\n<p><strong>Servi\u00e7o OEM e ODM:<\/strong> Como fabricante de garrafas t\u00e9rmicas, fornecemos servi\u00e7os de personaliza\u00e7\u00e3o ligeira e profunda para satisfazer as necessidades da sua marca.<\/p>\n<p><strong><a href=\"https:\/\/moyahousehold.com\/pt\/solucao-personalizada\/\">Saiba mais sobre as solu\u00e7\u00f5es personalizadas de jarros t\u00e9rmicos.<\/a><\/strong><\/p>","protected":false},"featured_media":10104,"comment_status":"closed","ping_status":"closed","template":"","meta":[],"product_cat":[54],"product_tag":[79,85],"class_list":{"0":"post-10098","1":"product","2":"type-product","3":"status-publish","4":"has-post-thumbnail","6":"product_cat-thermal-carafe-wholesale","7":"product_tag-wholesale-2100ml-thermos-carafe","8":"product_tag-wholesale-stainless-steel-liner-thermos-carafe","10":"first","11":"instock","12":"shipping-taxable","13":"product-type-simple"},"_links":{"self":[{"href":"https:\/\/moyahousehold.com\/pt\/wp-json\/wp\/v2\/product\/10098","targetHints":{"allow":["GET"]}}],"collection":[{"href":"https:\/\/moyahousehold.com\/pt\/wp-json\/wp\/v2\/product"}],"about":[{"href":"https:\/\/moyahousehold.com\/pt\/wp-json\/wp\/v2\/types\/product"}],"replies":[{"embeddable":true,"href":"https:\/\/moyahousehold.com\/pt\/wp-json\/wp\/v2\/comments?post=10098"}],"version-history":[{"count":0,"href":"https:\/\/moyahousehold.com\/pt\/wp-json\/wp\/v2\/product\/10098\/revisions"}],"wp:featuredmedia":[{"embeddable":true,"href":"https:\/\/moyahousehold.com\/pt\/wp-json\/wp\/v2\/media\/10104"}],"wp:attachment":[{"href":"https:\/\/moyahousehold.com\/pt\/wp-json\/wp\/v2\/media?parent=10098"}],"wp:term":[{"taxonomy":"product_cat","embeddable":true,"href":"https:\/\/moyahousehold.com\/pt\/wp-json\/wp\/v2\/product_cat?post=10098"},{"taxonomy":"product_tag","embeddable":true,"href":"https:\/\/moyahousehold.com\/pt\/wp-json\/wp\/v2\/product_tag?post=10098"}],"curies":[{"name":"wp","href":"https:\/\/api.w.org\/{rel}","templated":true}]}}