{"id":10112,"date":"2025-02-04T07:45:47","date_gmt":"2025-02-04T07:45:47","guid":{"rendered":"https:\/\/moyahousehold.com\/?post_type=product&#038;p=10112"},"modified":"2025-04-19T10:00:43","modified_gmt":"2025-04-19T10:00:43","slug":"wholesale-1500ml-practical-thermos-kettle","status":"publish","type":"product","link":"https:\/\/moyahousehold.com\/pt\/produto\/wholesale-1500ml-practical-thermos-kettle\/","title":{"rendered":"Chaleira t\u00e9rmica pr\u00e1tica de 1,5L por atacado - Fabricante de chaleira t\u00e9rmica MOYA"},"content":{"rendered":"<h3 class=\"wp-block-heading\">Par\u00e2metros da chaleira t\u00e9rmica 1.5L<\/h3>\n\n\n\n<figure class=\"wp-block-table\"><table class=\"has-fixed-layout\"><tbody><tr><td>Produto&nbsp;<\/td><td>Capacidade<\/td><td>Modelo<\/td><td>Cor<\/td><td>Material<\/td><td>Dimens\u00f5es<\/td><td>Peso bruto<\/td><\/tr><tr><td>Chaleira t\u00e9rmica pr\u00e1tica de 2,1 L<\/td><td>2.1L<\/td><td>MY0820<\/td><td>Bege, branco, preto, castanho, vermelho, verde<\/td><td>PP, a\u00e7o inoxid\u00e1vel 304, gel de s\u00edlica<\/td><td>202x140x200cm<\/td><td>1,1 kg<\/td><\/tr><\/tbody><\/table><\/figure>\n\n\n\n<h3 class=\"wp-block-heading\">Op\u00e7\u00e3o de chaleira t\u00e9rmica personalizada<\/h3>\n\n\n\n<p><strong>Log\u00f3tipo: <\/strong>personalizar o log\u00f3tipo da sua marca no produto e na embalagem.<br><strong>Op\u00e7\u00f5es de log\u00f3tipo:<\/strong> log\u00f3tipo impresso, log\u00f3tipo gravado a laser, etc.<br><strong>Padr\u00e3o:<\/strong> padr\u00f5es de impress\u00e3o <br><strong>Tecnologia de impress\u00e3o: <\/strong>impress\u00e3o por transfer\u00eancia de \u00e1gua, impress\u00e3o por serigrafia, impress\u00e3o por transfer\u00eancia de calor, transfer\u00eancia por sublima\u00e7\u00e3o, etc.<br><strong>Embalagem:<\/strong> caixa de cor<br><a href=\"https:\/\/moyahousehold.com\/pt\/solucao-personalizada\/\"><strong>Saiba mais sobre as solu\u00e7\u00f5es personalizadas de garrafas t\u00e9rmicas. <\/strong><\/a><\/p>\n\n\n\n<div class=\"wp-block-columns is-layout-flex wp-container-core-columns-is-layout-9d6595d7 wp-block-columns-is-layout-flex\">\n<div class=\"wp-block-column is-layout-flow wp-block-column-is-layout-flow\">\n<figure class=\"wp-block-image size-full\"><img fetchpriority=\"high\" decoding=\"async\" width=\"1600\" height=\"1600\" src=\"https:\/\/moyahousehold.com\/wp-content\/uploads\/2025\/02\/1.5-thermos-kettle-details-3.jpg\" alt=\"1.5 pormenores do jarro t\u00e9rmico (3)\" class=\"wp-image-10115\" srcset=\"https:\/\/moyahousehold.com\/wp-content\/uploads\/2025\/02\/1.5-thermos-kettle-details-3.jpg 1600w, https:\/\/moyahousehold.com\/wp-content\/uploads\/2025\/02\/1.5-thermos-kettle-details-3-300x300.jpg 300w, https:\/\/moyahousehold.com\/wp-content\/uploads\/2025\/02\/1.5-thermos-kettle-details-3-150x150.jpg 150w, https:\/\/moyahousehold.com\/wp-content\/uploads\/2025\/02\/1.5-thermos-kettle-details-3-768x768.jpg 768w, https:\/\/moyahousehold.com\/wp-content\/uploads\/2025\/02\/1.5-thermos-kettle-details-3-12x12.jpg 12w, https:\/\/moyahousehold.com\/wp-content\/uploads\/2025\/02\/1.5-thermos-kettle-details-3-285x285.jpg 285w, https:\/\/moyahousehold.com\/wp-content\/uploads\/2025\/02\/1.5-thermos-kettle-details-3-270x270.jpg 270w, https:\/\/moyahousehold.com\/wp-content\/uploads\/2025\/02\/1.5-thermos-kettle-details-3-540x540.jpg 540w, https:\/\/moyahousehold.com\/wp-content\/uploads\/2025\/02\/1.5-thermos-kettle-details-3-660x660.jpg 660w\" sizes=\"(max-width: 1600px) 100vw, 1600px\" \/><\/figure>\n<\/div>\n\n\n\n<div class=\"wp-block-column is-layout-flow wp-block-column-is-layout-flow\">\n<figure class=\"wp-block-image size-full\"><img decoding=\"async\" width=\"719\" height=\"719\" src=\"https:\/\/moyahousehold.com\/wp-content\/uploads\/2025\/02\/1.5-thermos-kettle-details-4.jpg\" alt=\"1.5 pormenores da chaleira t\u00e9rmica (4)\" class=\"wp-image-10116\" srcset=\"https:\/\/moyahousehold.com\/wp-content\/uploads\/2025\/02\/1.5-thermos-kettle-details-4.jpg 719w, https:\/\/moyahousehold.com\/wp-content\/uploads\/2025\/02\/1.5-thermos-kettle-details-4-300x300.jpg 300w, https:\/\/moyahousehold.com\/wp-content\/uploads\/2025\/02\/1.5-thermos-kettle-details-4-150x150.jpg 150w, https:\/\/moyahousehold.com\/wp-content\/uploads\/2025\/02\/1.5-thermos-kettle-details-4-12x12.jpg 12w, https:\/\/moyahousehold.com\/wp-content\/uploads\/2025\/02\/1.5-thermos-kettle-details-4-285x285.jpg 285w, https:\/\/moyahousehold.com\/wp-content\/uploads\/2025\/02\/1.5-thermos-kettle-details-4-270x270.jpg 270w, https:\/\/moyahousehold.com\/wp-content\/uploads\/2025\/02\/1.5-thermos-kettle-details-4-540x540.jpg 540w, https:\/\/moyahousehold.com\/wp-content\/uploads\/2025\/02\/1.5-thermos-kettle-details-4-660x660.jpg 660w\" sizes=\"(max-width: 719px) 100vw, 719px\" \/><\/figure>\n<\/div>\n<\/div>","protected":false},"excerpt":{"rendered":"<p>Chaleira t\u00e9rmica pr\u00e1tica de 1,5L por atacado, fun\u00e7\u00e3o inovadora de \u00e1gua com um toque, sem necessidade de desatarraxar a tampa, mais conveniente de usar. Design de isolamento a v\u00e1cuo de camada dupla, pode manter a temperatura ideal da bebida por um longo tempo. Apoiamos OEM e ODM, entre em contacto connosco para obter uma cota\u00e7\u00e3o.<\/p>\n<h3>Carater\u00edsticas e vantagens da chaleira t\u00e9rmica de 1,5 L<\/h3>\n<p><strong>Conserva\u00e7\u00e3o do calor de elevado desempenho:<\/strong> A chaleira t\u00e9rmica utiliza a\u00e7o inoxid\u00e1vel de qualidade alimentar como dep\u00f3sito interno e o corpo da chaleira utiliza material PP de alta qualidade de qualidade alimentar. O design de v\u00e1cuo de camada dupla tem um excelente desempenho de isolamento t\u00e9rmico e o tempo de preserva\u00e7\u00e3o do calor \u00e9 de 12 horas ou mais.<\/p>\n<p><strong>Conce\u00e7\u00e3o pr\u00e1tica:<\/strong> A chaleira t\u00e9rmica adopta um design de descarga de \u00e1gua com um bot\u00e3o, um design \u00e0 prova de fugas e um design de bico de \u00e1guia para despejar facilmente; uma variedade de designs pr\u00e1ticos tornam esta chaleira t\u00e9rmica mais conveniente de utilizar.<\/p>\n<p><strong>Filtro amov\u00edvel:<\/strong> O jarro t\u00e9rmico est\u00e1 equipado com um filtro de malha de a\u00e7o inoxid\u00e1vel amov\u00edvel, adequado para fazer ch\u00e1 ou caf\u00e9, impedindo que as folhas de ch\u00e1 ou as borras de caf\u00e9 entrem na bebida e mantendo-a limpa.<\/p>\n<p><strong>Design moderno e elegante:<\/strong> Esta chaleira t\u00e9rmica tem uma forma simples e elegante, adequada a v\u00e1rios ambientes dom\u00e9sticos ou de escrit\u00f3rio, e real\u00e7a o sentido de moda do espa\u00e7o.<\/p>\n<p><strong>Servi\u00e7o OEM e ODM:<\/strong> N\u00f3s fornecemos servi\u00e7os profissionais de OEM e ODM para criar chaleira t\u00e9rmica de marca de alta qualidade para si.<\/p>\n<p><strong><a href=\"https:\/\/moyahousehold.com\/pt\/solucao-personalizada\/\">Saiba mais sobre as solu\u00e7\u00f5es personalizadas de chaleiras t\u00e9rmicas.<\/a><\/strong><\/p>","protected":false},"featured_media":10117,"comment_status":"closed","ping_status":"closed","template":"","meta":[],"product_cat":[54],"product_tag":[78,85],"class_list":{"0":"post-10112","1":"product","2":"type-product","3":"status-publish","4":"has-post-thumbnail","6":"product_cat-thermal-carafe-wholesale","7":"product_tag-wholesale-1500ml-thermos-carafe","8":"product_tag-wholesale-stainless-steel-liner-thermos-carafe","10":"first","11":"instock","12":"shipping-taxable","13":"product-type-simple"},"_links":{"self":[{"href":"https:\/\/moyahousehold.com\/pt\/wp-json\/wp\/v2\/product\/10112","targetHints":{"allow":["GET"]}}],"collection":[{"href":"https:\/\/moyahousehold.com\/pt\/wp-json\/wp\/v2\/product"}],"about":[{"href":"https:\/\/moyahousehold.com\/pt\/wp-json\/wp\/v2\/types\/product"}],"replies":[{"embeddable":true,"href":"https:\/\/moyahousehold.com\/pt\/wp-json\/wp\/v2\/comments?post=10112"}],"version-history":[{"count":0,"href":"https:\/\/moyahousehold.com\/pt\/wp-json\/wp\/v2\/product\/10112\/revisions"}],"wp:featuredmedia":[{"embeddable":true,"href":"https:\/\/moyahousehold.com\/pt\/wp-json\/wp\/v2\/media\/10117"}],"wp:attachment":[{"href":"https:\/\/moyahousehold.com\/pt\/wp-json\/wp\/v2\/media?parent=10112"}],"wp:term":[{"taxonomy":"product_cat","embeddable":true,"href":"https:\/\/moyahousehold.com\/pt\/wp-json\/wp\/v2\/product_cat?post=10112"},{"taxonomy":"product_tag","embeddable":true,"href":"https:\/\/moyahousehold.com\/pt\/wp-json\/wp\/v2\/product_tag?post=10112"}],"curies":[{"name":"wp","href":"https:\/\/api.w.org\/{rel}","templated":true}]}}