{"id":10128,"date":"2025-02-04T08:12:25","date_gmt":"2025-02-04T08:12:25","guid":{"rendered":"https:\/\/moyahousehold.com\/?post_type=product&#038;p=10128"},"modified":"2025-04-24T09:33:31","modified_gmt":"2025-04-24T09:33:31","slug":"wholesale-insulated-carafe-with-a-smart-digital-display","status":"publish","type":"product","link":"https:\/\/moyahousehold.com\/pt\/produto\/wholesale-insulated-carafe-with-a-smart-digital-display\/","title":{"rendered":"Garrafa isolada por atacado com um ecr\u00e3 digital inteligente (1.0L) - Garrafa isolada MOYA Fabricante, OEM e ODM dispon\u00edveis"},"content":{"rendered":"<h3 class=\"wp-block-heading\">Par\u00e2metros do jarro isolado com um ecr\u00e3 digital inteligente<\/h3>\n\n\n\n<figure class=\"wp-block-table\"><table class=\"has-fixed-layout\"><tbody><tr><td>Produto&nbsp;<\/td><td>Capacidade<\/td><td>Modelo<\/td><td>Cor<\/td><td>Material<\/td><td>Dimens\u00f5es<\/td><td>Peso bruto<\/td><\/tr><tr><td>Chaleira t\u00e9rmica pr\u00e1tica de 2,1 L<\/td><td>1.0L<\/td><td>MY0896<\/td><td>preto,<br>branco,<br>vermelho chin\u00eas<\/td><td>PP, a\u00e7o inoxid\u00e1vel 304, gel de s\u00edlica<\/td><td>188*125*254cm<\/td><td>1,4 kg<\/td><\/tr><\/tbody><\/table><\/figure>\n\n\n\n<h3 class=\"wp-block-heading\">Op\u00e7\u00e3o de jarro isolado personalizado<\/h3>\n\n\n\n<p><strong>Log\u00f3tipo: <\/strong>personalizar o log\u00f3tipo da sua marca no produto e na embalagem.<br><strong>Op\u00e7\u00f5es de log\u00f3tipo:<\/strong> log\u00f3tipo impresso, log\u00f3tipo gravado a laser, etc.<br><strong>Padr\u00e3o:<\/strong> padr\u00f5es de impress\u00e3o <br><strong>Tecnologia de impress\u00e3o: <\/strong>impress\u00e3o por transfer\u00eancia de \u00e1gua, impress\u00e3o por serigrafia, impress\u00e3o por transfer\u00eancia de calor, transfer\u00eancia por sublima\u00e7\u00e3o, etc.<br><strong>Embalagem:<\/strong> caixa de cor<br><a href=\"https:\/\/moyahousehold.com\/pt\/solucao-personalizada\/\"><strong>Saiba mais sobre as solu\u00e7\u00f5es personalizadas de jarras com isolamento t\u00e9rmico. <\/strong><\/a><\/p>\n\n\n\n<div class=\"wp-block-columns is-layout-flex wp-container-core-columns-is-layout-9d6595d7 wp-block-columns-is-layout-flex\">\n<div class=\"wp-block-column is-layout-flow wp-block-column-is-layout-flow\">\n<figure class=\"wp-block-image size-full\"><img fetchpriority=\"high\" decoding=\"async\" width=\"2181\" height=\"2181\" src=\"https:\/\/moyahousehold.com\/wp-content\/uploads\/2025\/02\/Smart-digital-display-insulated-carafe-details-1.webp\" alt=\"Detalhes do jarro t\u00e9rmico com ecr\u00e3 digital inteligente (1)\" class=\"wp-image-10129\" srcset=\"https:\/\/moyahousehold.com\/wp-content\/uploads\/2025\/02\/Smart-digital-display-insulated-carafe-details-1.webp 2181w, https:\/\/moyahousehold.com\/wp-content\/uploads\/2025\/02\/Smart-digital-display-insulated-carafe-details-1-300x300.webp 300w, https:\/\/moyahousehold.com\/wp-content\/uploads\/2025\/02\/Smart-digital-display-insulated-carafe-details-1-150x150.webp 150w, https:\/\/moyahousehold.com\/wp-content\/uploads\/2025\/02\/Smart-digital-display-insulated-carafe-details-1-768x768.webp 768w, https:\/\/moyahousehold.com\/wp-content\/uploads\/2025\/02\/Smart-digital-display-insulated-carafe-details-1-12x12.webp 12w, https:\/\/moyahousehold.com\/wp-content\/uploads\/2025\/02\/Smart-digital-display-insulated-carafe-details-1-285x285.webp 285w, https:\/\/moyahousehold.com\/wp-content\/uploads\/2025\/02\/Smart-digital-display-insulated-carafe-details-1-1600x1600.webp 1600w, https:\/\/moyahousehold.com\/wp-content\/uploads\/2025\/02\/Smart-digital-display-insulated-carafe-details-1-270x270.webp 270w, https:\/\/moyahousehold.com\/wp-content\/uploads\/2025\/02\/Smart-digital-display-insulated-carafe-details-1-540x540.webp 540w, https:\/\/moyahousehold.com\/wp-content\/uploads\/2025\/02\/Smart-digital-display-insulated-carafe-details-1-660x660.webp 660w\" sizes=\"(max-width: 2181px) 100vw, 2181px\" \/><\/figure>\n<\/div>\n\n\n\n<div class=\"wp-block-column is-layout-flow wp-block-column-is-layout-flow\">\n<figure class=\"wp-block-image size-full\"><img decoding=\"async\" width=\"1600\" height=\"1600\" src=\"https:\/\/moyahousehold.com\/wp-content\/uploads\/2025\/02\/Smart-digital-display-insulated-carafe-details-2.webp\" alt=\"Detalhes do jarro isolado com ecr\u00e3 digital inteligente (2)\" class=\"wp-image-10130\" srcset=\"https:\/\/moyahousehold.com\/wp-content\/uploads\/2025\/02\/Smart-digital-display-insulated-carafe-details-2.webp 1600w, https:\/\/moyahousehold.com\/wp-content\/uploads\/2025\/02\/Smart-digital-display-insulated-carafe-details-2-300x300.webp 300w, https:\/\/moyahousehold.com\/wp-content\/uploads\/2025\/02\/Smart-digital-display-insulated-carafe-details-2-150x150.webp 150w, https:\/\/moyahousehold.com\/wp-content\/uploads\/2025\/02\/Smart-digital-display-insulated-carafe-details-2-768x768.webp 768w, https:\/\/moyahousehold.com\/wp-content\/uploads\/2025\/02\/Smart-digital-display-insulated-carafe-details-2-12x12.webp 12w, https:\/\/moyahousehold.com\/wp-content\/uploads\/2025\/02\/Smart-digital-display-insulated-carafe-details-2-285x285.webp 285w, https:\/\/moyahousehold.com\/wp-content\/uploads\/2025\/02\/Smart-digital-display-insulated-carafe-details-2-270x270.webp 270w, https:\/\/moyahousehold.com\/wp-content\/uploads\/2025\/02\/Smart-digital-display-insulated-carafe-details-2-540x540.webp 540w, https:\/\/moyahousehold.com\/wp-content\/uploads\/2025\/02\/Smart-digital-display-insulated-carafe-details-2-660x660.webp 660w\" sizes=\"(max-width: 1600px) 100vw, 1600px\" \/><\/figure>\n<\/div>\n<\/div>\n\n\n\n<p><\/p>","protected":false},"excerpt":{"rendered":"<p>Garrafa isolada por atacado com um ecr\u00e3 digital inteligente, visualiza\u00e7\u00e3o em tempo real da temperatura do l\u00edquido. O tempo de preserva\u00e7\u00e3o do calor \u00e9 superior a 12 horas e \u00e9 feito de materiais seguros e saud\u00e1veis para garantir a sa\u00fade dos usu\u00e1rios. Como um fabricante de garrafa isolada, n\u00f3s fornecemos servi\u00e7os de garrafa isolada por atacado e personalizados a pre\u00e7os de f\u00e1brica, entre em contato conosco para uma cota\u00e7\u00e3o.<\/p>\n<h3>Carater\u00edsticas e vantagens do jarro t\u00e9rmico com um ecr\u00e3 digital inteligente<\/h3>\n<p><strong>Ecr\u00e3 digital inteligente:<\/strong> O jarro isolado est\u00e1 equipado com um visor digital de temperatura que apresenta a temperatura do l\u00edquido em tempo real, permitindo-lhe controlar a temperatura da sua bebida em qualquer altura para evitar o sobreaquecimento ou o arrefecimento excessivo.<\/p>\n<p><strong>Desempenho de isolamento eficiente:<\/strong> O jarro isolado adopta uma estrutura de a\u00e7o inoxid\u00e1vel a v\u00e1cuo de camada dupla, que pode manter a temperatura da bebida durante muito tempo, quer se trate de bebidas quentes ou frias, pode manter o melhor sabor.<\/p>\n<p><strong>Sele\u00e7\u00e3o de v\u00e1rias cores:<\/strong> Fornecemos uma variedade de cores para os utilizadores escolherem, incluindo vermelho, branco e preto, e apoiamos a personaliza\u00e7\u00e3o.<\/p>\n<p><strong>Material amigo do ambiente:<\/strong> O reservat\u00f3rio interior \u00e9 feito de a\u00e7o inoxid\u00e1vel de qualidade alimentar e o revestimento exterior \u00e9 feito de material PP de qualidade alimentar, que \u00e9 seguro e n\u00e3o t\u00f3xico para garantir uma utiliza\u00e7\u00e3o saud\u00e1vel.<\/p>\n<p><strong>Servi\u00e7o OEM e ODM:<\/strong> Fornecemos servi\u00e7os flex\u00edveis de jarras isoladas personalizadas. Quer se trate de uma compra a granel ou de uma personaliza\u00e7\u00e3o, podemos fornecer solu\u00e7\u00f5es eficientes e profissionais.<\/p>\n<p><strong><a href=\"https:\/\/moyahousehold.com\/pt\/wholesale-thermal-carafe-with-smart-digital-display\/\" target=\"_blank\" rel=\"noopener\">Saiba mais sobre o jarro t\u00e9rmico com um ecr\u00e3 digital inteligente.<\/a><\/strong><\/p>","protected":false},"featured_media":10132,"comment_status":"closed","ping_status":"closed","template":"","meta":[],"product_cat":[54],"product_tag":[66,85],"class_list":{"0":"post-10128","1":"product","2":"type-product","3":"status-publish","4":"has-post-thumbnail","6":"product_cat-thermal-carafe-wholesale","7":"product_tag-wholesale-1000ml-thermos-carafe","8":"product_tag-wholesale-stainless-steel-liner-thermos-carafe","10":"first","11":"instock","12":"shipping-taxable","13":"product-type-simple"},"_links":{"self":[{"href":"https:\/\/moyahousehold.com\/pt\/wp-json\/wp\/v2\/product\/10128","targetHints":{"allow":["GET"]}}],"collection":[{"href":"https:\/\/moyahousehold.com\/pt\/wp-json\/wp\/v2\/product"}],"about":[{"href":"https:\/\/moyahousehold.com\/pt\/wp-json\/wp\/v2\/types\/product"}],"replies":[{"embeddable":true,"href":"https:\/\/moyahousehold.com\/pt\/wp-json\/wp\/v2\/comments?post=10128"}],"version-history":[{"count":0,"href":"https:\/\/moyahousehold.com\/pt\/wp-json\/wp\/v2\/product\/10128\/revisions"}],"wp:featuredmedia":[{"embeddable":true,"href":"https:\/\/moyahousehold.com\/pt\/wp-json\/wp\/v2\/media\/10132"}],"wp:attachment":[{"href":"https:\/\/moyahousehold.com\/pt\/wp-json\/wp\/v2\/media?parent=10128"}],"wp:term":[{"taxonomy":"product_cat","embeddable":true,"href":"https:\/\/moyahousehold.com\/pt\/wp-json\/wp\/v2\/product_cat?post=10128"},{"taxonomy":"product_tag","embeddable":true,"href":"https:\/\/moyahousehold.com\/pt\/wp-json\/wp\/v2\/product_tag?post=10128"}],"curies":[{"name":"wp","href":"https:\/\/api.w.org\/{rel}","templated":true}]}}