{"id":10345,"date":"2025-02-06T08:22:02","date_gmt":"2025-02-06T08:22:02","guid":{"rendered":"https:\/\/moyahousehold.com\/?post_type=product&#038;p=10345"},"modified":"2025-02-06T10:09:34","modified_gmt":"2025-02-06T10:09:34","slug":"wholesale-customized-insulated-water-bottles","status":"publish","type":"product","link":"https:\/\/moyahousehold.com\/pt\/produto\/wholesale-customized-insulated-water-bottles\/","title":{"rendered":"Garrafas de \u00e1gua isoladas personalizadas Vendas diretas da f\u00e1brica, Garrafa de \u00e1gua de a\u00e7o inoxid\u00e1vel 350mL a granel, OEM e ODM dispon\u00edveis"},"content":{"rendered":"<h3 class=\"wp-block-heading\">Par\u00e2metros da garrafa de \u00e1gua de a\u00e7o inoxid\u00e1vel de 350 ml<\/h3>\n\n\n\n<figure class=\"wp-block-table\"><table class=\"has-fixed-layout\"><tbody><tr><td>Produto&nbsp;<\/td><td>Capacidade<\/td><td>Modelo<\/td><td>Cor<\/td><td>Material<\/td><td>Dimens\u00f5es<\/td><td>Peso bruto<\/td><\/tr><tr><td>Garrafa de \u00e1gua isolada em a\u00e7o inoxid\u00e1vel de 350 ml<\/td><td>350mL<\/td><td>MY0839-A<\/td><td>preto,<br>cor-de-rosa,<br>branco,<br>a\u00e7o<\/td><td>PP, a\u00e7o inoxid\u00e1vel 304, gel de s\u00edlica<\/td><td>73x73x180mm<\/td><td>0,4 kg<\/td><\/tr><\/tbody><\/table><\/figure>\n\n\n\n<h3 class=\"wp-block-heading\">Op\u00e7\u00f5es de garrafas de \u00e1gua personalizadas em a\u00e7o inoxid\u00e1vel<\/h3>\n\n\n\n<p><strong>Log\u00f3tipo:<\/strong> personalizar o log\u00f3tipo da sua marca no produto e na embalagem.<br><strong>Op\u00e7\u00f5es de log\u00f3tipo:<\/strong> log\u00f3tipo impresso, log\u00f3tipo gravado a laser, etc.<br><strong>Padr\u00e3o:<\/strong> padr\u00f5es de impress\u00e3o <br><strong>Tecnologia de impress\u00e3o:<\/strong> impress\u00e3o por transfer\u00eancia de \u00e1gua, impress\u00e3o por serigrafia, impress\u00e3o por transfer\u00eancia de calor, transfer\u00eancia por sublima\u00e7\u00e3o, etc.<br><strong>Embalagem:<\/strong> caixa de cor<br><a href=\"https:\/\/moyahousehold.com\/pt\/solucao-personalizada\/\"><strong>Saiba mais sobre as solu\u00e7\u00f5es personalizadas para garrafas de \u00e1gua em a\u00e7o inoxid\u00e1vel.<\/strong><\/a><\/p>\n\n\n\n<div class=\"wp-block-columns is-layout-flex wp-container-core-columns-is-layout-9d6595d7 wp-block-columns-is-layout-flex\">\n<div class=\"wp-block-column is-layout-flow wp-block-column-is-layout-flow\">\n<figure class=\"wp-block-image size-full\"><img fetchpriority=\"high\" decoding=\"async\" width=\"1600\" height=\"1600\" src=\"https:\/\/moyahousehold.com\/wp-content\/uploads\/2025\/02\/stainless-steel-insulated-water-bottle-details-2.webp\" alt=\"detalhes da garrafa de \u00e1gua isolada em a\u00e7o inoxid\u00e1vel (2)\" class=\"wp-image-10347\" srcset=\"https:\/\/moyahousehold.com\/wp-content\/uploads\/2025\/02\/stainless-steel-insulated-water-bottle-details-2.webp 1600w, https:\/\/moyahousehold.com\/wp-content\/uploads\/2025\/02\/stainless-steel-insulated-water-bottle-details-2-300x300.webp 300w, https:\/\/moyahousehold.com\/wp-content\/uploads\/2025\/02\/stainless-steel-insulated-water-bottle-details-2-150x150.webp 150w, https:\/\/moyahousehold.com\/wp-content\/uploads\/2025\/02\/stainless-steel-insulated-water-bottle-details-2-768x768.webp 768w, https:\/\/moyahousehold.com\/wp-content\/uploads\/2025\/02\/stainless-steel-insulated-water-bottle-details-2-12x12.webp 12w, https:\/\/moyahousehold.com\/wp-content\/uploads\/2025\/02\/stainless-steel-insulated-water-bottle-details-2-285x285.webp 285w, https:\/\/moyahousehold.com\/wp-content\/uploads\/2025\/02\/stainless-steel-insulated-water-bottle-details-2-270x270.webp 270w, https:\/\/moyahousehold.com\/wp-content\/uploads\/2025\/02\/stainless-steel-insulated-water-bottle-details-2-540x540.webp 540w, https:\/\/moyahousehold.com\/wp-content\/uploads\/2025\/02\/stainless-steel-insulated-water-bottle-details-2-660x660.webp 660w\" sizes=\"(max-width: 1600px) 100vw, 1600px\" \/><\/figure>\n<\/div>\n\n\n\n<div class=\"wp-block-column is-layout-flow wp-block-column-is-layout-flow\">\n<figure class=\"wp-block-image size-full\"><img decoding=\"async\" width=\"1600\" height=\"1600\" src=\"https:\/\/moyahousehold.com\/wp-content\/uploads\/2025\/02\/stainless-steel-insulated-water-bottle-details-3.webp\" alt=\"detalhes da garrafa de \u00e1gua isolada em a\u00e7o inoxid\u00e1vel (3)\" class=\"wp-image-10348\" srcset=\"https:\/\/moyahousehold.com\/wp-content\/uploads\/2025\/02\/stainless-steel-insulated-water-bottle-details-3.webp 1600w, https:\/\/moyahousehold.com\/wp-content\/uploads\/2025\/02\/stainless-steel-insulated-water-bottle-details-3-300x300.webp 300w, https:\/\/moyahousehold.com\/wp-content\/uploads\/2025\/02\/stainless-steel-insulated-water-bottle-details-3-150x150.webp 150w, https:\/\/moyahousehold.com\/wp-content\/uploads\/2025\/02\/stainless-steel-insulated-water-bottle-details-3-768x768.webp 768w, https:\/\/moyahousehold.com\/wp-content\/uploads\/2025\/02\/stainless-steel-insulated-water-bottle-details-3-12x12.webp 12w, https:\/\/moyahousehold.com\/wp-content\/uploads\/2025\/02\/stainless-steel-insulated-water-bottle-details-3-285x285.webp 285w, https:\/\/moyahousehold.com\/wp-content\/uploads\/2025\/02\/stainless-steel-insulated-water-bottle-details-3-270x270.webp 270w, https:\/\/moyahousehold.com\/wp-content\/uploads\/2025\/02\/stainless-steel-insulated-water-bottle-details-3-540x540.webp 540w, https:\/\/moyahousehold.com\/wp-content\/uploads\/2025\/02\/stainless-steel-insulated-water-bottle-details-3-660x660.webp 660w\" sizes=\"(max-width: 1600px) 100vw, 1600px\" \/><\/figure>\n<\/div>\n<\/div>","protected":false},"excerpt":{"rendered":"<p>Garrafas de \u00e1gua isoladas de a\u00e7o inoxid\u00e1vel de 350mL por atacado, boca larga, conveniente para derramar e limpar, feitas de a\u00e7o inoxid\u00e1vel 304 de qualidade alimentar, dur\u00e1vel e resistente \u00e0 corros\u00e3o, podem ser usadas para conter outros l\u00edquidos, como suco, ch\u00e1, etc., com uma ampla gama de usos. MOYA fabricante de garrafa de \u00e1gua suporta OEM e ODM, entre em contato conosco para uma cota\u00e7\u00e3o.<\/p>\n<h3>Carater\u00edsticas e vantagens da garrafa de \u00e1gua isolada em a\u00e7o inoxid\u00e1vel<\/h3>\n<p><strong>Seguran\u00e7a dos materiais:<\/strong> A garrafa de \u00e1gua isolada em a\u00e7o inoxid\u00e1vel de 350 ml \u00e9 feita de a\u00e7o inoxid\u00e1vel de qualidade alimentar, que n\u00e3o cont\u00e9m subst\u00e2ncias nocivas, garantindo a seguran\u00e7a e a sa\u00fade da \u00e1gua pot\u00e1vel.<\/p>\n<p><strong>Amigo do ambiente e reutiliz\u00e1vel:<\/strong> A garrafa de \u00e1gua isolada em a\u00e7o inoxid\u00e1vel pode reduzir a utiliza\u00e7\u00e3o de garrafas de pl\u00e1stico descart\u00e1veis, o que \u00e9 mais amigo do ambiente e est\u00e1 de acordo com o conceito de desenvolvimento sustent\u00e1vel.<\/p>\n<p><strong>Grande durabilidade:<\/strong> O corpo da garrafa em a\u00e7o inoxid\u00e1vel \u00e9 robusto e dur\u00e1vel, resistente ao desgaste e \u00e0 corros\u00e3o, tem uma longa vida \u00fatil e n\u00e3o \u00e9 f\u00e1cil de danificar.<\/p>\n<p><strong>Boa veda\u00e7\u00e3o:<\/strong> A garrafa de \u00e1gua isolada de a\u00e7o inoxid\u00e1vel de 350 ml tem uma boa estrutura de veda\u00e7\u00e3o da tampa da garrafa, o que pode evitar fugas de l\u00edquido e pode ser colocada em seguran\u00e7a num saco sem se preocupar em molhar as coisas.<\/p>\n<p><strong>Servi\u00e7o OEM e ODM:<\/strong> O fabricante de garrafa de \u00e1gua de a\u00e7o inoxid\u00e1vel MOYA fornece servi\u00e7os de personaliza\u00e7\u00e3o profissional e pode gravar o logotipo da sua marca na garrafa de \u00e1gua isolada ou projetar profundamente uma nova garrafa de \u00e1gua para voc\u00ea.<\/p>\n<p><strong><a href=\"https:\/\/moyahousehold.com\/pt\/solucao-personalizada\/\">Saiba mais sobre as solu\u00e7\u00f5es de garrafas de \u00e1gua em a\u00e7o inoxid\u00e1vel personalizadas OEM&amp;ODM.<\/a><\/strong><\/p>","protected":false},"featured_media":10354,"comment_status":"closed","ping_status":"closed","template":"","meta":[],"product_cat":[53],"product_tag":[104],"class_list":{"0":"post-10345","1":"product","2":"type-product","3":"status-publish","4":"has-post-thumbnail","6":"product_cat-vacuum-bottle-wholesale","7":"product_tag-wholesale-350ml-insulated-water-bottles","9":"first","10":"instock","11":"shipping-taxable","12":"product-type-simple"},"_links":{"self":[{"href":"https:\/\/moyahousehold.com\/pt\/wp-json\/wp\/v2\/product\/10345","targetHints":{"allow":["GET"]}}],"collection":[{"href":"https:\/\/moyahousehold.com\/pt\/wp-json\/wp\/v2\/product"}],"about":[{"href":"https:\/\/moyahousehold.com\/pt\/wp-json\/wp\/v2\/types\/product"}],"replies":[{"embeddable":true,"href":"https:\/\/moyahousehold.com\/pt\/wp-json\/wp\/v2\/comments?post=10345"}],"version-history":[{"count":0,"href":"https:\/\/moyahousehold.com\/pt\/wp-json\/wp\/v2\/product\/10345\/revisions"}],"wp:featuredmedia":[{"embeddable":true,"href":"https:\/\/moyahousehold.com\/pt\/wp-json\/wp\/v2\/media\/10354"}],"wp:attachment":[{"href":"https:\/\/moyahousehold.com\/pt\/wp-json\/wp\/v2\/media?parent=10345"}],"wp:term":[{"taxonomy":"product_cat","embeddable":true,"href":"https:\/\/moyahousehold.com\/pt\/wp-json\/wp\/v2\/product_cat?post=10345"},{"taxonomy":"product_tag","embeddable":true,"href":"https:\/\/moyahousehold.com\/pt\/wp-json\/wp\/v2\/product_tag?post=10345"}],"curies":[{"name":"wp","href":"https:\/\/api.w.org\/{rel}","templated":true}]}}