{"id":10361,"date":"2025-02-06T08:59:05","date_gmt":"2025-02-06T08:59:05","guid":{"rendered":"https:\/\/moyahousehold.com\/?post_type=product&#038;p=10361"},"modified":"2025-02-06T10:09:22","modified_gmt":"2025-02-06T10:09:22","slug":"bulk-350ml-304-stainless-steel-insulated-water-bottles","status":"publish","type":"product","link":"https:\/\/moyahousehold.com\/pt\/produto\/bulk-350ml-304-stainless-steel-insulated-water-bottles\/","title":{"rendered":"Garrafas de \u00e1gua isoladas de a\u00e7o inoxid\u00e1vel 350mL 304 a granel, servi\u00e7o de garrafas de \u00e1gua isoladas personalizadas dispon\u00edvel"},"content":{"rendered":"<h3 class=\"wp-block-heading\">Par\u00e2metros das garrafas de \u00e1gua isoladas em a\u00e7o inoxid\u00e1vel 304<\/h3>\n\n\n\n<figure class=\"wp-block-table\"><table class=\"has-fixed-layout\"><tbody><tr><td>Produto&nbsp;<\/td><td>Capacidade<\/td><td>Modelo<\/td><td>Cor<\/td><td>Material<\/td><td>Dimens\u00f5es<\/td><td>Peso bruto<\/td><\/tr><tr><td>Garrafa de \u00e1gua isolada em a\u00e7o inoxid\u00e1vel de 350 ml<\/td><td>350mL<\/td><td>MY0839-B<\/td><td>preto,<br>cor-de-rosa,<br>branco,<br>a\u00e7o<\/td><td>PP, a\u00e7o inoxid\u00e1vel 304, gel de s\u00edlica<\/td><td>82x82x175mm<\/td><td>0,4 kg<\/td><\/tr><\/tbody><\/table><\/figure>\n\n\n\n<h3 class=\"wp-block-heading\">Op\u00e7\u00f5es de garrafas de \u00e1gua personalizadas em a\u00e7o inoxid\u00e1vel<\/h3>\n\n\n\n<p><strong>Log\u00f3tipo:<\/strong> personalizar o log\u00f3tipo da sua marca nos produtos e nas embalagens.<br><strong>Op\u00e7\u00f5es de log\u00f3tipo:<\/strong> log\u00f3tipo impresso, log\u00f3tipo gravado a laser, etc.<br><strong>Padr\u00e3o:<\/strong> padr\u00f5es de impress\u00e3o <br><strong>Tecnologia de impress\u00e3o:<\/strong> impress\u00e3o por transfer\u00eancia de \u00e1gua, impress\u00e3o por serigrafia, impress\u00e3o por transfer\u00eancia de calor, transfer\u00eancia por sublima\u00e7\u00e3o, etc.<br><strong>Embalagem:<\/strong> caixa de cor<br><a href=\"https:\/\/moyahousehold.com\/pt\/solucao-personalizada\/\"><strong>Saiba mais sobre as solu\u00e7\u00f5es personalizadas para garrafas de \u00e1gua em a\u00e7o inoxid\u00e1vel.<\/strong><\/a><\/p>\n\n\n\n<div class=\"wp-block-columns is-layout-flex wp-container-core-columns-is-layout-9d6595d7 wp-block-columns-is-layout-flex\">\n<div class=\"wp-block-column is-layout-flow wp-block-column-is-layout-flow\">\n<figure class=\"wp-block-image size-full\"><img fetchpriority=\"high\" decoding=\"async\" width=\"1600\" height=\"1600\" src=\"https:\/\/moyahousehold.com\/wp-content\/uploads\/2025\/02\/304-stainless-steel-water-bottle-details-4.webp\" alt=\"Detalhes da garrafa de \u00e1gua em a\u00e7o inoxid\u00e1vel 304 (4)\" class=\"wp-image-10371\" srcset=\"https:\/\/moyahousehold.com\/wp-content\/uploads\/2025\/02\/304-stainless-steel-water-bottle-details-4.webp 1600w, https:\/\/moyahousehold.com\/wp-content\/uploads\/2025\/02\/304-stainless-steel-water-bottle-details-4-300x300.webp 300w, https:\/\/moyahousehold.com\/wp-content\/uploads\/2025\/02\/304-stainless-steel-water-bottle-details-4-150x150.webp 150w, https:\/\/moyahousehold.com\/wp-content\/uploads\/2025\/02\/304-stainless-steel-water-bottle-details-4-768x768.webp 768w, https:\/\/moyahousehold.com\/wp-content\/uploads\/2025\/02\/304-stainless-steel-water-bottle-details-4-12x12.webp 12w, https:\/\/moyahousehold.com\/wp-content\/uploads\/2025\/02\/304-stainless-steel-water-bottle-details-4-285x285.webp 285w, https:\/\/moyahousehold.com\/wp-content\/uploads\/2025\/02\/304-stainless-steel-water-bottle-details-4-270x270.webp 270w, https:\/\/moyahousehold.com\/wp-content\/uploads\/2025\/02\/304-stainless-steel-water-bottle-details-4-540x540.webp 540w, https:\/\/moyahousehold.com\/wp-content\/uploads\/2025\/02\/304-stainless-steel-water-bottle-details-4-660x660.webp 660w\" sizes=\"(max-width: 1600px) 100vw, 1600px\" \/><\/figure>\n<\/div>\n\n\n\n<div class=\"wp-block-column is-layout-flow wp-block-column-is-layout-flow\">\n<figure class=\"wp-block-image size-full\"><img decoding=\"async\" width=\"1600\" height=\"1600\" src=\"https:\/\/moyahousehold.com\/wp-content\/uploads\/2025\/02\/304-stainless-steel-water-bottle-details-5.webp\" alt=\"Detalhes da garrafa de \u00e1gua em a\u00e7o inoxid\u00e1vel 304 (5)\" class=\"wp-image-10372\" srcset=\"https:\/\/moyahousehold.com\/wp-content\/uploads\/2025\/02\/304-stainless-steel-water-bottle-details-5.webp 1600w, https:\/\/moyahousehold.com\/wp-content\/uploads\/2025\/02\/304-stainless-steel-water-bottle-details-5-300x300.webp 300w, https:\/\/moyahousehold.com\/wp-content\/uploads\/2025\/02\/304-stainless-steel-water-bottle-details-5-150x150.webp 150w, https:\/\/moyahousehold.com\/wp-content\/uploads\/2025\/02\/304-stainless-steel-water-bottle-details-5-768x768.webp 768w, https:\/\/moyahousehold.com\/wp-content\/uploads\/2025\/02\/304-stainless-steel-water-bottle-details-5-12x12.webp 12w, https:\/\/moyahousehold.com\/wp-content\/uploads\/2025\/02\/304-stainless-steel-water-bottle-details-5-285x285.webp 285w, https:\/\/moyahousehold.com\/wp-content\/uploads\/2025\/02\/304-stainless-steel-water-bottle-details-5-270x270.webp 270w, https:\/\/moyahousehold.com\/wp-content\/uploads\/2025\/02\/304-stainless-steel-water-bottle-details-5-540x540.webp 540w, https:\/\/moyahousehold.com\/wp-content\/uploads\/2025\/02\/304-stainless-steel-water-bottle-details-5-660x660.webp 660w\" sizes=\"(max-width: 1600px) 100vw, 1600px\" \/><\/figure>\n<\/div>\n<\/div>","protected":false},"excerpt":{"rendered":"<p>Garrafas de \u00e1gua isoladas de a\u00e7o inoxid\u00e1vel personaliz\u00e1veis a granel para venda, podem atingir mais de 12 horas de preserva\u00e7\u00e3o de calor ou efeito de preserva\u00e7\u00e3o de frio, adequadas para viagens de longa dist\u00e2ncia ou actividades ao ar livre, concebidas para se adaptarem ao porta-copos do carro, convenientes para utiliza\u00e7\u00e3o durante a condu\u00e7\u00e3o. MOYA suporta OEM e ODM, contacte-nos para um or\u00e7amento.<\/p>\n<h3>Carater\u00edsticas e vantagens da garrafa de \u00e1gua isolada em a\u00e7o inoxid\u00e1vel<\/h3>\n<p><strong>Excelente desempenho de isolamento:<\/strong> O design em a\u00e7o inoxid\u00e1vel de camada dupla pode manter eficazmente a temperatura das bebidas quentes e frias durante mais de 12 horas.<\/p>\n<p><strong>Design sem odores:<\/strong> Fabricada em a\u00e7o inoxid\u00e1vel de qualidade alimentar, o interior da garrafa t\u00e9rmica n\u00e3o \u00e9 f\u00e1cil de absorver odores, mantendo as bebidas puras e frescas.<\/p>\n<p><strong>Ergon\u00f3mico:<\/strong> O design desta garrafa de \u00e1gua isolada em a\u00e7o inoxid\u00e1vel \u00e9 ergon\u00f3mico e confort\u00e1vel de segurar.<\/p>\n<p><strong>Adequado para v\u00e1rios suportes para copos de autom\u00f3veis:<\/strong> Esta garrafa de \u00e1gua isolada em a\u00e7o inoxid\u00e1vel \u00e9 adequada para porta-copos de autom\u00f3veis, o que \u00e9 conveniente para utilizar durante a condu\u00e7\u00e3o e n\u00e3o ocupa muito espa\u00e7o.<\/p>\n<p><strong>Impress\u00e3o de log\u00f3tipo personaliz\u00e1vel:<\/strong> A impress\u00e3o personalizada pode ser efectuada de acordo com as necessidades de indiv\u00edduos ou empresas, adequada para produtos de marca ou presentes.<\/p>\n<p><strong>Servi\u00e7os OEM e ODM:<\/strong> Os fabricantes de garrafas de \u00e1gua de a\u00e7o inoxid\u00e1vel MOYA fornecem servi\u00e7os profissionais de personaliza\u00e7\u00e3o, permitindo que os clientes personalizem as especifica\u00e7\u00f5es, materiais, cores e designs de apar\u00eancia de garrafas de \u00e1gua isoladas de acordo com as necessidades de sua pr\u00f3pria marca.<\/p>\n<p><strong><a href=\"https:\/\/moyahousehold.com\/pt\/solucao-personalizada\/\">Saiba mais sobre as solu\u00e7\u00f5es de garrafas de \u00e1gua em a\u00e7o inoxid\u00e1vel personalizadas OEM&amp;ODM.<\/a><\/strong><\/p>","protected":false},"featured_media":10362,"comment_status":"closed","ping_status":"closed","template":"","meta":[],"product_cat":[53],"product_tag":[104],"class_list":{"0":"post-10361","1":"product","2":"type-product","3":"status-publish","4":"has-post-thumbnail","6":"product_cat-vacuum-bottle-wholesale","7":"product_tag-wholesale-350ml-insulated-water-bottles","9":"first","10":"instock","11":"shipping-taxable","12":"product-type-simple"},"_links":{"self":[{"href":"https:\/\/moyahousehold.com\/pt\/wp-json\/wp\/v2\/product\/10361","targetHints":{"allow":["GET"]}}],"collection":[{"href":"https:\/\/moyahousehold.com\/pt\/wp-json\/wp\/v2\/product"}],"about":[{"href":"https:\/\/moyahousehold.com\/pt\/wp-json\/wp\/v2\/types\/product"}],"replies":[{"embeddable":true,"href":"https:\/\/moyahousehold.com\/pt\/wp-json\/wp\/v2\/comments?post=10361"}],"version-history":[{"count":0,"href":"https:\/\/moyahousehold.com\/pt\/wp-json\/wp\/v2\/product\/10361\/revisions"}],"wp:featuredmedia":[{"embeddable":true,"href":"https:\/\/moyahousehold.com\/pt\/wp-json\/wp\/v2\/media\/10362"}],"wp:attachment":[{"href":"https:\/\/moyahousehold.com\/pt\/wp-json\/wp\/v2\/media?parent=10361"}],"wp:term":[{"taxonomy":"product_cat","embeddable":true,"href":"https:\/\/moyahousehold.com\/pt\/wp-json\/wp\/v2\/product_cat?post=10361"},{"taxonomy":"product_tag","embeddable":true,"href":"https:\/\/moyahousehold.com\/pt\/wp-json\/wp\/v2\/product_tag?post=10361"}],"curies":[{"name":"wp","href":"https:\/\/api.w.org\/{rel}","templated":true}]}}