{"id":10377,"date":"2025-02-06T09:28:41","date_gmt":"2025-02-06T09:28:41","guid":{"rendered":"https:\/\/moyahousehold.com\/?post_type=product&#038;p=10377"},"modified":"2025-02-06T10:09:10","modified_gmt":"2025-02-06T10:09:10","slug":"wholesale-custom-350ml-thermos-bottles","status":"publish","type":"product","link":"https:\/\/moyahousehold.com\/pt\/produto\/wholesale-custom-350ml-thermos-bottles\/","title":{"rendered":"Garrafa t\u00e9rmica personalizada dispon\u00edvel, garrafas t\u00e9rmicas de 350 ml a granel por atacado - Fabricante de garrafas de \u00e1gua MOYA"},"content":{"rendered":"<h3 class=\"wp-block-heading\">Par\u00e2metros da garrafa t\u00e9rmica de 350mL<\/h3>\n\n\n\n<figure class=\"wp-block-table\"><table class=\"has-fixed-layout\"><tbody><tr><td>Produto&nbsp;<\/td><td>Capacidade<\/td><td>Modelo<\/td><td>Cor<\/td><td>Material<\/td><td>Dimens\u00f5es<\/td><td>Peso bruto<\/td><\/tr><tr><td>Garrafa de \u00e1gua isolada em a\u00e7o inoxid\u00e1vel de 350 ml<\/td><td>350mL<\/td><td>MY0839-B<\/td><td>preto,<br>cor-de-rosa,<br>branco,<br>a\u00e7o<\/td><td>PP, a\u00e7o inoxid\u00e1vel 304, gel de s\u00edlica<\/td><td>82x82x175mm<\/td><td>0,4 kg<\/td><\/tr><\/tbody><\/table><\/figure>\n\n\n\n<h3 class=\"wp-block-heading\">Op\u00e7\u00f5es de garrafas t\u00e9rmicas personalizadas<\/h3>\n\n\n\n<p><strong>Log\u00f3tipo:<\/strong> personalizar o log\u00f3tipo da sua marca nos produtos e nas embalagens.<br><strong>Op\u00e7\u00f5es de log\u00f3tipo:<\/strong> log\u00f3tipo impresso, log\u00f3tipo gravado a laser, etc.<br><strong>Padr\u00e3o:<\/strong> padr\u00f5es de impress\u00e3o <br><strong>Tecnologia de impress\u00e3o:<\/strong> impress\u00e3o por transfer\u00eancia de \u00e1gua, impress\u00e3o por serigrafia, impress\u00e3o por transfer\u00eancia de calor, transfer\u00eancia por sublima\u00e7\u00e3o, etc.<br><strong>Embalagem:<\/strong> caixa de cor<br><a href=\"https:\/\/moyahousehold.com\/pt\/solucao-personalizada\/\"><strong>Saiba mais sobre as solu\u00e7\u00f5es personalizadas para garrafas t\u00e9rmicas.<\/strong><\/a><\/p>\n\n\n\n<div class=\"wp-block-columns is-layout-flex wp-container-core-columns-is-layout-9d6595d7 wp-block-columns-is-layout-flex\">\n<div class=\"wp-block-column is-layout-flow wp-block-column-is-layout-flow\">\n<figure class=\"wp-block-image size-full\"><img fetchpriority=\"high\" decoding=\"async\" width=\"1600\" height=\"1600\" src=\"https:\/\/moyahousehold.com\/wp-content\/uploads\/2025\/02\/Bulk-Custom-Thermos-Bottle-Details-5.webp\" alt=\"Detalhes da garrafa t\u00e9rmica personalizada a granel (5)\" class=\"wp-image-10384\" srcset=\"https:\/\/moyahousehold.com\/wp-content\/uploads\/2025\/02\/Bulk-Custom-Thermos-Bottle-Details-5.webp 1600w, https:\/\/moyahousehold.com\/wp-content\/uploads\/2025\/02\/Bulk-Custom-Thermos-Bottle-Details-5-300x300.webp 300w, https:\/\/moyahousehold.com\/wp-content\/uploads\/2025\/02\/Bulk-Custom-Thermos-Bottle-Details-5-150x150.webp 150w, https:\/\/moyahousehold.com\/wp-content\/uploads\/2025\/02\/Bulk-Custom-Thermos-Bottle-Details-5-768x768.webp 768w, https:\/\/moyahousehold.com\/wp-content\/uploads\/2025\/02\/Bulk-Custom-Thermos-Bottle-Details-5-12x12.webp 12w, https:\/\/moyahousehold.com\/wp-content\/uploads\/2025\/02\/Bulk-Custom-Thermos-Bottle-Details-5-285x285.webp 285w, https:\/\/moyahousehold.com\/wp-content\/uploads\/2025\/02\/Bulk-Custom-Thermos-Bottle-Details-5-270x270.webp 270w, https:\/\/moyahousehold.com\/wp-content\/uploads\/2025\/02\/Bulk-Custom-Thermos-Bottle-Details-5-540x540.webp 540w, https:\/\/moyahousehold.com\/wp-content\/uploads\/2025\/02\/Bulk-Custom-Thermos-Bottle-Details-5-660x660.webp 660w\" sizes=\"(max-width: 1600px) 100vw, 1600px\" \/><\/figure>\n<\/div>\n\n\n\n<div class=\"wp-block-column is-layout-flow wp-block-column-is-layout-flow\">\n<figure class=\"wp-block-image size-full\"><img decoding=\"async\" width=\"1600\" height=\"1600\" src=\"https:\/\/moyahousehold.com\/wp-content\/uploads\/2025\/02\/Bulk-Custom-Thermos-Bottle-Details-6.webp\" alt=\"Detalhes da garrafa t\u00e9rmica personalizada a granel (6)\" class=\"wp-image-10385\" srcset=\"https:\/\/moyahousehold.com\/wp-content\/uploads\/2025\/02\/Bulk-Custom-Thermos-Bottle-Details-6.webp 1600w, https:\/\/moyahousehold.com\/wp-content\/uploads\/2025\/02\/Bulk-Custom-Thermos-Bottle-Details-6-300x300.webp 300w, https:\/\/moyahousehold.com\/wp-content\/uploads\/2025\/02\/Bulk-Custom-Thermos-Bottle-Details-6-150x150.webp 150w, https:\/\/moyahousehold.com\/wp-content\/uploads\/2025\/02\/Bulk-Custom-Thermos-Bottle-Details-6-768x768.webp 768w, https:\/\/moyahousehold.com\/wp-content\/uploads\/2025\/02\/Bulk-Custom-Thermos-Bottle-Details-6-12x12.webp 12w, https:\/\/moyahousehold.com\/wp-content\/uploads\/2025\/02\/Bulk-Custom-Thermos-Bottle-Details-6-285x285.webp 285w, https:\/\/moyahousehold.com\/wp-content\/uploads\/2025\/02\/Bulk-Custom-Thermos-Bottle-Details-6-270x270.webp 270w, https:\/\/moyahousehold.com\/wp-content\/uploads\/2025\/02\/Bulk-Custom-Thermos-Bottle-Details-6-540x540.webp 540w, https:\/\/moyahousehold.com\/wp-content\/uploads\/2025\/02\/Bulk-Custom-Thermos-Bottle-Details-6-660x660.webp 660w\" sizes=\"(max-width: 1600px) 100vw, 1600px\" \/><\/figure>\n<\/div>\n<\/div>","protected":false},"excerpt":{"rendered":"<p>Garrafas t\u00e9rmicas personaliz\u00e1veis por atacado, adequadas para utiliza\u00e7\u00e3o em v\u00e1rios cen\u00e1rios, como escrit\u00f3rios, gin\u00e1sios e campismo. O selo especialmente concebido n\u00e3o vaza, tornando-o mais adequado para actividades ao ar livre. O tempo efetivo de preserva\u00e7\u00e3o do calor \u00e9 superior a 18 horas. Apoiamos OEM e ODM, por favor contacte-nos para um or\u00e7amento.<\/p>\n<h3>Carater\u00edsticas e vantagens da garrafa de \u00e1gua isolada em a\u00e7o inoxid\u00e1vel<\/h3>\n<p><strong>Excelente desempenho de isolamento:<\/strong> Esta garrafa t\u00e9rmica adopta um design de a\u00e7o inoxid\u00e1vel de camada dupla, que isola eficazmente as altera\u00e7\u00f5es de temperatura externas, garantindo que as bebidas quentes se mant\u00eam quentes e as bebidas frias se mant\u00eam frescas durante horas.<\/p>\n<p><strong>F\u00e1cil de utilizar:<\/strong> O bot\u00e3o da tampa superior pode ser premido para verter \u00e1gua, o que pode ser operado com uma m\u00e3o, tornando-o conveniente para os utilizadores beberem enquanto fazem exerc\u00edcio ou conduzem.<\/p>\n<p><strong>Boa durabilidade:<\/strong> A garrafa t\u00e9rmica \u00e9 produzida atrav\u00e9s de processos de alto padr\u00e3o para garantir a durabilidade do corpo da garrafa, e n\u00e3o \u00e9 f\u00e1cil de ser danificada mesmo ap\u00f3s uma utiliza\u00e7\u00e3o prolongada.<\/p>\n<p><strong>Design de armazenamento:<\/strong> O design compacto minimiza o espa\u00e7o ocupado em malas e mochilas, tornando-o conveniente para armazenamento em viagem.<\/p>\n<p><strong>Design humanizado:<\/strong> A forma ergon\u00f3mica da garrafa torna-a mais confort\u00e1vel de segurar e f\u00e1cil de beber.<\/p>\n<p><strong>Servi\u00e7os OEM e ODM:<\/strong> A MOYA fornece uma solu\u00e7\u00e3o \u00fanica de garrafa t\u00e9rmica personalizada, os clientes podem imprimir o log\u00f3tipo da sua pr\u00f3pria marca no produto ou criar um novo produto de garrafa t\u00e9rmica.<\/p>\n<p><strong><a href=\"https:\/\/moyahousehold.com\/pt\/solucao-personalizada\/\">Saiba mais sobre as solu\u00e7\u00f5es personalizadas para garrafas t\u00e9rmicas.<\/a><\/strong><\/p>","protected":false},"featured_media":10378,"comment_status":"closed","ping_status":"closed","template":"","meta":[],"product_cat":[53],"product_tag":[104],"class_list":{"0":"post-10377","1":"product","2":"type-product","3":"status-publish","4":"has-post-thumbnail","6":"product_cat-vacuum-bottle-wholesale","7":"product_tag-wholesale-350ml-insulated-water-bottles","9":"first","10":"instock","11":"shipping-taxable","12":"product-type-simple"},"_links":{"self":[{"href":"https:\/\/moyahousehold.com\/pt\/wp-json\/wp\/v2\/product\/10377","targetHints":{"allow":["GET"]}}],"collection":[{"href":"https:\/\/moyahousehold.com\/pt\/wp-json\/wp\/v2\/product"}],"about":[{"href":"https:\/\/moyahousehold.com\/pt\/wp-json\/wp\/v2\/types\/product"}],"replies":[{"embeddable":true,"href":"https:\/\/moyahousehold.com\/pt\/wp-json\/wp\/v2\/comments?post=10377"}],"version-history":[{"count":0,"href":"https:\/\/moyahousehold.com\/pt\/wp-json\/wp\/v2\/product\/10377\/revisions"}],"wp:featuredmedia":[{"embeddable":true,"href":"https:\/\/moyahousehold.com\/pt\/wp-json\/wp\/v2\/media\/10378"}],"wp:attachment":[{"href":"https:\/\/moyahousehold.com\/pt\/wp-json\/wp\/v2\/media?parent=10377"}],"wp:term":[{"taxonomy":"product_cat","embeddable":true,"href":"https:\/\/moyahousehold.com\/pt\/wp-json\/wp\/v2\/product_cat?post=10377"},{"taxonomy":"product_tag","embeddable":true,"href":"https:\/\/moyahousehold.com\/pt\/wp-json\/wp\/v2\/product_tag?post=10377"}],"curies":[{"name":"wp","href":"https:\/\/api.w.org\/{rel}","templated":true}]}}