{"id":10389,"date":"2025-02-10T23:58:57","date_gmt":"2025-02-08T07:19:18","guid":{"rendered":"https:\/\/moyahousehold.com\/?post_type=product&#038;p=10389"},"modified":"2025-02-11T00:53:34","modified_gmt":"2025-02-11T00:53:34","slug":"wholesale-multi-compartment-lunch-boxes-for-kid","status":"publish","type":"product","link":"https:\/\/moyahousehold.com\/pt\/produto\/wholesale-multi-compartment-lunch-boxes-for-kid\/","title":{"rendered":"Lancheiras com v\u00e1rios compartimentos por atacado, melhores lancheiras para crian\u00e7as para a escola, suporte OEM e ODM"},"content":{"rendered":"<h2 class=\"wp-block-heading\">Par\u00e2metros da lancheira para crian\u00e7as com v\u00e1rios compartimentos para a escola<\/h2>\n\n\n\n<p><strong>material:<\/strong> 304 + PP <strong> cor:<\/strong> Preto\u3001Branco<\/p>\n\n\n\n<figure class=\"wp-block-table\"><table class=\"has-fixed-layout\"><tbody><tr><td>Item<\/td><td>Capacidade<\/td><td>Tamanho\/PCS<\/td><td>PCS\/Caixa<\/td><td>N.W.\/PCS<\/td><td>G.W.\/Caso<\/td><\/tr><tr><td>MYSK013<\/td><td>5 grelhas<\/td><td>27*19.8*6<\/td><td>\/<\/td><td>0,37 kg<\/td><td>\/<\/td><\/tr><\/tbody><\/table><\/figure>\n\n\n\n<h3 class=\"wp-block-heading\">Op\u00e7\u00f5es de lancheiras personalizadas<\/h3>\n\n\n\n<p><strong>Log\u00f3tipo<\/strong>: personalizar o log\u00f3tipo da sua marca na caixa bento em a\u00e7o inoxid\u00e1vel e na embalagem.<br><strong>Op\u00e7\u00f5es de log\u00f3tipo<\/strong>: log\u00f3tipo impresso, log\u00f3tipo gravado a laser, etc.<br><strong>Padr\u00e3o<\/strong>: padr\u00f5es de impress\u00e3o em produtos e embalagens.<br><strong>Tecnologia de impress\u00e3o<\/strong>: impress\u00e3o por transfer\u00eancia de \u00e1gua, impress\u00e3o por serigrafia, impress\u00e3o por transfer\u00eancia de calor, transfer\u00eancia por sublima\u00e7\u00e3o, etc.<br><strong>Embalagem:<\/strong>caixa de cor.<br><a href=\"https:\/\/moyahousehold.com\/pt\/solucao-personalizada\/\"><strong>Saiba mais sobre as solu\u00e7\u00f5es de lancheiras personalizadas.<\/strong><\/a><\/p>\n\n\n\n<div class=\"wp-block-columns is-layout-flex wp-container-core-columns-is-layout-9d6595d7 wp-block-columns-is-layout-flex\">\n<div class=\"wp-block-column is-layout-flow wp-block-column-is-layout-flow\">\n<figure class=\"wp-block-image size-full\"><img fetchpriority=\"high\" decoding=\"async\" width=\"1500\" height=\"1500\" src=\"https:\/\/moyahousehold.com\/wp-content\/uploads\/2025\/02\/wholesale-multi-compartment-lunch-box-for-kid-2.jpg\" alt=\"lancheira multi-compartimentos para crian\u00e7a por atacado (2)\" class=\"wp-image-10425\" srcset=\"https:\/\/moyahousehold.com\/wp-content\/uploads\/2025\/02\/wholesale-multi-compartment-lunch-box-for-kid-2.jpg 1500w, https:\/\/moyahousehold.com\/wp-content\/uploads\/2025\/02\/wholesale-multi-compartment-lunch-box-for-kid-2-300x300.jpg 300w, https:\/\/moyahousehold.com\/wp-content\/uploads\/2025\/02\/wholesale-multi-compartment-lunch-box-for-kid-2-150x150.jpg 150w, https:\/\/moyahousehold.com\/wp-content\/uploads\/2025\/02\/wholesale-multi-compartment-lunch-box-for-kid-2-768x768.jpg 768w, https:\/\/moyahousehold.com\/wp-content\/uploads\/2025\/02\/wholesale-multi-compartment-lunch-box-for-kid-2-12x12.jpg 12w, https:\/\/moyahousehold.com\/wp-content\/uploads\/2025\/02\/wholesale-multi-compartment-lunch-box-for-kid-2-285x285.jpg 285w, https:\/\/moyahousehold.com\/wp-content\/uploads\/2025\/02\/wholesale-multi-compartment-lunch-box-for-kid-2-270x270.jpg 270w, https:\/\/moyahousehold.com\/wp-content\/uploads\/2025\/02\/wholesale-multi-compartment-lunch-box-for-kid-2-540x540.jpg 540w, https:\/\/moyahousehold.com\/wp-content\/uploads\/2025\/02\/wholesale-multi-compartment-lunch-box-for-kid-2-660x660.jpg 660w\" sizes=\"(max-width: 1500px) 100vw, 1500px\" \/><\/figure>\n<\/div>\n\n\n\n<div class=\"wp-block-column is-layout-flow wp-block-column-is-layout-flow\">\n<figure class=\"wp-block-image size-full\"><img decoding=\"async\" width=\"1500\" height=\"1500\" src=\"https:\/\/moyahousehold.com\/wp-content\/uploads\/2025\/02\/wholesale-multi-compartment-lunch-box-for-kid-3.jpg\" alt=\"lancheira multi-compartimentos para crian\u00e7a por atacado (3)\" class=\"wp-image-10426\" srcset=\"https:\/\/moyahousehold.com\/wp-content\/uploads\/2025\/02\/wholesale-multi-compartment-lunch-box-for-kid-3.jpg 1500w, https:\/\/moyahousehold.com\/wp-content\/uploads\/2025\/02\/wholesale-multi-compartment-lunch-box-for-kid-3-300x300.jpg 300w, https:\/\/moyahousehold.com\/wp-content\/uploads\/2025\/02\/wholesale-multi-compartment-lunch-box-for-kid-3-150x150.jpg 150w, https:\/\/moyahousehold.com\/wp-content\/uploads\/2025\/02\/wholesale-multi-compartment-lunch-box-for-kid-3-768x768.jpg 768w, https:\/\/moyahousehold.com\/wp-content\/uploads\/2025\/02\/wholesale-multi-compartment-lunch-box-for-kid-3-12x12.jpg 12w, https:\/\/moyahousehold.com\/wp-content\/uploads\/2025\/02\/wholesale-multi-compartment-lunch-box-for-kid-3-285x285.jpg 285w, https:\/\/moyahousehold.com\/wp-content\/uploads\/2025\/02\/wholesale-multi-compartment-lunch-box-for-kid-3-270x270.jpg 270w, https:\/\/moyahousehold.com\/wp-content\/uploads\/2025\/02\/wholesale-multi-compartment-lunch-box-for-kid-3-540x540.jpg 540w, https:\/\/moyahousehold.com\/wp-content\/uploads\/2025\/02\/wholesale-multi-compartment-lunch-box-for-kid-3-660x660.jpg 660w\" sizes=\"(max-width: 1500px) 100vw, 1500px\" \/><\/figure>\n<\/div>\n<\/div>\n\n\n\n<div class=\"wp-block-columns is-layout-flex wp-container-core-columns-is-layout-9d6595d7 wp-block-columns-is-layout-flex\">\n<div class=\"wp-block-column is-layout-flow wp-block-column-is-layout-flow\">\n<figure class=\"wp-block-image size-full\"><img decoding=\"async\" width=\"1500\" height=\"1500\" src=\"https:\/\/moyahousehold.com\/wp-content\/uploads\/2025\/02\/wholesale-multi-compartment-lunch-box-for-kid-4.jpg\" alt=\"lancheira multi-compartimentos para crian\u00e7a por atacado (4)\" class=\"wp-image-10427\" srcset=\"https:\/\/moyahousehold.com\/wp-content\/uploads\/2025\/02\/wholesale-multi-compartment-lunch-box-for-kid-4.jpg 1500w, https:\/\/moyahousehold.com\/wp-content\/uploads\/2025\/02\/wholesale-multi-compartment-lunch-box-for-kid-4-300x300.jpg 300w, https:\/\/moyahousehold.com\/wp-content\/uploads\/2025\/02\/wholesale-multi-compartment-lunch-box-for-kid-4-150x150.jpg 150w, https:\/\/moyahousehold.com\/wp-content\/uploads\/2025\/02\/wholesale-multi-compartment-lunch-box-for-kid-4-768x768.jpg 768w, https:\/\/moyahousehold.com\/wp-content\/uploads\/2025\/02\/wholesale-multi-compartment-lunch-box-for-kid-4-12x12.jpg 12w, https:\/\/moyahousehold.com\/wp-content\/uploads\/2025\/02\/wholesale-multi-compartment-lunch-box-for-kid-4-285x285.jpg 285w, https:\/\/moyahousehold.com\/wp-content\/uploads\/2025\/02\/wholesale-multi-compartment-lunch-box-for-kid-4-270x270.jpg 270w, https:\/\/moyahousehold.com\/wp-content\/uploads\/2025\/02\/wholesale-multi-compartment-lunch-box-for-kid-4-540x540.jpg 540w, https:\/\/moyahousehold.com\/wp-content\/uploads\/2025\/02\/wholesale-multi-compartment-lunch-box-for-kid-4-660x660.jpg 660w\" sizes=\"(max-width: 1500px) 100vw, 1500px\" \/><\/figure>\n<\/div>\n\n\n\n<div class=\"wp-block-column is-layout-flow wp-block-column-is-layout-flow\">\n<figure class=\"wp-block-image size-full\"><img loading=\"lazy\" decoding=\"async\" width=\"1500\" height=\"1500\" src=\"https:\/\/moyahousehold.com\/wp-content\/uploads\/2025\/02\/wholesale-multi-compartment-lunch-box-for-kid-1.jpg\" alt=\"lancheira multi-compartimentos para crian\u00e7a por atacado (1)\" class=\"wp-image-10423\" srcset=\"https:\/\/moyahousehold.com\/wp-content\/uploads\/2025\/02\/wholesale-multi-compartment-lunch-box-for-kid-1.jpg 1500w, https:\/\/moyahousehold.com\/wp-content\/uploads\/2025\/02\/wholesale-multi-compartment-lunch-box-for-kid-1-300x300.jpg 300w, https:\/\/moyahousehold.com\/wp-content\/uploads\/2025\/02\/wholesale-multi-compartment-lunch-box-for-kid-1-150x150.jpg 150w, https:\/\/moyahousehold.com\/wp-content\/uploads\/2025\/02\/wholesale-multi-compartment-lunch-box-for-kid-1-768x768.jpg 768w, https:\/\/moyahousehold.com\/wp-content\/uploads\/2025\/02\/wholesale-multi-compartment-lunch-box-for-kid-1-12x12.jpg 12w, https:\/\/moyahousehold.com\/wp-content\/uploads\/2025\/02\/wholesale-multi-compartment-lunch-box-for-kid-1-285x285.jpg 285w, https:\/\/moyahousehold.com\/wp-content\/uploads\/2025\/02\/wholesale-multi-compartment-lunch-box-for-kid-1-270x270.jpg 270w, https:\/\/moyahousehold.com\/wp-content\/uploads\/2025\/02\/wholesale-multi-compartment-lunch-box-for-kid-1-540x540.jpg 540w, https:\/\/moyahousehold.com\/wp-content\/uploads\/2025\/02\/wholesale-multi-compartment-lunch-box-for-kid-1-660x660.jpg 660w\" sizes=\"(max-width: 1500px) 100vw, 1500px\" \/><\/figure>\n<\/div>\n<\/div>\n\n\n\n<p><\/p>","protected":false},"excerpt":{"rendered":"<p>Lancheira escolar de a\u00e7o inoxid\u00e1vel com v\u00e1rios compartimentos para crian\u00e7as, perfeita para o controlo das por\u00e7\u00f5es e uma alimenta\u00e7\u00e3o saud\u00e1vel Incentive as crian\u00e7as a aprenderem a controlar as por\u00e7\u00f5es enquanto desfrutam das suas refei\u00e7\u00f5es. Esta lancheira \u00e9 feita de a\u00e7o inoxid\u00e1vel dur\u00e1vel de qualidade alimentar para garantir seguran\u00e7a e durabilidade. Como fabricante de lancheiras de confian\u00e7a, a MOYA oferece servi\u00e7os personalizados de OEM e ODM. Convidamo-lo a contactar-nos para oportunidades de colabora\u00e7\u00e3o.<\/p>\n<h3>Carater\u00edsticas da lancheira para crian\u00e7as com v\u00e1rios compartimentos para a escola<\/h3>\n<p><strong>Design atrativo:<\/strong> A lancheira de a\u00e7o inoxid\u00e1vel com v\u00e1rios compartimentos apresenta cores vivas e padr\u00f5es de desenhos animados encantadores para despertar o interesse das crian\u00e7as na hora das refei\u00e7\u00f5es e tornar a refei\u00e7\u00e3o mais agrad\u00e1vel.<\/p>\n<p><strong>Compartimentos multifuncionais:<\/strong> Dispon\u00edvel em 2 e 3 compartimentos, a nossa lancheira com v\u00e1rios compartimentos ajuda a evitar que os sabores se misturem e promove uma dieta equilibrada.<\/p>\n<p><strong>Materiais seguros e amigos do ambiente:<\/strong> As nossas lancheiras por atacado s\u00e3o feitas de a\u00e7o inoxid\u00e1vel de qualidade alimentar 100%, com certifica\u00e7\u00e3o ISO e FDA, garantindo os mais elevados padr\u00f5es de sa\u00fade e seguran\u00e7a para as crian\u00e7as.<\/p>\n<p><strong>M\u00faltiplas escolhas:<\/strong> As nossas lancheiras por grosso est\u00e3o dispon\u00edveis numa variedade de cores, estilos e capacidades para se adequarem a diferentes prefer\u00eancias e grupos et\u00e1rios, perfeitas para todas as crian\u00e7as.<\/p>\n<p><strong>Design de f\u00e1cil utiliza\u00e7\u00e3o:<\/strong> A tampa de abertura f\u00e1cil foi concebida para m\u00e3os pequenas, permitindo que as crian\u00e7as abram e fechem facilmente a lancheira. Leve e compacta, cabe facilmente numa mochila escolar, o que faz dela a melhor lancheira escolar<\/p>\n<p>Escolha as lancheiras de a\u00e7o inoxid\u00e1vel da MOYA para combinar funcionalidade, seguran\u00e7a e divers\u00e3o para os mais pequenos! Contacte-nos hoje para explorar as op\u00e7\u00f5es de personaliza\u00e7\u00e3o e fazer a sua encomenda.<\/p>","protected":false},"featured_media":10424,"comment_status":"closed","ping_status":"closed","template":"","meta":[],"product_cat":[58],"product_tag":[87,92],"class_list":{"0":"post-10389","1":"product","2":"type-product","3":"status-publish","4":"has-post-thumbnail","6":"product_cat-lunch-box-wholesale","7":"product_tag-wholesale-multi-compartment-lunch-box","8":"product_tag-wholesale-rectangle-lunch-box","10":"first","11":"instock","12":"shipping-taxable","13":"product-type-simple"},"_links":{"self":[{"href":"https:\/\/moyahousehold.com\/pt\/wp-json\/wp\/v2\/product\/10389","targetHints":{"allow":["GET"]}}],"collection":[{"href":"https:\/\/moyahousehold.com\/pt\/wp-json\/wp\/v2\/product"}],"about":[{"href":"https:\/\/moyahousehold.com\/pt\/wp-json\/wp\/v2\/types\/product"}],"replies":[{"embeddable":true,"href":"https:\/\/moyahousehold.com\/pt\/wp-json\/wp\/v2\/comments?post=10389"}],"version-history":[{"count":0,"href":"https:\/\/moyahousehold.com\/pt\/wp-json\/wp\/v2\/product\/10389\/revisions"}],"wp:featuredmedia":[{"embeddable":true,"href":"https:\/\/moyahousehold.com\/pt\/wp-json\/wp\/v2\/media\/10424"}],"wp:attachment":[{"href":"https:\/\/moyahousehold.com\/pt\/wp-json\/wp\/v2\/media?parent=10389"}],"wp:term":[{"taxonomy":"product_cat","embeddable":true,"href":"https:\/\/moyahousehold.com\/pt\/wp-json\/wp\/v2\/product_cat?post=10389"},{"taxonomy":"product_tag","embeddable":true,"href":"https:\/\/moyahousehold.com\/pt\/wp-json\/wp\/v2\/product_tag?post=10389"}],"curies":[{"name":"wp","href":"https:\/\/api.w.org\/{rel}","templated":true}]}}