{"id":10402,"date":"2025-02-11T01:49:42","date_gmt":"2025-02-08T07:52:29","guid":{"rendered":"https:\/\/moyahousehold.com\/?post_type=product&#038;p=10402"},"modified":"2026-04-04T10:09:27","modified_gmt":"2026-04-04T10:09:27","slug":"wholesale-childrens-metal-lunch-box","status":"publish","type":"product","link":"https:\/\/moyahousehold.com\/pt\/produto\/wholesale-childrens-metal-lunch-box\/","title":{"rendered":"Lancheira de metal para crian\u00e7as por atacado,Lancheira de a\u00e7o inoxid\u00e1vel a granel para adolescentes, suporte OEM e ODM"},"content":{"rendered":"<h2 class=\"wp-block-heading\">Par\u00e2metros da lancheira de a\u00e7o inoxid\u00e1vel para crian\u00e7as<\/h2>\n\n\n\n<p><strong>Material:<\/strong> 304 + PP + Silicone <strong> Cor:<\/strong> Bege\/caqui<\/p>\n\n\n\n<figure class=\"wp-block-table\"><table class=\"has-fixed-layout\"><tbody><tr><td>Item<\/td><td>Capacidade<\/td><td>Tamanho\/PCS<\/td><td>PCS\/Caixa<\/td><td>N.W.\/PCS<\/td><td>G.W.\/Caso<\/td><\/tr><tr><td>MYSK012<\/td><td>Single Grid<\/td><td>13.8*10.8*7.3<\/td><td>100<\/td><td>0,2 kg<\/td><td>25<\/td><\/tr><\/tbody><\/table><\/figure>\n\n\n\n<h3 class=\"wp-block-heading\">Op\u00e7\u00f5es de lancheiras personalizadas<\/h3>\n\n\n\n<p><strong>Log\u00f3tipo<\/strong>: Customize your brand logo on the stainless steel lunch box and packaging.<br><strong>Op\u00e7\u00f5es de log\u00f3tipo<\/strong>: Printed logo, laser engraved logo, etc.<br><strong>Padr\u00e3o<\/strong>: Impress\u00e3o de padr\u00f5es personalizados em produtos e embalagens.<br><strong>Tecnologia de impress\u00e3o<\/strong>: Water transfer printing, silk screen printing, heat transfer printing, sublimation transfer, etc.<br><strong>Embalagem:<\/strong> Color box.<br><a href=\"https:\/\/moyahousehold.com\/pt\/solucao-personalizada\/\"><strong>Saiba mais sobre as solu\u00e7\u00f5es de lancheiras personalizadas.<\/strong><\/a><\/p>\n\n\n\n<div class=\"wp-block-columns is-layout-flex wp-container-core-columns-is-layout-9d6595d7 wp-block-columns-is-layout-flex\">\n<div class=\"wp-block-column is-layout-flow wp-block-column-is-layout-flow\">\n<figure class=\"wp-block-image size-full\"><img fetchpriority=\"high\" decoding=\"async\" width=\"1500\" height=\"1500\" src=\"https:\/\/moyahousehold.com\/wp-content\/uploads\/2025\/02\/Wholesale-Cute-Childrens-Metal-Lunch-Box-5.jpg\" alt=\"Caixa de almo\u00e7o de metal para crian\u00e7as por atacado (5)\" class=\"wp-image-10446\" srcset=\"https:\/\/moyahousehold.com\/wp-content\/uploads\/2025\/02\/Wholesale-Cute-Childrens-Metal-Lunch-Box-5.jpg 1500w, https:\/\/moyahousehold.com\/wp-content\/uploads\/2025\/02\/Wholesale-Cute-Childrens-Metal-Lunch-Box-5-300x300.jpg 300w, https:\/\/moyahousehold.com\/wp-content\/uploads\/2025\/02\/Wholesale-Cute-Childrens-Metal-Lunch-Box-5-150x150.jpg 150w, https:\/\/moyahousehold.com\/wp-content\/uploads\/2025\/02\/Wholesale-Cute-Childrens-Metal-Lunch-Box-5-768x768.jpg 768w, https:\/\/moyahousehold.com\/wp-content\/uploads\/2025\/02\/Wholesale-Cute-Childrens-Metal-Lunch-Box-5-12x12.jpg 12w, https:\/\/moyahousehold.com\/wp-content\/uploads\/2025\/02\/Wholesale-Cute-Childrens-Metal-Lunch-Box-5-285x285.jpg 285w, https:\/\/moyahousehold.com\/wp-content\/uploads\/2025\/02\/Wholesale-Cute-Childrens-Metal-Lunch-Box-5-270x270.jpg 270w, https:\/\/moyahousehold.com\/wp-content\/uploads\/2025\/02\/Wholesale-Cute-Childrens-Metal-Lunch-Box-5-540x540.jpg 540w, https:\/\/moyahousehold.com\/wp-content\/uploads\/2025\/02\/Wholesale-Cute-Childrens-Metal-Lunch-Box-5-660x660.jpg 660w\" sizes=\"(max-width: 1500px) 100vw, 1500px\" \/><\/figure>\n<\/div>\n\n\n\n<div class=\"wp-block-column is-layout-flow wp-block-column-is-layout-flow\">\n<figure class=\"wp-block-image size-full\"><img decoding=\"async\" width=\"1500\" height=\"1500\" src=\"https:\/\/moyahousehold.com\/wp-content\/uploads\/2025\/02\/Wholesale-Cute-Childrens-Metal-Lunch-Box-6.jpg\" alt=\"Caixa de almo\u00e7o de metal para crian\u00e7as por atacado (6)\" class=\"wp-image-10447\" srcset=\"https:\/\/moyahousehold.com\/wp-content\/uploads\/2025\/02\/Wholesale-Cute-Childrens-Metal-Lunch-Box-6.jpg 1500w, https:\/\/moyahousehold.com\/wp-content\/uploads\/2025\/02\/Wholesale-Cute-Childrens-Metal-Lunch-Box-6-300x300.jpg 300w, https:\/\/moyahousehold.com\/wp-content\/uploads\/2025\/02\/Wholesale-Cute-Childrens-Metal-Lunch-Box-6-150x150.jpg 150w, https:\/\/moyahousehold.com\/wp-content\/uploads\/2025\/02\/Wholesale-Cute-Childrens-Metal-Lunch-Box-6-768x768.jpg 768w, https:\/\/moyahousehold.com\/wp-content\/uploads\/2025\/02\/Wholesale-Cute-Childrens-Metal-Lunch-Box-6-12x12.jpg 12w, https:\/\/moyahousehold.com\/wp-content\/uploads\/2025\/02\/Wholesale-Cute-Childrens-Metal-Lunch-Box-6-285x285.jpg 285w, https:\/\/moyahousehold.com\/wp-content\/uploads\/2025\/02\/Wholesale-Cute-Childrens-Metal-Lunch-Box-6-270x270.jpg 270w, https:\/\/moyahousehold.com\/wp-content\/uploads\/2025\/02\/Wholesale-Cute-Childrens-Metal-Lunch-Box-6-540x540.jpg 540w, https:\/\/moyahousehold.com\/wp-content\/uploads\/2025\/02\/Wholesale-Cute-Childrens-Metal-Lunch-Box-6-660x660.jpg 660w\" sizes=\"(max-width: 1500px) 100vw, 1500px\" \/><\/figure>\n<\/div>\n<\/div>","protected":false},"excerpt":{"rendered":"<p>Explore a nossa cole\u00e7\u00e3o de lindas lancheiras para crian\u00e7as por atacado, estilos ador\u00e1veis que trazem alegria e conveni\u00eancia \u00e0 hora da refei\u00e7\u00e3o do seu filho. O design com v\u00e1rias grelhas \u00e9 uma ferramenta para ensinar \u00e0s crian\u00e7as o controlo das por\u00e7\u00f5es e h\u00e1bitos alimentares saud\u00e1veis. Estas lancheiras s\u00e3o ideais para os pais que procuram algo que seja simultaneamente pr\u00e1tico e giro. Suporte OEM e ODM, contacte-nos para um or\u00e7amento.<\/p>\n<h3>Carater\u00edsticas da Lancheira de metal para crian\u00e7as<\/h3>\n<p><strong>Design bonito e encantador:<\/strong> A nossa lancheira de metal para crian\u00e7as tem cores vivas e padr\u00f5es de desenhos animados agrad\u00e1veis, tornando a hora da refei\u00e7\u00e3o emocionante. Desperte o apetite dos seus filhos e eles ficar\u00e3o ansiosos por abrir as suas lancheiras todos os dias!<\/p>\n<p><strong>Qualidade de fabrico superior:<\/strong> Fabricada em a\u00e7o inoxid\u00e1vel de qualidade alimentar de alta resist\u00eancia, a Lancheira de Metal para Crian\u00e7as Cartoon tem certifica\u00e7\u00e3o ISO e FDA e \u00e9 muito dur\u00e1vel. O design da tampa herm\u00e9tica garante que s\u00e3o 100% \u00e0 prova de fugas e de estilha\u00e7os e que podem resistir ao teste da utiliza\u00e7\u00e3o di\u00e1ria.<\/p>\n<p><strong>M\u00faltiplas escolhas:<\/strong> Com uma variedade de cores e estilos, h\u00e1 sempre uma lancheira que se adapta \u00e0s prefer\u00eancias de cada crian\u00e7a. Tamb\u00e9m oferecemos produtos com diferentes capacidades para satisfazer perfeitamente as necessidades das crian\u00e7as em diferentes fases de crescimento.<\/p>\n<p><strong>Design de f\u00e1cil utiliza\u00e7\u00e3o:<\/strong> As nossas lancheiras por grosso foram concebidas para m\u00e3os pequenas e as tampas s\u00e3o f\u00e1ceis de abrir, permitindo que as crian\u00e7as comam de forma independente. S\u00e3o leves e compactas e cabem confortavelmente em qualquer mochila escolar, o que as torna a companhia perfeita para o almo\u00e7o.<\/p>\n<p><strong>Servi\u00e7os OEM e ODM da MOYA:<\/strong> Na MOYA, compreendemos que cada crian\u00e7a \u00e9 \u00fanica e que cada marca tem a sua pr\u00f3pria vis\u00e3o. \u00c9 por isso que oferecemos servi\u00e7os abrangentes de OEM e ODM. Quer pretenda personalizar um design, adicionar um log\u00f3tipo ou criar um conceito totalmente novo, a nossa equipa de especialistas transformar\u00e1 a sua ideia em realidade.<\/p>\n<p>N\u00e3o perca a oportunidade de dar aos seus filhos uma lancheira com estilo, segura e pr\u00e1tica. Contacte-nos hoje para discutir os seus requisitos e fazer a sua encomenda!<\/p>","protected":false},"featured_media":10442,"comment_status":"closed","ping_status":"closed","template":"","meta":[],"product_cat":[58],"product_tag":[87,92],"class_list":{"0":"post-10402","1":"product","2":"type-product","3":"status-publish","4":"has-post-thumbnail","6":"product_cat-lunch-box-wholesale","7":"product_tag-wholesale-multi-compartment-lunch-box","8":"product_tag-wholesale-rectangle-lunch-box","10":"first","11":"instock","12":"shipping-taxable","13":"product-type-simple"},"_links":{"self":[{"href":"https:\/\/moyahousehold.com\/pt\/wp-json\/wp\/v2\/product\/10402","targetHints":{"allow":["GET"]}}],"collection":[{"href":"https:\/\/moyahousehold.com\/pt\/wp-json\/wp\/v2\/product"}],"about":[{"href":"https:\/\/moyahousehold.com\/pt\/wp-json\/wp\/v2\/types\/product"}],"replies":[{"embeddable":true,"href":"https:\/\/moyahousehold.com\/pt\/wp-json\/wp\/v2\/comments?post=10402"}],"version-history":[{"count":2,"href":"https:\/\/moyahousehold.com\/pt\/wp-json\/wp\/v2\/product\/10402\/revisions"}],"predecessor-version":[{"id":12610,"href":"https:\/\/moyahousehold.com\/pt\/wp-json\/wp\/v2\/product\/10402\/revisions\/12610"}],"wp:featuredmedia":[{"embeddable":true,"href":"https:\/\/moyahousehold.com\/pt\/wp-json\/wp\/v2\/media\/10442"}],"wp:attachment":[{"href":"https:\/\/moyahousehold.com\/pt\/wp-json\/wp\/v2\/media?parent=10402"}],"wp:term":[{"taxonomy":"product_cat","embeddable":true,"href":"https:\/\/moyahousehold.com\/pt\/wp-json\/wp\/v2\/product_cat?post=10402"},{"taxonomy":"product_tag","embeddable":true,"href":"https:\/\/moyahousehold.com\/pt\/wp-json\/wp\/v2\/product_tag?post=10402"}],"curies":[{"name":"wp","href":"https:\/\/api.w.org\/{rel}","templated":true}]}}