{"id":10412,"date":"2025-02-11T00:54:01","date_gmt":"2025-02-10T09:04:08","guid":{"rendered":"https:\/\/moyahousehold.com\/?post_type=product&#038;p=10412"},"modified":"2025-02-11T02:45:56","modified_gmt":"2025-02-11T02:45:56","slug":"wholesale-colorful-3-compartment-lunch-box","status":"publish","type":"product","link":"https:\/\/moyahousehold.com\/pt\/produto\/wholesale-colorful-3-compartment-lunch-box\/","title":{"rendered":"Lancheira de 3 compartimentos por atacado, Lancheira colorida de a\u00e7o inoxid\u00e1vel a granel, \u00f3ptima para o escrit\u00f3rio, escola e passeios em fam\u00edlia"},"content":{"rendered":"<h2 class=\"wp-block-heading\">Par\u00e2metros da lancheira colorida com 3 compartimentos<\/h2>\n\n\n\n<p><strong>material:<\/strong> 304 + PP <strong> cor:<\/strong> Amarelo\u3001Branco<\/p>\n\n\n\n<figure class=\"wp-block-table\"><table class=\"has-fixed-layout\"><tbody><tr><td>Item<\/td><td>Capacidade<\/td><td>Tamanho\/PCS<\/td><\/tr><tr><td>MYJD281<\/td><td>3 grelhas<\/td><td>22*17*6<\/td><\/tr><\/tbody><\/table><\/figure>\n\n\n\n<h3 class=\"wp-block-heading\">Op\u00e7\u00f5es de lancheiras personalizadas<\/h3>\n\n\n\n<p><strong>Log\u00f3tipo<\/strong>: personalizar o log\u00f3tipo da sua marca na caixa bento em a\u00e7o inoxid\u00e1vel e na embalagem.<br><strong>Op\u00e7\u00f5es de log\u00f3tipo<\/strong>: log\u00f3tipo impresso, log\u00f3tipo gravado a laser, etc.<br><strong>Padr\u00e3o<\/strong>: impress\u00e3o de padr\u00f5es personalizados em produtos e embalagens.<br><strong>Tecnologia de impress\u00e3o<\/strong>: impress\u00e3o por transfer\u00eancia de \u00e1gua, impress\u00e3o por serigrafia, impress\u00e3o por transfer\u00eancia de calor, transfer\u00eancia por sublima\u00e7\u00e3o, etc.<br><strong>Embalagem<\/strong>: caixa de cor.<br><a href=\"https:\/\/moyahousehold.com\/pt\/solucao-personalizada\/\"><strong>Saiba mais sobre as solu\u00e7\u00f5es de lancheiras personalizadas.<\/strong><\/a><\/p>\n\n\n\n<div class=\"wp-block-columns is-layout-flex wp-container-core-columns-is-layout-9d6595d7 wp-block-columns-is-layout-flex\">\n<div class=\"wp-block-column is-layout-flow wp-block-column-is-layout-flow\">\n<figure class=\"wp-block-image size-full\"><img fetchpriority=\"high\" decoding=\"async\" width=\"1500\" height=\"1500\" src=\"https:\/\/moyahousehold.com\/wp-content\/uploads\/2025\/02\/wholesale-coloful-3-compartment-lunch-box-3.jpg\" alt=\"lancheira coloful de 3 compartimentos por atacado (3)\" class=\"wp-image-10434\" srcset=\"https:\/\/moyahousehold.com\/wp-content\/uploads\/2025\/02\/wholesale-coloful-3-compartment-lunch-box-3.jpg 1500w, https:\/\/moyahousehold.com\/wp-content\/uploads\/2025\/02\/wholesale-coloful-3-compartment-lunch-box-3-300x300.jpg 300w, https:\/\/moyahousehold.com\/wp-content\/uploads\/2025\/02\/wholesale-coloful-3-compartment-lunch-box-3-150x150.jpg 150w, https:\/\/moyahousehold.com\/wp-content\/uploads\/2025\/02\/wholesale-coloful-3-compartment-lunch-box-3-768x768.jpg 768w, https:\/\/moyahousehold.com\/wp-content\/uploads\/2025\/02\/wholesale-coloful-3-compartment-lunch-box-3-12x12.jpg 12w, https:\/\/moyahousehold.com\/wp-content\/uploads\/2025\/02\/wholesale-coloful-3-compartment-lunch-box-3-285x285.jpg 285w, https:\/\/moyahousehold.com\/wp-content\/uploads\/2025\/02\/wholesale-coloful-3-compartment-lunch-box-3-270x270.jpg 270w, https:\/\/moyahousehold.com\/wp-content\/uploads\/2025\/02\/wholesale-coloful-3-compartment-lunch-box-3-540x540.jpg 540w, https:\/\/moyahousehold.com\/wp-content\/uploads\/2025\/02\/wholesale-coloful-3-compartment-lunch-box-3-660x660.jpg 660w\" sizes=\"(max-width: 1500px) 100vw, 1500px\" \/><\/figure>\n<\/div>\n\n\n\n<div class=\"wp-block-column is-layout-flow wp-block-column-is-layout-flow\">\n<figure class=\"wp-block-image size-full\"><img decoding=\"async\" width=\"1500\" height=\"1500\" src=\"https:\/\/moyahousehold.com\/wp-content\/uploads\/2025\/02\/wholesale-coloful-3-compartment-lunch-box-4.jpg\" alt=\"lancheira coloful de 3 compartimentos por atacado (4)\" class=\"wp-image-10435\" srcset=\"https:\/\/moyahousehold.com\/wp-content\/uploads\/2025\/02\/wholesale-coloful-3-compartment-lunch-box-4.jpg 1500w, https:\/\/moyahousehold.com\/wp-content\/uploads\/2025\/02\/wholesale-coloful-3-compartment-lunch-box-4-300x300.jpg 300w, https:\/\/moyahousehold.com\/wp-content\/uploads\/2025\/02\/wholesale-coloful-3-compartment-lunch-box-4-150x150.jpg 150w, https:\/\/moyahousehold.com\/wp-content\/uploads\/2025\/02\/wholesale-coloful-3-compartment-lunch-box-4-768x768.jpg 768w, https:\/\/moyahousehold.com\/wp-content\/uploads\/2025\/02\/wholesale-coloful-3-compartment-lunch-box-4-12x12.jpg 12w, https:\/\/moyahousehold.com\/wp-content\/uploads\/2025\/02\/wholesale-coloful-3-compartment-lunch-box-4-285x285.jpg 285w, https:\/\/moyahousehold.com\/wp-content\/uploads\/2025\/02\/wholesale-coloful-3-compartment-lunch-box-4-270x270.jpg 270w, https:\/\/moyahousehold.com\/wp-content\/uploads\/2025\/02\/wholesale-coloful-3-compartment-lunch-box-4-540x540.jpg 540w, https:\/\/moyahousehold.com\/wp-content\/uploads\/2025\/02\/wholesale-coloful-3-compartment-lunch-box-4-660x660.jpg 660w\" sizes=\"(max-width: 1500px) 100vw, 1500px\" \/><\/figure>\n<\/div>\n<\/div>\n\n\n\n<div class=\"wp-block-columns is-layout-flex wp-container-core-columns-is-layout-9d6595d7 wp-block-columns-is-layout-flex\">\n<div class=\"wp-block-column is-layout-flow wp-block-column-is-layout-flow\">\n<figure class=\"wp-block-image size-full\"><img decoding=\"async\" width=\"1500\" height=\"1500\" src=\"https:\/\/moyahousehold.com\/wp-content\/uploads\/2025\/02\/wholesale-coloful-3-compartment-lunch-box-5.jpg\" alt=\"lancheira coloful de 3 compartimentos por atacado (5)\" class=\"wp-image-10436\" srcset=\"https:\/\/moyahousehold.com\/wp-content\/uploads\/2025\/02\/wholesale-coloful-3-compartment-lunch-box-5.jpg 1500w, https:\/\/moyahousehold.com\/wp-content\/uploads\/2025\/02\/wholesale-coloful-3-compartment-lunch-box-5-300x300.jpg 300w, https:\/\/moyahousehold.com\/wp-content\/uploads\/2025\/02\/wholesale-coloful-3-compartment-lunch-box-5-150x150.jpg 150w, https:\/\/moyahousehold.com\/wp-content\/uploads\/2025\/02\/wholesale-coloful-3-compartment-lunch-box-5-768x768.jpg 768w, https:\/\/moyahousehold.com\/wp-content\/uploads\/2025\/02\/wholesale-coloful-3-compartment-lunch-box-5-12x12.jpg 12w, https:\/\/moyahousehold.com\/wp-content\/uploads\/2025\/02\/wholesale-coloful-3-compartment-lunch-box-5-285x285.jpg 285w, https:\/\/moyahousehold.com\/wp-content\/uploads\/2025\/02\/wholesale-coloful-3-compartment-lunch-box-5-270x270.jpg 270w, https:\/\/moyahousehold.com\/wp-content\/uploads\/2025\/02\/wholesale-coloful-3-compartment-lunch-box-5-540x540.jpg 540w, https:\/\/moyahousehold.com\/wp-content\/uploads\/2025\/02\/wholesale-coloful-3-compartment-lunch-box-5-660x660.jpg 660w\" sizes=\"(max-width: 1500px) 100vw, 1500px\" \/><\/figure>\n<\/div>\n\n\n\n<div class=\"wp-block-column is-layout-flow wp-block-column-is-layout-flow\">\n<figure class=\"wp-block-image size-full\"><img loading=\"lazy\" decoding=\"async\" width=\"1500\" height=\"1500\" src=\"https:\/\/moyahousehold.com\/wp-content\/uploads\/2025\/02\/wholesale-coloful-3-compartment-lunch-box-6.jpg\" alt=\"lancheira coloful de 3 compartimentos por atacado (6)\" class=\"wp-image-10437\" srcset=\"https:\/\/moyahousehold.com\/wp-content\/uploads\/2025\/02\/wholesale-coloful-3-compartment-lunch-box-6.jpg 1500w, https:\/\/moyahousehold.com\/wp-content\/uploads\/2025\/02\/wholesale-coloful-3-compartment-lunch-box-6-300x300.jpg 300w, https:\/\/moyahousehold.com\/wp-content\/uploads\/2025\/02\/wholesale-coloful-3-compartment-lunch-box-6-150x150.jpg 150w, https:\/\/moyahousehold.com\/wp-content\/uploads\/2025\/02\/wholesale-coloful-3-compartment-lunch-box-6-768x768.jpg 768w, https:\/\/moyahousehold.com\/wp-content\/uploads\/2025\/02\/wholesale-coloful-3-compartment-lunch-box-6-12x12.jpg 12w, https:\/\/moyahousehold.com\/wp-content\/uploads\/2025\/02\/wholesale-coloful-3-compartment-lunch-box-6-285x285.jpg 285w, https:\/\/moyahousehold.com\/wp-content\/uploads\/2025\/02\/wholesale-coloful-3-compartment-lunch-box-6-270x270.jpg 270w, https:\/\/moyahousehold.com\/wp-content\/uploads\/2025\/02\/wholesale-coloful-3-compartment-lunch-box-6-540x540.jpg 540w, https:\/\/moyahousehold.com\/wp-content\/uploads\/2025\/02\/wholesale-coloful-3-compartment-lunch-box-6-660x660.jpg 660w\" sizes=\"(max-width: 1500px) 100vw, 1500px\" \/><\/figure>\n<\/div>\n<\/div>","protected":false},"excerpt":{"rendered":"<p>A lancheira colorida de 3 compartimentos por atacado, o sistema de compartimentos bem concebido permite aos utilizadores repartir as refei\u00e7\u00f5es com precis\u00e3o, e a tampa de bloqueio avan\u00e7ada n\u00e3o s\u00f3 proporciona uma veda\u00e7\u00e3o apertada para evitar fugas, como tamb\u00e9m resiste a pequenos impactos, tornando-a fi\u00e1vel no uso di\u00e1rio. Suporte OEM e ODM, fabricante de lancheira MOYA fornece-lhe servi\u00e7os por atacado e personalizados, contacte-nos para obter uma cota\u00e7\u00e3o.<\/p>\n<h3><strong>Carater\u00edsticas da Caixa de almo\u00e7o colorida por atacado<\/strong><\/h3>\n<p><strong>Est\u00e9tica profissional:<\/strong> As nossas lancheiras para venda por grosso apresentam um design minimalista e moderno que se enquadra em qualquer ambiente para adultos, quer se trate de um escrit\u00f3rio ou de uma aventura ao ar livre. As suas cores discretas e acabamento suave exalam sofistica\u00e7\u00e3o.<\/p>\n<p><strong>Compartimentos m\u00faltiplos:<\/strong> Existem lancheiras com 2 compartimentos, 3 compartimentos e at\u00e9 4 compartimentos \u00e0 escolha, permitindo-lhe separar eficazmente os diferentes alimentos.<\/p>\n<p><strong>Higi\u00e9nico e sustent\u00e1vel:<\/strong> Fabricada inteiramente em a\u00e7o inoxid\u00e1vel de qualidade alimentar 100%, a nossa lancheira para venda por grosso \u00e9 f\u00e1cil de limpar e constitui uma alternativa ecol\u00f3gica \u00e0s lancheiras descart\u00e1veis. Tamb\u00e9m est\u00e1 em conformidade com todas as certifica\u00e7\u00f5es de seguran\u00e7a internacionais relevantes, como CE e LFGB.<\/p>\n<p><strong>Tamanhos e estilos personaliz\u00e1veis:<\/strong> Dispon\u00edvel numa variedade de tamanhos para se adequar a diferentes apetites e planos de refei\u00e7\u00f5es. Al\u00e9m disso, a lancheira pode ser personalizada com cor, coloca\u00e7\u00e3o de log\u00f3tipo e at\u00e9 configura\u00e7\u00f5es de compartimentos internos para se adequar \u00e0s suas necessidades espec\u00edficas.<\/p>\n<p><strong>Design ergon\u00f3mico:<\/strong> A tampa da lancheira para venda por grosso foi concebida com um mecanismo de f\u00e1cil ader\u00eancia, garantindo que a lancheira pode ser facilmente aberta e fechada, mesmo com uma s\u00f3 m\u00e3o. A sua constru\u00e7\u00e3o leve mas robusta facilita o transporte numa pasta, mochila ou saco.<\/p>\n<p>Escolha a lancheira de a\u00e7o inoxid\u00e1vel da MOYA, a combina\u00e7\u00e3o perfeita de funcionalidade, estilo e seguran\u00e7a para melhorar a sua experi\u00eancia de refei\u00e7\u00e3o di\u00e1ria! Contacte-nos hoje para discutir detalhes personalizados e fazer a sua encomenda.<\/p>","protected":false},"featured_media":10432,"comment_status":"closed","ping_status":"closed","template":"","meta":[],"product_cat":[58],"product_tag":[87,92],"class_list":{"0":"post-10412","1":"product","2":"type-product","3":"status-publish","4":"has-post-thumbnail","6":"product_cat-lunch-box-wholesale","7":"product_tag-wholesale-multi-compartment-lunch-box","8":"product_tag-wholesale-rectangle-lunch-box","10":"first","11":"instock","12":"shipping-taxable","13":"product-type-simple"},"_links":{"self":[{"href":"https:\/\/moyahousehold.com\/pt\/wp-json\/wp\/v2\/product\/10412","targetHints":{"allow":["GET"]}}],"collection":[{"href":"https:\/\/moyahousehold.com\/pt\/wp-json\/wp\/v2\/product"}],"about":[{"href":"https:\/\/moyahousehold.com\/pt\/wp-json\/wp\/v2\/types\/product"}],"replies":[{"embeddable":true,"href":"https:\/\/moyahousehold.com\/pt\/wp-json\/wp\/v2\/comments?post=10412"}],"version-history":[{"count":0,"href":"https:\/\/moyahousehold.com\/pt\/wp-json\/wp\/v2\/product\/10412\/revisions"}],"wp:featuredmedia":[{"embeddable":true,"href":"https:\/\/moyahousehold.com\/pt\/wp-json\/wp\/v2\/media\/10432"}],"wp:attachment":[{"href":"https:\/\/moyahousehold.com\/pt\/wp-json\/wp\/v2\/media?parent=10412"}],"wp:term":[{"taxonomy":"product_cat","embeddable":true,"href":"https:\/\/moyahousehold.com\/pt\/wp-json\/wp\/v2\/product_cat?post=10412"},{"taxonomy":"product_tag","embeddable":true,"href":"https:\/\/moyahousehold.com\/pt\/wp-json\/wp\/v2\/product_tag?post=10412"}],"curies":[{"name":"wp","href":"https:\/\/api.w.org\/{rel}","templated":true}]}}