{"id":10583,"date":"2025-03-22T07:17:11","date_gmt":"2025-03-14T08:41:33","guid":{"rendered":"https:\/\/moyahousehold.com\/?post_type=product&#038;p=10583"},"modified":"2025-03-22T08:16:58","modified_gmt":"2025-03-22T08:16:58","slug":"wholesale-multi-compartment-bento-boxes-for-kids","status":"publish","type":"product","link":"https:\/\/moyahousehold.com\/pt\/produto\/wholesale-multi-compartment-bento-boxes-for-kids\/","title":{"rendered":"Caixas Bento com v\u00e1rios compartimentos por atacado, a melhor caixa Bento de a\u00e7o inoxid\u00e1vel para crian\u00e7as para a escola"},"content":{"rendered":"<h2 class=\"wp-block-heading\">Par\u00e2metros da lancheira para crian\u00e7as com v\u00e1rios compartimentos para a escola<\/h2>\n\n\n\n<p><strong>material:<\/strong> 304 + PP <strong> cor:<\/strong> Preto\u3001C\u00e1qui\u3001Amarelo<\/p>\n\n\n\n<figure class=\"wp-block-table\"><table class=\"has-fixed-layout\"><tbody><tr><td>Item<\/td><td>Capacidade<\/td><td>Tamanho\/PCS<\/td><td>PCS\/Caixa<\/td><td>N.W.\/PCS<\/td><td>G.W.\/Caso<\/td><\/tr><tr><td>MYJD284-286<\/td><td>3 grelhas<br>4 grelhas<br>5 grelhas<\/td><td>27*21*8<\/td><td>\/<\/td><td>\/<\/td><td>\/<\/td><\/tr><\/tbody><\/table><\/figure>\n\n\n\n<h3 class=\"wp-block-heading\">Op\u00e7\u00f5es de lancheiras personalizadas<\/h3>\n\n\n\n<p><strong>Log\u00f3tipo<\/strong>: personalizar o log\u00f3tipo da sua marca na caixa bento em a\u00e7o inoxid\u00e1vel e na embalagem.<br><strong>Op\u00e7\u00f5es de log\u00f3tipo<\/strong>: log\u00f3tipo impresso, log\u00f3tipo gravado a laser, etc.<br><strong>Padr\u00e3o<\/strong>: padr\u00f5es de impress\u00e3o em produtos e embalagens.<br><strong>Tecnologia de impress\u00e3o<\/strong>: impress\u00e3o por transfer\u00eancia de \u00e1gua, impress\u00e3o por serigrafia, impress\u00e3o por transfer\u00eancia de calor, transfer\u00eancia por sublima\u00e7\u00e3o, etc.<br><strong>Embalagem:<\/strong>caixa de cor.<br><a href=\"https:\/\/moyahousehold.com\/pt\/solucao-personalizada\/\"><strong>Saiba mais sobre as solu\u00e7\u00f5es de lancheiras personalizadas.<\/strong><\/a><\/p>\n\n\n\n<div class=\"wp-block-columns is-layout-flex wp-container-core-columns-is-layout-9d6595d7 wp-block-columns-is-layout-flex\">\n<div class=\"wp-block-column is-layout-flow wp-block-column-is-layout-flow\">\n<figure class=\"wp-block-image size-full\"><img fetchpriority=\"high\" decoding=\"async\" width=\"2500\" height=\"2500\" src=\"https:\/\/moyahousehold.com\/wp-content\/uploads\/2025\/03\/Multi-compartment-bento-box-details-1.webp\" alt=\"Detalhes da caixa bento com v\u00e1rios compartimentos (1)\" class=\"wp-image-10615\" srcset=\"https:\/\/moyahousehold.com\/wp-content\/uploads\/2025\/03\/Multi-compartment-bento-box-details-1.webp 2500w, https:\/\/moyahousehold.com\/wp-content\/uploads\/2025\/03\/Multi-compartment-bento-box-details-1-300x300.webp 300w, https:\/\/moyahousehold.com\/wp-content\/uploads\/2025\/03\/Multi-compartment-bento-box-details-1-150x150.webp 150w, https:\/\/moyahousehold.com\/wp-content\/uploads\/2025\/03\/Multi-compartment-bento-box-details-1-768x768.webp 768w, https:\/\/moyahousehold.com\/wp-content\/uploads\/2025\/03\/Multi-compartment-bento-box-details-1-12x12.webp 12w, https:\/\/moyahousehold.com\/wp-content\/uploads\/2025\/03\/Multi-compartment-bento-box-details-1-285x285.webp 285w, https:\/\/moyahousehold.com\/wp-content\/uploads\/2025\/03\/Multi-compartment-bento-box-details-1-1600x1600.webp 1600w, https:\/\/moyahousehold.com\/wp-content\/uploads\/2025\/03\/Multi-compartment-bento-box-details-1-270x270.webp 270w, https:\/\/moyahousehold.com\/wp-content\/uploads\/2025\/03\/Multi-compartment-bento-box-details-1-540x540.webp 540w, https:\/\/moyahousehold.com\/wp-content\/uploads\/2025\/03\/Multi-compartment-bento-box-details-1-660x660.webp 660w\" sizes=\"(max-width: 2500px) 100vw, 2500px\" \/><\/figure>\n<\/div>\n\n\n\n<div class=\"wp-block-column is-layout-flow wp-block-column-is-layout-flow\">\n<figure class=\"wp-block-image size-full\"><img decoding=\"async\" width=\"2500\" height=\"2500\" src=\"https:\/\/moyahousehold.com\/wp-content\/uploads\/2025\/03\/Multi-compartment-bento-box-details-2.webp\" alt=\"Detalhes da caixa bento com v\u00e1rios compartimentos (2)\" class=\"wp-image-10616\" srcset=\"https:\/\/moyahousehold.com\/wp-content\/uploads\/2025\/03\/Multi-compartment-bento-box-details-2.webp 2500w, https:\/\/moyahousehold.com\/wp-content\/uploads\/2025\/03\/Multi-compartment-bento-box-details-2-300x300.webp 300w, https:\/\/moyahousehold.com\/wp-content\/uploads\/2025\/03\/Multi-compartment-bento-box-details-2-150x150.webp 150w, https:\/\/moyahousehold.com\/wp-content\/uploads\/2025\/03\/Multi-compartment-bento-box-details-2-768x768.webp 768w, https:\/\/moyahousehold.com\/wp-content\/uploads\/2025\/03\/Multi-compartment-bento-box-details-2-12x12.webp 12w, https:\/\/moyahousehold.com\/wp-content\/uploads\/2025\/03\/Multi-compartment-bento-box-details-2-285x285.webp 285w, https:\/\/moyahousehold.com\/wp-content\/uploads\/2025\/03\/Multi-compartment-bento-box-details-2-1600x1600.webp 1600w, https:\/\/moyahousehold.com\/wp-content\/uploads\/2025\/03\/Multi-compartment-bento-box-details-2-270x270.webp 270w, https:\/\/moyahousehold.com\/wp-content\/uploads\/2025\/03\/Multi-compartment-bento-box-details-2-540x540.webp 540w, https:\/\/moyahousehold.com\/wp-content\/uploads\/2025\/03\/Multi-compartment-bento-box-details-2-660x660.webp 660w\" sizes=\"(max-width: 2500px) 100vw, 2500px\" \/><\/figure>\n<\/div>\n<\/div>\n\n\n\n<div class=\"wp-block-columns is-layout-flex wp-container-core-columns-is-layout-9d6595d7 wp-block-columns-is-layout-flex\">\n<div class=\"wp-block-column is-layout-flow wp-block-column-is-layout-flow\">\n<figure class=\"wp-block-image size-full\"><img decoding=\"async\" width=\"2500\" height=\"2500\" src=\"https:\/\/moyahousehold.com\/wp-content\/uploads\/2025\/03\/Multi-compartment-bento-box-details-3.webp\" alt=\"Detalhes da caixa bento com v\u00e1rios compartimentos (3)\" class=\"wp-image-10617\" srcset=\"https:\/\/moyahousehold.com\/wp-content\/uploads\/2025\/03\/Multi-compartment-bento-box-details-3.webp 2500w, https:\/\/moyahousehold.com\/wp-content\/uploads\/2025\/03\/Multi-compartment-bento-box-details-3-300x300.webp 300w, https:\/\/moyahousehold.com\/wp-content\/uploads\/2025\/03\/Multi-compartment-bento-box-details-3-150x150.webp 150w, https:\/\/moyahousehold.com\/wp-content\/uploads\/2025\/03\/Multi-compartment-bento-box-details-3-768x768.webp 768w, https:\/\/moyahousehold.com\/wp-content\/uploads\/2025\/03\/Multi-compartment-bento-box-details-3-12x12.webp 12w, https:\/\/moyahousehold.com\/wp-content\/uploads\/2025\/03\/Multi-compartment-bento-box-details-3-285x285.webp 285w, https:\/\/moyahousehold.com\/wp-content\/uploads\/2025\/03\/Multi-compartment-bento-box-details-3-1600x1600.webp 1600w, https:\/\/moyahousehold.com\/wp-content\/uploads\/2025\/03\/Multi-compartment-bento-box-details-3-270x270.webp 270w, https:\/\/moyahousehold.com\/wp-content\/uploads\/2025\/03\/Multi-compartment-bento-box-details-3-540x540.webp 540w, https:\/\/moyahousehold.com\/wp-content\/uploads\/2025\/03\/Multi-compartment-bento-box-details-3-660x660.webp 660w\" sizes=\"(max-width: 2500px) 100vw, 2500px\" \/><\/figure>\n<\/div>\n\n\n\n<div class=\"wp-block-column is-layout-flow wp-block-column-is-layout-flow\">\n<figure class=\"wp-block-image size-full\"><img loading=\"lazy\" decoding=\"async\" width=\"2500\" height=\"2500\" src=\"https:\/\/moyahousehold.com\/wp-content\/uploads\/2025\/03\/Multi-compartment-bento-box-details-4.webp\" alt=\"Detalhes da caixa bento com v\u00e1rios compartimentos (4)\" class=\"wp-image-10618\" srcset=\"https:\/\/moyahousehold.com\/wp-content\/uploads\/2025\/03\/Multi-compartment-bento-box-details-4.webp 2500w, https:\/\/moyahousehold.com\/wp-content\/uploads\/2025\/03\/Multi-compartment-bento-box-details-4-300x300.webp 300w, https:\/\/moyahousehold.com\/wp-content\/uploads\/2025\/03\/Multi-compartment-bento-box-details-4-150x150.webp 150w, https:\/\/moyahousehold.com\/wp-content\/uploads\/2025\/03\/Multi-compartment-bento-box-details-4-768x768.webp 768w, https:\/\/moyahousehold.com\/wp-content\/uploads\/2025\/03\/Multi-compartment-bento-box-details-4-12x12.webp 12w, https:\/\/moyahousehold.com\/wp-content\/uploads\/2025\/03\/Multi-compartment-bento-box-details-4-285x285.webp 285w, https:\/\/moyahousehold.com\/wp-content\/uploads\/2025\/03\/Multi-compartment-bento-box-details-4-1600x1600.webp 1600w, https:\/\/moyahousehold.com\/wp-content\/uploads\/2025\/03\/Multi-compartment-bento-box-details-4-270x270.webp 270w, https:\/\/moyahousehold.com\/wp-content\/uploads\/2025\/03\/Multi-compartment-bento-box-details-4-540x540.webp 540w, https:\/\/moyahousehold.com\/wp-content\/uploads\/2025\/03\/Multi-compartment-bento-box-details-4-660x660.webp 660w\" sizes=\"(max-width: 2500px) 100vw, 2500px\" \/><\/figure>\n<\/div>\n<\/div>","protected":false},"excerpt":{"rendered":"<p>Caixas bento de a\u00e7o inoxid\u00e1vel multi-compartimentos por atacado, feitas de a\u00e7o inoxid\u00e1vel 304 de qualidade alimentar, com design multi-compartimentos para f\u00e1cil classifica\u00e7\u00e3o de diferentes alimentos, adequadas para estudantes e funcion\u00e1rios, suporta personaliza\u00e7\u00e3o OEM e ODM, desfruta de pre\u00e7os preferenciais para compras a granel, bem-vindo para discutir a coopera\u00e7\u00e3o!<\/p>\n<h3>Carater\u00edsticas da lancheira de a\u00e7o inoxid\u00e1vel com v\u00e1rios compartimentos<\/h3>\n<p>Procura uma lancheira ideal para o seu filho? As nossas lancheiras de a\u00e7o inoxid\u00e1vel com v\u00e1rios compartimentos s\u00e3o perfeitas!<\/p>\n<p><strong>Design divertido:<\/strong> As cores vivas e os desenhos animados divertidos tornam a hora das refei\u00e7\u00f5es emocionante.<br \/><strong>Compartimentos inteligentes:<\/strong> 2 ou 3 compartimentos mant\u00eam os alimentos separados e ajudam a controlar as por\u00e7\u00f5es.<br \/><strong>Material seguro:<\/strong> Fabricado em a\u00e7o inoxid\u00e1vel de qualidade alimentar 100%, com certifica\u00e7\u00e3o ISO e FDA.<br \/><strong>Muitas op\u00e7\u00f5es:<\/strong> Dispon\u00edvel em v\u00e1rias cores, estilos e capacidades.<br \/><strong>Amigo das crian\u00e7as:<\/strong> Tampa f\u00e1cil de abrir, leve e compacta para as mochilas escolares.<\/p>\n<p>Personaliza\u00e7\u00e3o<br \/>Como fabricante l\u00edder de lancheiras, a MOYA oferece servi\u00e7os OEM e ODM.<br \/>Escolha MOYA para um almo\u00e7o saud\u00e1vel e divertido. Contacte-nos para personalizar e encomendar!<\/p>","protected":false},"featured_media":10628,"comment_status":"closed","ping_status":"closed","template":"","meta":[],"product_cat":[58],"product_tag":[87,92],"class_list":{"0":"post-10583","1":"product","2":"type-product","3":"status-publish","4":"has-post-thumbnail","6":"product_cat-lunch-box-wholesale","7":"product_tag-wholesale-multi-compartment-lunch-box","8":"product_tag-wholesale-rectangle-lunch-box","10":"first","11":"instock","12":"shipping-taxable","13":"product-type-simple"},"_links":{"self":[{"href":"https:\/\/moyahousehold.com\/pt\/wp-json\/wp\/v2\/product\/10583","targetHints":{"allow":["GET"]}}],"collection":[{"href":"https:\/\/moyahousehold.com\/pt\/wp-json\/wp\/v2\/product"}],"about":[{"href":"https:\/\/moyahousehold.com\/pt\/wp-json\/wp\/v2\/types\/product"}],"replies":[{"embeddable":true,"href":"https:\/\/moyahousehold.com\/pt\/wp-json\/wp\/v2\/comments?post=10583"}],"version-history":[{"count":0,"href":"https:\/\/moyahousehold.com\/pt\/wp-json\/wp\/v2\/product\/10583\/revisions"}],"wp:featuredmedia":[{"embeddable":true,"href":"https:\/\/moyahousehold.com\/pt\/wp-json\/wp\/v2\/media\/10628"}],"wp:attachment":[{"href":"https:\/\/moyahousehold.com\/pt\/wp-json\/wp\/v2\/media?parent=10583"}],"wp:term":[{"taxonomy":"product_cat","embeddable":true,"href":"https:\/\/moyahousehold.com\/pt\/wp-json\/wp\/v2\/product_cat?post=10583"},{"taxonomy":"product_tag","embeddable":true,"href":"https:\/\/moyahousehold.com\/pt\/wp-json\/wp\/v2\/product_tag?post=10583"}],"curies":[{"name":"wp","href":"https:\/\/api.w.org\/{rel}","templated":true}]}}