{"id":11077,"date":"2025-06-16T02:53:22","date_gmt":"2025-06-16T02:53:22","guid":{"rendered":"https:\/\/moyahousehold.com\/?post_type=product&#038;p=11077"},"modified":"2025-06-17T09:36:49","modified_gmt":"2025-06-17T09:36:49","slug":"wholesale-new-steel-cover-bento-boxes-304-stainless-steel-bento-box-crisper","status":"publish","type":"product","link":"https:\/\/moyahousehold.com\/pt\/produto\/wholesale-new-steel-cover-bento-boxes-304-stainless-steel-bento-box-crisper\/","title":{"rendered":"Caixas Bento com tampa de a\u00e7o novo por atacado Caixas Bento com tampa de a\u00e7o inoxid\u00e1vel 304"},"content":{"rendered":"<p><strong>material:<\/strong> 304 + PP <strong> cor:<\/strong> Preto\/A\u00e7o<\/p>\n\n\n\n<figure class=\"wp-block-table\"><table class=\"has-fixed-layout\"><tbody><tr><td>Item<\/td><td>Capacidade<\/td><td>Tamanho\/PCS<\/td><td>PCS\/Caixa<\/td><td>N.W.\/PCS<\/td><td>G.W.\/Caso<\/td><\/tr><tr><td>MYJD294<\/td><td>580ml<\/td><td>18.2*12*6.7<\/td><td>80<\/td><td>0.3&nbsp;<\/td><td>22.0&nbsp;<\/td><\/tr><tr><td>MYJD295<\/td><td>880ml<\/td><td>18.2*12*9.2<\/td><td>60<\/td><td>0.3&nbsp;<\/td><td>18.4&nbsp;<\/td><\/tr><tr><td>MYJD296<\/td><td>1180ml<\/td><td>18.2*12*11.6<\/td><td>50<\/td><td>0.4&nbsp;<\/td><td>18.6&nbsp;<\/td><\/tr><tr><td>MYJD297<\/td><td>1000ml<\/td><td>22*15.4*6.7<\/td><td>56<\/td><td>0.4&nbsp;<\/td><td>22.9&nbsp;<\/td><\/tr><tr><td>MYJD298<\/td><td>1600ml<\/td><td>22*15.4*9.2<\/td><td>40<\/td><td>0.4&nbsp;<\/td><td>18.4&nbsp;<\/td><\/tr><tr><td>MYJD299<\/td><td>2100ml<\/td><td>22*15.4*11.6<\/td><td>32<\/td><td>0.5&nbsp;<\/td><td>17.3&nbsp;<\/td><\/tr><tr><td>MYJD300<\/td><td>1500ml<\/td><td>25.7*19*6.7<\/td><td>48<\/td><td>0.5&nbsp;<\/td><td>27.2&nbsp;<\/td><\/tr><tr><td>MYJD301<\/td><td>2300ml<\/td><td>25.7*19*9.2<\/td><td>36<\/td><td>0.6&nbsp;<\/td><td>22.5&nbsp;<\/td><\/tr><tr><td>MYJD302<\/td><td>3100ml<\/td><td>25.7*19*11.6<\/td><td>24<\/td><td>0.7&nbsp;<\/td><td>17.4&nbsp;<\/td><\/tr><tr><td>MYJD303<\/td><td>1100ml<\/td><td>19.2*19.2*6.7<\/td><td>60<\/td><td>0.41&nbsp;<\/td><td>25.72&nbsp;<\/td><\/tr><tr><td>MYJD304<\/td><td>1700ml<\/td><td>19.2*19.2*9.2<\/td><td>36<\/td><td>0.44&nbsp;<\/td><td>16.88&nbsp;<\/td><\/tr><tr><td>MYJD305<\/td><td>2300ml<\/td><td>19.2*19.2*11.6<\/td><td>24<\/td><td>0.52&nbsp;<\/td><td>13.36&nbsp;<\/td><\/tr><tr><td>MYJD306<\/td><td>450ml<\/td><td>15*15*6.3<\/td><td>80<\/td><td>0.22&nbsp;<\/td><td>18.28&nbsp;<\/td><\/tr><tr><td>MYJD307<\/td><td>680ml<\/td><td>15*15*8.7<\/td><td>56<\/td><td>0.24&nbsp;<\/td><td>14.66&nbsp;<\/td><\/tr><tr><td>MYJD308<\/td><td>900ml<\/td><td>15*15*10.8<\/td><td>40<\/td><td>0.27&nbsp;<\/td><td>11.80&nbsp;<\/td><\/tr><\/tbody><\/table><\/figure>\n\n\n\n<h3 class=\"wp-block-heading\">Op\u00e7\u00f5es de lancheiras personalizadas<\/h3>\n\n\n\n<p><strong>Log\u00f3tipo<\/strong>: personalizar o log\u00f3tipo da sua marca na caixa bento em a\u00e7o inoxid\u00e1vel e na embalagem.<br><strong>Op\u00e7\u00f5es de log\u00f3tipo<\/strong>: log\u00f3tipo impresso, log\u00f3tipo gravado a laser, etc.<br><strong>Padr\u00e3o<\/strong>: padr\u00f5es de impress\u00e3o em produtos e embalagens.<br><strong>Tecnologia de impress\u00e3o<\/strong>: impress\u00e3o por transfer\u00eancia de \u00e1gua, impress\u00e3o por serigrafia, impress\u00e3o por transfer\u00eancia de calor, transfer\u00eancia por sublima\u00e7\u00e3o, etc.<br><strong>Embalagem:<\/strong>caixa de cor.<br><a href=\"https:\/\/moyahousehold.com\/pt\/solucao-personalizada\/\"><strong>Saiba mais sobre as solu\u00e7\u00f5es de lancheiras personalizadas.<\/strong><\/a><\/p>\n\n\n\n<div class=\"wp-block-columns is-layout-flex wp-container-core-columns-is-layout-9d6595d7 wp-block-columns-is-layout-flex\">\n<div class=\"wp-block-column is-layout-flow wp-block-column-is-layout-flow\">\n<figure class=\"wp-block-image size-full\"><img fetchpriority=\"high\" decoding=\"async\" width=\"3702\" height=\"3702\" src=\"https:\/\/moyahousehold.com\/wp-content\/uploads\/2025\/06\/Steel-Cover-Storage-Box-17_\u526f\u672c.webp\" alt=\"Caixa de armazenamento com tampa de a\u00e7o\" class=\"wp-image-11094\" srcset=\"https:\/\/moyahousehold.com\/wp-content\/uploads\/2025\/06\/Steel-Cover-Storage-Box-17_\u526f\u672c.webp 3702w, https:\/\/moyahousehold.com\/wp-content\/uploads\/2025\/06\/Steel-Cover-Storage-Box-17_\u526f\u672c-300x300.webp 300w, https:\/\/moyahousehold.com\/wp-content\/uploads\/2025\/06\/Steel-Cover-Storage-Box-17_\u526f\u672c-150x150.webp 150w, https:\/\/moyahousehold.com\/wp-content\/uploads\/2025\/06\/Steel-Cover-Storage-Box-17_\u526f\u672c-768x768.webp 768w, https:\/\/moyahousehold.com\/wp-content\/uploads\/2025\/06\/Steel-Cover-Storage-Box-17_\u526f\u672c-12x12.webp 12w, https:\/\/moyahousehold.com\/wp-content\/uploads\/2025\/06\/Steel-Cover-Storage-Box-17_\u526f\u672c-285x285.webp 285w, https:\/\/moyahousehold.com\/wp-content\/uploads\/2025\/06\/Steel-Cover-Storage-Box-17_\u526f\u672c-1600x1600.webp 1600w, https:\/\/moyahousehold.com\/wp-content\/uploads\/2025\/06\/Steel-Cover-Storage-Box-17_\u526f\u672c-270x270.webp 270w, https:\/\/moyahousehold.com\/wp-content\/uploads\/2025\/06\/Steel-Cover-Storage-Box-17_\u526f\u672c-540x540.webp 540w, https:\/\/moyahousehold.com\/wp-content\/uploads\/2025\/06\/Steel-Cover-Storage-Box-17_\u526f\u672c-660x660.webp 660w\" sizes=\"(max-width: 3702px) 100vw, 3702px\" \/><\/figure>\n<\/div>\n\n\n\n<div class=\"wp-block-column is-layout-flow wp-block-column-is-layout-flow\">\n<figure class=\"wp-block-image size-full\"><img decoding=\"async\" width=\"4160\" height=\"4160\" src=\"https:\/\/moyahousehold.com\/wp-content\/uploads\/2025\/06\/Steel-Cover-Storage-Box-19_\u526f\u672c.webp\" alt=\"Caixa de armazenamento com tampa de a\u00e7o\" class=\"wp-image-11096\" srcset=\"https:\/\/moyahousehold.com\/wp-content\/uploads\/2025\/06\/Steel-Cover-Storage-Box-19_\u526f\u672c.webp 4160w, https:\/\/moyahousehold.com\/wp-content\/uploads\/2025\/06\/Steel-Cover-Storage-Box-19_\u526f\u672c-300x300.webp 300w, https:\/\/moyahousehold.com\/wp-content\/uploads\/2025\/06\/Steel-Cover-Storage-Box-19_\u526f\u672c-150x150.webp 150w, https:\/\/moyahousehold.com\/wp-content\/uploads\/2025\/06\/Steel-Cover-Storage-Box-19_\u526f\u672c-768x768.webp 768w, https:\/\/moyahousehold.com\/wp-content\/uploads\/2025\/06\/Steel-Cover-Storage-Box-19_\u526f\u672c-12x12.webp 12w, https:\/\/moyahousehold.com\/wp-content\/uploads\/2025\/06\/Steel-Cover-Storage-Box-19_\u526f\u672c-285x285.webp 285w, https:\/\/moyahousehold.com\/wp-content\/uploads\/2025\/06\/Steel-Cover-Storage-Box-19_\u526f\u672c-1600x1600.webp 1600w, https:\/\/moyahousehold.com\/wp-content\/uploads\/2025\/06\/Steel-Cover-Storage-Box-19_\u526f\u672c-270x270.webp 270w, https:\/\/moyahousehold.com\/wp-content\/uploads\/2025\/06\/Steel-Cover-Storage-Box-19_\u526f\u672c-540x540.webp 540w, https:\/\/moyahousehold.com\/wp-content\/uploads\/2025\/06\/Steel-Cover-Storage-Box-19_\u526f\u672c-660x660.webp 660w\" sizes=\"(max-width: 4160px) 100vw, 4160px\" \/><\/figure>\n<\/div>\n<\/div>\n\n\n\n<div class=\"wp-block-columns is-layout-flex wp-container-core-columns-is-layout-9d6595d7 wp-block-columns-is-layout-flex\">\n<div class=\"wp-block-column is-layout-flow wp-block-column-is-layout-flow\">\n<figure class=\"wp-block-image size-full\"><img decoding=\"async\" width=\"4093\" height=\"4093\" src=\"https:\/\/moyahousehold.com\/wp-content\/uploads\/2025\/06\/Steel-Cover-Storage-Box-18_\u526f\u672c.webp\" alt=\"Caixa de armazenamento com tampa de a\u00e7o\" class=\"wp-image-11095\" srcset=\"https:\/\/moyahousehold.com\/wp-content\/uploads\/2025\/06\/Steel-Cover-Storage-Box-18_\u526f\u672c.webp 4093w, https:\/\/moyahousehold.com\/wp-content\/uploads\/2025\/06\/Steel-Cover-Storage-Box-18_\u526f\u672c-300x300.webp 300w, https:\/\/moyahousehold.com\/wp-content\/uploads\/2025\/06\/Steel-Cover-Storage-Box-18_\u526f\u672c-150x150.webp 150w, https:\/\/moyahousehold.com\/wp-content\/uploads\/2025\/06\/Steel-Cover-Storage-Box-18_\u526f\u672c-768x768.webp 768w, https:\/\/moyahousehold.com\/wp-content\/uploads\/2025\/06\/Steel-Cover-Storage-Box-18_\u526f\u672c-12x12.webp 12w, https:\/\/moyahousehold.com\/wp-content\/uploads\/2025\/06\/Steel-Cover-Storage-Box-18_\u526f\u672c-285x285.webp 285w, https:\/\/moyahousehold.com\/wp-content\/uploads\/2025\/06\/Steel-Cover-Storage-Box-18_\u526f\u672c-1600x1600.webp 1600w, https:\/\/moyahousehold.com\/wp-content\/uploads\/2025\/06\/Steel-Cover-Storage-Box-18_\u526f\u672c-270x270.webp 270w, https:\/\/moyahousehold.com\/wp-content\/uploads\/2025\/06\/Steel-Cover-Storage-Box-18_\u526f\u672c-540x540.webp 540w, https:\/\/moyahousehold.com\/wp-content\/uploads\/2025\/06\/Steel-Cover-Storage-Box-18_\u526f\u672c-660x660.webp 660w\" sizes=\"(max-width: 4093px) 100vw, 4093px\" \/><\/figure>\n<\/div>\n\n\n\n<div class=\"wp-block-column is-layout-flow wp-block-column-is-layout-flow\">\n<figure class=\"wp-block-image size-full\"><img loading=\"lazy\" decoding=\"async\" width=\"3593\" height=\"3593\" src=\"https:\/\/moyahousehold.com\/wp-content\/uploads\/2025\/06\/Steel-Cover-Storage-Box-16_\u526f\u672c.webp\" alt=\"Caixa de armazenamento com tampa de a\u00e7o\" class=\"wp-image-11093\" srcset=\"https:\/\/moyahousehold.com\/wp-content\/uploads\/2025\/06\/Steel-Cover-Storage-Box-16_\u526f\u672c.webp 3593w, https:\/\/moyahousehold.com\/wp-content\/uploads\/2025\/06\/Steel-Cover-Storage-Box-16_\u526f\u672c-300x300.webp 300w, https:\/\/moyahousehold.com\/wp-content\/uploads\/2025\/06\/Steel-Cover-Storage-Box-16_\u526f\u672c-150x150.webp 150w, https:\/\/moyahousehold.com\/wp-content\/uploads\/2025\/06\/Steel-Cover-Storage-Box-16_\u526f\u672c-768x768.webp 768w, https:\/\/moyahousehold.com\/wp-content\/uploads\/2025\/06\/Steel-Cover-Storage-Box-16_\u526f\u672c-12x12.webp 12w, https:\/\/moyahousehold.com\/wp-content\/uploads\/2025\/06\/Steel-Cover-Storage-Box-16_\u526f\u672c-285x285.webp 285w, https:\/\/moyahousehold.com\/wp-content\/uploads\/2025\/06\/Steel-Cover-Storage-Box-16_\u526f\u672c-1600x1600.webp 1600w, https:\/\/moyahousehold.com\/wp-content\/uploads\/2025\/06\/Steel-Cover-Storage-Box-16_\u526f\u672c-270x270.webp 270w, https:\/\/moyahousehold.com\/wp-content\/uploads\/2025\/06\/Steel-Cover-Storage-Box-16_\u526f\u672c-540x540.webp 540w, https:\/\/moyahousehold.com\/wp-content\/uploads\/2025\/06\/Steel-Cover-Storage-Box-16_\u526f\u672c-660x660.webp 660w\" sizes=\"(max-width: 3593px) 100vw, 3593px\" \/><\/figure>\n<\/div>\n<\/div>\n\n\n\n<p><\/p>","protected":false},"excerpt":{"rendered":"<h3 class=\"header-OdWb_u auto-hide-last-sibling-br\">Recipientes de conserva\u00e7\u00e3o de a\u00e7o inoxid\u00e1vel por grosso com tampas de a\u00e7o - Frescura selada, solu\u00e7\u00f5es personaliz\u00e1veis<\/h3>\n<h4 class=\"header-OdWb_u auto-hide-last-sibling-br\">Vantagens do produto principal<\/h4>\n<div class=\"auto-hide-last-sibling-br paragraph-Oc488D paragraph-element br-paragraph-space\"><strong>Material em a\u00e7o inoxid\u00e1vel de qualidade alimentar<\/strong><br class=\"container-Vdm5p7 wrapper-_7axQ_ undefined\" \/>Fabricado em a\u00e7o inoxid\u00e1vel de qualidade alimentar de primeira qualidade, certificado por institui\u00e7\u00f5es autorizadas, garantindo a aus\u00eancia de toxinas, resist\u00eancia \u00e0 corros\u00e3o e propriedades sem odor. F\u00e1cil de limpar e seguro para contacto direto com os alimentos, salvaguardando a sa\u00fade alimentar.<\/div>\n<div>\u00a0<\/div>\n<div class=\"auto-hide-last-sibling-br paragraph-Oc488D paragraph-element br-paragraph-space\"><strong>Design da tampa de a\u00e7o selada de alta efici\u00eancia<\/strong><br class=\"container-Vdm5p7 wrapper-_7axQ_ undefined\" \/>Equipado com uma tampa de a\u00e7o bem ajustada e um anel de veda\u00e7\u00e3o de silicone, formando um espa\u00e7o herm\u00e9tico forte. Bloqueia eficazmente o ar e a humidade, evita a mistura de odores e a deteriora\u00e7\u00e3o dos alimentos, prolongando significativamente a frescura. Mant\u00e9m a qualidade dos alimentos quer sejam refrigerados ou armazenados \u00e0 temperatura ambiente.<\/div>\n<div>\u00a0<\/div>\n<div class=\"auto-hide-last-sibling-br paragraph-Oc488D paragraph-element br-paragraph-space\"><strong>Diversos tamanhos e especifica\u00e7\u00f5es<\/strong><br class=\"container-Vdm5p7 wrapper-_7axQ_ undefined\" \/>Oferece uma vasta gama de tamanhos e capacidades - desde mini recipientes para molhos\/snacks a recipientes grandes para guardar refei\u00e7\u00f5es familiares. Adapta-se a diferentes cen\u00e1rios de armazenamento de alimentos e satisfaz diversas necessidades de utiliza\u00e7\u00e3o.<\/div>\n<div>\u00a0<\/div>\n<div class=\"auto-hide-last-sibling-br paragraph-Oc488D paragraph-element br-paragraph-space\"><strong>Servi\u00e7os de personaliza\u00e7\u00e3o<\/strong><br class=\"container-Vdm5p7 wrapper-_7axQ_ undefined\" \/>Suporta personaliza\u00e7\u00e3o OEM e ODM: padr\u00f5es de tampa de a\u00e7o \u00e0 medida, cores de recipientes, log\u00f3tipos de marcas, etc. Perfeito para uso dom\u00e9stico personalizado, brindes empresariais ou artigos promocionais, criando produtos exclusivos que se alinham com as imagens da marca.<\/div>\n<div>\u00a0<\/div>\n<div class=\"auto-hide-last-sibling-br paragraph-Oc488D paragraph-element br-paragraph-space\"><strong>Descontos para compras em massa<\/strong><br class=\"container-Vdm5p7 wrapper-_7axQ_ undefined\" \/>Oferece pre\u00e7os atractivos para grossistas, retalhistas e clientes empresariais. Encomendas maiores significam maiores descontos, com modelos de coopera\u00e7\u00e3o flex\u00edveis para reduzir os custos de aquisi\u00e7\u00e3o.<\/div>","protected":false},"featured_media":11089,"comment_status":"closed","ping_status":"closed","template":"","meta":[],"product_cat":[57],"product_tag":[87,92],"class_list":{"0":"post-11077","1":"product","2":"type-product","3":"status-publish","4":"has-post-thumbnail","6":"product_cat-food-storage-container-wholesale","7":"product_tag-wholesale-multi-compartment-lunch-box","8":"product_tag-wholesale-rectangle-lunch-box","10":"first","11":"instock","12":"shipping-taxable","13":"product-type-simple"},"_links":{"self":[{"href":"https:\/\/moyahousehold.com\/pt\/wp-json\/wp\/v2\/product\/11077","targetHints":{"allow":["GET"]}}],"collection":[{"href":"https:\/\/moyahousehold.com\/pt\/wp-json\/wp\/v2\/product"}],"about":[{"href":"https:\/\/moyahousehold.com\/pt\/wp-json\/wp\/v2\/types\/product"}],"replies":[{"embeddable":true,"href":"https:\/\/moyahousehold.com\/pt\/wp-json\/wp\/v2\/comments?post=11077"}],"version-history":[{"count":0,"href":"https:\/\/moyahousehold.com\/pt\/wp-json\/wp\/v2\/product\/11077\/revisions"}],"wp:featuredmedia":[{"embeddable":true,"href":"https:\/\/moyahousehold.com\/pt\/wp-json\/wp\/v2\/media\/11089"}],"wp:attachment":[{"href":"https:\/\/moyahousehold.com\/pt\/wp-json\/wp\/v2\/media?parent=11077"}],"wp:term":[{"taxonomy":"product_cat","embeddable":true,"href":"https:\/\/moyahousehold.com\/pt\/wp-json\/wp\/v2\/product_cat?post=11077"},{"taxonomy":"product_tag","embeddable":true,"href":"https:\/\/moyahousehold.com\/pt\/wp-json\/wp\/v2\/product_tag?post=11077"}],"curies":[{"name":"wp","href":"https:\/\/api.w.org\/{rel}","templated":true}]}}