{"id":11178,"date":"2025-06-28T09:54:27","date_gmt":"2025-06-28T09:54:27","guid":{"rendered":"https:\/\/moyahousehold.com\/?post_type=product&#038;p=11178"},"modified":"2025-06-28T10:05:03","modified_gmt":"2025-06-28T10:05:03","slug":"304-stainless-steel-portable-bento-lunch-box-with-compartment-for-working-adults","status":"publish","type":"product","link":"https:\/\/moyahousehold.com\/pt\/produto\/304-stainless-steel-portable-bento-lunch-box-with-compartment-for-working-adults\/","title":{"rendered":"Lancheira Bento port\u00e1til em a\u00e7o inoxid\u00e1vel 304 com compartimento para adultos que trabalham"},"content":{"rendered":"<h2 class=\"wp-block-heading\">Par\u00e2metros da lancheira para crian\u00e7as com v\u00e1rios compartimentos para a escola<\/h2>\n\n\n\n<p><strong>material:<\/strong> 304 + PP <strong> cor:<\/strong> Preto\u3001C\u00e1qui\u3001Rosa\u3001Verde<\/p>\n\n\n\n<figure class=\"wp-block-table\"><table class=\"has-fixed-layout\"><tbody><tr><td>Item<\/td><td>Capacidade<\/td><td>Tamanho\/PCS<\/td><td>PCS\/Caixa<\/td><td>N.W.\/PCS<\/td><td>G.W.\/Caso<\/td><\/tr><tr><td>MYJD412<\/td><td>4 grelhas + ta\u00e7a para sopa<\/td><td>27.3*19*7.2<\/td><td>36<\/td><td>0.7<\/td><td>27.2<\/td><\/tr><tr><td>MYJD413<\/td><td>5 grelhas + ta\u00e7a para sopa<\/td><td>27.3*19*7.2<\/td><td>36<\/td><td>0.7<\/td><td>27.2<\/td><\/tr><\/tbody><\/table><\/figure>\n\n\n\n<h3 class=\"wp-block-heading\">Op\u00e7\u00f5es de lancheiras personalizadas<\/h3>\n\n\n\n<p><strong>Log\u00f3tipo<\/strong>: personalizar o log\u00f3tipo da sua marca na caixa bento em a\u00e7o inoxid\u00e1vel e na embalagem.<br><strong>Op\u00e7\u00f5es de log\u00f3tipo<\/strong>: log\u00f3tipo impresso, log\u00f3tipo gravado a laser, etc.<br><strong>Padr\u00e3o<\/strong>: padr\u00f5es de impress\u00e3o em produtos e embalagens.<br><strong>Tecnologia de impress\u00e3o<\/strong>: impress\u00e3o por transfer\u00eancia de \u00e1gua, impress\u00e3o por serigrafia, impress\u00e3o por transfer\u00eancia de calor, transfer\u00eancia por sublima\u00e7\u00e3o, etc.<br><strong>Embalagem:<\/strong>caixa de cor.<br><a href=\"https:\/\/moyahousehold.com\/pt\/solucao-personalizada\/\"><strong>Saiba mais sobre as solu\u00e7\u00f5es de lancheiras personalizadas.<\/strong><\/a><\/p>\n\n\n\n<div class=\"wp-block-columns is-layout-flex wp-container-core-columns-is-layout-9d6595d7 wp-block-columns-is-layout-flex\">\n<div class=\"wp-block-column is-layout-flow wp-block-column-is-layout-flow\">\n<figure class=\"wp-block-image size-full\"><img fetchpriority=\"high\" decoding=\"async\" width=\"3575\" height=\"3575\" src=\"https:\/\/moyahousehold.com\/wp-content\/uploads\/2025\/06\/Stainless-Steel-Lunch-Box-2.webp\" alt=\"Lancheira em a\u00e7o inoxid\u00e1vel\" class=\"wp-image-11195\" srcset=\"https:\/\/moyahousehold.com\/wp-content\/uploads\/2025\/06\/Stainless-Steel-Lunch-Box-2.webp 3575w, https:\/\/moyahousehold.com\/wp-content\/uploads\/2025\/06\/Stainless-Steel-Lunch-Box-2-300x300.webp 300w, https:\/\/moyahousehold.com\/wp-content\/uploads\/2025\/06\/Stainless-Steel-Lunch-Box-2-150x150.webp 150w, https:\/\/moyahousehold.com\/wp-content\/uploads\/2025\/06\/Stainless-Steel-Lunch-Box-2-768x768.webp 768w, https:\/\/moyahousehold.com\/wp-content\/uploads\/2025\/06\/Stainless-Steel-Lunch-Box-2-12x12.webp 12w, https:\/\/moyahousehold.com\/wp-content\/uploads\/2025\/06\/Stainless-Steel-Lunch-Box-2-285x285.webp 285w, https:\/\/moyahousehold.com\/wp-content\/uploads\/2025\/06\/Stainless-Steel-Lunch-Box-2-1600x1600.webp 1600w, https:\/\/moyahousehold.com\/wp-content\/uploads\/2025\/06\/Stainless-Steel-Lunch-Box-2-270x270.webp 270w, https:\/\/moyahousehold.com\/wp-content\/uploads\/2025\/06\/Stainless-Steel-Lunch-Box-2-540x540.webp 540w, https:\/\/moyahousehold.com\/wp-content\/uploads\/2025\/06\/Stainless-Steel-Lunch-Box-2-660x660.webp 660w\" sizes=\"(max-width: 3575px) 100vw, 3575px\" \/><\/figure>\n<\/div>\n\n\n\n<div class=\"wp-block-column is-layout-flow wp-block-column-is-layout-flow\">\n<figure class=\"wp-block-image size-full\"><img decoding=\"async\" width=\"3235\" height=\"3235\" src=\"https:\/\/moyahousehold.com\/wp-content\/uploads\/2025\/06\/Stainless-Steel-Lunch-Box-4.webp\" alt=\"Lancheira em a\u00e7o inoxid\u00e1vel\" class=\"wp-image-11197\" srcset=\"https:\/\/moyahousehold.com\/wp-content\/uploads\/2025\/06\/Stainless-Steel-Lunch-Box-4.webp 3235w, https:\/\/moyahousehold.com\/wp-content\/uploads\/2025\/06\/Stainless-Steel-Lunch-Box-4-300x300.webp 300w, https:\/\/moyahousehold.com\/wp-content\/uploads\/2025\/06\/Stainless-Steel-Lunch-Box-4-150x150.webp 150w, https:\/\/moyahousehold.com\/wp-content\/uploads\/2025\/06\/Stainless-Steel-Lunch-Box-4-768x768.webp 768w, https:\/\/moyahousehold.com\/wp-content\/uploads\/2025\/06\/Stainless-Steel-Lunch-Box-4-12x12.webp 12w, https:\/\/moyahousehold.com\/wp-content\/uploads\/2025\/06\/Stainless-Steel-Lunch-Box-4-285x285.webp 285w, https:\/\/moyahousehold.com\/wp-content\/uploads\/2025\/06\/Stainless-Steel-Lunch-Box-4-1600x1600.webp 1600w, https:\/\/moyahousehold.com\/wp-content\/uploads\/2025\/06\/Stainless-Steel-Lunch-Box-4-270x270.webp 270w, https:\/\/moyahousehold.com\/wp-content\/uploads\/2025\/06\/Stainless-Steel-Lunch-Box-4-540x540.webp 540w, https:\/\/moyahousehold.com\/wp-content\/uploads\/2025\/06\/Stainless-Steel-Lunch-Box-4-660x660.webp 660w\" sizes=\"(max-width: 3235px) 100vw, 3235px\" \/><\/figure>\n<\/div>\n<\/div>\n\n\n\n<div class=\"wp-block-columns is-layout-flex wp-container-core-columns-is-layout-9d6595d7 wp-block-columns-is-layout-flex\">\n<div class=\"wp-block-column is-layout-flow wp-block-column-is-layout-flow\">\n<figure class=\"wp-block-image size-full\"><img decoding=\"async\" width=\"3608\" height=\"3608\" src=\"https:\/\/moyahousehold.com\/wp-content\/uploads\/2025\/06\/Stainless-Steel-Lunch-Box-5.webp\" alt=\"Lancheira em a\u00e7o inoxid\u00e1vel\" class=\"wp-image-11198\" srcset=\"https:\/\/moyahousehold.com\/wp-content\/uploads\/2025\/06\/Stainless-Steel-Lunch-Box-5.webp 3608w, https:\/\/moyahousehold.com\/wp-content\/uploads\/2025\/06\/Stainless-Steel-Lunch-Box-5-300x300.webp 300w, https:\/\/moyahousehold.com\/wp-content\/uploads\/2025\/06\/Stainless-Steel-Lunch-Box-5-150x150.webp 150w, https:\/\/moyahousehold.com\/wp-content\/uploads\/2025\/06\/Stainless-Steel-Lunch-Box-5-768x768.webp 768w, https:\/\/moyahousehold.com\/wp-content\/uploads\/2025\/06\/Stainless-Steel-Lunch-Box-5-12x12.webp 12w, https:\/\/moyahousehold.com\/wp-content\/uploads\/2025\/06\/Stainless-Steel-Lunch-Box-5-285x285.webp 285w, https:\/\/moyahousehold.com\/wp-content\/uploads\/2025\/06\/Stainless-Steel-Lunch-Box-5-1600x1600.webp 1600w, https:\/\/moyahousehold.com\/wp-content\/uploads\/2025\/06\/Stainless-Steel-Lunch-Box-5-270x270.webp 270w, https:\/\/moyahousehold.com\/wp-content\/uploads\/2025\/06\/Stainless-Steel-Lunch-Box-5-540x540.webp 540w, https:\/\/moyahousehold.com\/wp-content\/uploads\/2025\/06\/Stainless-Steel-Lunch-Box-5-660x660.webp 660w\" sizes=\"(max-width: 3608px) 100vw, 3608px\" \/><\/figure>\n<\/div>\n\n\n\n<div class=\"wp-block-column is-layout-flow wp-block-column-is-layout-flow\">\n<figure class=\"wp-block-image size-full\"><img loading=\"lazy\" decoding=\"async\" width=\"3575\" height=\"3575\" src=\"https:\/\/moyahousehold.com\/wp-content\/uploads\/2025\/06\/Stainless-Steel-Lunch-Box-3.webp\" alt=\"Lancheira em a\u00e7o inoxid\u00e1vel\" class=\"wp-image-11196\" srcset=\"https:\/\/moyahousehold.com\/wp-content\/uploads\/2025\/06\/Stainless-Steel-Lunch-Box-3.webp 3575w, https:\/\/moyahousehold.com\/wp-content\/uploads\/2025\/06\/Stainless-Steel-Lunch-Box-3-300x300.webp 300w, https:\/\/moyahousehold.com\/wp-content\/uploads\/2025\/06\/Stainless-Steel-Lunch-Box-3-150x150.webp 150w, https:\/\/moyahousehold.com\/wp-content\/uploads\/2025\/06\/Stainless-Steel-Lunch-Box-3-768x768.webp 768w, https:\/\/moyahousehold.com\/wp-content\/uploads\/2025\/06\/Stainless-Steel-Lunch-Box-3-12x12.webp 12w, https:\/\/moyahousehold.com\/wp-content\/uploads\/2025\/06\/Stainless-Steel-Lunch-Box-3-285x285.webp 285w, https:\/\/moyahousehold.com\/wp-content\/uploads\/2025\/06\/Stainless-Steel-Lunch-Box-3-1600x1600.webp 1600w, https:\/\/moyahousehold.com\/wp-content\/uploads\/2025\/06\/Stainless-Steel-Lunch-Box-3-270x270.webp 270w, https:\/\/moyahousehold.com\/wp-content\/uploads\/2025\/06\/Stainless-Steel-Lunch-Box-3-540x540.webp 540w, https:\/\/moyahousehold.com\/wp-content\/uploads\/2025\/06\/Stainless-Steel-Lunch-Box-3-660x660.webp 660w\" sizes=\"(max-width: 3575px) 100vw, 3575px\" \/><\/figure>\n<\/div>\n<\/div>","protected":false},"excerpt":{"rendered":"<div class=\"inter-tejLiY\">\n<div class=\"container-Cxy479\">\n<div class=\"item-InGWJf\">\n<div class=\"container-S3UiLA chrome70-container\">\n<div class=\"inner-Jx6WFr inner-item-WP6NRr\" data-target-id=\"message-box-target-id\" data-testid=\"union_message\">\n<div class=\"message-block-container-yay_EG\" data-testid=\"message-block-container\">\n<div class=\"flex flex-row w-full w-full max-w-full s-font-base text-s-color-text-secondary p-0 rounded-s-radius-s bg-transparent group data-[attr=select-mode]:-mt-10 data-[attr=select-mode]:py-10 data-[attr=select-mode]:px-16 data-[attr=select-mode]:sm:p-10 data-[attr=select-mode]:hover:bg-s-color-bg-base data-[attr=select-mode]:hover:rounded-s-radius-xs data-[attr=select-mode]:has-[:checked]:bg-s-color-bg-base data-[attr=select-mode]:has-[:checked]:rounded-s-radius-xs data-[attr=select-mode]:pointer-events-none\" data-testid=\"receive_message\">\n<div class=\"flex flex-col flex-grow max-w-full min-w-0\">\n<div class=\"flex flex-row w-full\" data-testid=\"message_content\" data-message-id=\"10338114480324610\">\n<div class=\"w-full\" data-plugin-identifier=\"Symbol(infra:receive-message-box:text)\">\n<div class=\"container-n4oTXW flow-markdown-body theme-samantha-qFInyN text-content-nhvb3V\" dir=\"ltr\" data-testid=\"message_text_content\" data-show-indicator=\"false\">\n<h3 class=\"header-ZWWO7s auto-hide-last-sibling-br\">Caixas Bento de a\u00e7o inoxid\u00e1vel com v\u00e1rios compartimentos por atacado<\/h3>\n<div class=\"auto-hide-last-sibling-br paragraph-jgxDqs paragraph-element br-paragraph-space\"><strong>Qualidade superior e design pr\u00e1tico<\/strong><br class=\"container-sJOC95 wrapper-Blebgw undefined\" \/>Fabricadas em a\u00e7o inoxid\u00e1vel 304 de qualidade alimentar, estas caixas bento apresentam uma estrutura com v\u00e1rios compartimentos, permitindo uma classifica\u00e7\u00e3o f\u00e1cil dos diferentes alimentos. Ideais para estudantes e pessoal de escrit\u00f3rio, garantem que as refei\u00e7\u00f5es se mant\u00eam frescas, organizadas e sem confus\u00e3o. Com descontos na compra a granel e apoio \u00e0 personaliza\u00e7\u00e3o OEM e ODM, agradecemos a coopera\u00e7\u00e3o para satisfazer as suas necessidades espec\u00edficas.<\/div>\n<h3 class=\"header-ZWWO7s auto-hide-last-sibling-br\">Carater\u00edsticas da Lancheira em a\u00e7o inoxid\u00e1vel com v\u00e1rios compartimentos<\/h3>\n<h4 class=\"header-ZWWO7s auto-hide-last-sibling-br\">1.\u00a0<strong>Design divertido<\/strong><\/h4>\n<ul class=\"auto-hide-last-sibling-br\">\n<li>As cores vibrantes e os ador\u00e1veis padr\u00f5es de desenhos animados transformam a hora da refei\u00e7\u00e3o numa experi\u00eancia emocionante, especialmente para as crian\u00e7as.<\/li>\n<li>A est\u00e9tica apelativa torna as lancheiras atractivas e incentiva h\u00e1bitos alimentares saud\u00e1veis.<\/li>\n<\/ul>\n<h4 class=\"header-ZWWO7s auto-hide-last-sibling-br\">2.\u00a0<strong>Sistema de compartimento inteligente<\/strong><\/h4>\n<ul class=\"auto-hide-last-sibling-br\">\n<li>2 ou 3 compartimentos separados mant\u00eam pratos como saladas, pratos principais e snacks isolados, evitando a mistura de sabores.<\/li>\n<li>Ajuda a controlar as por\u00e7\u00f5es, tornando-o adequado para dietas equilibradas e gest\u00e3o nutricional.<\/li>\n<\/ul>\n<h4 class=\"header-ZWWO7s auto-hide-last-sibling-br\">3.\u00a0<strong>Material seguro e certificado<\/strong><\/h4>\n<ul class=\"auto-hide-last-sibling-br\">\n<li>Fabricado em a\u00e7o inoxid\u00e1vel de qualidade alimentar 100%, isento de BPA e de produtos qu\u00edmicos nocivos.<\/li>\n<li>Certificado pela ISO e pela FDA, garantindo a conformidade com as normas internacionais de seguran\u00e7a alimentar.<\/li>\n<\/ul>\n<h4 class=\"header-ZWWO7s auto-hide-last-sibling-br\">4.\u00a0<strong>Op\u00e7\u00f5es diversificadas<\/strong><\/h4>\n<ul class=\"auto-hide-last-sibling-br\">\n<li>Dispon\u00edvel numa gama de cores (por exemplo, azul, cor-de-rosa, verde), estilos (minimalista ou l\u00fadico) e capacidades (500 ml-1500 ml).<\/li>\n<li>Os designs vers\u00e1teis adaptam-se a diferentes grupos et\u00e1rios e cen\u00e1rios de utiliza\u00e7\u00e3o, desde a escola ao trabalho.<\/li>\n<\/ul>\n<h4 class=\"header-ZWWO7s auto-hide-last-sibling-br\">5.\u00a0<strong>Pormenores para crian\u00e7as<\/strong><\/h4>\n<ul class=\"auto-hide-last-sibling-br\">\n<li>Tampas de abertura f\u00e1cil concebidas para m\u00e3os pequenas, reduzindo a frustra\u00e7\u00e3o durante a refei\u00e7\u00e3o.<\/li>\n<li>Leve e compacto, cabe perfeitamente nas mochilas ou bolsas escolares sem aumentar o volume.<\/li>\n<\/ul>\n<h3 class=\"header-ZWWO7s auto-hide-last-sibling-br\">Servi\u00e7os de personaliza\u00e7\u00e3o<\/h3>\n<div class=\"auto-hide-last-sibling-br paragraph-jgxDqs paragraph-element br-paragraph-space\">Como fabricante l\u00edder de lancheiras, a MOYA fornece\u00a0<strong>Solu\u00e7\u00f5es OEM e ODM<\/strong>:<\/div>\n<p><br class=\"container-sJOC95 wrapper-Blebgw undefined\" \/><\/p>\n<ul class=\"auto-hide-last-sibling-br\">\n<li><strong>OEM<\/strong>: Personalize log\u00f3tipos, impress\u00f5es ou embalagens para se alinharem com a identidade da sua marca.<\/li>\n<li><strong>ODM<\/strong>: Colaborar na conce\u00e7\u00e3o dos produtos, desde a disposi\u00e7\u00e3o dos compartimentos at\u00e9 aos acabamentos dos materiais, para criar solu\u00e7\u00f5es \u00fanicas e orientadas para o mercado.<\/li>\n<\/ul>\n<p>&nbsp;<\/p>\n<\/div>\n<\/div>\n<\/div>\n<\/div>\n<\/div>\n<\/div>\n<\/div>\n<\/div>\n<\/div>\n<\/div>\n<\/div>","protected":false},"featured_media":11199,"comment_status":"closed","ping_status":"closed","template":"","meta":[],"product_cat":[58],"product_tag":[87,92],"class_list":{"0":"post-11178","1":"product","2":"type-product","3":"status-publish","4":"has-post-thumbnail","6":"product_cat-lunch-box-wholesale","7":"product_tag-wholesale-multi-compartment-lunch-box","8":"product_tag-wholesale-rectangle-lunch-box","10":"first","11":"instock","12":"shipping-taxable","13":"product-type-simple"},"_links":{"self":[{"href":"https:\/\/moyahousehold.com\/pt\/wp-json\/wp\/v2\/product\/11178","targetHints":{"allow":["GET"]}}],"collection":[{"href":"https:\/\/moyahousehold.com\/pt\/wp-json\/wp\/v2\/product"}],"about":[{"href":"https:\/\/moyahousehold.com\/pt\/wp-json\/wp\/v2\/types\/product"}],"replies":[{"embeddable":true,"href":"https:\/\/moyahousehold.com\/pt\/wp-json\/wp\/v2\/comments?post=11178"}],"version-history":[{"count":0,"href":"https:\/\/moyahousehold.com\/pt\/wp-json\/wp\/v2\/product\/11178\/revisions"}],"wp:featuredmedia":[{"embeddable":true,"href":"https:\/\/moyahousehold.com\/pt\/wp-json\/wp\/v2\/media\/11199"}],"wp:attachment":[{"href":"https:\/\/moyahousehold.com\/pt\/wp-json\/wp\/v2\/media?parent=11178"}],"wp:term":[{"taxonomy":"product_cat","embeddable":true,"href":"https:\/\/moyahousehold.com\/pt\/wp-json\/wp\/v2\/product_cat?post=11178"},{"taxonomy":"product_tag","embeddable":true,"href":"https:\/\/moyahousehold.com\/pt\/wp-json\/wp\/v2\/product_tag?post=11178"}],"curies":[{"name":"wp","href":"https:\/\/api.w.org\/{rel}","templated":true}]}}