{"id":11204,"date":"2025-06-28T10:18:29","date_gmt":"2025-06-28T10:07:19","guid":{"rendered":"https:\/\/moyahousehold.com\/?post_type=product&#038;p=11204"},"modified":"2025-06-28T10:19:44","modified_gmt":"2025-06-28T10:19:44","slug":"new-style-food-grade-sealed-container-lunch-box-tiffin-bento-lunch-box-with-lid","status":"publish","type":"product","link":"https:\/\/moyahousehold.com\/pt\/produto\/new-style-food-grade-sealed-container-lunch-box-tiffin-bento-lunch-box-with-lid\/","title":{"rendered":"Novo estilo de recipiente selado de qualidade alimentar Lancheira Tiffin Bento Lancheira com tampa"},"content":{"rendered":"<h2 class=\"wp-block-heading\">Par\u00e2metros da lancheira redonda empilh\u00e1vel<\/h2>\n\n\n\n<p><strong>material:<\/strong>316\/304\/Cer\u00e2mica\/Vidro + PP <strong> cor:<\/strong>Vermelho\/caqui\/verde\/amarelo<\/p>\n\n\n\n<figure class=\"wp-block-table\"><table class=\"has-fixed-layout\"><tbody><tr><td>Item<\/td><td>Material<\/td><td>Capacidade<\/td><td>Tamanho\/PCS<\/td><td>PCS\/Caixa<\/td><td>N.W.\/PCS<\/td><td>G.W.\/Caso<\/td><\/tr><tr><td>MYSK014<\/td><td rowspan=\"5\">PP+Silicone+<br>cer\u00e2mica<\/td><td>420ml<\/td><td>13.3*13.3*7.7<\/td><td>60<\/td><td>0.42<\/td><td>27.2&nbsp;<\/td><\/tr><tr><td>MYSK015<\/td><td>600ml<\/td><td>13.3*13.3*10.2<\/td><td>48<\/td><td>0.5<\/td><td>26.0&nbsp;<\/td><\/tr><tr><td>MYSK016<\/td><td>Duas embalagens de 1020ml<br>(1 grande 1 pequeno + saco isolante)<\/td><td>14.3*14.3*18<\/td><td>20<\/td><td>1<\/td><td>22.0&nbsp;<\/td><\/tr><tr><td>MYSK017<\/td><td>1440ml em 3 embalagens<br>(1 grande 2 pequenos + saco isolante)<\/td><td>14.3*14.3*25<\/td><td>16<\/td><td>1.5<\/td><td>26.0&nbsp;<\/td><\/tr><tr><td>MYSK018<\/td><td>Quatro embalagens de 2040ml<br>(2 grandes 2 pequenos + saco isolante)<\/td><td>27.5*14.5*17.8<\/td><td>12<\/td><td>2<\/td><td>26.0&nbsp;<\/td><\/tr><tr><td>MYSK019<\/td><td rowspan=\"5\">PP+Silicone+Vidro<\/td><td>420ml<\/td><td>13.3*13.3*7.7<\/td><td>60<\/td><td>0.26<\/td><td>17.6&nbsp;<\/td><\/tr><tr><td>MYSK020<\/td><td>600ml<\/td><td>13.3*13.3*10.2<\/td><td>48<\/td><td>0.32<\/td><td>17.4&nbsp;<\/td><\/tr><tr><td>MYSK021<\/td><td>Duas embalagens de 1020ml<br>(1 grande 1 pequeno + saco isolante)<\/td><td>14.3*14.3*18<\/td><td>20<\/td><td>0.68<\/td><td>15.6&nbsp;<\/td><\/tr><tr><td>MYSK022<\/td><td>1440ml em 3 embalagens<br>(1 grande 2 pequenos + saco isolante)<\/td><td>14.3*14.3*25<\/td><td>16<\/td><td>0.96<\/td><td>17.4&nbsp;<\/td><\/tr><tr><td>MYSK023<\/td><td>Quatro embalagens de 2040ml<br>(2 grandes 2 pequenos + saco isolante)<\/td><td>27.5*14.5*17.8<\/td><td>12<\/td><td>1.3<\/td><td>17.6&nbsp;<\/td><\/tr><tr><td>MYSK024<\/td><td rowspan=\"5\">PP+Silicone+<br>304<\/td><td>420ml<\/td><td>13.3*13.3*7.7<\/td><td>60<\/td><td>0.2<\/td><td>14.0&nbsp;<\/td><\/tr><tr><td>MYSK025<\/td><td>600ml<\/td><td>13.3*13.3*10.2<\/td><td>48<\/td><td>0.23<\/td><td>13.0&nbsp;<\/td><\/tr><tr><td>MYSK026<\/td><td>Duas embalagens de 1020ml<br>(1 grande 1 pequeno + saco isolante)<\/td><td>14.3*14.3*18<\/td><td>20<\/td><td>0.54<\/td><td>12.8&nbsp;<\/td><\/tr><tr><td>MYSK027<\/td><td>1440ml em 3 embalagens<br>(1 grande 2 pequenos + saco isolante)<\/td><td>14.3*14.3*25<\/td><td>16<\/td><td>0.75<\/td><td>14.0&nbsp;<\/td><\/tr><tr><td>MYSK028<\/td><td>Quatro embalagens de 2040ml<br>(2 grandes 2 pequenos + saco isolante)<\/td><td>27.5*14.5*17.8<\/td><td>12<\/td><td>1<\/td><td>14.0&nbsp;<\/td><\/tr><tr><td>MYSK029<\/td><td rowspan=\"5\">PP+Silicone+<br>316<\/td><td>420ml<\/td><td>13.3*13.3*7.7<\/td><td>60<\/td><td>0.2<\/td><td>14.0&nbsp;<\/td><\/tr><tr><td>MYSK030<\/td><td>600ml<\/td><td>13.3*13.3*10.2<\/td><td>48<\/td><td>0.23<\/td><td>13.0&nbsp;<\/td><\/tr><tr><td>MYSK031<\/td><td>Duas embalagens de 1020ml<br>(1 grande 1 pequeno + saco isolante)<\/td><td>14.3*14.3*18<\/td><td>20<\/td><td>0.54<\/td><td>12.8&nbsp;<\/td><\/tr><tr><td>MYSK032<\/td><td>1440ml em 3 embalagens<br>(1 grande 2 pequenos + saco isolante)<\/td><td>14.3*14.3*25<\/td><td>16<\/td><td>0.75<\/td><td>14.0&nbsp;<\/td><\/tr><tr><td>MYSK033<\/td><td>Quatro embalagens de 2040ml<br>(2 grandes 2 pequenos + saco isolante)<\/td><td>27.5*14.5*17.8<\/td><td>12<\/td><td>1<\/td><td>14.0&nbsp;<\/td><\/tr><\/tbody><\/table><\/figure>\n\n\n\n<h3 class=\"wp-block-heading\">Lancheira personalizada Op\u00e7\u00f5es<\/h3>\n\n\n\n<p><strong>Log\u00f3tipo: <\/strong>Personalize o log\u00f3tipo da sua marca em caixas e embalagens bento.<br><strong>Op\u00e7\u00f5es de log\u00f3tipo:<\/strong> log\u00f3tipo impresso, log\u00f3tipo gravado a laser, etc.<br><strong>Padr\u00e3o: <\/strong>padr\u00f5es de impress\u00e3o <br><strong>Tecnologia de impress\u00e3o: <\/strong>impress\u00e3o por transfer\u00eancia de \u00e1gua, impress\u00e3o por serigrafia, impress\u00e3o por transfer\u00eancia de calor, transfer\u00eancia por sublima\u00e7\u00e3o, etc.<br><strong>Embalagem: <\/strong>caixa de cor<br><a href=\"https:\/\/moyahousehold.com\/pt\/solucao-personalizada\/\"><strong>Saiba mais sobre as solu\u00e7\u00f5es de caixas bento personalizadas<\/strong><\/a><\/p>\n\n\n\n<div class=\"wp-block-columns is-layout-flex wp-container-core-columns-is-layout-9d6595d7 wp-block-columns-is-layout-flex\">\n<div class=\"wp-block-column is-layout-flow wp-block-column-is-layout-flow\">\n<figure class=\"wp-block-image size-full\"><img fetchpriority=\"high\" decoding=\"async\" width=\"3933\" height=\"3933\" src=\"https:\/\/moyahousehold.com\/wp-content\/uploads\/2025\/06\/Detachable-lunch-box-13.webp\" alt=\"Lancheira amov\u00edvel\" class=\"wp-image-11191\" srcset=\"https:\/\/moyahousehold.com\/wp-content\/uploads\/2025\/06\/Detachable-lunch-box-13.webp 3933w, https:\/\/moyahousehold.com\/wp-content\/uploads\/2025\/06\/Detachable-lunch-box-13-300x300.webp 300w, https:\/\/moyahousehold.com\/wp-content\/uploads\/2025\/06\/Detachable-lunch-box-13-150x150.webp 150w, https:\/\/moyahousehold.com\/wp-content\/uploads\/2025\/06\/Detachable-lunch-box-13-768x768.webp 768w, https:\/\/moyahousehold.com\/wp-content\/uploads\/2025\/06\/Detachable-lunch-box-13-12x12.webp 12w, https:\/\/moyahousehold.com\/wp-content\/uploads\/2025\/06\/Detachable-lunch-box-13-285x285.webp 285w, https:\/\/moyahousehold.com\/wp-content\/uploads\/2025\/06\/Detachable-lunch-box-13-1600x1600.webp 1600w, https:\/\/moyahousehold.com\/wp-content\/uploads\/2025\/06\/Detachable-lunch-box-13-270x270.webp 270w, https:\/\/moyahousehold.com\/wp-content\/uploads\/2025\/06\/Detachable-lunch-box-13-540x540.webp 540w, https:\/\/moyahousehold.com\/wp-content\/uploads\/2025\/06\/Detachable-lunch-box-13-660x660.webp 660w\" sizes=\"(max-width: 3933px) 100vw, 3933px\" \/><\/figure>\n<\/div>\n\n\n\n<div class=\"wp-block-column is-layout-flow wp-block-column-is-layout-flow\">\n<figure class=\"wp-block-image size-full\"><img decoding=\"async\" width=\"3849\" height=\"3849\" src=\"https:\/\/moyahousehold.com\/wp-content\/uploads\/2025\/06\/Detachable-lunch-box-1.webp\" alt=\"Lancheira amov\u00edvel\" class=\"wp-image-11179\" srcset=\"https:\/\/moyahousehold.com\/wp-content\/uploads\/2025\/06\/Detachable-lunch-box-1.webp 3849w, https:\/\/moyahousehold.com\/wp-content\/uploads\/2025\/06\/Detachable-lunch-box-1-300x300.webp 300w, https:\/\/moyahousehold.com\/wp-content\/uploads\/2025\/06\/Detachable-lunch-box-1-150x150.webp 150w, https:\/\/moyahousehold.com\/wp-content\/uploads\/2025\/06\/Detachable-lunch-box-1-768x768.webp 768w, https:\/\/moyahousehold.com\/wp-content\/uploads\/2025\/06\/Detachable-lunch-box-1-12x12.webp 12w, https:\/\/moyahousehold.com\/wp-content\/uploads\/2025\/06\/Detachable-lunch-box-1-285x285.webp 285w, https:\/\/moyahousehold.com\/wp-content\/uploads\/2025\/06\/Detachable-lunch-box-1-1600x1600.webp 1600w, https:\/\/moyahousehold.com\/wp-content\/uploads\/2025\/06\/Detachable-lunch-box-1-270x270.webp 270w, https:\/\/moyahousehold.com\/wp-content\/uploads\/2025\/06\/Detachable-lunch-box-1-540x540.webp 540w, https:\/\/moyahousehold.com\/wp-content\/uploads\/2025\/06\/Detachable-lunch-box-1-660x660.webp 660w\" sizes=\"(max-width: 3849px) 100vw, 3849px\" \/><\/figure>\n<\/div>\n<\/div>\n\n\n\n<div class=\"wp-block-columns is-layout-flex wp-container-core-columns-is-layout-9d6595d7 wp-block-columns-is-layout-flex\">\n<div class=\"wp-block-column is-layout-flow wp-block-column-is-layout-flow\">\n<figure class=\"wp-block-image size-full\"><img decoding=\"async\" width=\"3798\" height=\"3798\" src=\"https:\/\/moyahousehold.com\/wp-content\/uploads\/2025\/06\/Detachable-lunch-box-15.webp\" alt=\"Lancheira amov\u00edvel\" class=\"wp-image-11193\" srcset=\"https:\/\/moyahousehold.com\/wp-content\/uploads\/2025\/06\/Detachable-lunch-box-15.webp 3798w, https:\/\/moyahousehold.com\/wp-content\/uploads\/2025\/06\/Detachable-lunch-box-15-300x300.webp 300w, https:\/\/moyahousehold.com\/wp-content\/uploads\/2025\/06\/Detachable-lunch-box-15-150x150.webp 150w, https:\/\/moyahousehold.com\/wp-content\/uploads\/2025\/06\/Detachable-lunch-box-15-768x768.webp 768w, https:\/\/moyahousehold.com\/wp-content\/uploads\/2025\/06\/Detachable-lunch-box-15-12x12.webp 12w, https:\/\/moyahousehold.com\/wp-content\/uploads\/2025\/06\/Detachable-lunch-box-15-285x285.webp 285w, https:\/\/moyahousehold.com\/wp-content\/uploads\/2025\/06\/Detachable-lunch-box-15-1600x1600.webp 1600w, https:\/\/moyahousehold.com\/wp-content\/uploads\/2025\/06\/Detachable-lunch-box-15-270x270.webp 270w, https:\/\/moyahousehold.com\/wp-content\/uploads\/2025\/06\/Detachable-lunch-box-15-540x540.webp 540w, https:\/\/moyahousehold.com\/wp-content\/uploads\/2025\/06\/Detachable-lunch-box-15-660x660.webp 660w\" sizes=\"(max-width: 3798px) 100vw, 3798px\" \/><\/figure>\n<\/div>\n\n\n\n<div class=\"wp-block-column is-layout-flow wp-block-column-is-layout-flow\">\n<figure class=\"wp-block-image size-full\"><img loading=\"lazy\" decoding=\"async\" width=\"3813\" height=\"3813\" src=\"https:\/\/moyahousehold.com\/wp-content\/uploads\/2025\/06\/Detachable-lunch-box-14.webp\" alt=\"Lancheira amov\u00edvel\" class=\"wp-image-11192\" srcset=\"https:\/\/moyahousehold.com\/wp-content\/uploads\/2025\/06\/Detachable-lunch-box-14.webp 3813w, https:\/\/moyahousehold.com\/wp-content\/uploads\/2025\/06\/Detachable-lunch-box-14-300x300.webp 300w, https:\/\/moyahousehold.com\/wp-content\/uploads\/2025\/06\/Detachable-lunch-box-14-150x150.webp 150w, https:\/\/moyahousehold.com\/wp-content\/uploads\/2025\/06\/Detachable-lunch-box-14-768x768.webp 768w, https:\/\/moyahousehold.com\/wp-content\/uploads\/2025\/06\/Detachable-lunch-box-14-12x12.webp 12w, https:\/\/moyahousehold.com\/wp-content\/uploads\/2025\/06\/Detachable-lunch-box-14-285x285.webp 285w, https:\/\/moyahousehold.com\/wp-content\/uploads\/2025\/06\/Detachable-lunch-box-14-1600x1600.webp 1600w, https:\/\/moyahousehold.com\/wp-content\/uploads\/2025\/06\/Detachable-lunch-box-14-270x270.webp 270w, https:\/\/moyahousehold.com\/wp-content\/uploads\/2025\/06\/Detachable-lunch-box-14-540x540.webp 540w, https:\/\/moyahousehold.com\/wp-content\/uploads\/2025\/06\/Detachable-lunch-box-14-660x660.webp 660w\" sizes=\"(max-width: 3813px) 100vw, 3813px\" \/><\/figure>\n<\/div>\n<\/div>","protected":false},"excerpt":{"rendered":"<h3 class=\"header-ZWWO7s auto-hide-last-sibling-br\">Lancheira com forro amov\u00edvel por atacado com op\u00e7\u00f5es de cer\u00e2mica, vidro e a\u00e7o inoxid\u00e1vel<\/h3>\n<div class=\"auto-hide-last-sibling-br paragraph-jgxDqs paragraph-element br-paragraph-space\">Descubra as nossas vers\u00e1teis lancheiras com forros amov\u00edveis em cer\u00e2mica de primeira qualidade, vidro e a\u00e7o inoxid\u00e1vel - concebidas para estilos de vida modernos que exigem funcionalidade, higiene e estilo. Perfeitas para preparar refei\u00e7\u00f5es, para refei\u00e7\u00f5es em viagem ou para consumidores preocupados com o ambiente, estas lancheiras combinam durabilidade com f\u00e1cil manuten\u00e7\u00e3o. Oferecemos pre\u00e7os por grosso e servi\u00e7os de personaliza\u00e7\u00e3o completos para encomendas em grandes quantidades - contacte-nos para explorar oportunidades de parceria!<\/div>\n<h3 class=\"header-ZWWO7s auto-hide-last-sibling-br\">Principais carater\u00edsticas e vantagens<\/h3>\n<h4 class=\"header-ZWWO7s auto-hide-last-sibling-br\">1.\u00a0<strong>Forros destac\u00e1veis em tr\u00eas materiais<\/strong><\/h4>\n<ul class=\"auto-hide-last-sibling-br\">\n<li><strong>Revestimento cer\u00e2mico<\/strong>:\n<ul class=\"auto-hide-last-sibling-br\">\n<li>A superf\u00edcie n\u00e3o porosa e resistente a riscos impede a absor\u00e7\u00e3o do odor\/sabor dos alimentos.<\/li>\n<li>Ideal para reaquecer em fornos (at\u00e9 230\u00b0C) ou para servir diretamente pratos quentes.<\/li>\n<\/ul>\n<\/li>\n<li><strong>Revestimento de vidro<\/strong>:\n<ul class=\"auto-hide-last-sibling-br\">\n<li>O vidro de borossilicato resiste a choques t\u00e9rmicos e pode ser utilizado no micro-ondas e na m\u00e1quina de lavar lou\u00e7a.<\/li>\n<li>O design transparente permite que os utilizadores vejam o conte\u00fado num relance.<\/li>\n<\/ul>\n<\/li>\n<li><strong>Revestimento em a\u00e7o inoxid\u00e1vel<\/strong>:\n<ul class=\"auto-hide-last-sibling-br\">\n<li>O a\u00e7o 304 de qualidade alimentar garante durabilidade e resist\u00eancia \u00e0 corros\u00e3o.<\/li>\n<li>Leve e perfeito para refei\u00e7\u00f5es frias, snacks ou armazenamento \u00e0 prova de fugas.<\/li>\n<\/ul>\n<\/li>\n<\/ul>\n<h4 class=\"header-ZWWO7s auto-hide-last-sibling-br\">2.\u00a0<strong>Design amov\u00edvel para uma manuten\u00e7\u00e3o f\u00e1cil<\/strong><\/h4>\n<ul class=\"auto-hide-last-sibling-br\">\n<li>Os forros separam-se do revestimento exterior para uma limpeza completa (sem cantos dif\u00edceis de alcan\u00e7ar).<\/li>\n<li>Os revestimentos substitu\u00edveis prolongam a vida \u00fatil do produto - troque os materiais com base nos tipos de refei\u00e7\u00f5es ou prefer\u00eancias.<\/li>\n<\/ul>\n<h4 class=\"header-ZWWO7s auto-hide-last-sibling-br\">3.\u00a0<strong>Constru\u00e7\u00e3o isolada e \u00e0 prova de fugas<\/strong><\/h4>\n<ul class=\"auto-hide-last-sibling-br\">\n<li>As tampas seladas com silicone evitam derrames, adequadas para sopas, saladas ou molhos.<\/li>\n<li>Os inv\u00f3lucros exteriores de parede dupla (pl\u00e1stico PP ou ABS) proporcionam isolamento t\u00e9rmico:\n<ul class=\"auto-hide-last-sibling-br\">\n<li>Mant\u00e9m a comida quente durante 4-6 horas*<\/li>\n<li>Mant\u00e9m os artigos frios frescos durante 6-8 horas*<\/li>\n<\/ul>\n<\/li>\n<\/ul>\n<p>&nbsp;<\/p>\n<div class=\"auto-hide-last-sibling-br paragraph-jgxDqs paragraph-element br-paragraph-space\"><em>Nota: O desempenho do isolamento varia consoante o material do revestimento e as condi\u00e7\u00f5es ambientais.<\/em><\/div>\n<h4 class=\"header-ZWWO7s auto-hide-last-sibling-br\">4.\u00a0<strong>Op\u00e7\u00f5es vers\u00e1teis de tamanho e compartimento<\/strong><\/h4>\n<ul class=\"auto-hide-last-sibling-br\">\n<li>Modelos de um n\u00edvel (500ml-1L) e de v\u00e1rios compartimentos (2-3 camadas):\n<ul class=\"auto-hide-last-sibling-br\">\n<li>Os modelos com v\u00e1rios compartimentos separam as prote\u00ednas, os cereais e os legumes para refei\u00e7\u00f5es equilibradas.<\/li>\n<\/ul>\n<\/li>\n<li>O design empilh\u00e1vel permite poupar espa\u00e7o de arruma\u00e7\u00e3o em cozinhas, escrit\u00f3rios ou cacifos.<\/li>\n<\/ul>\n<h4 class=\"header-ZWWO7s auto-hide-last-sibling-br\">5.\u00a0<strong>Materiais ecol\u00f3gicos e seguros<\/strong><\/h4>\n<ul class=\"auto-hide-last-sibling-br\">\n<li>Todos os revestimentos e conchas n\u00e3o cont\u00eam BPA, s\u00e3o certificados pela FDA e cumprem as normas de seguran\u00e7a alimentar da UE.<\/li>\n<li>Os revestimentos em cer\u00e2mica e vidro n\u00e3o s\u00e3o t\u00f3xicos e n\u00e3o cont\u00eam metais pesados, sendo ideais para utilizadores preocupados com a sa\u00fade.<\/li>\n<\/ul>\n<h3 class=\"header-ZWWO7s auto-hide-last-sibling-br\">Servi\u00e7os de venda por grosso e personaliza\u00e7\u00e3o<\/h3>\n<div class=\"auto-hide-last-sibling-br paragraph-jgxDqs paragraph-element br-paragraph-space\">Como um fabricante l\u00edder, n\u00f3s oferecemos:<\/div>\n<p>&nbsp;<\/p>\n<ul class=\"auto-hide-last-sibling-br\">\n<li><strong>Descontos para encomendas em massa<\/strong>: Pre\u00e7os competitivos para encomendas \u2265200 unidades, com or\u00e7amentos \u00e0 medida para compras em grande escala.<\/li>\n<li><strong>Capacidades OEM\/ODM<\/strong>:\n<ul class=\"auto-hide-last-sibling-br\">\n<li><strong>Marca<\/strong>: Incorpora\u00e7\u00e3o de log\u00f3tipos atrav\u00e9s de grava\u00e7\u00e3o a laser, serigrafia ou etiquetas em relevo.<\/li>\n<li><strong>Revestimentos personalizados<\/strong>: Obter materiais espec\u00edficos (por exemplo, cer\u00e2mica colorida, vidro com padr\u00e3o) ou ajustar a espessura do revestimento.<\/li>\n<li><strong>Embalagem<\/strong>: Conceber caixas personalizadas, inser\u00e7\u00f5es ou inv\u00f3lucros ecol\u00f3gicos para aumentar a atratividade da venda a retalho.<\/li>\n<\/ul>\n<\/li>\n<li><strong>Teste de amostras<\/strong>: Solicite amostras gr\u00e1tis para avaliar a qualidade do material, a funcionalidade e o design antes de efetuar encomendas em massa.<\/li>\n<\/ul>","protected":false},"featured_media":11206,"comment_status":"closed","ping_status":"closed","template":"","meta":[],"product_cat":[58],"product_tag":[86,91],"class_list":{"0":"post-11204","1":"product","2":"type-product","3":"status-publish","4":"has-post-thumbnail","6":"product_cat-lunch-box-wholesale","7":"product_tag-wholesale-insulated-lunch-box","8":"product_tag-wholesale-round-lunch-box","10":"first","11":"instock","12":"shipping-taxable","13":"product-type-simple"},"_links":{"self":[{"href":"https:\/\/moyahousehold.com\/pt\/wp-json\/wp\/v2\/product\/11204","targetHints":{"allow":["GET"]}}],"collection":[{"href":"https:\/\/moyahousehold.com\/pt\/wp-json\/wp\/v2\/product"}],"about":[{"href":"https:\/\/moyahousehold.com\/pt\/wp-json\/wp\/v2\/types\/product"}],"replies":[{"embeddable":true,"href":"https:\/\/moyahousehold.com\/pt\/wp-json\/wp\/v2\/comments?post=11204"}],"version-history":[{"count":0,"href":"https:\/\/moyahousehold.com\/pt\/wp-json\/wp\/v2\/product\/11204\/revisions"}],"wp:featuredmedia":[{"embeddable":true,"href":"https:\/\/moyahousehold.com\/pt\/wp-json\/wp\/v2\/media\/11206"}],"wp:attachment":[{"href":"https:\/\/moyahousehold.com\/pt\/wp-json\/wp\/v2\/media?parent=11204"}],"wp:term":[{"taxonomy":"product_cat","embeddable":true,"href":"https:\/\/moyahousehold.com\/pt\/wp-json\/wp\/v2\/product_cat?post=11204"},{"taxonomy":"product_tag","embeddable":true,"href":"https:\/\/moyahousehold.com\/pt\/wp-json\/wp\/v2\/product_tag?post=11204"}],"curies":[{"name":"wp","href":"https:\/\/api.w.org\/{rel}","templated":true}]}}