{"id":11299,"date":"2025-07-12T02:23:16","date_gmt":"2025-07-12T02:23:16","guid":{"rendered":"https:\/\/moyahousehold.com\/?post_type=product&#038;p=11299"},"modified":"2025-07-12T02:29:33","modified_gmt":"2025-07-12T02:29:33","slug":"wholesale-glass-inner-vacuum-insulated-coffee-carafe%ef%bc%880-6l-and-1-0l%ef%bc%89-moya-thermal-carafe-manufacturer","status":"publish","type":"product","link":"https:\/\/moyahousehold.com\/pt\/produto\/wholesale-glass-inner-vacuum-insulated-coffee-carafe%ef%bc%880-6l-and-1-0l%ef%bc%89-moya-thermal-carafe-manufacturer\/","title":{"rendered":"Atacado de vidro interno de v\u00e1cuo isolado caf\u00e9 Carafe \uff080.6L e 1.0L\uff09 - Fabricante de jarra t\u00e9rmica MOYA"},"content":{"rendered":"<h3 class=\"wp-block-heading\">Par\u00e2metros da jarra de caf\u00e9 com isolamento a v\u00e1cuo<\/h3>\n\n\n\n<figure class=\"wp-block-table\"><table><tbody><tr><td>Capacidade<\/td><td>Material<\/td><td>Tamanho do produto<\/td><td>Tamanho da caixa exterior<\/td><td>Quantidade por caixa<\/td><td>Cor<\/td><\/tr><tr><td>0.6L<\/td><td rowspan=\"2\">Madeira, PP, Borosilicato, Inox<br>a\u00e7o, silicone<\/td><td>19,9*13,4*20,9cm<\/td><td>\/<\/td><td>12<\/td><td>Preto, Branco, A\u00e7o<\/td><\/tr><tr><td>1.0L<\/td><td>19,9*13,4*24,4cm<\/td><td>\/<\/td><td>12<\/td><td>Preto, Branco, A\u00e7o<\/td><\/tr><\/tbody><\/table><\/figure>\n\n\n\n<h3 class=\"wp-block-heading\">Op\u00e7\u00f5es de jarras de caf\u00e9 personalizadas<\/h3>\n\n\n\n<p><strong>Tampas: <\/strong>tampa de press\u00e3o em a\u00e7o inoxid\u00e1vel<br><strong>Log\u00f3tipo:<\/strong> personalizar o log\u00f3tipo da sua marca no produto e na embalagem.<br><strong>Op\u00e7\u00f5es de log\u00f3tipo:<\/strong> log\u00f3tipo impresso, log\u00f3tipo gravado a laser, etc.<br><strong>Padr\u00e3o: <\/strong>padr\u00f5es de impress\u00e3o em garrafas t\u00e9rmicas.<br><strong>Tecnologia de impress\u00e3o: <\/strong>impress\u00e3o por transfer\u00eancia de \u00e1gua, impress\u00e3o por serigrafia, impress\u00e3o por transfer\u00eancia de calor, transfer\u00eancia por sublima\u00e7\u00e3o e muito mais.<br><strong>Embalagem:<\/strong> caixa de cor<br><a href=\"https:\/\/moyahousehold.com\/pt\/solucao-personalizada\/\"><strong>Explore mais solu\u00e7\u00f5es de jarras de caf\u00e9 personalizadas.<\/strong><\/a><\/p>\n\n\n\n<div class=\"wp-block-columns is-layout-flex wp-container-core-columns-is-layout-9d6595d7 wp-block-columns-is-layout-flex\">\n<div class=\"wp-block-column is-layout-flow wp-block-column-is-layout-flow\">\n<figure class=\"wp-block-image size-full\"><img fetchpriority=\"high\" decoding=\"async\" width=\"3512\" height=\"3512\" src=\"https:\/\/moyahousehold.com\/wp-content\/uploads\/2025\/07\/Glass-lined-pizza-thermos-9.webp\" alt=\"Garrafa t\u00e9rmica de vidro para pizza\" class=\"wp-image-11278\" srcset=\"https:\/\/moyahousehold.com\/wp-content\/uploads\/2025\/07\/Glass-lined-pizza-thermos-9.webp 3512w, https:\/\/moyahousehold.com\/wp-content\/uploads\/2025\/07\/Glass-lined-pizza-thermos-9-300x300.webp 300w, https:\/\/moyahousehold.com\/wp-content\/uploads\/2025\/07\/Glass-lined-pizza-thermos-9-150x150.webp 150w, https:\/\/moyahousehold.com\/wp-content\/uploads\/2025\/07\/Glass-lined-pizza-thermos-9-768x768.webp 768w, https:\/\/moyahousehold.com\/wp-content\/uploads\/2025\/07\/Glass-lined-pizza-thermos-9-12x12.webp 12w, https:\/\/moyahousehold.com\/wp-content\/uploads\/2025\/07\/Glass-lined-pizza-thermos-9-285x285.webp 285w, https:\/\/moyahousehold.com\/wp-content\/uploads\/2025\/07\/Glass-lined-pizza-thermos-9-1600x1600.webp 1600w, https:\/\/moyahousehold.com\/wp-content\/uploads\/2025\/07\/Glass-lined-pizza-thermos-9-270x270.webp 270w, https:\/\/moyahousehold.com\/wp-content\/uploads\/2025\/07\/Glass-lined-pizza-thermos-9-540x540.webp 540w, https:\/\/moyahousehold.com\/wp-content\/uploads\/2025\/07\/Glass-lined-pizza-thermos-9-660x660.webp 660w\" sizes=\"(max-width: 3512px) 100vw, 3512px\" \/><\/figure>\n<\/div>\n\n\n\n<div class=\"wp-block-column is-layout-flow wp-block-column-is-layout-flow\">\n<figure class=\"wp-block-image size-full\"><img decoding=\"async\" width=\"3476\" height=\"3476\" src=\"https:\/\/moyahousehold.com\/wp-content\/uploads\/2025\/07\/Glass-lined-pizza-thermos-8.webp\" alt=\"Garrafa t\u00e9rmica de vidro para pizza\" class=\"wp-image-11277\" srcset=\"https:\/\/moyahousehold.com\/wp-content\/uploads\/2025\/07\/Glass-lined-pizza-thermos-8.webp 3476w, https:\/\/moyahousehold.com\/wp-content\/uploads\/2025\/07\/Glass-lined-pizza-thermos-8-300x300.webp 300w, https:\/\/moyahousehold.com\/wp-content\/uploads\/2025\/07\/Glass-lined-pizza-thermos-8-150x150.webp 150w, https:\/\/moyahousehold.com\/wp-content\/uploads\/2025\/07\/Glass-lined-pizza-thermos-8-768x768.webp 768w, https:\/\/moyahousehold.com\/wp-content\/uploads\/2025\/07\/Glass-lined-pizza-thermos-8-12x12.webp 12w, https:\/\/moyahousehold.com\/wp-content\/uploads\/2025\/07\/Glass-lined-pizza-thermos-8-285x285.webp 285w, https:\/\/moyahousehold.com\/wp-content\/uploads\/2025\/07\/Glass-lined-pizza-thermos-8-1600x1600.webp 1600w, https:\/\/moyahousehold.com\/wp-content\/uploads\/2025\/07\/Glass-lined-pizza-thermos-8-270x270.webp 270w, https:\/\/moyahousehold.com\/wp-content\/uploads\/2025\/07\/Glass-lined-pizza-thermos-8-540x540.webp 540w, https:\/\/moyahousehold.com\/wp-content\/uploads\/2025\/07\/Glass-lined-pizza-thermos-8-660x660.webp 660w\" sizes=\"(max-width: 3476px) 100vw, 3476px\" \/><\/figure>\n<\/div>\n<\/div>\n\n\n\n<p><\/p>","protected":false},"excerpt":{"rendered":"<h1 class=\"header-vfC6AV auto-hide-last-sibling-br\">Garrafa de caf\u00e9 com revestimento de vidro isolado por atacado<\/h1>\n<div class=\"auto-hide-last-sibling-br paragraph-JOTKXA paragraph-element br-paragraph-space\">Este jarro de caf\u00e9 isolado possui um efeito de reten\u00e7\u00e3o de calor excecional, permitindo a distribui\u00e7\u00e3o f\u00e1cil de \u00e1gua com um bot\u00e3o. Com um aspeto simples e elegante, \u00e9 adequada para utiliza\u00e7\u00e3o em casa e no escrit\u00f3rio. Oferecemos servi\u00e7os por atacado para jarras de caf\u00e9 isoladas, bem como solu\u00e7\u00f5es personalizadas - n\u00e3o hesite em contactar-nos a qualquer momento.<\/div>\n<h2 class=\"header-vfC6AV auto-hide-last-sibling-br\">Carater\u00edsticas da jarra de caf\u00e9 com revestimento de vidro isolante<\/h2>\n<ul class=\"auto-hide-last-sibling-br\">\n<li>\n<div class=\"auto-hide-last-sibling-br paragraph-JOTKXA paragraph-element br-paragraph-space\"><strong>Aspeto simples e elegante<\/strong>: Com um design minimalista, esta cafeteira com isolamento t\u00e9rmico est\u00e1 dispon\u00edvel nas cores cl\u00e1ssicas preto e bege. O seu aspeto elegante integra-se perfeitamente em v\u00e1rios ambientes dom\u00e9sticos, de escrit\u00f3rio ou comerciais.<\/div>\n<\/li>\n<li>\n<div class=\"auto-hide-last-sibling-br paragraph-JOTKXA paragraph-element br-paragraph-space\"><strong>Revestimento de vidro<\/strong>: O revestimento de vidro de alta qualidade garante durabilidade e robustez, preservando a seguran\u00e7a e o sabor puro da \u00e1gua, do caf\u00e9 e de outras bebidas.<\/div>\n<\/li>\n<li>\n<div class=\"auto-hide-last-sibling-br paragraph-JOTKXA paragraph-element br-paragraph-space\"><strong>Design de um bot\u00e3o de press\u00e3o<\/strong>: Equipado com um inovador mecanismo de press\u00e3o de um bot\u00e3o, elimina o inc\u00f3modo funcionamento dos tradicionais jarros t\u00e9rmicos, tornando a utiliza\u00e7\u00e3o mais c\u00f3moda.<\/div>\n<\/li>\n<li>\n<div class=\"auto-hide-last-sibling-br paragraph-JOTKXA paragraph-element br-paragraph-space\"><strong>Efeito de isolamento de longa dura\u00e7\u00e3o<\/strong>: Utilizando a tecnologia de isolamento a v\u00e1cuo, este jarro pode manter os l\u00edquidos quentes durante um per\u00edodo prolongado, assegurando que o caf\u00e9, o ch\u00e1 e outras bebidas mant\u00eam a sua temperatura ideal durante horas.<\/div>\n<\/li>\n<li>\n<div class=\"auto-hide-last-sibling-br paragraph-JOTKXA paragraph-element br-paragraph-space\"><strong>Pre\u00e7os por grosso<\/strong>: Os fabricantes de Moya oferecem pre\u00e7os grossistas altamente competitivos, ideais para retalhistas, distribuidores e compras a granel na ind\u00fastria da restaura\u00e7\u00e3o.<\/div>\n<\/li>\n<li>\n<div class=\"auto-hide-last-sibling-br paragraph-JOTKXA paragraph-element br-paragraph-space\"><strong>Servi\u00e7os de personaliza\u00e7\u00e3o OEM e ODM<\/strong>: Atrav\u00e9s dos nossos servi\u00e7os OEM e ODM, pode personalizar o aspeto, a capacidade e o log\u00f3tipo da marca do jarro para criar produtos \u00fanicos e personalizados.<\/div>\n<\/li>\n<\/ul>","protected":false},"featured_media":11276,"comment_status":"open","ping_status":"closed","template":"","meta":[],"product_cat":[54],"product_tag":[66,78,85],"class_list":{"0":"post-11299","1":"product","2":"type-product","3":"status-publish","4":"has-post-thumbnail","6":"product_cat-thermal-carafe-wholesale","7":"product_tag-wholesale-1000ml-thermos-carafe","8":"product_tag-wholesale-1500ml-thermos-carafe","9":"product_tag-wholesale-stainless-steel-liner-thermos-carafe","11":"first","12":"instock","13":"shipping-taxable","14":"product-type-simple"},"_links":{"self":[{"href":"https:\/\/moyahousehold.com\/pt\/wp-json\/wp\/v2\/product\/11299","targetHints":{"allow":["GET"]}}],"collection":[{"href":"https:\/\/moyahousehold.com\/pt\/wp-json\/wp\/v2\/product"}],"about":[{"href":"https:\/\/moyahousehold.com\/pt\/wp-json\/wp\/v2\/types\/product"}],"replies":[{"embeddable":true,"href":"https:\/\/moyahousehold.com\/pt\/wp-json\/wp\/v2\/comments?post=11299"}],"version-history":[{"count":0,"href":"https:\/\/moyahousehold.com\/pt\/wp-json\/wp\/v2\/product\/11299\/revisions"}],"wp:featuredmedia":[{"embeddable":true,"href":"https:\/\/moyahousehold.com\/pt\/wp-json\/wp\/v2\/media\/11276"}],"wp:attachment":[{"href":"https:\/\/moyahousehold.com\/pt\/wp-json\/wp\/v2\/media?parent=11299"}],"wp:term":[{"taxonomy":"product_cat","embeddable":true,"href":"https:\/\/moyahousehold.com\/pt\/wp-json\/wp\/v2\/product_cat?post=11299"},{"taxonomy":"product_tag","embeddable":true,"href":"https:\/\/moyahousehold.com\/pt\/wp-json\/wp\/v2\/product_tag?post=11299"}],"curies":[{"name":"wp","href":"https:\/\/api.w.org\/{rel}","templated":true}]}}