{"id":11308,"date":"2025-07-12T02:41:39","date_gmt":"2025-07-12T02:41:39","guid":{"rendered":"https:\/\/moyahousehold.com\/?post_type=product&#038;p=11308"},"modified":"2025-07-12T02:49:25","modified_gmt":"2025-07-12T02:49:25","slug":"new-release-glass-inne-insulated-carafe-enhanced-insulation-leakproof-design","status":"publish","type":"product","link":"https:\/\/moyahousehold.com\/pt\/produto\/new-release-glass-inne-insulated-carafe-enhanced-insulation-leakproof-design\/","title":{"rendered":"Novo lan\u00e7amento Garrafa de vidro com isolamento t\u00e9rmico Inne - isolamento melhorado e design \u00e0 prova de fugas"},"content":{"rendered":"<h3 class=\"wp-block-heading\">Par\u00e2metros da jarra de caf\u00e9 com isolamento a v\u00e1cuo<\/h3>\n\n\n\n<figure class=\"wp-block-table\"><table><tbody><tr><td>Capacidade<\/td><td>Material<\/td><td>Tamanho do produto<\/td><td>Tamanho da caixa exterior<\/td><td>Quantidade por caixa<\/td><td>Cor<\/td><\/tr><tr><td>0.6L<\/td><td rowspan=\"2\">Madeira, PP, Borosilicato, Inox<br>a\u00e7o, silicone<\/td><td>17,5*12*29,9cm<\/td><td>\/<\/td><td>12<\/td><td>Preto, Branco, A\u00e7o<\/td><\/tr><tr><td>1.0L<\/td><td>19*12,9*33,9cm<\/td><td>\/<\/td><td>12<\/td><td>Preto, Branco, A\u00e7o<\/td><\/tr><\/tbody><\/table><\/figure>\n\n\n\n<h3 class=\"wp-block-heading\">Op\u00e7\u00f5es de jarras de caf\u00e9 personalizadas<\/h3>\n\n\n\n<p><strong>Tampas: <\/strong>Tampa de press\u00e3o PP<br><strong>Log\u00f3tipo:<\/strong> personalizar o log\u00f3tipo da sua marca no produto e na embalagem.<br><strong>Op\u00e7\u00f5es de log\u00f3tipo:<\/strong> log\u00f3tipo impresso, log\u00f3tipo gravado a laser, etc.<br><strong>Padr\u00e3o: <\/strong>padr\u00f5es de impress\u00e3o em garrafas t\u00e9rmicas.<br><strong>Tecnologia de impress\u00e3o: <\/strong>impress\u00e3o por transfer\u00eancia de \u00e1gua, impress\u00e3o por serigrafia, impress\u00e3o por transfer\u00eancia de calor, transfer\u00eancia por sublima\u00e7\u00e3o e muito mais.<br><strong>Embalagem:<\/strong> caixa de cor<br><a href=\"https:\/\/moyahousehold.com\/pt\/solucao-personalizada\/\"><strong>Explore mais solu\u00e7\u00f5es de jarras de caf\u00e9 personalizadas.<\/strong><\/a><\/p>\n\n\n\n<div class=\"wp-block-columns is-layout-flex wp-container-core-columns-is-layout-9d6595d7 wp-block-columns-is-layout-flex\">\n<div class=\"wp-block-column is-layout-flow wp-block-column-is-layout-flow\">\n<figure class=\"wp-block-image size-full\"><img fetchpriority=\"high\" decoding=\"async\" width=\"4158\" height=\"4158\" src=\"https:\/\/moyahousehold.com\/wp-content\/uploads\/2025\/07\/Spire-insulated-kettle-14.webp\" alt=\"Chaleira com isolamento t\u00e9rmico Spire \" class=\"wp-image-11295\" srcset=\"https:\/\/moyahousehold.com\/wp-content\/uploads\/2025\/07\/Spire-insulated-kettle-14.webp 4158w, https:\/\/moyahousehold.com\/wp-content\/uploads\/2025\/07\/Spire-insulated-kettle-14-300x300.webp 300w, https:\/\/moyahousehold.com\/wp-content\/uploads\/2025\/07\/Spire-insulated-kettle-14-150x150.webp 150w, https:\/\/moyahousehold.com\/wp-content\/uploads\/2025\/07\/Spire-insulated-kettle-14-768x768.webp 768w, https:\/\/moyahousehold.com\/wp-content\/uploads\/2025\/07\/Spire-insulated-kettle-14-12x12.webp 12w, https:\/\/moyahousehold.com\/wp-content\/uploads\/2025\/07\/Spire-insulated-kettle-14-285x285.webp 285w, https:\/\/moyahousehold.com\/wp-content\/uploads\/2025\/07\/Spire-insulated-kettle-14-1600x1600.webp 1600w, https:\/\/moyahousehold.com\/wp-content\/uploads\/2025\/07\/Spire-insulated-kettle-14-270x270.webp 270w, https:\/\/moyahousehold.com\/wp-content\/uploads\/2025\/07\/Spire-insulated-kettle-14-540x540.webp 540w, https:\/\/moyahousehold.com\/wp-content\/uploads\/2025\/07\/Spire-insulated-kettle-14-660x660.webp 660w\" sizes=\"(max-width: 4158px) 100vw, 4158px\" \/><\/figure>\n<\/div>\n\n\n\n<div class=\"wp-block-column is-layout-flow wp-block-column-is-layout-flow\">\n<figure class=\"wp-block-image size-full\"><img decoding=\"async\" width=\"4077\" height=\"4077\" src=\"https:\/\/moyahousehold.com\/wp-content\/uploads\/2025\/07\/Spire-insulated-kettle-1.webp\" alt=\"Chaleira com isolamento t\u00e9rmico Spire \" class=\"wp-image-11282\" srcset=\"https:\/\/moyahousehold.com\/wp-content\/uploads\/2025\/07\/Spire-insulated-kettle-1.webp 4077w, https:\/\/moyahousehold.com\/wp-content\/uploads\/2025\/07\/Spire-insulated-kettle-1-300x300.webp 300w, https:\/\/moyahousehold.com\/wp-content\/uploads\/2025\/07\/Spire-insulated-kettle-1-150x150.webp 150w, https:\/\/moyahousehold.com\/wp-content\/uploads\/2025\/07\/Spire-insulated-kettle-1-768x768.webp 768w, https:\/\/moyahousehold.com\/wp-content\/uploads\/2025\/07\/Spire-insulated-kettle-1-12x12.webp 12w, https:\/\/moyahousehold.com\/wp-content\/uploads\/2025\/07\/Spire-insulated-kettle-1-285x285.webp 285w, https:\/\/moyahousehold.com\/wp-content\/uploads\/2025\/07\/Spire-insulated-kettle-1-1600x1600.webp 1600w, https:\/\/moyahousehold.com\/wp-content\/uploads\/2025\/07\/Spire-insulated-kettle-1-270x270.webp 270w, https:\/\/moyahousehold.com\/wp-content\/uploads\/2025\/07\/Spire-insulated-kettle-1-540x540.webp 540w, https:\/\/moyahousehold.com\/wp-content\/uploads\/2025\/07\/Spire-insulated-kettle-1-660x660.webp 660w\" sizes=\"(max-width: 4077px) 100vw, 4077px\" \/><\/figure>\n<\/div>\n<\/div>\n\n\n\n<p><\/p>","protected":false},"excerpt":{"rendered":"<div class=\"inter-jQQQ8P\">\n<div class=\"container-PrUkKo\">\n<div class=\"item-hGGxLi\">\n<div class=\"container-arOxqB chrome70-container\">\n<div class=\"inner-FyM8gE inner-item-swzCut\" data-target-id=\"message-box-target-id\" data-testid=\"union_message\">\n<div class=\"message-block-container-aFugD6\" data-testid=\"message-block-container\">\n<div class=\"flex flex-row w-full w-full max-w-full s-font-base text-s-color-text-secondary p-0 rounded-s-radius-s bg-transparent group data-[attr=select-mode]:-mt-10 data-[attr=select-mode]:py-10 data-[attr=select-mode]:px-16 data-[attr=select-mode]:sm:p-10 data-[attr=select-mode]:hover:bg-s-color-bg-base data-[attr=select-mode]:hover:rounded-s-radius-xs data-[attr=select-mode]:has-[:checked]:bg-s-color-bg-trans data-[attr=select-mode]:has-[:checked]:rounded-s-radius-xs data-[attr=select-mode]:pointer-events-none\" data-testid=\"receive_message\">\n<div class=\"flex flex-col flex-grow max-w-full min-w-0\">\n<div class=\"flex flex-row w-full\" data-testid=\"message_content\" data-message-id=\"11906409299183362\">\n<div class=\"w-full\" data-plugin-identifier=\"Symbol(receive-write-text-content)\">\n<div class=\"container-ZYIsnH flow-markdown-body theme-samantha-Nbr9UN\" dir=\"ltr\" data-testid=\"message_text_content\" data-show-indicator=\"false\">\n<h1 class=\"header-vfC6AV auto-hide-last-sibling-br\">Novo lan\u00e7amento: Garrafa de caf\u00e9 isolada com revestimento de vidro<\/h1>\n<div class=\"auto-hide-last-sibling-br paragraph-JOTKXA paragraph-element br-paragraph-space\">Esta rec\u00e9m-lan\u00e7ada jarra de caf\u00e9 isolada apresenta uma excecional reten\u00e7\u00e3o de calor, aliada a um pr\u00e1tico design de dispensa de um bot\u00e3o para uma utiliza\u00e7\u00e3o sem esfor\u00e7o. O seu aspeto elegante e minimalista torna-o perfeito para casa e para o escrit\u00f3rio. Oferecemos servi\u00e7os grossistas para este novo jarro isolado com revestimento de vidro, juntamente com solu\u00e7\u00f5es de personaliza\u00e7\u00e3o flex\u00edveis - n\u00e3o hesite em contactar-nos a qualquer momento.<\/div>\n<h2 class=\"header-vfC6AV auto-hide-last-sibling-br\">Carater\u00edsticas da nova jarra de caf\u00e9 isolada com revestimento de vidro<\/h2>\n<ul class=\"auto-hide-last-sibling-br\">\n<li>\n<div class=\"auto-hide-last-sibling-br paragraph-JOTKXA paragraph-element br-paragraph-space\"><strong>Design elegante e intemporal<\/strong>: Criada com uma est\u00e9tica minimalista e dispon\u00edvel nas cores cl\u00e1ssicas preto e bege, esta nova garrafa integra-se perfeitamente em casa, no escrit\u00f3rio ou em espa\u00e7os comerciais, acrescentando um toque de eleg\u00e2ncia discreta.<\/div>\n<\/li>\n<li>\n<div class=\"auto-hide-last-sibling-br paragraph-JOTKXA paragraph-element br-paragraph-space\"><strong>Revestimento de vidro de qualidade superior<\/strong>: O revestimento interior de vidro de alta qualidade garante durabilidade, preservando o sabor puro da \u00e1gua, do caf\u00e9 e de outras bebidas, sem odores ou res\u00edduos indesejados, garantindo uma experi\u00eancia de consumo segura.<\/div>\n<\/li>\n<li>\n<div class=\"auto-hide-last-sibling-br paragraph-JOTKXA paragraph-element br-paragraph-space\"><strong>Funcionamento com um bot\u00e3o<\/strong>: Equipado com um mecanismo inovador de um s\u00f3 toque, elimina o inc\u00f3modo dos tradicionais jarros t\u00e9rmicos, tornando o despejo r\u00e1pido e f\u00e1cil, mesmo com uma s\u00f3 m\u00e3o.<\/div>\n<\/li>\n<li>\n<div class=\"auto-hide-last-sibling-br paragraph-JOTKXA paragraph-element br-paragraph-space\"><strong>Reten\u00e7\u00e3o de temperatura de longa dura\u00e7\u00e3o<\/strong>: Gra\u00e7as \u00e0 tecnologia avan\u00e7ada de isolamento a v\u00e1cuo, este novo jarro mant\u00e9m os l\u00edquidos quentes durante longos per\u00edodos, garantindo que o caf\u00e9, o ch\u00e1 e outras bebidas quentes se mant\u00eam \u00e0 temperatura ideal para beber.<\/div>\n<\/li>\n<li>\n<div class=\"auto-hide-last-sibling-br paragraph-JOTKXA paragraph-element br-paragraph-space\"><strong>Pre\u00e7os competitivos por grosso<\/strong>: Os fabricantes de Moya oferecem pre\u00e7os por atacado altamente competitivos para este novo lan\u00e7amento, atendendo a retalhistas, distribuidores e compradores a granel na ind\u00fastria de servi\u00e7os alimentares.<\/div>\n<\/li>\n<li>\n<div class=\"auto-hide-last-sibling-br paragraph-JOTKXA paragraph-element br-paragraph-space\"><strong>Personaliza\u00e7\u00e3o OEM e ODM<\/strong>: Os nossos servi\u00e7os OEM e ODM permitem-lhe adaptar o novo jarro \u00e0s suas necessidades - personalizar o seu aspeto, capacidade ou adicionar o log\u00f3tipo da sua marca para criar um produto \u00fanico e pronto a ser comercializado.<\/div>\n<\/li>\n<\/ul>\n<\/div>\n<\/div>\n<\/div>\n<div class=\"answer-action-bar-pgm2JD answer-action-bar flex flex-col justify-end\" data-testid=\"message_action_bar\">\n<div class=\"container-rxM4SW flex flex-row items-start w-full self-center\" data-message-action-bar=\"1\">\n<div class=\"left-Y7jNAM\">\u00a0<\/div>\n<\/div>\n<\/div>\n<\/div>\n<\/div>\n<\/div>\n<\/div>\n<\/div>\n<\/div>\n<\/div>\n<\/div>","protected":false},"featured_media":11287,"comment_status":"open","ping_status":"closed","template":"","meta":[],"product_cat":[54],"product_tag":[66,78,85],"class_list":{"0":"post-11308","1":"product","2":"type-product","3":"status-publish","4":"has-post-thumbnail","6":"product_cat-thermal-carafe-wholesale","7":"product_tag-wholesale-1000ml-thermos-carafe","8":"product_tag-wholesale-1500ml-thermos-carafe","9":"product_tag-wholesale-stainless-steel-liner-thermos-carafe","11":"first","12":"instock","13":"shipping-taxable","14":"product-type-simple"},"_links":{"self":[{"href":"https:\/\/moyahousehold.com\/pt\/wp-json\/wp\/v2\/product\/11308","targetHints":{"allow":["GET"]}}],"collection":[{"href":"https:\/\/moyahousehold.com\/pt\/wp-json\/wp\/v2\/product"}],"about":[{"href":"https:\/\/moyahousehold.com\/pt\/wp-json\/wp\/v2\/types\/product"}],"replies":[{"embeddable":true,"href":"https:\/\/moyahousehold.com\/pt\/wp-json\/wp\/v2\/comments?post=11308"}],"version-history":[{"count":0,"href":"https:\/\/moyahousehold.com\/pt\/wp-json\/wp\/v2\/product\/11308\/revisions"}],"wp:featuredmedia":[{"embeddable":true,"href":"https:\/\/moyahousehold.com\/pt\/wp-json\/wp\/v2\/media\/11287"}],"wp:attachment":[{"href":"https:\/\/moyahousehold.com\/pt\/wp-json\/wp\/v2\/media?parent=11308"}],"wp:term":[{"taxonomy":"product_cat","embeddable":true,"href":"https:\/\/moyahousehold.com\/pt\/wp-json\/wp\/v2\/product_cat?post=11308"},{"taxonomy":"product_tag","embeddable":true,"href":"https:\/\/moyahousehold.com\/pt\/wp-json\/wp\/v2\/product_tag?post=11308"}],"curies":[{"name":"wp","href":"https:\/\/api.w.org\/{rel}","templated":true}]}}