{"id":11318,"date":"2025-07-12T02:52:48","date_gmt":"2025-07-12T02:52:48","guid":{"rendered":"https:\/\/moyahousehold.com\/?post_type=product&#038;p=11318"},"modified":"2025-07-12T07:23:48","modified_gmt":"2025-07-12T07:23:48","slug":"wholesale-insulated-water-dispenser-2000ml-vacuum-thermal-insulation-for-home-office-use","status":"publish","type":"product","link":"https:\/\/moyahousehold.com\/pt\/produto\/wholesale-insulated-water-dispenser-2000ml-vacuum-thermal-insulation-for-home-office-use\/","title":{"rendered":"Distribuidor de \u00e1gua isolado por atacado 2000ML: Isolamento t\u00e9rmico a v\u00e1cuo para uso dom\u00e9stico"},"content":{"rendered":"<div class=\"wp-block-columns is-layout-flex wp-container-core-columns-is-layout-9d6595d7 wp-block-columns-is-layout-flex\">\n<div class=\"wp-block-column is-layout-flow wp-block-column-is-layout-flow\">\n<h3 class=\"wp-block-heading\">Par\u00e2metros do distribuidor de \u00e1gua isolado<\/h3>\n\n\n\n<p><strong>N\u00famero do modelo<\/strong>:MY0014<br><strong>Material<\/strong>:A\u00e7o inoxid\u00e1vel 304 +PP + Borossilicato+ gel de s\u00edlica<br><strong>Dimens\u00e3o:<\/strong>230x176x324mm<br><strong>Cor<\/strong>:preto\/bege\/a\u00e7o<br><strong>Sem BPA<\/strong><\/p>\n\n\n\n<h3 class=\"wp-block-heading\">Op\u00e7\u00f5es de garrafas t\u00e9rmicas personalizadas<\/h3>\n\n\n\n<p><strong>Log\u00f3tipo<\/strong>: personalizar o log\u00f3tipo da sua marca no produto e na embalagem.<br><strong>Op\u00e7\u00f5es de log\u00f3tipo<\/strong>: log\u00f3tipo impresso, log\u00f3tipo gravado a laser, etc.<br><strong>Padr\u00e3o<\/strong>: padr\u00f5es de impress\u00e3o.<br><strong>Tecnologia de impress\u00e3o<\/strong>: impress\u00e3o por transfer\u00eancia de \u00e1gua, impress\u00e3o por serigrafia, impress\u00e3o por transfer\u00eancia de calor, transfer\u00eancia por sublima\u00e7\u00e3o, etc.<br><strong>Embalagem:<\/strong> caixa de cor<br><a href=\"https:\/\/moyahousehold.com\/pt\/solucao-personalizada\/\" target=\"_blank\" rel=\"noreferrer noopener\"><strong>Saiba mais sobre as solu\u00e7\u00f5es de garrafas t\u00e9rmicas personalizadas<\/strong><\/a><\/p>\n<\/div>\n<\/div>\n\n\n\n<div class=\"wp-block-columns is-layout-flex wp-container-core-columns-is-layout-9d6595d7 wp-block-columns-is-layout-flex\">\n<div class=\"wp-block-column is-layout-flow wp-block-column-is-layout-flow\">\n<figure class=\"wp-block-image size-full\"><img fetchpriority=\"high\" decoding=\"async\" width=\"3842\" height=\"3842\" src=\"https:\/\/moyahousehold.com\/wp-content\/uploads\/2025\/07\/Simple-pneumatic-thermos-flask-3.webp\" alt=\"Garrafa t\u00e9rmica pneum\u00e1tica simples\" class=\"wp-image-11330\" srcset=\"https:\/\/moyahousehold.com\/wp-content\/uploads\/2025\/07\/Simple-pneumatic-thermos-flask-3.webp 3842w, https:\/\/moyahousehold.com\/wp-content\/uploads\/2025\/07\/Simple-pneumatic-thermos-flask-3-300x300.webp 300w, https:\/\/moyahousehold.com\/wp-content\/uploads\/2025\/07\/Simple-pneumatic-thermos-flask-3-150x150.webp 150w, https:\/\/moyahousehold.com\/wp-content\/uploads\/2025\/07\/Simple-pneumatic-thermos-flask-3-768x768.webp 768w, https:\/\/moyahousehold.com\/wp-content\/uploads\/2025\/07\/Simple-pneumatic-thermos-flask-3-12x12.webp 12w, https:\/\/moyahousehold.com\/wp-content\/uploads\/2025\/07\/Simple-pneumatic-thermos-flask-3-285x285.webp 285w, https:\/\/moyahousehold.com\/wp-content\/uploads\/2025\/07\/Simple-pneumatic-thermos-flask-3-1600x1600.webp 1600w, https:\/\/moyahousehold.com\/wp-content\/uploads\/2025\/07\/Simple-pneumatic-thermos-flask-3-270x270.webp 270w, https:\/\/moyahousehold.com\/wp-content\/uploads\/2025\/07\/Simple-pneumatic-thermos-flask-3-540x540.webp 540w, https:\/\/moyahousehold.com\/wp-content\/uploads\/2025\/07\/Simple-pneumatic-thermos-flask-3-660x660.webp 660w\" sizes=\"(max-width: 3842px) 100vw, 3842px\" \/><\/figure>\n<\/div>\n\n\n\n<div class=\"wp-block-column is-layout-flow wp-block-column-is-layout-flow\">\n<figure class=\"wp-block-image size-full\"><img decoding=\"async\" width=\"3633\" height=\"3633\" src=\"https:\/\/moyahousehold.com\/wp-content\/uploads\/2025\/07\/Simple-pneumatic-thermos-flask-2.webp\" alt=\"Garrafa t\u00e9rmica pneum\u00e1tica simples\" class=\"wp-image-11329\" srcset=\"https:\/\/moyahousehold.com\/wp-content\/uploads\/2025\/07\/Simple-pneumatic-thermos-flask-2.webp 3633w, https:\/\/moyahousehold.com\/wp-content\/uploads\/2025\/07\/Simple-pneumatic-thermos-flask-2-300x300.webp 300w, https:\/\/moyahousehold.com\/wp-content\/uploads\/2025\/07\/Simple-pneumatic-thermos-flask-2-150x150.webp 150w, https:\/\/moyahousehold.com\/wp-content\/uploads\/2025\/07\/Simple-pneumatic-thermos-flask-2-768x768.webp 768w, https:\/\/moyahousehold.com\/wp-content\/uploads\/2025\/07\/Simple-pneumatic-thermos-flask-2-12x12.webp 12w, https:\/\/moyahousehold.com\/wp-content\/uploads\/2025\/07\/Simple-pneumatic-thermos-flask-2-285x285.webp 285w, https:\/\/moyahousehold.com\/wp-content\/uploads\/2025\/07\/Simple-pneumatic-thermos-flask-2-1600x1600.webp 1600w, https:\/\/moyahousehold.com\/wp-content\/uploads\/2025\/07\/Simple-pneumatic-thermos-flask-2-270x270.webp 270w, https:\/\/moyahousehold.com\/wp-content\/uploads\/2025\/07\/Simple-pneumatic-thermos-flask-2-540x540.webp 540w, https:\/\/moyahousehold.com\/wp-content\/uploads\/2025\/07\/Simple-pneumatic-thermos-flask-2-660x660.webp 660w\" sizes=\"(max-width: 3633px) 100vw, 3633px\" \/><\/figure>\n<\/div>\n<\/div>\n\n\n\n<p><\/p>","protected":false},"excerpt":{"rendered":"<div class=\"ace-line heading-h1\" dir=\"auto\" data-node=\"true\"><span data-leaf=\"true\"><span class=\"lb\">Novo lan\u00e7amento: Chaleira de press\u00e3o isolada de 2500 ml com revestimento de vidro<\/span><\/span><span data-string=\"true\" data-enter=\"true\" data-leaf=\"true\">\u200b<\/span><\/div>\n<div class=\"ace-line\" dir=\"auto\" data-node=\"true\"><span data-leaf=\"true\"><span class=\"lb\">Esta rec\u00e9m-lan\u00e7ada chaleira de press\u00e3o isolada de 2500 ml com um revestimento de vidro mant\u00e9m a temperatura interna das bebidas durante longos per\u00edodos. Concebida para ser leve e equipada com uma pega confort\u00e1vel, oferece uma portabilidade excecional. Ideal para servir v\u00e1rias pessoas, \u00e9 perfeita para reuni\u00f5es familiares, escrit\u00f3rios ou aventuras ao ar livre.<\/span><\/span><span data-string=\"true\" data-enter=\"true\" data-leaf=\"true\">\u200b<\/span><\/div>\n<div class=\"ace-line heading-h2\" dir=\"auto\" data-node=\"true\"><span data-leaf=\"true\"><span class=\"lb\">Carater\u00edsticas da chaleira de press\u00e3o isolada de 2500 ml com revestimento de vidro<\/span><\/span><span data-string=\"true\" data-enter=\"true\" data-leaf=\"true\">\u200b<\/span><\/div>\n<div class=\"ace-line list-div\" dir=\"auto\" data-node=\"true\">\n<ul class=\"list-bullet1 r-list r-list-bullet\">\n<li><span data-leaf=\"true\"><span class=\"lb\">Funcionamento sem esfor\u00e7o<\/span><\/span><span data-leaf=\"true\"><span class=\"lb\">: Gra\u00e7as ao design baseado na press\u00e3o, um simples premir de bot\u00e3o desencadeia a distribui\u00e7\u00e3o autom\u00e1tica de \u00e1gua ou de bebidas, tornando o ato de servir incrivelmente r\u00e1pido e c\u00f3modo.<\/span><\/span><span data-string=\"true\" data-enter=\"true\" data-leaf=\"true\">\u200b<\/span><\/li>\n<\/ul>\n<\/div>\n<div class=\"ace-line list-div\" dir=\"auto\" data-node=\"true\">\n<ul class=\"list-bullet1 r-list r-list-bullet\">\n<li><span data-leaf=\"true\"><span class=\"lb\">Excelente desempenho de isolamento<\/span><\/span><span data-leaf=\"true\"><span class=\"lb\">: Utilizando a tecnologia de isolamento a v\u00e1cuo de camada dupla, esta chaleira mant\u00e9m eficazmente a temperatura ideal das bebidas quentes e frias, garantindo que cada gole \u00e9 agrad\u00e1vel.<\/span><\/span><span data-string=\"true\" data-enter=\"true\" data-leaf=\"true\">\u200b<\/span><\/li>\n<\/ul>\n<\/div>\n<div class=\"ace-line list-div\" dir=\"auto\" data-node=\"true\">\n<ul class=\"list-bullet1 r-list r-list-bullet\">\n<li><span data-leaf=\"true\"><span class=\"lb\">Capacidade generosa<\/span><\/span><span data-leaf=\"true\"><span class=\"lb\">: Com uma capacidade de 2,5 litros, satisfaz as necessidades regulares de consumo em festas e reuni\u00f5es, poupando-o ao inc\u00f3modo de reabastecimentos frequentes.<\/span><\/span><span data-string=\"true\" data-enter=\"true\" data-leaf=\"true\">\u200b<\/span><\/li>\n<\/ul>\n<\/div>\n<div class=\"ace-line list-div\" dir=\"auto\" data-node=\"true\">\n<ul class=\"list-bullet1 r-list r-list-bullet\">\n<li><span data-leaf=\"true\"><span class=\"lb\">Altamente port\u00e1til<\/span><\/span><span data-leaf=\"true\"><span class=\"lb\">: A sua constru\u00e7\u00e3o leve, a forma compacta e o design f\u00e1cil de transportar fazem dele uma excelente escolha para actividades ao ar livre, viagens ou acampamentos.<\/span><\/span><span data-string=\"true\" data-enter=\"true\" data-leaf=\"true\">\u200b<\/span><\/li>\n<\/ul>\n<\/div>\n<div class=\"ace-line list-div\" dir=\"auto\" data-node=\"true\">\n<ul class=\"list-bullet1 r-list r-list-bullet\">\n<li><span data-leaf=\"true\"><span class=\"lb\">F\u00e1cil de limpar<\/span><\/span><span data-leaf=\"true\"><span class=\"lb\">: A chaleira pode ser facilmente desmontada, o que permite aos utilizadores limparem facilmente todos os cantos e recantos durante a utiliza\u00e7\u00e3o.<\/span><\/span><span data-string=\"true\" data-enter=\"true\" data-leaf=\"true\">\u200b<\/span><\/li>\n<\/ul>\n<\/div>\n<div class=\"ace-line list-div\" dir=\"auto\" data-node=\"true\">\n<ul class=\"list-bullet1 r-list r-list-bullet\">\n<li><span data-leaf=\"true\"><span class=\"lb\">Design amigo do ambiente<\/span><\/span><span data-leaf=\"true\"><span class=\"lb\">: Para al\u00e9m da praticidade, o seu design respeita os princ\u00edpios ecol\u00f3gicos. Reutiliz\u00e1vel uma e outra vez, esta chaleira de press\u00e3o isolada ajuda a reduzir o consumo de garrafas de pl\u00e1stico descart\u00e1veis, contribuindo para um estilo de vida mais ecol\u00f3gico.<\/span><\/span><span data-string=\"true\" data-enter=\"true\" data-leaf=\"true\">\u200b<\/span><\/li>\n<\/ul>\n<\/div>","protected":false},"featured_media":11332,"comment_status":"closed","ping_status":"closed","template":"","meta":[],"product_cat":[54],"product_tag":[85],"class_list":{"0":"post-11318","1":"product","2":"type-product","3":"status-publish","4":"has-post-thumbnail","6":"product_cat-thermal-carafe-wholesale","7":"product_tag-wholesale-stainless-steel-liner-thermos-carafe","9":"first","10":"instock","11":"shipping-taxable","12":"product-type-simple"},"_links":{"self":[{"href":"https:\/\/moyahousehold.com\/pt\/wp-json\/wp\/v2\/product\/11318","targetHints":{"allow":["GET"]}}],"collection":[{"href":"https:\/\/moyahousehold.com\/pt\/wp-json\/wp\/v2\/product"}],"about":[{"href":"https:\/\/moyahousehold.com\/pt\/wp-json\/wp\/v2\/types\/product"}],"replies":[{"embeddable":true,"href":"https:\/\/moyahousehold.com\/pt\/wp-json\/wp\/v2\/comments?post=11318"}],"version-history":[{"count":0,"href":"https:\/\/moyahousehold.com\/pt\/wp-json\/wp\/v2\/product\/11318\/revisions"}],"wp:featuredmedia":[{"embeddable":true,"href":"https:\/\/moyahousehold.com\/pt\/wp-json\/wp\/v2\/media\/11332"}],"wp:attachment":[{"href":"https:\/\/moyahousehold.com\/pt\/wp-json\/wp\/v2\/media?parent=11318"}],"wp:term":[{"taxonomy":"product_cat","embeddable":true,"href":"https:\/\/moyahousehold.com\/pt\/wp-json\/wp\/v2\/product_cat?post=11318"},{"taxonomy":"product_tag","embeddable":true,"href":"https:\/\/moyahousehold.com\/pt\/wp-json\/wp\/v2\/product_tag?post=11318"}],"curies":[{"name":"wp","href":"https:\/\/api.w.org\/{rel}","templated":true}]}}