{"id":11336,"date":"2025-07-12T07:53:50","date_gmt":"2025-07-12T07:53:50","guid":{"rendered":"https:\/\/moyahousehold.com\/?post_type=product&#038;p=11336"},"modified":"2026-04-04T10:11:52","modified_gmt":"2026-04-04T10:11:52","slug":"stainless-steel-oil-kettle-compact-easy-pour-perfect-for-home-restaurant-use","status":"publish","type":"product","link":"https:\/\/moyahousehold.com\/pt\/produto\/stainless-steel-oil-kettle-compact-easy-pour-perfect-for-home-restaurant-use\/","title":{"rendered":"MOYA SUS304 Stainless Steel Oil Kettle with Frying Basket | Bulk Oil Pot for Kitchen &amp; Restaurant"},"content":{"rendered":"<div class=\"wp-block-columns is-layout-flex wp-container-core-columns-is-layout-9d6595d7 wp-block-columns-is-layout-flex\">\n<div class=\"wp-block-column is-layout-flow wp-block-column-is-layout-flow\">\n<figure class=\"wp-block-table\"><table class=\"has-fixed-layout\"><tbody><tr><td>Item<\/td><td>Material<\/td><td>Cor<\/td><td>Capacidade<\/td><td>Tamanho do produto<\/td><td>N.W.\/PCS<\/td><\/tr><tr><td>MYBH001<\/td><td rowspan=\"4\">A\u00e7o inoxid\u00e1vel 304<\/td><td rowspan=\"4\">Nature<\/td><td rowspan=\"2\">1.5L<\/td><td>18.2*13.1*13.3<\/td><td>0.66<\/td><\/tr><tr><td>MYBH002<\/td><td>Frying Basket:<br>12.4*12.4*11.5<\/td><td>0.75<\/td><\/tr><tr><td>MYBH003<\/td><td rowspan=\"2\">2.0L<\/td><td>19*13.4*16.2<\/td><td>0.70<\/td><\/tr><tr><td>MYBH004<\/td><td>Frying Basket:<br>11.8*11.8*14.9<\/td><td>0.79<\/td><\/tr><\/tbody><\/table><\/figure>\n\n\n\n<h3 class=\"wp-block-heading\">Custom Oil Kettle Options<\/h3>\n\n\n\n<p><strong>Log\u00f3tipo:\u00a0<\/strong>Customize your brand logo on cookware products and packaging.<br><strong>Custom Logo Options:<\/strong>\u00a0Printed logo, laser engraved logo, etc.<br><strong>External Surface:\u00a0<\/strong>Customize the appearance of your cookware.<br><strong>Embalagem:\u00a0<\/strong>Color box<br><strong>Tamanho e capacidade<\/strong>: Customize product size and capacity<br><strong><a href=\"https:\/\/moyahousehold.com\/pt\/solucao-personalizada\/\" target=\"_blank\" rel=\"noreferrer noopener\">Saiba mais sobre as solu\u00e7\u00f5es de utens\u00edlios de cozinha personalizados<\/a><\/strong><\/p>\n<\/div>\n<\/div>\n\n\n\n<div class=\"wp-block-columns is-layout-flex wp-container-core-columns-is-layout-9d6595d7 wp-block-columns-is-layout-flex\">\n<div class=\"wp-block-column is-layout-flow wp-block-column-is-layout-flow\">\n<figure class=\"wp-block-image size-full\"><img fetchpriority=\"high\" decoding=\"async\" width=\"3648\" height=\"5472\" src=\"https:\/\/moyahousehold.com\/wp-content\/uploads\/2025\/07\/BH\u6cb9\u58f6-12.jpg\" alt=\"MOYA SUS304 Oil Kettle Set (with Frying Basket, Mesh Filter) in Modern Kitchen with Prepared Meal\" class=\"wp-image-12605\" srcset=\"https:\/\/moyahousehold.com\/wp-content\/uploads\/2025\/07\/BH\u6cb9\u58f6-12.jpg 3648w, https:\/\/moyahousehold.com\/wp-content\/uploads\/2025\/07\/BH\u6cb9\u58f6-12-200x300.jpg 200w, https:\/\/moyahousehold.com\/wp-content\/uploads\/2025\/07\/BH\u6cb9\u58f6-12-768x1152.jpg 768w, https:\/\/moyahousehold.com\/wp-content\/uploads\/2025\/07\/BH\u6cb9\u58f6-12-8x12.jpg 8w, https:\/\/moyahousehold.com\/wp-content\/uploads\/2025\/07\/BH\u6cb9\u58f6-12-285x428.jpg 285w, https:\/\/moyahousehold.com\/wp-content\/uploads\/2025\/07\/BH\u6cb9\u58f6-12-1600x2400.jpg 1600w, https:\/\/moyahousehold.com\/wp-content\/uploads\/2025\/07\/BH\u6cb9\u58f6-12-440x660.jpg 440w, https:\/\/moyahousehold.com\/wp-content\/uploads\/2025\/07\/BH\u6cb9\u58f6-12-100x150.jpg 100w\" sizes=\"(max-width: 3648px) 100vw, 3648px\" \/><\/figure>\n<\/div>\n\n\n\n<div class=\"wp-block-column is-layout-flow wp-block-column-is-layout-flow\">\n<figure class=\"wp-block-image size-full\"><img decoding=\"async\" width=\"3648\" height=\"5472\" src=\"https:\/\/moyahousehold.com\/wp-content\/uploads\/2025\/07\/BH\u6cb9\u58f6-25.jpg\" alt=\"MOYA SUS304 Oil Kettle Set (with Frying Basket, Mesh Filter) in Modern Kitchen with Prepared Meal\" class=\"wp-image-12601\" srcset=\"https:\/\/moyahousehold.com\/wp-content\/uploads\/2025\/07\/BH\u6cb9\u58f6-25.jpg 3648w, https:\/\/moyahousehold.com\/wp-content\/uploads\/2025\/07\/BH\u6cb9\u58f6-25-200x300.jpg 200w, https:\/\/moyahousehold.com\/wp-content\/uploads\/2025\/07\/BH\u6cb9\u58f6-25-768x1152.jpg 768w, https:\/\/moyahousehold.com\/wp-content\/uploads\/2025\/07\/BH\u6cb9\u58f6-25-8x12.jpg 8w, https:\/\/moyahousehold.com\/wp-content\/uploads\/2025\/07\/BH\u6cb9\u58f6-25-285x428.jpg 285w, https:\/\/moyahousehold.com\/wp-content\/uploads\/2025\/07\/BH\u6cb9\u58f6-25-1600x2400.jpg 1600w, https:\/\/moyahousehold.com\/wp-content\/uploads\/2025\/07\/BH\u6cb9\u58f6-25-440x660.jpg 440w, https:\/\/moyahousehold.com\/wp-content\/uploads\/2025\/07\/BH\u6cb9\u58f6-25-100x150.jpg 100w\" sizes=\"(max-width: 3648px) 100vw, 3648px\" \/><\/figure>\n<\/div>\n<\/div>\n\n\n\n<div class=\"wp-block-columns is-layout-flex wp-container-core-columns-is-layout-9d6595d7 wp-block-columns-is-layout-flex\">\n<div class=\"wp-block-column is-layout-flow wp-block-column-is-layout-flow\">\n<figure class=\"wp-block-image size-full\"><img decoding=\"async\" width=\"3648\" height=\"5472\" src=\"https:\/\/moyahousehold.com\/wp-content\/uploads\/2025\/07\/BH\u6cb9\u58f6-1.jpg\" alt=\"MOYA SUS304 Oil Kettle Set (with Frying Basket, Mesh Filter) in Modern Kitchen with Prepared Meal\" class=\"wp-image-12603\" srcset=\"https:\/\/moyahousehold.com\/wp-content\/uploads\/2025\/07\/BH\u6cb9\u58f6-1.jpg 3648w, https:\/\/moyahousehold.com\/wp-content\/uploads\/2025\/07\/BH\u6cb9\u58f6-1-200x300.jpg 200w, https:\/\/moyahousehold.com\/wp-content\/uploads\/2025\/07\/BH\u6cb9\u58f6-1-768x1152.jpg 768w, https:\/\/moyahousehold.com\/wp-content\/uploads\/2025\/07\/BH\u6cb9\u58f6-1-8x12.jpg 8w, https:\/\/moyahousehold.com\/wp-content\/uploads\/2025\/07\/BH\u6cb9\u58f6-1-285x428.jpg 285w, https:\/\/moyahousehold.com\/wp-content\/uploads\/2025\/07\/BH\u6cb9\u58f6-1-1600x2400.jpg 1600w, https:\/\/moyahousehold.com\/wp-content\/uploads\/2025\/07\/BH\u6cb9\u58f6-1-440x660.jpg 440w, https:\/\/moyahousehold.com\/wp-content\/uploads\/2025\/07\/BH\u6cb9\u58f6-1-100x150.jpg 100w\" sizes=\"(max-width: 3648px) 100vw, 3648px\" \/><\/figure>\n<\/div>\n\n\n\n<div class=\"wp-block-column is-layout-flow wp-block-column-is-layout-flow\">\n<figure class=\"wp-block-image size-full\"><img loading=\"lazy\" decoding=\"async\" width=\"3648\" height=\"5472\" src=\"https:\/\/moyahousehold.com\/wp-content\/uploads\/2025\/07\/BH\u6cb9\u58f6-9.jpg\" alt=\"MOYA SUS304 Oil Kettle Set (with Frying Basket, Mesh Filter) in Modern Kitchen with Prepared Meal\" class=\"wp-image-12602\" srcset=\"https:\/\/moyahousehold.com\/wp-content\/uploads\/2025\/07\/BH\u6cb9\u58f6-9.jpg 3648w, https:\/\/moyahousehold.com\/wp-content\/uploads\/2025\/07\/BH\u6cb9\u58f6-9-200x300.jpg 200w, https:\/\/moyahousehold.com\/wp-content\/uploads\/2025\/07\/BH\u6cb9\u58f6-9-768x1152.jpg 768w, https:\/\/moyahousehold.com\/wp-content\/uploads\/2025\/07\/BH\u6cb9\u58f6-9-8x12.jpg 8w, https:\/\/moyahousehold.com\/wp-content\/uploads\/2025\/07\/BH\u6cb9\u58f6-9-285x428.jpg 285w, https:\/\/moyahousehold.com\/wp-content\/uploads\/2025\/07\/BH\u6cb9\u58f6-9-1600x2400.jpg 1600w, https:\/\/moyahousehold.com\/wp-content\/uploads\/2025\/07\/BH\u6cb9\u58f6-9-440x660.jpg 440w, https:\/\/moyahousehold.com\/wp-content\/uploads\/2025\/07\/BH\u6cb9\u58f6-9-100x150.jpg 100w\" sizes=\"(max-width: 3648px) 100vw, 3648px\" \/><\/figure>\n<\/div>\n<\/div>","protected":false},"excerpt":{"rendered":"<div class=\"inter-jQQQ8P\">\n<div class=\"container-PrUkKo\">\n<div class=\"item-hGGxLi\">\n<div class=\"container-arOxqB chrome70-container\">\n<div class=\"inner-FyM8gE inner-item-swzCut\" data-target-id=\"message-box-target-id\" data-testid=\"union_message\">\n<div class=\"message-block-container-aFugD6\" data-testid=\"message-block-container\">\n<div class=\"flex flex-row w-full w-full max-w-full s-font-base text-s-color-text-secondary p-0 rounded-s-radius-s bg-transparent group data-[attr=select-mode]:-mt-10 data-[attr=select-mode]:py-10 data-[attr=select-mode]:px-16 data-[attr=select-mode]:sm:p-10 data-[attr=select-mode]:hover:bg-s-color-bg-base data-[attr=select-mode]:hover:rounded-s-radius-xs data-[attr=select-mode]:has-[:checked]:bg-s-color-bg-trans data-[attr=select-mode]:has-[:checked]:rounded-s-radius-xs data-[attr=select-mode]:pointer-events-none\" data-testid=\"receive_message\">\n<div class=\"flex flex-col flex-grow max-w-full min-w-0\">\n<div class=\"flex flex-row w-full\" data-testid=\"message_content\" data-message-id=\"11956312969559042\">\n<div class=\"w-full\" data-plugin-identifier=\"Symbol(infra:receive-message-box:text)\">\n<div class=\"container-ZYIsnH flow-markdown-body theme-samantha-Nbr9UN\" dir=\"ltr\" data-testid=\"message_text_content\" data-show-indicator=\"false\">\n<h1 class=\"header-vfC6AV auto-hide-last-sibling-br\">Dispensador de \u00f3leo em a\u00e7o inoxid\u00e1vel para servi\u00e7o pesado: concebido para cozinhas atarefadas<\/h1>\n<h2 class=\"header-vfC6AV auto-hide-last-sibling-br\">Subt\u00edtulo: Suporta uma utiliza\u00e7\u00e3o de grande volume, fi\u00e1vel para ambientes profissionais<\/h2>\n<h3 class=\"header-vfC6AV auto-hide-last-sibling-br\">Carater\u00edsticas<\/h3>\n<ul class=\"auto-hide-last-sibling-br\">\n<li><strong>Constru\u00e7\u00e3o pesada<\/strong>: Concebida para utiliza\u00e7\u00e3o profissional em cozinhas de grande volume. Suporta o manuseamento constante, quedas e rotinas de limpeza rigorosas.<\/li>\n<li><strong>Grande abertura para um enchimento f\u00e1cil<\/strong>: A boca larga facilita o reabastecimento de \u00f3leo. Reduz os derrames durante os enchimentos, mesmo com grandes recipientes de \u00f3leo.<\/li>\n<li><strong>Bico de despejo de precis\u00e3o<\/strong>: O bico foi concebido para fornecer sempre uma quantidade exacta de \u00f3leo. Essencial para os chefes profissionais que necessitam de um tempero consistente nos pratos.<\/li>\n<li><strong>Base antiderrapante<\/strong>: Possui uma base antiderrapante para manter o dispensador est\u00e1vel nas bancadas. Evita a queda acidental, mesmo num ambiente de cozinha movimentado.<\/li>\n<li><strong>Resistente \u00e0 corros\u00e3o<\/strong>: O a\u00e7o inoxid\u00e1vel especialmente tratado resiste \u00e0 corros\u00e3o provocada por \u00f3leos \u00e1cidos ou alcalinos. Mant\u00e9m a integridade e o desempenho em diversas aplica\u00e7\u00f5es culin\u00e1rias.<\/li>\n<\/ul>\n<\/div>\n<\/div>\n<\/div>\n<div class=\"answer-action-bar-pgm2JD answer-action-bar flex flex-col justify-end\" data-testid=\"message_action_bar\">\n<div class=\"container-rxM4SW flex flex-row items-start w-full self-center\" data-message-action-bar=\"1\">\n<div class=\"left-Y7jNAM\">\u00a0<\/div>\n<\/div>\n<\/div>\n<\/div>\n<\/div>\n<\/div>\n<\/div>\n<\/div>\n<\/div>\n<\/div>\n<\/div>","protected":false},"featured_media":11340,"comment_status":"closed","ping_status":"closed","template":"","meta":[],"product_cat":[56],"product_tag":[132,133],"class_list":{"0":"post-11336","1":"product","2":"type-product","3":"status-publish","4":"has-post-thumbnail","6":"product_cat-stainless-steel-cookware-wholesale","7":"product_tag-oil-kettle","8":"product_tag-oil-kettle-with-frying-basket","10":"first","11":"instock","12":"shipping-taxable","13":"product-type-simple"},"_links":{"self":[{"href":"https:\/\/moyahousehold.com\/pt\/wp-json\/wp\/v2\/product\/11336","targetHints":{"allow":["GET"]}}],"collection":[{"href":"https:\/\/moyahousehold.com\/pt\/wp-json\/wp\/v2\/product"}],"about":[{"href":"https:\/\/moyahousehold.com\/pt\/wp-json\/wp\/v2\/types\/product"}],"replies":[{"embeddable":true,"href":"https:\/\/moyahousehold.com\/pt\/wp-json\/wp\/v2\/comments?post=11336"}],"version-history":[{"count":1,"href":"https:\/\/moyahousehold.com\/pt\/wp-json\/wp\/v2\/product\/11336\/revisions"}],"predecessor-version":[{"id":12608,"href":"https:\/\/moyahousehold.com\/pt\/wp-json\/wp\/v2\/product\/11336\/revisions\/12608"}],"wp:featuredmedia":[{"embeddable":true,"href":"https:\/\/moyahousehold.com\/pt\/wp-json\/wp\/v2\/media\/11340"}],"wp:attachment":[{"href":"https:\/\/moyahousehold.com\/pt\/wp-json\/wp\/v2\/media?parent=11336"}],"wp:term":[{"taxonomy":"product_cat","embeddable":true,"href":"https:\/\/moyahousehold.com\/pt\/wp-json\/wp\/v2\/product_cat?post=11336"},{"taxonomy":"product_tag","embeddable":true,"href":"https:\/\/moyahousehold.com\/pt\/wp-json\/wp\/v2\/product_tag?post=11336"}],"curies":[{"name":"wp","href":"https:\/\/api.w.org\/{rel}","templated":true}]}}