{"id":11343,"date":"2025-07-12T08:37:19","date_gmt":"2025-07-12T08:37:19","guid":{"rendered":"https:\/\/moyahousehold.com\/?post_type=product&#038;p=11343"},"modified":"2025-07-13T01:55:18","modified_gmt":"2025-07-13T01:55:18","slug":"stainless-steel-food-storage-container-with-transparent-lid-durable-visible-storage-solution","status":"publish","type":"product","link":"https:\/\/moyahousehold.com\/pt\/produto\/stainless-steel-food-storage-container-with-transparent-lid-durable-visible-storage-solution\/","title":{"rendered":"Recipiente de armazenamento de alimentos em a\u00e7o inoxid\u00e1vel com tampa transparente Solu\u00e7\u00e3o de armazenamento dur\u00e1vel e vis\u00edvel"},"content":{"rendered":"<p><strong>material:<\/strong> 304 + ABS<strong> <\/strong><\/p>\n\n\n\n<p><strong>cor:<\/strong> A\u00e7o\/Bege\/C\u00e1qui<\/p>\n\n\n\n<figure class=\"wp-block-table\"><table class=\"has-fixed-layout\"><tbody><tr><td>Item<\/td><td>Material<\/td><td>Capacidade<\/td><td>Tamanho\/PCS<\/td><td>PCS\/Caixa<\/td><td>N.W.\/PCS<\/td><td>G.W.\/Caso<\/td><\/tr><tr><td>MYZT010<\/td><td rowspan=\"6\">304+ABS<\/td><td>700ml<\/td><td>16.5*12.5*5<\/td><td>84<\/td><td>0.19<\/td><td>17.9&nbsp;<\/td><\/tr><tr><td>MYZT011<\/td><td>1100ml<\/td><td>20.5*15.5*5.3<\/td><td>56<\/td><td>0.27<\/td><td>16.5&nbsp;<\/td><\/tr><tr><td>MYZT012<\/td><td>1700ml<\/td><td>24.5*18*5.8<\/td><td>42<\/td><td>0.4<\/td><td>18.4&nbsp;<\/td><\/tr><tr><td>MYZT013<\/td><td>1000ml<\/td><td>16.5*12.5*7.3<\/td><td>72<\/td><td>0.23<\/td><td>18.3&nbsp;<\/td><\/tr><tr><td>MYZT014<\/td><td>1800ml<\/td><td>20.5*15.5*8.3<\/td><td>48<\/td><td>0.34<\/td><td>18.4&nbsp;<\/td><\/tr><tr><td>MYZT015<\/td><td>3000ml<\/td><td>24.5*19*9.2<\/td><td>36<\/td><td>0.5<\/td><td>20.3&nbsp;<\/td><\/tr><\/tbody><\/table><\/figure>\n\n\n\n<h3 class=\"wp-block-heading\">Op\u00e7\u00f5es de lancheiras personalizadas<\/h3>\n\n\n\n<p><strong>Log\u00f3tipo<\/strong>: personalizar o log\u00f3tipo da sua marca na caixa bento em a\u00e7o inoxid\u00e1vel e na embalagem.<br><strong>Op\u00e7\u00f5es de log\u00f3tipo<\/strong>: log\u00f3tipo impresso, log\u00f3tipo gravado a laser, etc.<br><strong>Padr\u00e3o<\/strong>: padr\u00f5es de impress\u00e3o em produtos e embalagens.<br><strong>Tecnologia de impress\u00e3o<\/strong>: impress\u00e3o por transfer\u00eancia de \u00e1gua, impress\u00e3o por serigrafia, impress\u00e3o por transfer\u00eancia de calor, transfer\u00eancia por sublima\u00e7\u00e3o, etc.<br><strong>Embalagem:<\/strong>caixa de cor.<br><a href=\"https:\/\/moyahousehold.com\/pt\/solucao-personalizada\/\"><strong>Saiba mais sobre as solu\u00e7\u00f5es de lancheiras personalizadas.<\/strong><\/a><\/p>\n\n\n\n<div class=\"wp-block-columns is-layout-flex wp-container-core-columns-is-layout-9d6595d7 wp-block-columns-is-layout-flex\">\n<div class=\"wp-block-column is-layout-flow wp-block-column-is-layout-flow\">\n<figure class=\"wp-block-image size-full\"><img fetchpriority=\"high\" decoding=\"async\" width=\"3959\" height=\"3959\" src=\"https:\/\/moyahousehold.com\/wp-content\/uploads\/2025\/07\/ZT-\u7d20\u7f8e\u4fdd\u9c9c\u76d2-16_\u526f\u672c.webp\" alt=\"Caixa de armazenamento de alimentos em a\u00e7o inoxid\u00e1vel com tampa transparente\" class=\"wp-image-11360\" srcset=\"https:\/\/moyahousehold.com\/wp-content\/uploads\/2025\/07\/ZT-\u7d20\u7f8e\u4fdd\u9c9c\u76d2-16_\u526f\u672c.webp 3959w, https:\/\/moyahousehold.com\/wp-content\/uploads\/2025\/07\/ZT-\u7d20\u7f8e\u4fdd\u9c9c\u76d2-16_\u526f\u672c-300x300.webp 300w, https:\/\/moyahousehold.com\/wp-content\/uploads\/2025\/07\/ZT-\u7d20\u7f8e\u4fdd\u9c9c\u76d2-16_\u526f\u672c-150x150.webp 150w, https:\/\/moyahousehold.com\/wp-content\/uploads\/2025\/07\/ZT-\u7d20\u7f8e\u4fdd\u9c9c\u76d2-16_\u526f\u672c-768x768.webp 768w, https:\/\/moyahousehold.com\/wp-content\/uploads\/2025\/07\/ZT-\u7d20\u7f8e\u4fdd\u9c9c\u76d2-16_\u526f\u672c-12x12.webp 12w, https:\/\/moyahousehold.com\/wp-content\/uploads\/2025\/07\/ZT-\u7d20\u7f8e\u4fdd\u9c9c\u76d2-16_\u526f\u672c-285x285.webp 285w, https:\/\/moyahousehold.com\/wp-content\/uploads\/2025\/07\/ZT-\u7d20\u7f8e\u4fdd\u9c9c\u76d2-16_\u526f\u672c-1600x1600.webp 1600w, https:\/\/moyahousehold.com\/wp-content\/uploads\/2025\/07\/ZT-\u7d20\u7f8e\u4fdd\u9c9c\u76d2-16_\u526f\u672c-270x270.webp 270w, https:\/\/moyahousehold.com\/wp-content\/uploads\/2025\/07\/ZT-\u7d20\u7f8e\u4fdd\u9c9c\u76d2-16_\u526f\u672c-540x540.webp 540w, https:\/\/moyahousehold.com\/wp-content\/uploads\/2025\/07\/ZT-\u7d20\u7f8e\u4fdd\u9c9c\u76d2-16_\u526f\u672c-660x660.webp 660w\" sizes=\"(max-width: 3959px) 100vw, 3959px\" \/><\/figure>\n<\/div>\n\n\n\n<div class=\"wp-block-column is-layout-flow wp-block-column-is-layout-flow\">\n<figure class=\"wp-block-image size-full\"><img decoding=\"async\" width=\"4149\" height=\"4149\" src=\"https:\/\/moyahousehold.com\/wp-content\/uploads\/2025\/07\/ZT-\u7d20\u7f8e\u4fdd\u9c9c\u76d2-21_\u526f\u672c.webp\" alt=\"Caixa de armazenamento de alimentos em a\u00e7o inoxid\u00e1vel com tampa transparente\" class=\"wp-image-11361\" srcset=\"https:\/\/moyahousehold.com\/wp-content\/uploads\/2025\/07\/ZT-\u7d20\u7f8e\u4fdd\u9c9c\u76d2-21_\u526f\u672c.webp 4149w, https:\/\/moyahousehold.com\/wp-content\/uploads\/2025\/07\/ZT-\u7d20\u7f8e\u4fdd\u9c9c\u76d2-21_\u526f\u672c-300x300.webp 300w, https:\/\/moyahousehold.com\/wp-content\/uploads\/2025\/07\/ZT-\u7d20\u7f8e\u4fdd\u9c9c\u76d2-21_\u526f\u672c-150x150.webp 150w, https:\/\/moyahousehold.com\/wp-content\/uploads\/2025\/07\/ZT-\u7d20\u7f8e\u4fdd\u9c9c\u76d2-21_\u526f\u672c-768x768.webp 768w, https:\/\/moyahousehold.com\/wp-content\/uploads\/2025\/07\/ZT-\u7d20\u7f8e\u4fdd\u9c9c\u76d2-21_\u526f\u672c-12x12.webp 12w, https:\/\/moyahousehold.com\/wp-content\/uploads\/2025\/07\/ZT-\u7d20\u7f8e\u4fdd\u9c9c\u76d2-21_\u526f\u672c-285x285.webp 285w, https:\/\/moyahousehold.com\/wp-content\/uploads\/2025\/07\/ZT-\u7d20\u7f8e\u4fdd\u9c9c\u76d2-21_\u526f\u672c-1600x1600.webp 1600w, https:\/\/moyahousehold.com\/wp-content\/uploads\/2025\/07\/ZT-\u7d20\u7f8e\u4fdd\u9c9c\u76d2-21_\u526f\u672c-270x270.webp 270w, https:\/\/moyahousehold.com\/wp-content\/uploads\/2025\/07\/ZT-\u7d20\u7f8e\u4fdd\u9c9c\u76d2-21_\u526f\u672c-540x540.webp 540w, https:\/\/moyahousehold.com\/wp-content\/uploads\/2025\/07\/ZT-\u7d20\u7f8e\u4fdd\u9c9c\u76d2-21_\u526f\u672c-660x660.webp 660w\" sizes=\"(max-width: 4149px) 100vw, 4149px\" \/><\/figure>\n<\/div>\n<\/div>\n\n\n\n<div class=\"wp-block-columns is-layout-flex wp-container-core-columns-is-layout-9d6595d7 wp-block-columns-is-layout-flex\">\n<div class=\"wp-block-column is-layout-flow wp-block-column-is-layout-flow\">\n<figure class=\"wp-block-image size-full\"><img decoding=\"async\" width=\"4037\" height=\"4037\" src=\"https:\/\/moyahousehold.com\/wp-content\/uploads\/2025\/07\/ZT-\u7d20\u7f8e\u4fdd\u9c9c\u76d2-26_\u526f\u672c.webp\" alt=\"Caixa de armazenamento de alimentos em a\u00e7o inoxid\u00e1vel com tampa transparente\" class=\"wp-image-11362\" srcset=\"https:\/\/moyahousehold.com\/wp-content\/uploads\/2025\/07\/ZT-\u7d20\u7f8e\u4fdd\u9c9c\u76d2-26_\u526f\u672c.webp 4037w, https:\/\/moyahousehold.com\/wp-content\/uploads\/2025\/07\/ZT-\u7d20\u7f8e\u4fdd\u9c9c\u76d2-26_\u526f\u672c-300x300.webp 300w, https:\/\/moyahousehold.com\/wp-content\/uploads\/2025\/07\/ZT-\u7d20\u7f8e\u4fdd\u9c9c\u76d2-26_\u526f\u672c-150x150.webp 150w, https:\/\/moyahousehold.com\/wp-content\/uploads\/2025\/07\/ZT-\u7d20\u7f8e\u4fdd\u9c9c\u76d2-26_\u526f\u672c-768x768.webp 768w, https:\/\/moyahousehold.com\/wp-content\/uploads\/2025\/07\/ZT-\u7d20\u7f8e\u4fdd\u9c9c\u76d2-26_\u526f\u672c-12x12.webp 12w, https:\/\/moyahousehold.com\/wp-content\/uploads\/2025\/07\/ZT-\u7d20\u7f8e\u4fdd\u9c9c\u76d2-26_\u526f\u672c-285x285.webp 285w, https:\/\/moyahousehold.com\/wp-content\/uploads\/2025\/07\/ZT-\u7d20\u7f8e\u4fdd\u9c9c\u76d2-26_\u526f\u672c-1600x1600.webp 1600w, https:\/\/moyahousehold.com\/wp-content\/uploads\/2025\/07\/ZT-\u7d20\u7f8e\u4fdd\u9c9c\u76d2-26_\u526f\u672c-270x270.webp 270w, https:\/\/moyahousehold.com\/wp-content\/uploads\/2025\/07\/ZT-\u7d20\u7f8e\u4fdd\u9c9c\u76d2-26_\u526f\u672c-540x540.webp 540w, https:\/\/moyahousehold.com\/wp-content\/uploads\/2025\/07\/ZT-\u7d20\u7f8e\u4fdd\u9c9c\u76d2-26_\u526f\u672c-660x660.webp 660w\" sizes=\"(max-width: 4037px) 100vw, 4037px\" \/><\/figure>\n<\/div>\n\n\n\n<div class=\"wp-block-column is-layout-flow wp-block-column-is-layout-flow\">\n<figure class=\"wp-block-image size-full\"><img loading=\"lazy\" decoding=\"async\" width=\"3807\" height=\"3807\" src=\"https:\/\/moyahousehold.com\/wp-content\/uploads\/2025\/07\/ZT-\u7d20\u7f8e\u4fdd\u9c9c\u76d2-9_\u526f\u672c.webp\" alt=\"Caixa de armazenamento de alimentos em a\u00e7o inoxid\u00e1vel com tampa transparente\" class=\"wp-image-11359\" srcset=\"https:\/\/moyahousehold.com\/wp-content\/uploads\/2025\/07\/ZT-\u7d20\u7f8e\u4fdd\u9c9c\u76d2-9_\u526f\u672c.webp 3807w, https:\/\/moyahousehold.com\/wp-content\/uploads\/2025\/07\/ZT-\u7d20\u7f8e\u4fdd\u9c9c\u76d2-9_\u526f\u672c-300x300.webp 300w, https:\/\/moyahousehold.com\/wp-content\/uploads\/2025\/07\/ZT-\u7d20\u7f8e\u4fdd\u9c9c\u76d2-9_\u526f\u672c-150x150.webp 150w, https:\/\/moyahousehold.com\/wp-content\/uploads\/2025\/07\/ZT-\u7d20\u7f8e\u4fdd\u9c9c\u76d2-9_\u526f\u672c-768x768.webp 768w, https:\/\/moyahousehold.com\/wp-content\/uploads\/2025\/07\/ZT-\u7d20\u7f8e\u4fdd\u9c9c\u76d2-9_\u526f\u672c-12x12.webp 12w, https:\/\/moyahousehold.com\/wp-content\/uploads\/2025\/07\/ZT-\u7d20\u7f8e\u4fdd\u9c9c\u76d2-9_\u526f\u672c-285x285.webp 285w, https:\/\/moyahousehold.com\/wp-content\/uploads\/2025\/07\/ZT-\u7d20\u7f8e\u4fdd\u9c9c\u76d2-9_\u526f\u672c-1600x1600.webp 1600w, https:\/\/moyahousehold.com\/wp-content\/uploads\/2025\/07\/ZT-\u7d20\u7f8e\u4fdd\u9c9c\u76d2-9_\u526f\u672c-270x270.webp 270w, https:\/\/moyahousehold.com\/wp-content\/uploads\/2025\/07\/ZT-\u7d20\u7f8e\u4fdd\u9c9c\u76d2-9_\u526f\u672c-540x540.webp 540w, https:\/\/moyahousehold.com\/wp-content\/uploads\/2025\/07\/ZT-\u7d20\u7f8e\u4fdd\u9c9c\u76d2-9_\u526f\u672c-660x660.webp 660w\" sizes=\"(max-width: 3807px) 100vw, 3807px\" \/><\/figure>\n<\/div>\n<\/div>\n\n\n\n<p><\/p>","protected":false},"excerpt":{"rendered":"<h1 class=\"header-vfC6AV auto-hide-last-sibling-br\">Pote de \u00f3leo de a\u00e7o inoxid\u00e1vel por atacado com tampa transparente: Dur\u00e1vel, vis\u00edvel e pr\u00e1tico<\/h1>\n<h2 class=\"header-vfC6AV auto-hide-last-sibling-br\">Vantagens principais<\/h2>\n<ul class=\"auto-hide-last-sibling-br\">\n<li><strong>A\u00e7o inoxid\u00e1vel de qualidade alimentar<\/strong>: Fabricado em a\u00e7o inoxid\u00e1vel de qualidade alimentar de primeira qualidade. N\u00e3o t\u00f3xico, resistente \u00e0 corros\u00e3o e f\u00e1cil de limpar. Seguro para contacto direto com \u00f3leo e alimentos, garantindo a sa\u00fade.<\/li>\n<li><strong>Design da tampa transparente<\/strong>: Equipado com uma tampa transparente e resistente a estilha\u00e7os. Permite uma f\u00e1cil visibilidade dos n\u00edveis de \u00f3leo, conveniente para verificar e reabastecer. Tamb\u00e9m ajuda a manter o p\u00f3 afastado, mantendo a limpeza do \u00f3leo.<\/li>\n<li><strong>Pega e bico ergon\u00f3micos<\/strong>: Possui uma pega ergon\u00f3mica para uma ader\u00eancia confort\u00e1vel. O bico de design preciso permite um derrame controlado e sem pingos, reduzindo a sujidade durante a utiliza\u00e7\u00e3o.<\/li>\n<li><strong>Aplica\u00e7\u00e3o vers\u00e1til<\/strong>: Adequado para v\u00e1rios \u00f3leos de cozinha, como o azeite e o \u00f3leo vegetal. Ideal para cozinhas dom\u00e9sticas, restaurantes ou servi\u00e7os de catering. Perfeito para as tarefas di\u00e1rias de cozedura, fritura e cozedura.<\/li>\n<li><strong>Benef\u00edcios da compra em massa<\/strong>: Pre\u00e7os grossistas atractivos para retalhistas, restaurantes e compradores a granel. As encomendas maiores beneficiam de mais descontos, com uma coopera\u00e7\u00e3o flex\u00edvel para reduzir os custos de aquisi\u00e7\u00e3o.<\/li>\n<\/ul>","protected":false},"featured_media":11354,"comment_status":"closed","ping_status":"closed","template":"","meta":[],"product_cat":[57],"product_tag":[87,92],"class_list":{"0":"post-11343","1":"product","2":"type-product","3":"status-publish","4":"has-post-thumbnail","6":"product_cat-food-storage-container-wholesale","7":"product_tag-wholesale-multi-compartment-lunch-box","8":"product_tag-wholesale-rectangle-lunch-box","10":"first","11":"instock","12":"shipping-taxable","13":"product-type-simple"},"_links":{"self":[{"href":"https:\/\/moyahousehold.com\/pt\/wp-json\/wp\/v2\/product\/11343","targetHints":{"allow":["GET"]}}],"collection":[{"href":"https:\/\/moyahousehold.com\/pt\/wp-json\/wp\/v2\/product"}],"about":[{"href":"https:\/\/moyahousehold.com\/pt\/wp-json\/wp\/v2\/types\/product"}],"replies":[{"embeddable":true,"href":"https:\/\/moyahousehold.com\/pt\/wp-json\/wp\/v2\/comments?post=11343"}],"version-history":[{"count":0,"href":"https:\/\/moyahousehold.com\/pt\/wp-json\/wp\/v2\/product\/11343\/revisions"}],"wp:featuredmedia":[{"embeddable":true,"href":"https:\/\/moyahousehold.com\/pt\/wp-json\/wp\/v2\/media\/11354"}],"wp:attachment":[{"href":"https:\/\/moyahousehold.com\/pt\/wp-json\/wp\/v2\/media?parent=11343"}],"wp:term":[{"taxonomy":"product_cat","embeddable":true,"href":"https:\/\/moyahousehold.com\/pt\/wp-json\/wp\/v2\/product_cat?post=11343"},{"taxonomy":"product_tag","embeddable":true,"href":"https:\/\/moyahousehold.com\/pt\/wp-json\/wp\/v2\/product_tag?post=11343"}],"curies":[{"name":"wp","href":"https:\/\/api.w.org\/{rel}","templated":true}]}}