{"id":11365,"date":"2025-07-13T07:06:59","date_gmt":"2025-07-13T07:06:59","guid":{"rendered":"https:\/\/moyahousehold.com\/?post_type=product&#038;p=11365"},"modified":"2025-07-13T07:48:29","modified_gmt":"2025-07-13T07:48:29","slug":"stainless-steel-striped-bottom-food-container-leakproof-fresh-keeping-box","status":"publish","type":"product","link":"https:\/\/moyahousehold.com\/pt\/produto\/stainless-steel-striped-bottom-food-container-leakproof-fresh-keeping-box\/","title":{"rendered":"Recipiente de a\u00e7o inoxid\u00e1vel com fundo \u00e0s riscas para alimentos Caixa de conserva\u00e7\u00e3o de frescos \u00e0 prova de fugas"},"content":{"rendered":"<p><strong>material:<\/strong> 304 + PE<\/p>\n\n\n\n<p><strong>cor:<\/strong> A\u00e7o<\/p>\n\n\n\n<figure class=\"wp-block-table\"><table class=\"has-fixed-layout\"><tbody><tr><td>Item<\/td><td>Material<\/td><td>Capacidade<\/td><td>Tamanho\/PCS<\/td><td>PCS\/Caixa<\/td><td>N.W.\/PCS<\/td><td>G.W.\/Caso<\/td><\/tr><tr><td>MYZT001<\/td><td rowspan=\"6\">Cobertura 304+PE<br>+Silicone<\/td><td>700ml<\/td><td>16.1*11.9*4.4<\/td><td>84<\/td><td>0.19<\/td><td>18.0&nbsp;<\/td><\/tr><tr><td>MYZT002<\/td><td>1100ml<\/td><td>19.6*14.9*4.8<\/td><td>56<\/td><td>0.27<\/td><td>17.1&nbsp;<\/td><\/tr><tr><td>MYZT003<\/td><td>1700ml<\/td><td>23.7*18.2*5.4<\/td><td>42<\/td><td>0.4<\/td><td>18.8&nbsp;<\/td><\/tr><tr><td>MYZT004<\/td><td>1000ml<\/td><td>16.1*11.9*6.6<\/td><td>72<\/td><td>0.3<\/td><td>23.6&nbsp;<\/td><\/tr><tr><td>MYZT005<\/td><td>1800ml<\/td><td>19.6*14.9*7.8<\/td><td>48<\/td><td>0.35<\/td><td>18.8&nbsp;<\/td><\/tr><tr><td>MYZT006<\/td><td>3000ml<\/td><td>23.7*18.2*8.8<\/td><td>36<\/td><td>0.5<\/td><td>20.0&nbsp;<\/td><\/tr><\/tbody><\/table><\/figure>\n\n\n\n<h3 class=\"wp-block-heading\">Op\u00e7\u00f5es de lancheiras personalizadas<\/h3>\n\n\n\n<p><strong>Log\u00f3tipo<\/strong>: personalizar o log\u00f3tipo da sua marca na caixa bento em a\u00e7o inoxid\u00e1vel e na embalagem.<br><strong>Op\u00e7\u00f5es de log\u00f3tipo<\/strong>: log\u00f3tipo impresso, log\u00f3tipo gravado a laser, etc.<br><strong>Padr\u00e3o<\/strong>: padr\u00f5es de impress\u00e3o em produtos e embalagens.<br><strong>Tecnologia de impress\u00e3o<\/strong>: impress\u00e3o por transfer\u00eancia de \u00e1gua, impress\u00e3o por serigrafia, impress\u00e3o por transfer\u00eancia de calor, transfer\u00eancia por sublima\u00e7\u00e3o, etc.<br><strong>Embalagem:<\/strong>caixa de cor.<br><a href=\"https:\/\/moyahousehold.com\/pt\/solucao-personalizada\/\"><strong>Saiba mais sobre as solu\u00e7\u00f5es de lancheiras personalizadas.<\/strong><\/a><\/p>\n\n\n\n<div class=\"wp-block-columns is-layout-flex wp-container-core-columns-is-layout-9d6595d7 wp-block-columns-is-layout-flex\">\n<div class=\"wp-block-column is-layout-flow wp-block-column-is-layout-flow\">\n<figure class=\"wp-block-image size-full\"><img fetchpriority=\"high\" decoding=\"async\" width=\"3438\" height=\"3438\" src=\"https:\/\/moyahousehold.com\/wp-content\/uploads\/2025\/07\/Stainless-steel-food-storage-box-with-striped-bottom-5.webp\" alt=\"Caixa de armazenamento de alimentos em a\u00e7o inoxid\u00e1vel com fundo \u00e0s riscas\" class=\"wp-image-11370\" srcset=\"https:\/\/moyahousehold.com\/wp-content\/uploads\/2025\/07\/Stainless-steel-food-storage-box-with-striped-bottom-5.webp 3438w, https:\/\/moyahousehold.com\/wp-content\/uploads\/2025\/07\/Stainless-steel-food-storage-box-with-striped-bottom-5-300x300.webp 300w, https:\/\/moyahousehold.com\/wp-content\/uploads\/2025\/07\/Stainless-steel-food-storage-box-with-striped-bottom-5-150x150.webp 150w, https:\/\/moyahousehold.com\/wp-content\/uploads\/2025\/07\/Stainless-steel-food-storage-box-with-striped-bottom-5-768x768.webp 768w, https:\/\/moyahousehold.com\/wp-content\/uploads\/2025\/07\/Stainless-steel-food-storage-box-with-striped-bottom-5-12x12.webp 12w, https:\/\/moyahousehold.com\/wp-content\/uploads\/2025\/07\/Stainless-steel-food-storage-box-with-striped-bottom-5-285x285.webp 285w, https:\/\/moyahousehold.com\/wp-content\/uploads\/2025\/07\/Stainless-steel-food-storage-box-with-striped-bottom-5-1600x1600.webp 1600w, https:\/\/moyahousehold.com\/wp-content\/uploads\/2025\/07\/Stainless-steel-food-storage-box-with-striped-bottom-5-270x270.webp 270w, https:\/\/moyahousehold.com\/wp-content\/uploads\/2025\/07\/Stainless-steel-food-storage-box-with-striped-bottom-5-540x540.webp 540w, https:\/\/moyahousehold.com\/wp-content\/uploads\/2025\/07\/Stainless-steel-food-storage-box-with-striped-bottom-5-660x660.webp 660w\" sizes=\"(max-width: 3438px) 100vw, 3438px\" \/><\/figure>\n<\/div>\n\n\n\n<div class=\"wp-block-column is-layout-flow wp-block-column-is-layout-flow\">\n<figure class=\"wp-block-image size-full\"><img decoding=\"async\" width=\"3627\" height=\"3627\" src=\"https:\/\/moyahousehold.com\/wp-content\/uploads\/2025\/07\/Stainless-steel-food-storage-box-with-striped-bottom-4.webp\" alt=\"Caixa de armazenamento de alimentos em a\u00e7o inoxid\u00e1vel com fundo \u00e0s riscas\" class=\"wp-image-11369\" srcset=\"https:\/\/moyahousehold.com\/wp-content\/uploads\/2025\/07\/Stainless-steel-food-storage-box-with-striped-bottom-4.webp 3627w, https:\/\/moyahousehold.com\/wp-content\/uploads\/2025\/07\/Stainless-steel-food-storage-box-with-striped-bottom-4-300x300.webp 300w, https:\/\/moyahousehold.com\/wp-content\/uploads\/2025\/07\/Stainless-steel-food-storage-box-with-striped-bottom-4-150x150.webp 150w, https:\/\/moyahousehold.com\/wp-content\/uploads\/2025\/07\/Stainless-steel-food-storage-box-with-striped-bottom-4-768x768.webp 768w, https:\/\/moyahousehold.com\/wp-content\/uploads\/2025\/07\/Stainless-steel-food-storage-box-with-striped-bottom-4-12x12.webp 12w, https:\/\/moyahousehold.com\/wp-content\/uploads\/2025\/07\/Stainless-steel-food-storage-box-with-striped-bottom-4-285x285.webp 285w, https:\/\/moyahousehold.com\/wp-content\/uploads\/2025\/07\/Stainless-steel-food-storage-box-with-striped-bottom-4-1600x1600.webp 1600w, https:\/\/moyahousehold.com\/wp-content\/uploads\/2025\/07\/Stainless-steel-food-storage-box-with-striped-bottom-4-270x270.webp 270w, https:\/\/moyahousehold.com\/wp-content\/uploads\/2025\/07\/Stainless-steel-food-storage-box-with-striped-bottom-4-540x540.webp 540w, https:\/\/moyahousehold.com\/wp-content\/uploads\/2025\/07\/Stainless-steel-food-storage-box-with-striped-bottom-4-660x660.webp 660w\" sizes=\"(max-width: 3627px) 100vw, 3627px\" \/><\/figure>\n<\/div>\n<\/div>\n\n\n\n<div class=\"wp-block-columns is-layout-flex wp-container-core-columns-is-layout-9d6595d7 wp-block-columns-is-layout-flex\">\n<div class=\"wp-block-column is-layout-flow wp-block-column-is-layout-flow\">\n<figure class=\"wp-block-image size-full\"><img decoding=\"async\" width=\"3611\" height=\"3611\" src=\"https:\/\/moyahousehold.com\/wp-content\/uploads\/2025\/07\/Stainless-steel-food-storage-box-with-striped-bottom-3.webp\" alt=\"Caixa de armazenamento de alimentos em a\u00e7o inoxid\u00e1vel com fundo \u00e0s riscas\" class=\"wp-image-11368\" srcset=\"https:\/\/moyahousehold.com\/wp-content\/uploads\/2025\/07\/Stainless-steel-food-storage-box-with-striped-bottom-3.webp 3611w, https:\/\/moyahousehold.com\/wp-content\/uploads\/2025\/07\/Stainless-steel-food-storage-box-with-striped-bottom-3-300x300.webp 300w, https:\/\/moyahousehold.com\/wp-content\/uploads\/2025\/07\/Stainless-steel-food-storage-box-with-striped-bottom-3-150x150.webp 150w, https:\/\/moyahousehold.com\/wp-content\/uploads\/2025\/07\/Stainless-steel-food-storage-box-with-striped-bottom-3-768x768.webp 768w, https:\/\/moyahousehold.com\/wp-content\/uploads\/2025\/07\/Stainless-steel-food-storage-box-with-striped-bottom-3-12x12.webp 12w, https:\/\/moyahousehold.com\/wp-content\/uploads\/2025\/07\/Stainless-steel-food-storage-box-with-striped-bottom-3-285x285.webp 285w, https:\/\/moyahousehold.com\/wp-content\/uploads\/2025\/07\/Stainless-steel-food-storage-box-with-striped-bottom-3-1600x1600.webp 1600w, https:\/\/moyahousehold.com\/wp-content\/uploads\/2025\/07\/Stainless-steel-food-storage-box-with-striped-bottom-3-270x270.webp 270w, https:\/\/moyahousehold.com\/wp-content\/uploads\/2025\/07\/Stainless-steel-food-storage-box-with-striped-bottom-3-540x540.webp 540w, https:\/\/moyahousehold.com\/wp-content\/uploads\/2025\/07\/Stainless-steel-food-storage-box-with-striped-bottom-3-660x660.webp 660w\" sizes=\"(max-width: 3611px) 100vw, 3611px\" \/><\/figure>\n<\/div>\n\n\n\n<div class=\"wp-block-column is-layout-flow wp-block-column-is-layout-flow\">\n<figure class=\"wp-block-image size-full\"><img loading=\"lazy\" decoding=\"async\" width=\"3648\" height=\"3648\" src=\"https:\/\/moyahousehold.com\/wp-content\/uploads\/2025\/07\/Stainless-steel-food-storage-box-with-striped-bottom-2.webp\" alt=\"Caixa de armazenamento de alimentos em a\u00e7o inoxid\u00e1vel com fundo \u00e0s riscas\" class=\"wp-image-11367\" srcset=\"https:\/\/moyahousehold.com\/wp-content\/uploads\/2025\/07\/Stainless-steel-food-storage-box-with-striped-bottom-2.webp 3648w, https:\/\/moyahousehold.com\/wp-content\/uploads\/2025\/07\/Stainless-steel-food-storage-box-with-striped-bottom-2-300x300.webp 300w, https:\/\/moyahousehold.com\/wp-content\/uploads\/2025\/07\/Stainless-steel-food-storage-box-with-striped-bottom-2-150x150.webp 150w, https:\/\/moyahousehold.com\/wp-content\/uploads\/2025\/07\/Stainless-steel-food-storage-box-with-striped-bottom-2-768x768.webp 768w, https:\/\/moyahousehold.com\/wp-content\/uploads\/2025\/07\/Stainless-steel-food-storage-box-with-striped-bottom-2-12x12.webp 12w, https:\/\/moyahousehold.com\/wp-content\/uploads\/2025\/07\/Stainless-steel-food-storage-box-with-striped-bottom-2-285x285.webp 285w, https:\/\/moyahousehold.com\/wp-content\/uploads\/2025\/07\/Stainless-steel-food-storage-box-with-striped-bottom-2-1600x1600.webp 1600w, https:\/\/moyahousehold.com\/wp-content\/uploads\/2025\/07\/Stainless-steel-food-storage-box-with-striped-bottom-2-270x270.webp 270w, https:\/\/moyahousehold.com\/wp-content\/uploads\/2025\/07\/Stainless-steel-food-storage-box-with-striped-bottom-2-540x540.webp 540w, https:\/\/moyahousehold.com\/wp-content\/uploads\/2025\/07\/Stainless-steel-food-storage-box-with-striped-bottom-2-660x660.webp 660w\" sizes=\"(max-width: 3648px) 100vw, 3648px\" \/><\/figure>\n<\/div>\n<\/div>\n\n\n\n<p><\/p>","protected":false},"excerpt":{"rendered":"<div class=\"inter-jQQQ8P\">\n<div class=\"container-PrUkKo\">\n<div class=\"item-hGGxLi\">\n<div class=\"container-arOxqB chrome70-container\">\n<div class=\"inner-FyM8gE inner-item-swzCut\" data-target-id=\"message-box-target-id\" data-testid=\"union_message\">\n<div class=\"message-block-container-aFugD6\" data-testid=\"message-block-container\">\n<div class=\"flex flex-row w-full w-full max-w-full s-font-base text-s-color-text-secondary p-0 rounded-s-radius-s bg-transparent group data-[attr=select-mode]:-mt-10 data-[attr=select-mode]:py-10 data-[attr=select-mode]:px-16 data-[attr=select-mode]:sm:p-10 data-[attr=select-mode]:hover:bg-s-color-bg-base data-[attr=select-mode]:hover:rounded-s-radius-xs data-[attr=select-mode]:has-[:checked]:bg-s-color-bg-trans data-[attr=select-mode]:has-[:checked]:rounded-s-radius-xs data-[attr=select-mode]:pointer-events-none\" data-testid=\"receive_message\">\n<div class=\"flex flex-col flex-grow max-w-full min-w-0\">\n<div class=\"flex flex-row w-full\" data-testid=\"message_content\" data-message-id=\"12046627427058690\">\n<div class=\"w-full\" data-plugin-identifier=\"Symbol(infra:receive-message-box:text)\">\n<div class=\"container-ZYIsnH flow-markdown-body theme-samantha-Nbr9UN\" dir=\"ltr\" data-testid=\"message_text_content\" data-show-indicator=\"false\">\n<h1 class=\"header-vfC6AV auto-hide-last-sibling-br\">Recipiente de armazenamento de alimentos por atacado em a\u00e7o inoxid\u00e1vel com riscas no fundo: Fresco, dur\u00e1vel e pr\u00e1tico<\/h1>\n<h2 class=\"header-vfC6AV auto-hide-last-sibling-br\">Vantagens principais<\/h2>\n<div class=\"auto-hide-last-sibling-br paragraph-JOTKXA paragraph-element br-paragraph-space\">\u2705\u00a0<strong>Constru\u00e7\u00e3o em a\u00e7o inoxid\u00e1vel de qualidade alimentar<\/strong>\uff1a Fabricado em a\u00e7o inoxid\u00e1vel de qualidade alimentar de primeira qualidade. N\u00e3o t\u00f3xico, resistente \u00e0 corros\u00e3o e f\u00e1cil de limpar. Seguro para contato direto com alimentos, garantindo a frescura e a sa\u00fade dos alimentos.<\/div>\n<p><br class=\"container-utlnW2 wrapper-d0Cc1k undefined\" \/><\/p>\n<div class=\"auto-hide-last-sibling-br paragraph-JOTKXA paragraph-element br-paragraph-space\">\u2705\u00a0<strong>Riscas - Design da parte inferior<\/strong>\uff1a Possui um fundo \u00fanico com riscas de a\u00e7o inoxid\u00e1vel. Aumenta a estabilidade quando colocado, n\u00e3o \u00e9 f\u00e1cil de escorregar. Tamb\u00e9m adiciona um toque de estilo ao armazenamento da sua cozinha.<\/div>\n<p><br class=\"container-utlnW2 wrapper-d0Cc1k undefined\" \/><\/p>\n<div class=\"auto-hide-last-sibling-br paragraph-JOTKXA paragraph-element br-paragraph-space\">\u2705\u00a0<strong>Airtight Fresh - Manter o desempenho<\/strong>\uff1aConcebido com uma estrutura de veda\u00e7\u00e3o estanque. Bloqueia a umidade e o sabor dos alimentos, evitando efetivamente a entrada de ar e a deteriora\u00e7\u00e3o dos alimentos. Mant\u00e9m os ingredientes frescos por mais tempo.<\/div>\n<p><br class=\"container-utlnW2 wrapper-d0Cc1k undefined\" \/><\/p>\n<div class=\"auto-hide-last-sibling-br paragraph-JOTKXA paragraph-element br-paragraph-space\">\u2705\u00a0<strong>Aplica\u00e7\u00e3o vers\u00e1til<\/strong>Adequado para armazenar v\u00e1rios alimentos como frutas, vegetais, sobras. Ideal para cozinhas dom\u00e9sticas, piqueniques ou empresas de servi\u00e7os de alimenta\u00e7\u00e3o. Perfeito para armazenamento di\u00e1rio de alimentos, prepara\u00e7\u00e3o de refei\u00e7\u00f5es e necessidades em movimento.<\/div>\n<p><br class=\"container-utlnW2 wrapper-d0Cc1k undefined\" \/><\/p>\n<div class=\"auto-hide-last-sibling-br paragraph-JOTKXA paragraph-element br-paragraph-space\">\u2705\u00a0<strong>Vantagens da compra a granel<\/strong>Pre\u00e7os atractivos por grosso para retalhistas, empresas de catering e compradores a granel. Pedidos maiores desfrutam de mais descontos, com coopera\u00e7\u00e3o flex\u00edvel para reduzir os custos de aquisi\u00e7\u00e3o.<\/div>\n<\/div>\n<\/div>\n<\/div>\n<\/div>\n<\/div>\n<\/div>\n<\/div>\n<\/div>\n<\/div>\n<\/div>\n<\/div>","protected":false},"featured_media":11371,"comment_status":"closed","ping_status":"closed","template":"","meta":[],"product_cat":[57],"product_tag":[87,92],"class_list":{"0":"post-11365","1":"product","2":"type-product","3":"status-publish","4":"has-post-thumbnail","6":"product_cat-food-storage-container-wholesale","7":"product_tag-wholesale-multi-compartment-lunch-box","8":"product_tag-wholesale-rectangle-lunch-box","10":"first","11":"instock","12":"shipping-taxable","13":"product-type-simple"},"_links":{"self":[{"href":"https:\/\/moyahousehold.com\/pt\/wp-json\/wp\/v2\/product\/11365","targetHints":{"allow":["GET"]}}],"collection":[{"href":"https:\/\/moyahousehold.com\/pt\/wp-json\/wp\/v2\/product"}],"about":[{"href":"https:\/\/moyahousehold.com\/pt\/wp-json\/wp\/v2\/types\/product"}],"replies":[{"embeddable":true,"href":"https:\/\/moyahousehold.com\/pt\/wp-json\/wp\/v2\/comments?post=11365"}],"version-history":[{"count":0,"href":"https:\/\/moyahousehold.com\/pt\/wp-json\/wp\/v2\/product\/11365\/revisions"}],"wp:featuredmedia":[{"embeddable":true,"href":"https:\/\/moyahousehold.com\/pt\/wp-json\/wp\/v2\/media\/11371"}],"wp:attachment":[{"href":"https:\/\/moyahousehold.com\/pt\/wp-json\/wp\/v2\/media?parent=11365"}],"wp:term":[{"taxonomy":"product_cat","embeddable":true,"href":"https:\/\/moyahousehold.com\/pt\/wp-json\/wp\/v2\/product_cat?post=11365"},{"taxonomy":"product_tag","embeddable":true,"href":"https:\/\/moyahousehold.com\/pt\/wp-json\/wp\/v2\/product_tag?post=11365"}],"curies":[{"name":"wp","href":"https:\/\/api.w.org\/{rel}","templated":true}]}}