{"id":11379,"date":"2025-07-15T06:43:23","date_gmt":"2025-07-15T06:43:23","guid":{"rendered":"https:\/\/moyahousehold.com\/?post_type=product&#038;p=11379"},"modified":"2025-07-15T07:58:59","modified_gmt":"2025-07-15T07:58:59","slug":"new-striped-bottom-stainless-steel-glass-as-lid-food-container-with-pull-ring-vent","status":"publish","type":"product","link":"https:\/\/moyahousehold.com\/pt\/produto\/new-striped-bottom-stainless-steel-glass-as-lid-food-container-with-pull-ring-vent\/","title":{"rendered":"Novo recipiente para alimentos com fundo \u00e0s riscas em vidro de a\u00e7o inoxid\u00e1vel e tampa com anel de ventila\u00e7\u00e3o"},"content":{"rendered":"<p><strong>material:<\/strong> 304 + vidro\/tampa AS <strong> cor:<\/strong> A\u00e7o\/Bege\/C\u00e1qui<\/p>\n\n\n\n<figure class=\"wp-block-table\"><table class=\"has-fixed-layout\"><tbody><tr><td>Item<\/td><td>Material<\/td><td>Cor<\/td><td>Capacidade<\/td><td>Tamanho\/PCS<\/td><td>PCS\/Caixa<\/td><td>N.W.\/PCS<\/td><td>G.W.\/Caso<\/td><\/tr><tr><td>MYJD377<\/td><td rowspan=\"15\">304+Vidro\/AS+PP+Silicone<\/td><td rowspan=\"15\">Bege\/caqui<\/td><td>580ml<\/td><td>18.2*12*6.7<\/td><td>80<\/td><td>0.15<\/td><td>14.0&nbsp;<\/td><\/tr><tr><td>MYJD378<\/td><td>880ml<\/td><td>18.2*12*9.2<\/td><td>60<\/td><td>0.19<\/td><td>13.4&nbsp;<\/td><\/tr><tr><td>MYJD379<\/td><td>1180ml<\/td><td>18.2*12*11.6<\/td><td>50<\/td><td>0.23<\/td><td>13.5&nbsp;<\/td><\/tr><tr><td>MYJD380<\/td><td>1000ml<\/td><td>22*15.4*6.7<\/td><td>56<\/td><td>0.23<\/td><td>14.9&nbsp;<\/td><\/tr><tr><td>MYJD381<\/td><td>1600ml<\/td><td>22*15.4*9.2<\/td><td>40<\/td><td>0.27<\/td><td>12.8&nbsp;<\/td><\/tr><tr><td>MYJD382<\/td><td>2100ml<\/td><td>22*15.4*11.6<\/td><td>32<\/td><td>0.34<\/td><td>12.9&nbsp;<\/td><\/tr><tr><td>MYJD383<\/td><td>1500ml<\/td><td>25.7*19*6.7<\/td><td>48<\/td><td>0.29<\/td><td>15.9&nbsp;<\/td><\/tr><tr><td>MYJD384<\/td><td>2300ml<\/td><td>25.7*19*9.2<\/td><td>36<\/td><td>0.34<\/td><td>14.2&nbsp;<\/td><\/tr><tr><td>MYJD385<\/td><td>3100ml<\/td><td>25.7*19*11.6<\/td><td>24<\/td><td>0.38<\/td><td>11.1&nbsp;<\/td><\/tr><tr><td>MYJD386<\/td><td>1100ml<\/td><td>19.2*19.2*6.7<\/td><td>60<\/td><td>0.43<\/td><td>27.8&nbsp;<\/td><\/tr><tr><td>MYJD387<\/td><td>1700ml<\/td><td>19.2*19.2*9.2<\/td><td>36<\/td><td>0.47<\/td><td>18.9&nbsp;<\/td><\/tr><tr><td>MYJD388<\/td><td>2300ml<\/td><td>19.2*19.2*11.6<\/td><td>24<\/td><td>0.54<\/td><td>15.0&nbsp;<\/td><\/tr><tr><td>MYJD389<\/td><td>450ml<\/td><td>15*15*6.3<\/td><td>80<\/td><td>0.23<\/td><td>20.4&nbsp;<\/td><\/tr><tr><td>MYJD390<\/td><td>680ml<\/td><td>15*15*8.7<\/td><td>56<\/td><td>0.25<\/td><td>16.0&nbsp;<\/td><\/tr><tr><td>MYJD391<\/td><td>900ml<\/td><td>15*15*10.8<\/td><td>40<\/td><td>0.28<\/td><td>13.2&nbsp;<\/td><\/tr><tr><td>MYJD362<\/td><td rowspan=\"15\">304+Vidro\/AS+PP+Silicone<\/td><td rowspan=\"15\">A\u00e7o+Verde\/Castanho<\/td><td>580ml<\/td><td>17*10.6*5.2<\/td><td>80<\/td><td>0.15<\/td><td>14.0&nbsp;<\/td><\/tr><tr><td>MYJD363<\/td><td>880ml<\/td><td>17*10.6*7.7<\/td><td>60<\/td><td>0.19<\/td><td>13.4&nbsp;<\/td><\/tr><tr><td>MYJD364<\/td><td>1180ml<\/td><td>17*10.6*10.3<\/td><td>50<\/td><td>0.23<\/td><td>13.5&nbsp;<\/td><\/tr><tr><td>MYJD365<\/td><td>1000ml<\/td><td>20.8*14.1*5.2<\/td><td>56<\/td><td>0.23<\/td><td>14.9&nbsp;<\/td><\/tr><tr><td>MYJD366<\/td><td>1600ml<\/td><td>20.8*14.1*7.7<\/td><td>40<\/td><td>0.27<\/td><td>12.8&nbsp;<\/td><\/tr><tr><td>MYJD367<\/td><td>2100ml<\/td><td>20.8*14.1*10.3<\/td><td>32<\/td><td>0.34<\/td><td>12.9&nbsp;<\/td><\/tr><tr><td>MYJD368<\/td><td>1500ml<\/td><td>24.3*17.5*5.2<\/td><td>48<\/td><td>0.29<\/td><td>15.9&nbsp;<\/td><\/tr><tr><td>MYJD369<\/td><td>2300ml<\/td><td>24.3*17.5*7.7<\/td><td>36<\/td><td>0.34<\/td><td>14.2&nbsp;<\/td><\/tr><tr><td>MYJD370<\/td><td>3100ml<\/td><td>24.3*17.5*10.3<\/td><td>24<\/td><td>0.38<\/td><td>11.1&nbsp;<\/td><\/tr><tr><td>MYJD371<\/td><td>1100ml<\/td><td>19.2*19.2*6.7<\/td><td>60<\/td><td>0.43<\/td><td>27.8&nbsp;<\/td><\/tr><tr><td>MYJD372<\/td><td>1700ml<\/td><td>19.2*19.2*9.2<\/td><td>36<\/td><td>0.47<\/td><td>18.9&nbsp;<\/td><\/tr><tr><td>MYJD373<\/td><td>2300ml<\/td><td>19.2*19.2*11.6<\/td><td>24<\/td><td>0.54<\/td><td>15.0&nbsp;<\/td><\/tr><tr><td>MYJD374<\/td><td>450ml<\/td><td>15*6.3<\/td><td>80<\/td><td>0.23<\/td><td>20.4&nbsp;<\/td><\/tr><tr><td>MYJD375<\/td><td>680ml<\/td><td>15*8.7<\/td><td>56<\/td><td>0.25<\/td><td>16.0&nbsp;<\/td><\/tr><tr><td>MYJD376<\/td><td>900ml<\/td><td>15*10.8<\/td><td>40<\/td><td>0.28<\/td><td>13.2&nbsp;<\/td><\/tr><\/tbody><\/table><\/figure>\n\n\n\n<h3 class=\"wp-block-heading\">Op\u00e7\u00f5es de lancheiras personalizadas<\/h3>\n\n\n\n<p><strong>Log\u00f3tipo<\/strong>: personalizar o log\u00f3tipo da sua marca na caixa bento em a\u00e7o inoxid\u00e1vel e na embalagem.<br><strong>Op\u00e7\u00f5es de log\u00f3tipo<\/strong>: log\u00f3tipo impresso, log\u00f3tipo gravado a laser, etc.<br><strong>Padr\u00e3o<\/strong>: padr\u00f5es de impress\u00e3o em produtos e embalagens.<br><strong>Tecnologia de impress\u00e3o<\/strong>: impress\u00e3o por transfer\u00eancia de \u00e1gua, impress\u00e3o por serigrafia, impress\u00e3o por transfer\u00eancia de calor, transfer\u00eancia por sublima\u00e7\u00e3o, etc.<br><strong>Embalagem:<\/strong>caixa de cor.<br><a href=\"https:\/\/moyahousehold.com\/pt\/solucao-personalizada\/\"><strong>Saiba mais sobre as solu\u00e7\u00f5es de lancheiras personalizadas.<\/strong><\/a><\/p>\n\n\n\n<div class=\"wp-block-columns is-layout-flex wp-container-core-columns-is-layout-9d6595d7 wp-block-columns-is-layout-flex\">\n<div class=\"wp-block-column is-layout-flow wp-block-column-is-layout-flow\">\n<figure class=\"wp-block-image size-full\"><img fetchpriority=\"high\" decoding=\"async\" width=\"3861\" height=\"3861\" src=\"https:\/\/moyahousehold.com\/wp-content\/uploads\/2025\/07\/New-glass-covered-food-storage-container-15.webp\" alt=\"Novo recipiente de armazenamento de alimentos com tampa de vidro\" class=\"wp-image-11398\" srcset=\"https:\/\/moyahousehold.com\/wp-content\/uploads\/2025\/07\/New-glass-covered-food-storage-container-15.webp 3861w, https:\/\/moyahousehold.com\/wp-content\/uploads\/2025\/07\/New-glass-covered-food-storage-container-15-300x300.webp 300w, https:\/\/moyahousehold.com\/wp-content\/uploads\/2025\/07\/New-glass-covered-food-storage-container-15-150x150.webp 150w, https:\/\/moyahousehold.com\/wp-content\/uploads\/2025\/07\/New-glass-covered-food-storage-container-15-768x768.webp 768w, https:\/\/moyahousehold.com\/wp-content\/uploads\/2025\/07\/New-glass-covered-food-storage-container-15-12x12.webp 12w, https:\/\/moyahousehold.com\/wp-content\/uploads\/2025\/07\/New-glass-covered-food-storage-container-15-285x285.webp 285w, https:\/\/moyahousehold.com\/wp-content\/uploads\/2025\/07\/New-glass-covered-food-storage-container-15-1600x1600.webp 1600w, https:\/\/moyahousehold.com\/wp-content\/uploads\/2025\/07\/New-glass-covered-food-storage-container-15-270x270.webp 270w, https:\/\/moyahousehold.com\/wp-content\/uploads\/2025\/07\/New-glass-covered-food-storage-container-15-540x540.webp 540w, https:\/\/moyahousehold.com\/wp-content\/uploads\/2025\/07\/New-glass-covered-food-storage-container-15-660x660.webp 660w\" sizes=\"(max-width: 3861px) 100vw, 3861px\" \/><\/figure>\n<\/div>\n\n\n\n<div class=\"wp-block-column is-layout-flow wp-block-column-is-layout-flow\">\n<figure class=\"wp-block-image size-full\"><img decoding=\"async\" width=\"3837\" height=\"3837\" src=\"https:\/\/moyahousehold.com\/wp-content\/uploads\/2025\/07\/New-glass-covered-food-storage-container-1.webp\" alt=\"Novo recipiente de armazenamento de alimentos com tampa de vidro\" class=\"wp-image-11384\" srcset=\"https:\/\/moyahousehold.com\/wp-content\/uploads\/2025\/07\/New-glass-covered-food-storage-container-1.webp 3837w, https:\/\/moyahousehold.com\/wp-content\/uploads\/2025\/07\/New-glass-covered-food-storage-container-1-300x300.webp 300w, https:\/\/moyahousehold.com\/wp-content\/uploads\/2025\/07\/New-glass-covered-food-storage-container-1-150x150.webp 150w, https:\/\/moyahousehold.com\/wp-content\/uploads\/2025\/07\/New-glass-covered-food-storage-container-1-768x768.webp 768w, https:\/\/moyahousehold.com\/wp-content\/uploads\/2025\/07\/New-glass-covered-food-storage-container-1-12x12.webp 12w, https:\/\/moyahousehold.com\/wp-content\/uploads\/2025\/07\/New-glass-covered-food-storage-container-1-285x285.webp 285w, https:\/\/moyahousehold.com\/wp-content\/uploads\/2025\/07\/New-glass-covered-food-storage-container-1-1600x1600.webp 1600w, https:\/\/moyahousehold.com\/wp-content\/uploads\/2025\/07\/New-glass-covered-food-storage-container-1-270x270.webp 270w, https:\/\/moyahousehold.com\/wp-content\/uploads\/2025\/07\/New-glass-covered-food-storage-container-1-540x540.webp 540w, https:\/\/moyahousehold.com\/wp-content\/uploads\/2025\/07\/New-glass-covered-food-storage-container-1-660x660.webp 660w\" sizes=\"(max-width: 3837px) 100vw, 3837px\" \/><\/figure>\n<\/div>\n<\/div>\n\n\n\n<div class=\"wp-block-columns is-layout-flex wp-container-core-columns-is-layout-9d6595d7 wp-block-columns-is-layout-flex\">\n<div class=\"wp-block-column is-layout-flow wp-block-column-is-layout-flow\">\n<figure class=\"wp-block-image size-full\"><img decoding=\"async\" width=\"3710\" height=\"3710\" src=\"https:\/\/moyahousehold.com\/wp-content\/uploads\/2025\/07\/New-AS-lid-food-storage-container-1.webp\" alt=\"Novo recipiente de armazenamento de alimentos com tampa de vidro\" class=\"wp-image-11380\" srcset=\"https:\/\/moyahousehold.com\/wp-content\/uploads\/2025\/07\/New-AS-lid-food-storage-container-1.webp 3710w, https:\/\/moyahousehold.com\/wp-content\/uploads\/2025\/07\/New-AS-lid-food-storage-container-1-300x300.webp 300w, https:\/\/moyahousehold.com\/wp-content\/uploads\/2025\/07\/New-AS-lid-food-storage-container-1-150x150.webp 150w, https:\/\/moyahousehold.com\/wp-content\/uploads\/2025\/07\/New-AS-lid-food-storage-container-1-768x768.webp 768w, https:\/\/moyahousehold.com\/wp-content\/uploads\/2025\/07\/New-AS-lid-food-storage-container-1-12x12.webp 12w, https:\/\/moyahousehold.com\/wp-content\/uploads\/2025\/07\/New-AS-lid-food-storage-container-1-285x285.webp 285w, https:\/\/moyahousehold.com\/wp-content\/uploads\/2025\/07\/New-AS-lid-food-storage-container-1-1600x1600.webp 1600w, https:\/\/moyahousehold.com\/wp-content\/uploads\/2025\/07\/New-AS-lid-food-storage-container-1-270x270.webp 270w, https:\/\/moyahousehold.com\/wp-content\/uploads\/2025\/07\/New-AS-lid-food-storage-container-1-540x540.webp 540w, https:\/\/moyahousehold.com\/wp-content\/uploads\/2025\/07\/New-AS-lid-food-storage-container-1-660x660.webp 660w\" sizes=\"(max-width: 3710px) 100vw, 3710px\" \/><\/figure>\n<\/div>\n\n\n\n<div class=\"wp-block-column is-layout-flow wp-block-column-is-layout-flow\">\n<figure class=\"wp-block-image size-full\"><img loading=\"lazy\" decoding=\"async\" width=\"3870\" height=\"3870\" src=\"https:\/\/moyahousehold.com\/wp-content\/uploads\/2025\/07\/New-AS-lid-food-storage-container-3.webp\" alt=\"Novo recipiente de armazenamento de alimentos com tampa de vidro\" class=\"wp-image-11382\" srcset=\"https:\/\/moyahousehold.com\/wp-content\/uploads\/2025\/07\/New-AS-lid-food-storage-container-3.webp 3870w, https:\/\/moyahousehold.com\/wp-content\/uploads\/2025\/07\/New-AS-lid-food-storage-container-3-300x300.webp 300w, https:\/\/moyahousehold.com\/wp-content\/uploads\/2025\/07\/New-AS-lid-food-storage-container-3-150x150.webp 150w, https:\/\/moyahousehold.com\/wp-content\/uploads\/2025\/07\/New-AS-lid-food-storage-container-3-768x768.webp 768w, https:\/\/moyahousehold.com\/wp-content\/uploads\/2025\/07\/New-AS-lid-food-storage-container-3-12x12.webp 12w, https:\/\/moyahousehold.com\/wp-content\/uploads\/2025\/07\/New-AS-lid-food-storage-container-3-285x285.webp 285w, https:\/\/moyahousehold.com\/wp-content\/uploads\/2025\/07\/New-AS-lid-food-storage-container-3-1600x1600.webp 1600w, https:\/\/moyahousehold.com\/wp-content\/uploads\/2025\/07\/New-AS-lid-food-storage-container-3-270x270.webp 270w, https:\/\/moyahousehold.com\/wp-content\/uploads\/2025\/07\/New-AS-lid-food-storage-container-3-540x540.webp 540w, https:\/\/moyahousehold.com\/wp-content\/uploads\/2025\/07\/New-AS-lid-food-storage-container-3-660x660.webp 660w\" sizes=\"(max-width: 3870px) 100vw, 3870px\" \/><\/figure>\n<\/div>\n<\/div>\n\n\n\n<p><\/p>","protected":false},"excerpt":{"rendered":"<h1 class=\"header-vfC6AV auto-hide-last-sibling-br\">Atacado Listrado - Fundo de a\u00e7o inoxid\u00e1vel Fresco - mantendo recipientes: Tampas de vidro\/AS, abertura com anel, nova chegada<\/h1>\n<h2 class=\"header-vfC6AV auto-hide-last-sibling-br\">Vantagens do produto principal<\/h2>\n<h3 class=\"header-vfC6AV auto-hide-last-sibling-br\">Material em a\u00e7o inoxid\u00e1vel de qualidade alimentar<\/h3>\n<div class=\"auto-hide-last-sibling-br paragraph-JOTKXA paragraph-element br-paragraph-space\">Fabricado em a\u00e7o inoxid\u00e1vel de qualidade alimentar de primeira qualidade, certificado por organismos autorizados. N\u00e3o t\u00f3xico, resistente \u00e0 corros\u00e3o, sem odores. F\u00e1cil de limpar, seguro para contacto direto com os alimentos, protegendo a sa\u00fade alimentar.<\/div>\n<h3 class=\"header-vfC6AV auto-hide-last-sibling-br\">Tampa de vidro\/AS com abertura de anel<\/h3>\n<div class=\"auto-hide-last-sibling-br paragraph-JOTKXA paragraph-element br-paragraph-space\">Equipado com uma tampa de vidro ou AS com um anel de ventila\u00e7\u00e3o. Forma um espa\u00e7o herm\u00e9tico eficaz com o anel de veda\u00e7\u00e3o de silicone. Bloqueia o ar e a humidade, evita a mistura de odores e a deteriora\u00e7\u00e3o, prolonga a frescura. Funciona bem para refrigera\u00e7\u00e3o e armazenamento \u00e0 temperatura ambiente.<\/div>\n<h3 class=\"header-vfC6AV auto-hide-last-sibling-br\">Riscas - Design da parte inferior<\/h3>\n<div class=\"auto-hide-last-sibling-br paragraph-JOTKXA paragraph-element br-paragraph-space\">O fundo estriado \u00fanico confere uma fun\u00e7\u00e3o est\u00e9tica e antiderrapante. Melhora a textura do produto, adequado para v\u00e1rios cen\u00e1rios.<\/div>\n<h3 class=\"header-vfC6AV auto-hide-last-sibling-br\">Diversos tamanhos e especifica\u00e7\u00f5es<\/h3>\n<div class=\"auto-hide-last-sibling-br paragraph-JOTKXA paragraph-element br-paragraph-space\">Oferece uma gama de tamanhos, desde mini para molhos\/snacks a grandes para refei\u00e7\u00f5es familiares. Adapta-se a diferentes necessidades de arruma\u00e7\u00e3o.<\/div>\n<h3 class=\"header-vfC6AV auto-hide-last-sibling-br\">Servi\u00e7os de personaliza\u00e7\u00e3o<\/h3>\n<div class=\"auto-hide-last-sibling-br paragraph-JOTKXA paragraph-element br-paragraph-space\">Suporta OEM e ODM: Personalizar padr\u00f5es de tampa (vidro\/AS), cores do recipiente, log\u00f3tipos. Ideal para uso pessoal, brindes empresariais, cria\u00e7\u00e3o de produtos exclusivos.<\/div>\n<h3 class=\"header-vfC6AV auto-hide-last-sibling-br\">Descontos para compras em massa<\/h3>\n<div class=\"auto-hide-last-sibling-br paragraph-JOTKXA paragraph-element br-paragraph-space\">Pre\u00e7os atractivos para grossistas, retalhistas e empresas. Encomendas maiores, descontos maiores. Modelos flex\u00edveis reduzem os custos de aquisi\u00e7\u00e3o.<\/div>","protected":false},"featured_media":11390,"comment_status":"closed","ping_status":"closed","template":"","meta":[],"product_cat":[57],"product_tag":[87,92],"class_list":{"0":"post-11379","1":"product","2":"type-product","3":"status-publish","4":"has-post-thumbnail","6":"product_cat-food-storage-container-wholesale","7":"product_tag-wholesale-multi-compartment-lunch-box","8":"product_tag-wholesale-rectangle-lunch-box","10":"first","11":"instock","12":"shipping-taxable","13":"product-type-simple"},"_links":{"self":[{"href":"https:\/\/moyahousehold.com\/pt\/wp-json\/wp\/v2\/product\/11379","targetHints":{"allow":["GET"]}}],"collection":[{"href":"https:\/\/moyahousehold.com\/pt\/wp-json\/wp\/v2\/product"}],"about":[{"href":"https:\/\/moyahousehold.com\/pt\/wp-json\/wp\/v2\/types\/product"}],"replies":[{"embeddable":true,"href":"https:\/\/moyahousehold.com\/pt\/wp-json\/wp\/v2\/comments?post=11379"}],"version-history":[{"count":1,"href":"https:\/\/moyahousehold.com\/pt\/wp-json\/wp\/v2\/product\/11379\/revisions"}],"predecessor-version":[{"id":11830,"href":"https:\/\/moyahousehold.com\/pt\/wp-json\/wp\/v2\/product\/11379\/revisions\/11830"}],"wp:featuredmedia":[{"embeddable":true,"href":"https:\/\/moyahousehold.com\/pt\/wp-json\/wp\/v2\/media\/11390"}],"wp:attachment":[{"href":"https:\/\/moyahousehold.com\/pt\/wp-json\/wp\/v2\/media?parent=11379"}],"wp:term":[{"taxonomy":"product_cat","embeddable":true,"href":"https:\/\/moyahousehold.com\/pt\/wp-json\/wp\/v2\/product_cat?post=11379"},{"taxonomy":"product_tag","embeddable":true,"href":"https:\/\/moyahousehold.com\/pt\/wp-json\/wp\/v2\/product_tag?post=11379"}],"curies":[{"name":"wp","href":"https:\/\/api.w.org\/{rel}","templated":true}]}}