{"id":11453,"date":"2025-07-15T08:48:34","date_gmt":"2025-07-15T08:48:34","guid":{"rendered":"https:\/\/moyahousehold.com\/?post_type=product&#038;p=11453"},"modified":"2026-04-15T01:53:24","modified_gmt":"2026-04-15T01:53:24","slug":"new-section-stainless-steel-lunch-container-stackable-easy-clean-fresh-keeping-design","status":"publish","type":"product","link":"https:\/\/moyahousehold.com\/pt\/produto\/new-section-stainless-steel-lunch-container-stackable-easy-clean-fresh-keeping-design\/","title":{"rendered":"Nova sec\u00e7\u00e3o de recipientes para almo\u00e7os em a\u00e7o inoxid\u00e1vel: Empilh\u00e1vel, f\u00e1cil de limpar, design que mant\u00e9m a frescura"},"content":{"rendered":"<h3 class=\"wp-block-heading\">Parameters Of Multi Compartment Kids&#8217; Lunch Box<\/h3>\n\n\n\n<p><strong>Material:<\/strong> 304 + PP  <strong> Cor:<\/strong> Bege\/caqui\/azul\/castanho<\/p>\n\n\n\n<figure class=\"wp-block-table\"><table class=\"has-fixed-layout\"><tbody><tr><td><strong>Item<\/strong><\/td><td><strong>Material<\/strong><\/td><td><strong>Cor<\/strong><\/td><td><strong>Capacidade<\/strong><\/td><td><strong>Tamanho\/PCS<\/strong><\/td><td><strong>PCS\/Caixa<\/strong><\/td><td><strong>N.W.\/PCS<\/strong><\/td><td><strong>G.W.\/Caso<\/strong><\/td><\/tr><tr><td>MYSK034<\/td><td>304+PP+<br>Silicone<\/td><td>Beige\/Khaki\/<br>Blue\/Brown<\/td><td>2000ml<br>4 grelhas\/5 grelhas<\/td><td>30*23*8<\/td><td>24<\/td><td>0.81&nbsp;<\/td><td>24.37&nbsp;<\/td><\/tr><\/tbody><\/table><\/figure>\n\n\n\n<h3 class=\"wp-block-heading\">Op\u00e7\u00f5es de lancheiras personalizadas<\/h3>\n\n\n\n<p><strong>Log\u00f3tipo<\/strong>: personalizar o log\u00f3tipo da sua marca na caixa bento em a\u00e7o inoxid\u00e1vel e na embalagem.<br><strong>Logo Options<\/strong>: log\u00f3tipo impresso, log\u00f3tipo gravado a laser, etc.<br><strong>Padr\u00e3o<\/strong>: padr\u00f5es de impress\u00e3o em produtos e embalagens.<br><strong>Printing Technology<\/strong>: impress\u00e3o por transfer\u00eancia de \u00e1gua, impress\u00e3o por serigrafia, impress\u00e3o por transfer\u00eancia de calor, transfer\u00eancia por sublima\u00e7\u00e3o, etc.<br><strong>Embalagem:<\/strong> caixa de cor.<br><a href=\"https:\/\/moyahousehold.com\/pt\/solucao-personalizada\/\"><strong>Saiba mais sobre as solu\u00e7\u00f5es de lancheiras personalizadas.<\/strong><\/a><\/p>\n\n\n\n<div class=\"wp-block-columns is-layout-flex wp-container-core-columns-is-layout-9d6595d7 wp-block-columns-is-layout-flex\">\n<div class=\"wp-block-column is-layout-flow wp-block-column-is-layout-flow\">\n<figure class=\"wp-block-image size-full\"><img fetchpriority=\"high\" decoding=\"async\" width=\"3976\" height=\"3976\" src=\"https:\/\/moyahousehold.com\/wp-content\/uploads\/2025\/07\/Stainless-steel-lunch-box-with-compartments-6.webp\" alt=\"Lancheira em a\u00e7o inoxid\u00e1vel com compartimentos\" class=\"wp-image-11522\" srcset=\"https:\/\/moyahousehold.com\/wp-content\/uploads\/2025\/07\/Stainless-steel-lunch-box-with-compartments-6.webp 3976w, https:\/\/moyahousehold.com\/wp-content\/uploads\/2025\/07\/Stainless-steel-lunch-box-with-compartments-6-300x300.webp 300w, https:\/\/moyahousehold.com\/wp-content\/uploads\/2025\/07\/Stainless-steel-lunch-box-with-compartments-6-150x150.webp 150w, https:\/\/moyahousehold.com\/wp-content\/uploads\/2025\/07\/Stainless-steel-lunch-box-with-compartments-6-768x768.webp 768w, https:\/\/moyahousehold.com\/wp-content\/uploads\/2025\/07\/Stainless-steel-lunch-box-with-compartments-6-12x12.webp 12w, https:\/\/moyahousehold.com\/wp-content\/uploads\/2025\/07\/Stainless-steel-lunch-box-with-compartments-6-285x285.webp 285w, https:\/\/moyahousehold.com\/wp-content\/uploads\/2025\/07\/Stainless-steel-lunch-box-with-compartments-6-1600x1600.webp 1600w, https:\/\/moyahousehold.com\/wp-content\/uploads\/2025\/07\/Stainless-steel-lunch-box-with-compartments-6-270x270.webp 270w, https:\/\/moyahousehold.com\/wp-content\/uploads\/2025\/07\/Stainless-steel-lunch-box-with-compartments-6-540x540.webp 540w, https:\/\/moyahousehold.com\/wp-content\/uploads\/2025\/07\/Stainless-steel-lunch-box-with-compartments-6-660x660.webp 660w\" sizes=\"(max-width: 3976px) 100vw, 3976px\" \/><\/figure>\n<\/div>\n\n\n\n<div class=\"wp-block-column is-layout-flow wp-block-column-is-layout-flow\">\n<figure class=\"wp-block-image size-full\"><img decoding=\"async\" width=\"4160\" height=\"4160\" src=\"https:\/\/moyahousehold.com\/wp-content\/uploads\/2025\/07\/Stainless-steel-lunch-box-with-compartments-7.webp\" alt=\"Lancheira em a\u00e7o inoxid\u00e1vel com compartimentos\" class=\"wp-image-11523\" srcset=\"https:\/\/moyahousehold.com\/wp-content\/uploads\/2025\/07\/Stainless-steel-lunch-box-with-compartments-7.webp 4160w, https:\/\/moyahousehold.com\/wp-content\/uploads\/2025\/07\/Stainless-steel-lunch-box-with-compartments-7-300x300.webp 300w, https:\/\/moyahousehold.com\/wp-content\/uploads\/2025\/07\/Stainless-steel-lunch-box-with-compartments-7-150x150.webp 150w, https:\/\/moyahousehold.com\/wp-content\/uploads\/2025\/07\/Stainless-steel-lunch-box-with-compartments-7-768x768.webp 768w, https:\/\/moyahousehold.com\/wp-content\/uploads\/2025\/07\/Stainless-steel-lunch-box-with-compartments-7-12x12.webp 12w, https:\/\/moyahousehold.com\/wp-content\/uploads\/2025\/07\/Stainless-steel-lunch-box-with-compartments-7-285x285.webp 285w, https:\/\/moyahousehold.com\/wp-content\/uploads\/2025\/07\/Stainless-steel-lunch-box-with-compartments-7-1600x1600.webp 1600w, https:\/\/moyahousehold.com\/wp-content\/uploads\/2025\/07\/Stainless-steel-lunch-box-with-compartments-7-270x270.webp 270w, https:\/\/moyahousehold.com\/wp-content\/uploads\/2025\/07\/Stainless-steel-lunch-box-with-compartments-7-540x540.webp 540w, https:\/\/moyahousehold.com\/wp-content\/uploads\/2025\/07\/Stainless-steel-lunch-box-with-compartments-7-660x660.webp 660w\" sizes=\"(max-width: 4160px) 100vw, 4160px\" \/><\/figure>\n<\/div>\n<\/div>\n\n\n\n<div class=\"wp-block-columns is-layout-flex wp-container-core-columns-is-layout-9d6595d7 wp-block-columns-is-layout-flex\">\n<div class=\"wp-block-column is-layout-flow wp-block-column-is-layout-flow\">\n<figure class=\"wp-block-image size-full\"><img decoding=\"async\" width=\"3865\" height=\"3865\" src=\"https:\/\/moyahousehold.com\/wp-content\/uploads\/2025\/07\/Stainless-steel-lunch-box-with-compartments-5.webp\" alt=\"Lancheira em a\u00e7o inoxid\u00e1vel com compartimentos\" class=\"wp-image-11521\" srcset=\"https:\/\/moyahousehold.com\/wp-content\/uploads\/2025\/07\/Stainless-steel-lunch-box-with-compartments-5.webp 3865w, https:\/\/moyahousehold.com\/wp-content\/uploads\/2025\/07\/Stainless-steel-lunch-box-with-compartments-5-300x300.webp 300w, https:\/\/moyahousehold.com\/wp-content\/uploads\/2025\/07\/Stainless-steel-lunch-box-with-compartments-5-150x150.webp 150w, https:\/\/moyahousehold.com\/wp-content\/uploads\/2025\/07\/Stainless-steel-lunch-box-with-compartments-5-768x768.webp 768w, https:\/\/moyahousehold.com\/wp-content\/uploads\/2025\/07\/Stainless-steel-lunch-box-with-compartments-5-12x12.webp 12w, https:\/\/moyahousehold.com\/wp-content\/uploads\/2025\/07\/Stainless-steel-lunch-box-with-compartments-5-285x285.webp 285w, https:\/\/moyahousehold.com\/wp-content\/uploads\/2025\/07\/Stainless-steel-lunch-box-with-compartments-5-1600x1600.webp 1600w, https:\/\/moyahousehold.com\/wp-content\/uploads\/2025\/07\/Stainless-steel-lunch-box-with-compartments-5-270x270.webp 270w, https:\/\/moyahousehold.com\/wp-content\/uploads\/2025\/07\/Stainless-steel-lunch-box-with-compartments-5-540x540.webp 540w, https:\/\/moyahousehold.com\/wp-content\/uploads\/2025\/07\/Stainless-steel-lunch-box-with-compartments-5-660x660.webp 660w\" sizes=\"(max-width: 3865px) 100vw, 3865px\" \/><\/figure>\n<\/div>\n\n\n\n<div class=\"wp-block-column is-layout-flow wp-block-column-is-layout-flow\">\n<figure class=\"wp-block-image size-full\"><img loading=\"lazy\" decoding=\"async\" width=\"3883\" height=\"3883\" src=\"https:\/\/moyahousehold.com\/wp-content\/uploads\/2025\/07\/Stainless-steel-lunch-box-with-compartments.webp\" alt=\"Lancheira em a\u00e7o inoxid\u00e1vel com compartimentos\" class=\"wp-image-11524\" srcset=\"https:\/\/moyahousehold.com\/wp-content\/uploads\/2025\/07\/Stainless-steel-lunch-box-with-compartments.webp 3883w, https:\/\/moyahousehold.com\/wp-content\/uploads\/2025\/07\/Stainless-steel-lunch-box-with-compartments-300x300.webp 300w, https:\/\/moyahousehold.com\/wp-content\/uploads\/2025\/07\/Stainless-steel-lunch-box-with-compartments-150x150.webp 150w, https:\/\/moyahousehold.com\/wp-content\/uploads\/2025\/07\/Stainless-steel-lunch-box-with-compartments-768x768.webp 768w, https:\/\/moyahousehold.com\/wp-content\/uploads\/2025\/07\/Stainless-steel-lunch-box-with-compartments-12x12.webp 12w, https:\/\/moyahousehold.com\/wp-content\/uploads\/2025\/07\/Stainless-steel-lunch-box-with-compartments-285x285.webp 285w, https:\/\/moyahousehold.com\/wp-content\/uploads\/2025\/07\/Stainless-steel-lunch-box-with-compartments-1600x1600.webp 1600w, https:\/\/moyahousehold.com\/wp-content\/uploads\/2025\/07\/Stainless-steel-lunch-box-with-compartments-270x270.webp 270w, https:\/\/moyahousehold.com\/wp-content\/uploads\/2025\/07\/Stainless-steel-lunch-box-with-compartments-540x540.webp 540w, https:\/\/moyahousehold.com\/wp-content\/uploads\/2025\/07\/Stainless-steel-lunch-box-with-compartments-660x660.webp 660w\" sizes=\"(max-width: 3883px) 100vw, 3883px\" \/><\/figure>\n<\/div>\n<\/div>","protected":false},"excerpt":{"rendered":"<h2 class=\"header-vfC6AV auto-hide-last-sibling-br\">Qualidade superior e design pr\u00e1tico<\/h2>\n<div class=\"auto-hide-last-sibling-br paragraph-JOTKXA paragraph-element br-paragraph-space\">Fabricada em a\u00e7o inoxid\u00e1vel 304 de qualidade alimentar, esta caixa bento apresenta uma estrutura com v\u00e1rios compartimentos (dispon\u00edvel em op\u00e7\u00f5es de 4 ou 5 compartimentos), permitindo uma classifica\u00e7\u00e3o f\u00e1cil dos diferentes alimentos. Ideal para estudantes e pessoal de escrit\u00f3rio, garante que as refei\u00e7\u00f5es se mant\u00eam frescas, organizadas e sem confus\u00e3o. Com descontos para compras a granel e suporte para personaliza\u00e7\u00e3o OEM e ODM, agradecemos a coopera\u00e7\u00e3o para satisfazer as suas necessidades espec\u00edficas.<\/div>\n<h3 class=\"header-vfC6AV auto-hide-last-sibling-br\">Carater\u00edsticas da Lancheira de a\u00e7o inoxid\u00e1vel com v\u00e1rios compartimentos<\/h3>\n<h3 class=\"header-vfC6AV auto-hide-last-sibling-br\">1. Smart Compartment System<\/h3>\n<div class=\"auto-hide-last-sibling-br paragraph-JOTKXA paragraph-element br-paragraph-space\">4 ou 5 compartimentos separados mant\u00eam pratos como saladas, pratos principais e snacks isolados, evitando a mistura de sabores. Ajuda a controlar as por\u00e7\u00f5es, tornando-a adequada para dietas equilibradas e gest\u00e3o nutricional. Cada compartimento tem um tamanho adequado para diferentes por\u00e7\u00f5es de alimentos.<\/div>\n<h3 class=\"header-vfC6AV auto-hide-last-sibling-br\">2. Safe &amp; Certified Material<\/h3>\n<div class=\"auto-hide-last-sibling-br paragraph-JOTKXA paragraph-element br-paragraph-space\">Constru\u00eddo em a\u00e7o inoxid\u00e1vel de qualidade alimentar 100%, isento de BPA e de qu\u00edmicos nocivos. Certificado pelas normas de seguran\u00e7a alimentar relevantes, garantindo a conformidade com os requisitos internacionais de seguran\u00e7a alimentar. As arestas lisas evitam riscos durante a utiliza\u00e7\u00e3o.<\/div>\n<h3 class=\"header-vfC6AV auto-hide-last-sibling-br\">3. Airtight &amp; Leak &#8211; proof Performance<\/h3>\n<div class=\"auto-hide-last-sibling-br paragraph-JOTKXA paragraph-element br-paragraph-space\">Equipado com uma tampa herm\u00e9tica e um sistema de veda\u00e7\u00e3o fi\u00e1vel, impede eficazmente a entrada de ar e humidade. O design herm\u00e9tico mant\u00e9m a frescura dos alimentos durante mais tempo, quer seja para refrigera\u00e7\u00e3o ou para armazenamento \u00e0 temperatura ambiente. Pode evitar fugas de sopas ou molhos, mantendo os sacos limpos.<\/div>\n<div>\u00a0<\/div>\n<h2 class=\"header-vfC6AV auto-hide-last-sibling-br\">Servi\u00e7os de personaliza\u00e7\u00e3o<\/h2>\n<div class=\"auto-hide-last-sibling-br paragraph-JOTKXA paragraph-element br-paragraph-space\">Como um fabricante profissional de lancheiras, n\u00f3s fornecemos solu\u00e7\u00f5es abrangentes de OEM e ODM:<\/div>\n<ul class=\"auto-hide-last-sibling-br\">\n<li><strong>OEM<\/strong>: Personalize log\u00f3tipos, impress\u00f5es ou embalagens para se alinharem com a identidade da sua marca. Tamb\u00e9m pode escolher cores diferentes para o inv\u00f3lucro exterior para combinar com o estilo da sua marca.<\/li>\n<li><strong>ODM<\/strong>: Colaboramos na conce\u00e7\u00e3o do produto, desde a disposi\u00e7\u00e3o dos compartimentos (ajustando o n\u00famero e o tamanho dos compartimentos) aos acabamentos dos materiais, para criar solu\u00e7\u00f5es \u00fanicas e orientadas para o mercado. Podemos tamb\u00e9m otimizar a estrutura de veda\u00e7\u00e3o ou acrescentar designs funcionais especiais de acordo com as suas necessidades.<\/li>\n<\/ul>","protected":false},"featured_media":11536,"comment_status":"closed","ping_status":"closed","template":"","meta":[],"product_cat":[58],"product_tag":[87,92],"class_list":{"0":"post-11453","1":"product","2":"type-product","3":"status-publish","4":"has-post-thumbnail","6":"product_cat-lunch-box-wholesale","7":"product_tag-wholesale-multi-compartment-lunch-box","8":"product_tag-wholesale-rectangle-lunch-box","10":"first","11":"instock","12":"shipping-taxable","13":"product-type-simple"},"_links":{"self":[{"href":"https:\/\/moyahousehold.com\/pt\/wp-json\/wp\/v2\/product\/11453","targetHints":{"allow":["GET"]}}],"collection":[{"href":"https:\/\/moyahousehold.com\/pt\/wp-json\/wp\/v2\/product"}],"about":[{"href":"https:\/\/moyahousehold.com\/pt\/wp-json\/wp\/v2\/types\/product"}],"replies":[{"embeddable":true,"href":"https:\/\/moyahousehold.com\/pt\/wp-json\/wp\/v2\/comments?post=11453"}],"version-history":[{"count":3,"href":"https:\/\/moyahousehold.com\/pt\/wp-json\/wp\/v2\/product\/11453\/revisions"}],"predecessor-version":[{"id":13090,"href":"https:\/\/moyahousehold.com\/pt\/wp-json\/wp\/v2\/product\/11453\/revisions\/13090"}],"wp:featuredmedia":[{"embeddable":true,"href":"https:\/\/moyahousehold.com\/pt\/wp-json\/wp\/v2\/media\/11536"}],"wp:attachment":[{"href":"https:\/\/moyahousehold.com\/pt\/wp-json\/wp\/v2\/media?parent=11453"}],"wp:term":[{"taxonomy":"product_cat","embeddable":true,"href":"https:\/\/moyahousehold.com\/pt\/wp-json\/wp\/v2\/product_cat?post=11453"},{"taxonomy":"product_tag","embeddable":true,"href":"https:\/\/moyahousehold.com\/pt\/wp-json\/wp\/v2\/product_tag?post=11453"}],"curies":[{"name":"wp","href":"https:\/\/api.w.org\/{rel}","templated":true}]}}