{"id":11539,"date":"2025-07-15T09:13:31","date_gmt":"2025-07-15T09:13:31","guid":{"rendered":"https:\/\/moyahousehold.com\/?post_type=product&#038;p=11539"},"modified":"2025-07-16T01:57:40","modified_gmt":"2025-07-16T01:57:40","slug":"stainless-steel-instant-noodle-cup-airtight-lid-easy-clean-perfect-for-office-travel-meals","status":"publish","type":"product","link":"https:\/\/moyahousehold.com\/pt\/produto\/stainless-steel-instant-noodle-cup-airtight-lid-easy-clean-perfect-for-office-travel-meals\/","title":{"rendered":"Copo de massa instant\u00e2nea em a\u00e7o inoxid\u00e1vel com tampa herm\u00e9tica, f\u00e1cil de limpar, perfeito para refei\u00e7\u00f5es no escrit\u00f3rio e em viagem"},"content":{"rendered":"<p><strong>material:<\/strong> 304 + PP <strong> cor:<\/strong> Bege\/caqui<\/p>\n\n\n\n<figure class=\"wp-block-table\"><table class=\"has-fixed-layout\"><tbody><tr><td>Item<\/td><td>Material<\/td><td>Cor<\/td><td>Capacidade<\/td><td>Tamanho\/PCS<\/td><td>PCS\/Caixa<\/td><td>N.W.\/PCS<\/td><td>G.W.\/Caso<\/td><\/tr><tr><td>MYSK049<\/td><td>304+PP<\/td><td>Bege\/caqui<\/td><td>1200ml<\/td><td>15.5*15.5*10<\/td><td>60<\/td><td>0.23<\/td><td>18.80&nbsp;<\/td><\/tr><\/tbody><\/table><\/figure>\n\n\n\n<h3 class=\"wp-block-heading\">Op\u00e7\u00f5es de lancheiras personalizadas<\/h3>\n\n\n\n<p><strong>Log\u00f3tipo<\/strong>: personalizar o log\u00f3tipo da sua marca na caixa bento em a\u00e7o inoxid\u00e1vel e na embalagem.<br><strong>Op\u00e7\u00f5es de log\u00f3tipo<\/strong>: log\u00f3tipo impresso, log\u00f3tipo gravado a laser, etc.<br><strong>Padr\u00e3o<\/strong>: padr\u00f5es de impress\u00e3o em produtos e embalagens.<br><strong>Tecnologia de impress\u00e3o<\/strong>: impress\u00e3o por transfer\u00eancia de \u00e1gua, impress\u00e3o por serigrafia, impress\u00e3o por transfer\u00eancia de calor, transfer\u00eancia por sublima\u00e7\u00e3o, etc.<br><strong>Embalagem:<\/strong>caixa de cor.<br><a href=\"https:\/\/moyahousehold.com\/pt\/solucao-personalizada\/\"><strong>Saiba mais sobre as solu\u00e7\u00f5es de lancheiras personalizadas.<\/strong><\/a><\/p>\n\n\n\n<div class=\"wp-block-columns is-layout-flex wp-container-core-columns-is-layout-9d6595d7 wp-block-columns-is-layout-flex\">\n<div class=\"wp-block-column is-layout-flow wp-block-column-is-layout-flow\">\n<figure class=\"wp-block-image size-full\"><img fetchpriority=\"high\" decoding=\"async\" width=\"3516\" height=\"3516\" src=\"https:\/\/moyahousehold.com\/wp-content\/uploads\/2025\/07\/Stainless-steel-instant-noodle-bowl-2.webp\" alt=\"Ta\u00e7a para massa instant\u00e2nea em a\u00e7o inoxid\u00e1vel\" class=\"wp-image-11512\" srcset=\"https:\/\/moyahousehold.com\/wp-content\/uploads\/2025\/07\/Stainless-steel-instant-noodle-bowl-2.webp 3516w, https:\/\/moyahousehold.com\/wp-content\/uploads\/2025\/07\/Stainless-steel-instant-noodle-bowl-2-300x300.webp 300w, https:\/\/moyahousehold.com\/wp-content\/uploads\/2025\/07\/Stainless-steel-instant-noodle-bowl-2-150x150.webp 150w, https:\/\/moyahousehold.com\/wp-content\/uploads\/2025\/07\/Stainless-steel-instant-noodle-bowl-2-768x768.webp 768w, https:\/\/moyahousehold.com\/wp-content\/uploads\/2025\/07\/Stainless-steel-instant-noodle-bowl-2-12x12.webp 12w, https:\/\/moyahousehold.com\/wp-content\/uploads\/2025\/07\/Stainless-steel-instant-noodle-bowl-2-285x285.webp 285w, https:\/\/moyahousehold.com\/wp-content\/uploads\/2025\/07\/Stainless-steel-instant-noodle-bowl-2-1600x1600.webp 1600w, https:\/\/moyahousehold.com\/wp-content\/uploads\/2025\/07\/Stainless-steel-instant-noodle-bowl-2-270x270.webp 270w, https:\/\/moyahousehold.com\/wp-content\/uploads\/2025\/07\/Stainless-steel-instant-noodle-bowl-2-540x540.webp 540w, https:\/\/moyahousehold.com\/wp-content\/uploads\/2025\/07\/Stainless-steel-instant-noodle-bowl-2-660x660.webp 660w\" sizes=\"(max-width: 3516px) 100vw, 3516px\" \/><\/figure>\n<\/div>\n\n\n\n<div class=\"wp-block-column is-layout-flow wp-block-column-is-layout-flow\">\n<figure class=\"wp-block-image size-full\"><img decoding=\"async\" width=\"3132\" height=\"3132\" src=\"https:\/\/moyahousehold.com\/wp-content\/uploads\/2025\/07\/Stainless-steel-instant-noodle-bowl-1.webp\" alt=\"Ta\u00e7a para massa instant\u00e2nea em a\u00e7o inoxid\u00e1vel\" class=\"wp-image-11511\" srcset=\"https:\/\/moyahousehold.com\/wp-content\/uploads\/2025\/07\/Stainless-steel-instant-noodle-bowl-1.webp 3132w, https:\/\/moyahousehold.com\/wp-content\/uploads\/2025\/07\/Stainless-steel-instant-noodle-bowl-1-300x300.webp 300w, https:\/\/moyahousehold.com\/wp-content\/uploads\/2025\/07\/Stainless-steel-instant-noodle-bowl-1-150x150.webp 150w, https:\/\/moyahousehold.com\/wp-content\/uploads\/2025\/07\/Stainless-steel-instant-noodle-bowl-1-768x768.webp 768w, https:\/\/moyahousehold.com\/wp-content\/uploads\/2025\/07\/Stainless-steel-instant-noodle-bowl-1-12x12.webp 12w, https:\/\/moyahousehold.com\/wp-content\/uploads\/2025\/07\/Stainless-steel-instant-noodle-bowl-1-285x285.webp 285w, https:\/\/moyahousehold.com\/wp-content\/uploads\/2025\/07\/Stainless-steel-instant-noodle-bowl-1-1600x1600.webp 1600w, https:\/\/moyahousehold.com\/wp-content\/uploads\/2025\/07\/Stainless-steel-instant-noodle-bowl-1-270x270.webp 270w, https:\/\/moyahousehold.com\/wp-content\/uploads\/2025\/07\/Stainless-steel-instant-noodle-bowl-1-540x540.webp 540w, https:\/\/moyahousehold.com\/wp-content\/uploads\/2025\/07\/Stainless-steel-instant-noodle-bowl-1-660x660.webp 660w\" sizes=\"(max-width: 3132px) 100vw, 3132px\" \/><\/figure>\n<\/div>\n<\/div>\n\n\n\n<div class=\"wp-block-columns is-layout-flex wp-container-core-columns-is-layout-9d6595d7 wp-block-columns-is-layout-flex\">\n<div class=\"wp-block-column is-layout-flow wp-block-column-is-layout-flow\">\n<figure class=\"wp-block-image size-full\"><img decoding=\"async\" width=\"3648\" height=\"3648\" src=\"https:\/\/moyahousehold.com\/wp-content\/uploads\/2025\/07\/Stainless-steel-instant-noodle-bowl-3.webp\" alt=\"Ta\u00e7a para massa instant\u00e2nea em a\u00e7o inoxid\u00e1vel\" class=\"wp-image-11513\" srcset=\"https:\/\/moyahousehold.com\/wp-content\/uploads\/2025\/07\/Stainless-steel-instant-noodle-bowl-3.webp 3648w, https:\/\/moyahousehold.com\/wp-content\/uploads\/2025\/07\/Stainless-steel-instant-noodle-bowl-3-300x300.webp 300w, https:\/\/moyahousehold.com\/wp-content\/uploads\/2025\/07\/Stainless-steel-instant-noodle-bowl-3-150x150.webp 150w, https:\/\/moyahousehold.com\/wp-content\/uploads\/2025\/07\/Stainless-steel-instant-noodle-bowl-3-768x768.webp 768w, https:\/\/moyahousehold.com\/wp-content\/uploads\/2025\/07\/Stainless-steel-instant-noodle-bowl-3-12x12.webp 12w, https:\/\/moyahousehold.com\/wp-content\/uploads\/2025\/07\/Stainless-steel-instant-noodle-bowl-3-285x285.webp 285w, https:\/\/moyahousehold.com\/wp-content\/uploads\/2025\/07\/Stainless-steel-instant-noodle-bowl-3-1600x1600.webp 1600w, https:\/\/moyahousehold.com\/wp-content\/uploads\/2025\/07\/Stainless-steel-instant-noodle-bowl-3-270x270.webp 270w, https:\/\/moyahousehold.com\/wp-content\/uploads\/2025\/07\/Stainless-steel-instant-noodle-bowl-3-540x540.webp 540w, https:\/\/moyahousehold.com\/wp-content\/uploads\/2025\/07\/Stainless-steel-instant-noodle-bowl-3-660x660.webp 660w\" sizes=\"(max-width: 3648px) 100vw, 3648px\" \/><\/figure>\n<\/div>\n\n\n\n<div class=\"wp-block-column is-layout-flow wp-block-column-is-layout-flow\">\n<figure class=\"wp-block-image size-full\"><img loading=\"lazy\" decoding=\"async\" width=\"3328\" height=\"3328\" src=\"https:\/\/moyahousehold.com\/wp-content\/uploads\/2025\/07\/Stainless-steel-instant-noodle-bowl-4.webp\" alt=\"Ta\u00e7a para massa instant\u00e2nea em a\u00e7o inoxid\u00e1vel\" class=\"wp-image-11514\" srcset=\"https:\/\/moyahousehold.com\/wp-content\/uploads\/2025\/07\/Stainless-steel-instant-noodle-bowl-4.webp 3328w, https:\/\/moyahousehold.com\/wp-content\/uploads\/2025\/07\/Stainless-steel-instant-noodle-bowl-4-300x300.webp 300w, https:\/\/moyahousehold.com\/wp-content\/uploads\/2025\/07\/Stainless-steel-instant-noodle-bowl-4-150x150.webp 150w, https:\/\/moyahousehold.com\/wp-content\/uploads\/2025\/07\/Stainless-steel-instant-noodle-bowl-4-768x768.webp 768w, https:\/\/moyahousehold.com\/wp-content\/uploads\/2025\/07\/Stainless-steel-instant-noodle-bowl-4-12x12.webp 12w, https:\/\/moyahousehold.com\/wp-content\/uploads\/2025\/07\/Stainless-steel-instant-noodle-bowl-4-285x285.webp 285w, https:\/\/moyahousehold.com\/wp-content\/uploads\/2025\/07\/Stainless-steel-instant-noodle-bowl-4-1600x1600.webp 1600w, https:\/\/moyahousehold.com\/wp-content\/uploads\/2025\/07\/Stainless-steel-instant-noodle-bowl-4-270x270.webp 270w, https:\/\/moyahousehold.com\/wp-content\/uploads\/2025\/07\/Stainless-steel-instant-noodle-bowl-4-540x540.webp 540w, https:\/\/moyahousehold.com\/wp-content\/uploads\/2025\/07\/Stainless-steel-instant-noodle-bowl-4-660x660.webp 660w\" sizes=\"(max-width: 3328px) 100vw, 3328px\" \/><\/figure>\n<\/div>\n<\/div>","protected":false},"excerpt":{"rendered":"<h2 class=\"header-vfC6AV auto-hide-last-sibling-br\">Qualidade superior e design pr\u00e1tico<\/h2>\n<div class=\"auto-hide-last-sibling-br paragraph-JOTKXA paragraph-element br-paragraph-space\">Fabricadas em a\u00e7o inoxid\u00e1vel 304 de qualidade alimentar, estas ta\u00e7as para massa instant\u00e2nea apresentam uma estrutura duradoura e f\u00e1cil de utilizar, ideal para massa instant\u00e2nea, sopas ou refei\u00e7\u00f5es r\u00e1pidas. S\u00e3o perfeitas para estudantes, trabalhadores de escrit\u00f3rio e viajantes, garantindo refei\u00e7\u00f5es c\u00f3modas e sem confus\u00e3o. Com descontos na compra a granel e apoio \u00e0 personaliza\u00e7\u00e3o OEM e ODM, agradecemos a coopera\u00e7\u00e3o para satisfazer as suas necessidades espec\u00edficas.<\/div>\n<h2 class=\"header-vfC6AV auto-hide-last-sibling-br\">Carater\u00edsticas da ta\u00e7a de massa instant\u00e2nea de a\u00e7o inoxid\u00e1vel<\/h2>\n<h3 class=\"header-vfC6AV auto-hide-last-sibling-br\">1. Design funcional e atrativo<\/h3>\n<div class=\"auto-hide-last-sibling-br paragraph-JOTKXA paragraph-element br-paragraph-space\">As cores vibrantes (por exemplo, vermelho, azul, branco) e as linhas elegantes d\u00e3o um toque moderno \u00e0 hora das refei\u00e7\u00f5es. O design de boca larga facilita mexer e comer, enquanto o tamanho compacto cabe perfeitamente em sacos de almo\u00e7o ou mochilas.<\/div>\n<h3 class=\"header-vfC6AV auto-hide-last-sibling-br\">2. Estrutura que ret\u00e9m o calor e \u00e0 prova de fugas<\/h3>\n<div class=\"auto-hide-last-sibling-br paragraph-JOTKXA paragraph-element br-paragraph-space\">Equipado com uma tampa bem ajustada e um anel de veda\u00e7\u00e3o de silicone, formando um espa\u00e7o herm\u00e9tico. Ret\u00e9m eficazmente o calor para manter a massa quente, evita derrames durante o transporte e evita a perda de humidade - mantendo as refei\u00e7\u00f5es frescas e saborosas.<\/div>\n<h3 class=\"header-vfC6AV auto-hide-last-sibling-br\">3. Material seguro e certificado<\/h3>\n<div class=\"auto-hide-last-sibling-br paragraph-JOTKXA paragraph-element br-paragraph-space\">Fabricado em a\u00e7o inoxid\u00e1vel 304 de qualidade alimentar 100%, isento de BPA e de qu\u00edmicos nocivos. Certificado pela ISO e pela FDA, garantindo a conformidade com as normas internacionais de seguran\u00e7a alimentar para o contacto direto com os alimentos.<\/div>\n<h3 class=\"header-vfC6AV auto-hide-last-sibling-br\">4. Vers\u00e1til e f\u00e1cil de utilizar<\/h3>\n<div class=\"auto-hide-last-sibling-br paragraph-JOTKXA paragraph-element br-paragraph-space\">Para al\u00e9m dos noodles instant\u00e2neos, \u00e9 adequado para sopas, papas de aveia ou mesmo para guardar pequenos snacks. A parede interior lisa resiste \u00e0 ader\u00eancia, tornando a limpeza r\u00e1pida e sem complica\u00e7\u00f5es - pode ser lavada \u00e0 m\u00e3o ou na m\u00e1quina de lavar loi\u00e7a.<\/div>\n<h3 class=\"header-vfC6AV auto-hide-last-sibling-br\">5. Pormenores de f\u00e1cil utiliza\u00e7\u00e3o<\/h3>\n<div class=\"auto-hide-last-sibling-br paragraph-JOTKXA paragraph-element br-paragraph-space\">A tampa foi concebida para ser f\u00e1cil de abrir, mesmo com uma s\u00f3 m\u00e3o, reduzindo a frustra\u00e7\u00e3o. A camada exterior resistente ao calor evita queimaduras, sendo segura para manuseamento quando cont\u00e9m alimentos quentes. A constru\u00e7\u00e3o leve evita adicionar volume extra aos sacos.<\/div>\n<h2 class=\"header-vfC6AV auto-hide-last-sibling-br\">Servi\u00e7os de personaliza\u00e7\u00e3o<\/h2>\n<div class=\"auto-hide-last-sibling-br paragraph-JOTKXA paragraph-element br-paragraph-space\">Como um fabricante l\u00edder de utens\u00edlios de cozinha, fornecemos solu\u00e7\u00f5es abrangentes de OEM e ODM:<\/div>\n<p>&nbsp;<\/p>\n<ul class=\"auto-hide-last-sibling-br\">\n<li><strong>OEM<\/strong>: Personalize log\u00f3tipos, impress\u00f5es (por exemplo, padr\u00f5es de desenhos animados, slogans de marca) ou embalagens para se alinharem com a identidade da sua marca.<\/li>\n<li><strong>ODM<\/strong>: Colaborar na conce\u00e7\u00e3o do produto, desde o ajuste da capacidade da ta\u00e7a (500ml-1200ml) at\u00e9 \u00e0 adi\u00e7\u00e3o de carater\u00edsticas como coadores incorporados ou isolamento de parede dupla, criando ta\u00e7as de massa instant\u00e2nea \u00fanicas e orientadas para o mercado.<\/li>\n<\/ul>","protected":false},"featured_media":11516,"comment_status":"closed","ping_status":"closed","template":"","meta":[],"product_cat":[58],"product_tag":[87,92],"class_list":{"0":"post-11539","1":"product","2":"type-product","3":"status-publish","4":"has-post-thumbnail","6":"product_cat-lunch-box-wholesale","7":"product_tag-wholesale-multi-compartment-lunch-box","8":"product_tag-wholesale-rectangle-lunch-box","10":"first","11":"instock","12":"shipping-taxable","13":"product-type-simple"},"_links":{"self":[{"href":"https:\/\/moyahousehold.com\/pt\/wp-json\/wp\/v2\/product\/11539","targetHints":{"allow":["GET"]}}],"collection":[{"href":"https:\/\/moyahousehold.com\/pt\/wp-json\/wp\/v2\/product"}],"about":[{"href":"https:\/\/moyahousehold.com\/pt\/wp-json\/wp\/v2\/types\/product"}],"replies":[{"embeddable":true,"href":"https:\/\/moyahousehold.com\/pt\/wp-json\/wp\/v2\/comments?post=11539"}],"version-history":[{"count":0,"href":"https:\/\/moyahousehold.com\/pt\/wp-json\/wp\/v2\/product\/11539\/revisions"}],"wp:featuredmedia":[{"embeddable":true,"href":"https:\/\/moyahousehold.com\/pt\/wp-json\/wp\/v2\/media\/11516"}],"wp:attachment":[{"href":"https:\/\/moyahousehold.com\/pt\/wp-json\/wp\/v2\/media?parent=11539"}],"wp:term":[{"taxonomy":"product_cat","embeddable":true,"href":"https:\/\/moyahousehold.com\/pt\/wp-json\/wp\/v2\/product_cat?post=11539"},{"taxonomy":"product_tag","embeddable":true,"href":"https:\/\/moyahousehold.com\/pt\/wp-json\/wp\/v2\/product_tag?post=11539"}],"curies":[{"name":"wp","href":"https:\/\/api.w.org\/{rel}","templated":true}]}}